{"id":21651,"date":"2018-08-24T11:19:39","date_gmt":"2018-08-24T09:19:39","guid":{"rendered":"https:\/\/regiontatry.sk\/adrenalinove-sporty\/"},"modified":"2020-11-02T15:28:01","modified_gmt":"2020-11-02T14:28:01","slug":"adrenalin-sportarten","status":"publish","type":"page","link":"https:\/\/regiontatry.sk\/de\/sport\/adrenalin-sportarten\/","title":{"rendered":"Adrenalin-Sportarten"},"content":{"rendered":"\n<p><strong>In der Hohen Tatra haben Fantasie, Abenteuer und vor allem Adrenalin keine Grenzen. <\/strong>Unvergessliche Adrenalinerlebnisse garantieren verschiedene Sportarten, die auf Festland, in der Luft, im Wasser und sogar auch unter der Erde ausge\u00fcbt werden. Bungee Jumping, Ballonfl\u00fcge, Summer Tubing, Paragliding und andere adrenalinreiche Aktivit\u00e4ten helfen Ihnen abzuschalten,&nbsp; beleben Sie mit neuer Energie und Lebensmut. <\/p>\n","protected":false},"excerpt":{"rendered":"<p>In der Hohen Tatra haben Fantasie, Abenteuer und vor allem Adrenalin keine Grenzen. Unvergessliche Adrenalinerlebnisse garantieren verschiedene Sportarten, die auf Festland, in der Luft, im Wasser und sogar auch unter der Erde ausge\u00fcbt werden. Bungee Jumping, Ballonfl\u00fcge, Summer Tubing, Paragliding und andere adrenalinreiche Aktivit\u00e4ten helfen Ihnen abzuschalten,&nbsp; beleben Sie mit neuer Energie und Lebensmut.<\/p>\n","protected":false},"author":1,"featured_media":0,"parent":21692,"menu_order":0,"comment_status":"closed","ping_status":"closed","template":"template-objects.php","meta":{"footnotes":""},"class_list":["post-21651","page","type-page","status-publish","hentry"],"_links":{"self":[{"href":"https:\/\/regiontatry.sk\/de\/wp-json\/wp\/v2\/pages\/21651"}],"collection":[{"href":"https:\/\/regiontatry.sk\/de\/wp-json\/wp\/v2\/pages"}],"about":[{"href":"https:\/\/regiontatry.sk\/de\/wp-json\/wp\/v2\/types\/page"}],"author":[{"embeddable":true,"href":"https:\/\/regiontatry.sk\/de\/wp-json\/wp\/v2\/users\/1"}],"replies":[{"embeddable":true,"href":"https:\/\/regiontatry.sk\/de\/wp-json\/wp\/v2\/comments?post=21651"}],"version-history":[{"count":5,"href":"https:\/\/regiontatry.sk\/de\/wp-json\/wp\/v2\/pages\/21651\/revisions"}],"predecessor-version":[{"id":5235865,"href":"https:\/\/regiontatry.sk\/de\/wp-json\/wp\/v2\/pages\/21651\/revisions\/5235865"}],"up":[{"embeddable":true,"href":"https:\/\/regiontatry.sk\/de\/wp-json\/wp\/v2\/pages\/21692"}],"wp:attachment":[{"href":"https:\/\/regiontatry.sk\/de\/wp-json\/wp\/v2\/media?parent=21651"}],"curies":[{"name":"wp","href":"https:\/\/api.w.org\/{rel}","templated":true}]}}