{"id":21652,"date":"2018-08-24T11:16:28","date_gmt":"2018-08-24T09:16:28","guid":{"rendered":"https:\/\/regiontatry.sk\/beh\/"},"modified":"2020-11-02T15:22:25","modified_gmt":"2020-11-02T14:22:25","slug":"laufen","status":"publish","type":"page","link":"https:\/\/regiontatry.sk\/de\/sport\/laufen\/","title":{"rendered":"Beh"},"content":{"rendered":"\n<ul class=\"wp-block-gallery columns-2 is-cropped wp-block-gallery-2 is-layout-flex wp-block-gallery-is-layout-flex\"><li class=\"blocks-gallery-item\"><figure><img loading=\"lazy\" decoding=\"async\" width=\"999\" height=\"524\" src=\"http:\/\/regiontatry.sk\/wp-content\/uploads\/2018\/07\/DSC_3331a_1000.jpg\" alt=\"\" data-id=\"793\" class=\"wp-image-793\" srcset=\"https:\/\/regiontatry.sk\/wp-content\/uploads\/2018\/07\/DSC_3331a_1000.jpg 999w, https:\/\/regiontatry.sk\/wp-content\/uploads\/2018\/07\/DSC_3331a_1000-300x157.jpg 300w, https:\/\/regiontatry.sk\/wp-content\/uploads\/2018\/07\/DSC_3331a_1000-768x403.jpg 768w\" sizes=\"(max-width: 999px) 100vw, 999px\" \/><\/figure><\/li><li class=\"blocks-gallery-item\"><figure><img loading=\"lazy\" decoding=\"async\" width=\"690\" height=\"290\" src=\"http:\/\/regiontatry.sk\/wp-content\/uploads\/2018\/11\/IMG_0729-690x290.jpg\" alt=\"\" data-id=\"13461\" data-link=\"http:\/\/regiontatry.sk\/sport\/beh\/img_0729-690x290-2\/\" class=\"wp-image-13461\" srcset=\"https:\/\/regiontatry.sk\/wp-content\/uploads\/2018\/11\/IMG_0729-690x290.jpg 690w, https:\/\/regiontatry.sk\/wp-content\/uploads\/2018\/11\/IMG_0729-690x290-300x126.jpg 300w, https:\/\/regiontatry.sk\/wp-content\/uploads\/2018\/11\/IMG_0729-690x290-552x232.jpg 552w\" sizes=\"(max-width: 690px) 100vw, 690px\" \/><\/figure><\/li><\/ul>\n\n\n\n<p>F\u00fcr alle, die ihren Urlaub am liebsten aktiv verbringen und sich bei Bewegung entspannen, \u00a0haben wir ein paar Laufstrecken ausgew\u00e4hlt. Dank tollen klimatischen Bedingungen und der Meeresh\u00f6he sind sie ideal f\u00fcr professionelle sowie Freizeitl\u00e4ufer, die an frischer Luft Sport treiben und Ihre Leistung verbessern wollen. Strecken, die wir L\u00e4ufern und Nordic Walkern empfehlen, haben verschiedene Schwierigkeitsgrade und sind gut zug\u00e4nglich.<\/p>\n\n\n\n<p><br><a rel=\"noreferrer noopener\" href=\"http:\/\/tatryvpohybe.sk\/\" target=\"_blank\"><strong>Die Tatra in Bewegung<\/strong><\/a>\u00a0\u2013ein Projekt, dank dem in der Tatra mehrere markierte Laufstrecken mit neuen Schildern gebaut wurden.<\/p>\n\n\n\n<p><a href=\"http:\/\/tatryvpohybe.sk\/sk\/podujatia\/virtualnepreteky2018\" target=\"_blank\" rel=\"noreferrer noopener\"><strong>Virtuelle Rennen<\/strong><\/a>&nbsp;\u2013 jeder Teilnehmer, der sich auf der Webseite\ntatryvpohybe.sk registriert, kann in einem gegebenen Zeitraum seinen eigenen\nTermin und seine Strecke des Laufs w\u00e4hlen. <\/p>\n","protected":false},"excerpt":{"rendered":"<p>F\u00fcr alle, die ihren Urlaub am liebsten aktiv verbringen und sich bei Bewegung entspannen, \u00a0haben wir ein paar Laufstrecken ausgew\u00e4hlt. Dank tollen klimatischen Bedingungen und der Meeresh\u00f6he sind sie ideal f\u00fcr professionelle sowie Freizeitl\u00e4ufer, die an frischer Luft Sport treiben und Ihre Leistung verbessern wollen. Strecken, die wir L\u00e4ufern und Nordic Walkern empfehlen, haben verschiedene [&hellip;]<\/p>\n","protected":false},"author":1,"featured_media":0,"parent":21692,"menu_order":0,"comment_status":"closed","ping_status":"closed","template":"template-objects.php","meta":{"footnotes":""},"class_list":["post-21652","page","type-page","status-publish","hentry"],"_links":{"self":[{"href":"https:\/\/regiontatry.sk\/de\/wp-json\/wp\/v2\/pages\/21652"}],"collection":[{"href":"https:\/\/regiontatry.sk\/de\/wp-json\/wp\/v2\/pages"}],"about":[{"href":"https:\/\/regiontatry.sk\/de\/wp-json\/wp\/v2\/types\/page"}],"author":[{"embeddable":true,"href":"https:\/\/regiontatry.sk\/de\/wp-json\/wp\/v2\/users\/1"}],"replies":[{"embeddable":true,"href":"https:\/\/regiontatry.sk\/de\/wp-json\/wp\/v2\/comments?post=21652"}],"version-history":[{"count":1,"href":"https:\/\/regiontatry.sk\/de\/wp-json\/wp\/v2\/pages\/21652\/revisions"}],"predecessor-version":[{"id":5235857,"href":"https:\/\/regiontatry.sk\/de\/wp-json\/wp\/v2\/pages\/21652\/revisions\/5235857"}],"up":[{"embeddable":true,"href":"https:\/\/regiontatry.sk\/de\/wp-json\/wp\/v2\/pages\/21692"}],"wp:attachment":[{"href":"https:\/\/regiontatry.sk\/de\/wp-json\/wp\/v2\/media?parent=21652"}],"curies":[{"name":"wp","href":"https:\/\/api.w.org\/{rel}","templated":true}]}}