{"id":21654,"date":"2018-08-24T11:14:33","date_gmt":"2018-08-24T09:14:33","guid":{"rendered":"https:\/\/regiontatry.sk\/nordic-walking\/"},"modified":"2020-11-02T15:18:40","modified_gmt":"2020-11-02T14:18:40","slug":"nordic-walking","status":"publish","type":"page","link":"https:\/\/regiontatry.sk\/de\/sport\/nordic-walking\/","title":{"rendered":"Nordic Walking"},"content":{"rendered":"\n<p><strong>Nordic Walking \u2013<\/strong> ist toll als k\u00f6rperliches Training, denn\nes bewegt den ganzen K\u00f6rper. Es wirkt auf tiefer liegende R\u00fcckenmuskeln,\naktiviert den Blutkreislauf und schont Gelenke. Es ist nicht nur entspannend\nf\u00fcr die Seele, sondern hilft auch beim Aufbau der Kondition.&nbsp;Nordic Walking\nist ein gefahrloser, einfacher, effektiver und angenehmer.&nbsp;Leihen Sie ein\nPaar St\u00f6cke und machen Sie sich auf eine Tour mit einem professionellen &nbsp;<a href=\"http:\/\/snwa.sk\/\" target=\"_blank\" rel=\"noreferrer noopener\">Lehrer<\/a>, der Ihnen die richtige Technik beibringt.<\/p>\n\n\n\n<h4 class=\"wp-block-heading\"><strong>Nordic\nWalking Zentrum \u2013 \u0160trbsk\u00e9 Pleso<\/strong><\/h4>\n\n\n\n<p>Die <a href=\"http:\/\/snwa.sk\/\" target=\"_blank\" rel=\"noreferrer noopener\">Slowakische Nordic Walking Assoziation<\/a>&nbsp;ist das einzige akkreditierte Nordic Walking\nSchulungszentrum in der Slowakei! Eine der Zweigstellen ist auch in \u0160trbsk\u00e9\nPleso und bietet erfahrene Lehrer, organisiert Kurse, unterrichtet die richtige\nTechnik.<\/p>\n","protected":false},"excerpt":{"rendered":"<p>Nordic Walking \u2013 ist toll als k\u00f6rperliches Training, denn es bewegt den ganzen K\u00f6rper. Es wirkt auf tiefer liegende R\u00fcckenmuskeln, aktiviert den Blutkreislauf und schont Gelenke. Es ist nicht nur entspannend f\u00fcr die Seele, sondern hilft auch beim Aufbau der Kondition.&nbsp;Nordic Walking ist ein gefahrloser, einfacher, effektiver und angenehmer.&nbsp;Leihen Sie ein Paar St\u00f6cke und machen [&hellip;]<\/p>\n","protected":false},"author":1,"featured_media":0,"parent":21692,"menu_order":0,"comment_status":"closed","ping_status":"closed","template":"template-objects.php","meta":{"footnotes":""},"class_list":["post-21654","page","type-page","status-publish","hentry"],"_links":{"self":[{"href":"https:\/\/regiontatry.sk\/de\/wp-json\/wp\/v2\/pages\/21654"}],"collection":[{"href":"https:\/\/regiontatry.sk\/de\/wp-json\/wp\/v2\/pages"}],"about":[{"href":"https:\/\/regiontatry.sk\/de\/wp-json\/wp\/v2\/types\/page"}],"author":[{"embeddable":true,"href":"https:\/\/regiontatry.sk\/de\/wp-json\/wp\/v2\/users\/1"}],"replies":[{"embeddable":true,"href":"https:\/\/regiontatry.sk\/de\/wp-json\/wp\/v2\/comments?post=21654"}],"version-history":[{"count":3,"href":"https:\/\/regiontatry.sk\/de\/wp-json\/wp\/v2\/pages\/21654\/revisions"}],"predecessor-version":[{"id":5235855,"href":"https:\/\/regiontatry.sk\/de\/wp-json\/wp\/v2\/pages\/21654\/revisions\/5235855"}],"up":[{"embeddable":true,"href":"https:\/\/regiontatry.sk\/de\/wp-json\/wp\/v2\/pages\/21692"}],"wp:attachment":[{"href":"https:\/\/regiontatry.sk\/de\/wp-json\/wp\/v2\/media?parent=21654"}],"curies":[{"name":"wp","href":"https:\/\/api.w.org\/{rel}","templated":true}]}}