{"id":21656,"date":"2018-08-24T11:10:50","date_gmt":"2018-08-24T09:10:50","guid":{"rendered":"https:\/\/regiontatry.sk\/golf\/"},"modified":"2020-11-02T15:15:41","modified_gmt":"2020-11-02T14:15:41","slug":"golf","status":"publish","type":"page","link":"https:\/\/regiontatry.sk\/de\/sport\/golf\/","title":{"rendered":"Golf"},"content":{"rendered":"\n<p>Die Hohe Tatra\nist im Herzen Europas einzigartig \u2013 au\u00dfer 25 Spitzen \u00fcber 2&nbsp;500m\nMeeresh\u00f6he findet man hier Gletscherbergseen, gesch\u00fctzte Pflanzen und einmalige\nFauna. <\/p>\n\n\n\n<p><a href=\"https:\/\/regiontatry.sk\/sport\/golf\/?poi=443\">Das Black Stork Golf Areal<\/a>&nbsp;(schwarzer\nStorch) in Ve\u013ek\u00e1 Lomnica hat eine spezifische Lage auf der S\u00fcdseite der\nSchutzzone des Tatranationalparks. Unber\u00fchrte Natur, steile Spitzen und frische\nLuft sind Devisen, man auf einer Fl\u00e4che von 120ha in einer wundersch\u00f6nen\nNaturumgebung findet. Das Black Stork Resort mit&nbsp;<strong>Prestigemarke A PGA Golf\nCourse ausgezeichnet <\/strong>ist einer der 19 Spielpl\u00e4tze der Welt mit\ndiesem G\u00fctezeichen. <\/p>\n\n\n\n<p><strong>Adventure Golf<\/strong>&nbsp;kam zu uns aus Nordamerika, wo es\neine beliebte professionelle sowie Rekreationssportart ist. Es geht eigentlich\num Golf, der auf einer kleineren Fl\u00e4che gespielt wird. Beim Adventure Golf benutzt\nman auf Kunstgras Putter-Golfst\u00f6cke oder Minigolfschl\u00e4fer und Golfb\u00e4lle. Die\nAktivit\u00e4t hilft bei Entwicklung von Konzentration, Geduld, Motorik,\nEinsch\u00e4tzung und unterst\u00fctzt die Wettbewerbslust. Man erlebt dabei Spannung\naber auch viel Spa\u00df. <\/p>\n\n\n\n<p><strong>FootGolf<\/strong>&nbsp; ist eine Kombination von zwei\nbeliebtesten Sportarten der Welt \u2013 Fu\u00dfball und Golf. Er wird mit klassischem\nFu\u00dfball auf einem Golfplatz mit 53cm gro\u00dfen L\u00f6chern gespielt. <\/p>\n","protected":false},"excerpt":{"rendered":"<p>Die Hohe Tatra ist im Herzen Europas einzigartig \u2013 au\u00dfer 25 Spitzen \u00fcber 2&nbsp;500m Meeresh\u00f6he findet man hier Gletscherbergseen, gesch\u00fctzte Pflanzen und einmalige Fauna. Das Black Stork Golf Areal&nbsp;(schwarzer Storch) in Ve\u013ek\u00e1 Lomnica hat eine spezifische Lage auf der S\u00fcdseite der Schutzzone des Tatranationalparks. Unber\u00fchrte Natur, steile Spitzen und frische Luft sind Devisen, man auf [&hellip;]<\/p>\n","protected":false},"author":1,"featured_media":21658,"parent":21692,"menu_order":0,"comment_status":"closed","ping_status":"closed","template":"template-objects.php","meta":{"footnotes":""},"class_list":["post-21656","page","type-page","status-publish","has-post-thumbnail","hentry"],"_links":{"self":[{"href":"https:\/\/regiontatry.sk\/de\/wp-json\/wp\/v2\/pages\/21656"}],"collection":[{"href":"https:\/\/regiontatry.sk\/de\/wp-json\/wp\/v2\/pages"}],"about":[{"href":"https:\/\/regiontatry.sk\/de\/wp-json\/wp\/v2\/types\/page"}],"author":[{"embeddable":true,"href":"https:\/\/regiontatry.sk\/de\/wp-json\/wp\/v2\/users\/1"}],"replies":[{"embeddable":true,"href":"https:\/\/regiontatry.sk\/de\/wp-json\/wp\/v2\/comments?post=21656"}],"version-history":[{"count":1,"href":"https:\/\/regiontatry.sk\/de\/wp-json\/wp\/v2\/pages\/21656\/revisions"}],"predecessor-version":[{"id":5235846,"href":"https:\/\/regiontatry.sk\/de\/wp-json\/wp\/v2\/pages\/21656\/revisions\/5235846"}],"up":[{"embeddable":true,"href":"https:\/\/regiontatry.sk\/de\/wp-json\/wp\/v2\/pages\/21692"}],"wp:featuredmedia":[{"embeddable":true,"href":"https:\/\/regiontatry.sk\/de\/wp-json\/wp\/v2\/media\/21658"}],"wp:attachment":[{"href":"https:\/\/regiontatry.sk\/de\/wp-json\/wp\/v2\/media?parent=21656"}],"curies":[{"name":"wp","href":"https:\/\/api.w.org\/{rel}","templated":true}]}}