{"id":21659,"date":"2018-08-24T11:08:30","date_gmt":"2018-08-24T09:08:30","guid":{"rendered":"https:\/\/regiontatry.sk\/pozicovne-bicyklov\/"},"modified":"2020-11-02T12:01:39","modified_gmt":"2020-11-02T11:01:39","slug":"fahrradverleihe","status":"publish","type":"page","link":"https:\/\/regiontatry.sk\/de\/radsport\/fahrradverleihe\/","title":{"rendered":"Fahrradverleihe"},"content":{"rendered":"\n<p>Radsport ist toll f\u00fcr aktive Entspannung, f\u00fcr die Sie keine eigene Ausr\u00fcstung brauchen. <strong>Nutzen Sie die Dienste von Fahrradverleihen <\/strong>und fahren Sie in die Tatra mit wenig Gep\u00e4ck und noch weniger Sorgen. W\u00e4hlen Sie aus dem reichen Angebot klassischer sowie professioneller Abfahrt-Fahrr\u00e4der in Verleihen, die auch erstklassiges Service bieten. Oder wie w\u00e4r\u00b4s mit einem <strong>Elektrobike<\/strong>?<\/p>\n","protected":false},"excerpt":{"rendered":"<p>Radsport ist toll f\u00fcr aktive Entspannung, f\u00fcr die Sie keine eigene Ausr\u00fcstung brauchen. Nutzen Sie die Dienste von Fahrradverleihen und fahren Sie in die Tatra mit wenig Gep\u00e4ck und noch weniger Sorgen. W\u00e4hlen Sie aus dem reichen Angebot klassischer sowie professioneller Abfahrt-Fahrr\u00e4der in Verleihen, die auch erstklassiges Service bieten. Oder wie w\u00e4r\u00b4s mit einem Elektrobike?<\/p>\n","protected":false},"author":1,"featured_media":25162,"parent":21695,"menu_order":0,"comment_status":"closed","ping_status":"closed","template":"template-objects.php","meta":{"footnotes":""},"class_list":["post-21659","page","type-page","status-publish","has-post-thumbnail","hentry"],"_links":{"self":[{"href":"https:\/\/regiontatry.sk\/de\/wp-json\/wp\/v2\/pages\/21659"}],"collection":[{"href":"https:\/\/regiontatry.sk\/de\/wp-json\/wp\/v2\/pages"}],"about":[{"href":"https:\/\/regiontatry.sk\/de\/wp-json\/wp\/v2\/types\/page"}],"author":[{"embeddable":true,"href":"https:\/\/regiontatry.sk\/de\/wp-json\/wp\/v2\/users\/1"}],"replies":[{"embeddable":true,"href":"https:\/\/regiontatry.sk\/de\/wp-json\/wp\/v2\/comments?post=21659"}],"version-history":[{"count":2,"href":"https:\/\/regiontatry.sk\/de\/wp-json\/wp\/v2\/pages\/21659\/revisions"}],"predecessor-version":[{"id":5235768,"href":"https:\/\/regiontatry.sk\/de\/wp-json\/wp\/v2\/pages\/21659\/revisions\/5235768"}],"up":[{"embeddable":true,"href":"https:\/\/regiontatry.sk\/de\/wp-json\/wp\/v2\/pages\/21695"}],"wp:featuredmedia":[{"embeddable":true,"href":"https:\/\/regiontatry.sk\/de\/wp-json\/wp\/v2\/media\/25162"}],"wp:attachment":[{"href":"https:\/\/regiontatry.sk\/de\/wp-json\/wp\/v2\/media?parent=21659"}],"curies":[{"name":"wp","href":"https:\/\/api.w.org\/{rel}","templated":true}]}}