{"id":21661,"date":"2018-08-24T11:07:21","date_gmt":"2018-08-24T09:07:21","guid":{"rendered":"https:\/\/regiontatry.sk\/in-line-korculovanie\/"},"modified":"2020-11-02T15:25:32","modified_gmt":"2020-11-02T14:25:32","slug":"rollschuhlaufen","status":"publish","type":"page","link":"https:\/\/regiontatry.sk\/de\/sport\/rollschuhlaufen\/","title":{"rendered":"Rollschuhlaufen"},"content":{"rendered":"\n<h3 class=\"wp-block-heading\">Strecken f\u00fcr Rollschuhlaufen<\/h3>\n\n\n\n<p><strong>Radweg Spi\u0161sk\u00e1 Bel\u00e1 \u2013 Tatransk\u00e1 Kotlina<\/strong><br>Der 9km lange Weg verbindet Spi\u0161sk\u00e1 Bel\u00e1 und Tatransk\u00e1 Kotlina. Beim Weg befinden sich vier gro\u00dfe \u00fcberdachte Rastpl\u00e4tze, sowie Landkarten der Region und des Radwegs. <\/p>\n\n\n\n<p><strong>Rad- und Rollschuhlaufweg Svit \u2013 Poprad<\/strong><br>Der 12km lange Weg f\u00fchrt den Fluss Poprad und deren Zufluss Mlynica entlang und durch ein Feld am westlichen Rande der Stadt Poprad. Er ist geeignet f\u00fcr Anf\u00e4nger sowie fortgeschrittene Rollschuhfahrer und Radfahrer. Svit, Weg zum Tal Lopu\u0161n\u00e1 dolina (Westrand der Stadt) hinter der Br\u00fccke \u00fcber den Bach Mlynica \u2013 Poprad, Stadtteil Kvetnica \u2013 Weg beim Schie\u00dfplatzeingang.<\/p>\n","protected":false},"excerpt":{"rendered":"<p>Strecken f\u00fcr Rollschuhlaufen Radweg Spi\u0161sk\u00e1 Bel\u00e1 \u2013 Tatransk\u00e1 KotlinaDer 9km lange Weg verbindet Spi\u0161sk\u00e1 Bel\u00e1 und Tatransk\u00e1 Kotlina. Beim Weg befinden sich vier gro\u00dfe \u00fcberdachte Rastpl\u00e4tze, sowie Landkarten der Region und des Radwegs. Rad- und Rollschuhlaufweg Svit \u2013 PopradDer 12km lange Weg f\u00fchrt den Fluss Poprad und deren Zufluss Mlynica entlang und durch ein Feld [&hellip;]<\/p>\n","protected":false},"author":1,"featured_media":0,"parent":21692,"menu_order":0,"comment_status":"closed","ping_status":"closed","template":"template-objects.php","meta":{"footnotes":""},"class_list":["post-21661","page","type-page","status-publish","hentry"],"_links":{"self":[{"href":"https:\/\/regiontatry.sk\/de\/wp-json\/wp\/v2\/pages\/21661"}],"collection":[{"href":"https:\/\/regiontatry.sk\/de\/wp-json\/wp\/v2\/pages"}],"about":[{"href":"https:\/\/regiontatry.sk\/de\/wp-json\/wp\/v2\/types\/page"}],"author":[{"embeddable":true,"href":"https:\/\/regiontatry.sk\/de\/wp-json\/wp\/v2\/users\/1"}],"replies":[{"embeddable":true,"href":"https:\/\/regiontatry.sk\/de\/wp-json\/wp\/v2\/comments?post=21661"}],"version-history":[{"count":1,"href":"https:\/\/regiontatry.sk\/de\/wp-json\/wp\/v2\/pages\/21661\/revisions"}],"predecessor-version":[{"id":5235861,"href":"https:\/\/regiontatry.sk\/de\/wp-json\/wp\/v2\/pages\/21661\/revisions\/5235861"}],"up":[{"embeddable":true,"href":"https:\/\/regiontatry.sk\/de\/wp-json\/wp\/v2\/pages\/21692"}],"wp:attachment":[{"href":"https:\/\/regiontatry.sk\/de\/wp-json\/wp\/v2\/media?parent=21661"}],"curies":[{"name":"wp","href":"https:\/\/api.w.org\/{rel}","templated":true}]}}