{"id":21668,"date":"2018-08-23T17:06:35","date_gmt":"2018-08-23T15:06:35","guid":{"rendered":"https:\/\/regiontatry.sk\/horski-vodcovia\/"},"modified":"2020-11-02T10:41:18","modified_gmt":"2020-11-02T09:41:18","slug":"bergfuhrer","status":"publish","type":"page","link":"https:\/\/regiontatry.sk\/de\/touristik\/bergfuhrer\/","title":{"rendered":"Bergf\u00fchrer"},"content":{"rendered":"\n<p>Unternehmen Sie w\u00e4hrend Ihres Urlaubs auch Tagesausfl\u00fcge <strong>mit Bergf\u00fchrern <\/strong>und erleben Sie magische Momente in der Umarmung malerischer Landschaft und einmaliger Tatra-Natur. <br><\/p>\n","protected":false},"excerpt":{"rendered":"<p>Unternehmen Sie w\u00e4hrend Ihres Urlaubs auch Tagesausfl\u00fcge mit Bergf\u00fchrern und erleben Sie magische Momente in der Umarmung malerischer Landschaft und einmaliger Tatra-Natur.<\/p>\n","protected":false},"author":1,"featured_media":0,"parent":21701,"menu_order":0,"comment_status":"closed","ping_status":"closed","template":"template-objects.php","meta":{"footnotes":""},"class_list":["post-21668","page","type-page","status-publish","hentry"],"_links":{"self":[{"href":"https:\/\/regiontatry.sk\/de\/wp-json\/wp\/v2\/pages\/21668"}],"collection":[{"href":"https:\/\/regiontatry.sk\/de\/wp-json\/wp\/v2\/pages"}],"about":[{"href":"https:\/\/regiontatry.sk\/de\/wp-json\/wp\/v2\/types\/page"}],"author":[{"embeddable":true,"href":"https:\/\/regiontatry.sk\/de\/wp-json\/wp\/v2\/users\/1"}],"replies":[{"embeddable":true,"href":"https:\/\/regiontatry.sk\/de\/wp-json\/wp\/v2\/comments?post=21668"}],"version-history":[{"count":1,"href":"https:\/\/regiontatry.sk\/de\/wp-json\/wp\/v2\/pages\/21668\/revisions"}],"predecessor-version":[{"id":5235721,"href":"https:\/\/regiontatry.sk\/de\/wp-json\/wp\/v2\/pages\/21668\/revisions\/5235721"}],"up":[{"embeddable":true,"href":"https:\/\/regiontatry.sk\/de\/wp-json\/wp\/v2\/pages\/21701"}],"wp:attachment":[{"href":"https:\/\/regiontatry.sk\/de\/wp-json\/wp\/v2\/media?parent=21668"}],"curies":[{"name":"wp","href":"https:\/\/api.w.org\/{rel}","templated":true}]}}