{"id":21669,"date":"2018-08-23T15:40:19","date_gmt":"2018-08-23T13:40:19","guid":{"rendered":"https:\/\/regiontatry.sk\/vysokohorske-chaty-2\/"},"modified":"2024-10-12T22:03:20","modified_gmt":"2024-10-12T20:03:20","slug":"hochgebirgshutten","status":"publish","type":"page","link":"https:\/\/regiontatry.sk\/de\/touristik\/hochgebirgshutten\/","title":{"rendered":"Hochgebirgsh\u00fctten"},"content":{"rendered":"\n<p>Begeben Sie sich auf die Wanderwege in der Hohen Tatra und entdecken Sie <strong>13 Hochgebirgsh\u00fctten<\/strong>, die Ihnen atemberaubende Ausblicke auf majest\u00e4tische Gipfel, weite T\u00e4ler und blaue Bergseen bieten.<\/p>\n\n\n\n<p><strong>Ganzj\u00e4hrig k\u00f6nnen Sie 12 H\u00fctten besuchen:<\/strong> Bil\u00edks H\u00fctte, Rainers H\u00fctte, Zamkovsk\u00fds H\u00fctte, T\u00e9rys H\u00fctte, Zbojn\u00edcka H\u00fctte, Skalnat\u00e1 H\u00fctte, H\u00fctte bei Zelen\u00e9 pleso (Bergsee), H\u00fctte Plesnivec, Berghotel Sliezsky dom, Majl\u00e1ths H\u00fctte, H\u00fctte bei Popradsk\u00e9 pleso (Bergsee) und H\u00fctte unter Solisko. <strong>Die H\u00fctte unter Rysy ist eine Ausnahme, denn sie ist nur in der Sommersaison vom 1. Juni bis 31. Oktober ge\u00f6ffnet. In den \u00fcbrigen Monaten ist sie geschlossen.<\/strong><\/p>\n\n\n\n<p>Die H\u00fctten sind ideal <strong>zur Erholung bei anspruchsvollen Wanderungen, um sich zu st\u00e4rken<\/strong> oder auch zu \u00fcbernachten \u2013 au\u00dfer Rainers H\u00fctte, die die kleinste H\u00fctte in der Hohen Tatra ist und nur Erfrischungen anbietet.<\/p>\n\n\n\n<p>Die Hochgebirgsh\u00fctten werden von <strong><a href=\"https:\/\/regiontatry.sk\/de\/bergtrager-weltweites-unikat-der-hohen-tatra\/\" target=\"_blank\" rel=\"noreferrer noopener\">Bergtr\u00e4gern versorgt<\/a>, <\/strong>was sie zu einem weltweiten Unikat macht.<\/p>\n\n\n\n<p>Wenn Sie eine unvergessliche Nacht in einer H\u00fctte in der Tatra-Natur erleben m\u00f6chten, vergessen Sie nicht, Ihren \u00dcbernachtungsplatz im Voraus zu reservieren \u2013 die Kapazit\u00e4t der Ferienh\u00e4user ist begrenzt.<\/p>\n","protected":false},"excerpt":{"rendered":"<p>Begeben Sie sich auf die Wanderwege in der Hohen Tatra und entdecken Sie 13 Hochgebirgsh\u00fctten, die Ihnen atemberaubende Ausblicke auf majest\u00e4tische Gipfel, weite T\u00e4ler und blaue Bergseen bieten. Ganzj\u00e4hrig k\u00f6nnen Sie 12 H\u00fctten besuchen: Bil\u00edks H\u00fctte, Rainers H\u00fctte, Zamkovsk\u00fds H\u00fctte, T\u00e9rys H\u00fctte, Zbojn\u00edcka H\u00fctte, Skalnat\u00e1 H\u00fctte, H\u00fctte bei Zelen\u00e9 pleso (Bergsee), H\u00fctte Plesnivec, Berghotel Sliezsky [&hellip;]<\/p>\n","protected":false},"author":1,"featured_media":21670,"parent":21701,"menu_order":0,"comment_status":"closed","ping_status":"closed","template":"template-objects.php","meta":{"footnotes":""},"class_list":["post-21669","page","type-page","status-publish","has-post-thumbnail","hentry"],"_links":{"self":[{"href":"https:\/\/regiontatry.sk\/de\/wp-json\/wp\/v2\/pages\/21669"}],"collection":[{"href":"https:\/\/regiontatry.sk\/de\/wp-json\/wp\/v2\/pages"}],"about":[{"href":"https:\/\/regiontatry.sk\/de\/wp-json\/wp\/v2\/types\/page"}],"author":[{"embeddable":true,"href":"https:\/\/regiontatry.sk\/de\/wp-json\/wp\/v2\/users\/1"}],"replies":[{"embeddable":true,"href":"https:\/\/regiontatry.sk\/de\/wp-json\/wp\/v2\/comments?post=21669"}],"version-history":[{"count":2,"href":"https:\/\/regiontatry.sk\/de\/wp-json\/wp\/v2\/pages\/21669\/revisions"}],"predecessor-version":[{"id":9943927,"href":"https:\/\/regiontatry.sk\/de\/wp-json\/wp\/v2\/pages\/21669\/revisions\/9943927"}],"up":[{"embeddable":true,"href":"https:\/\/regiontatry.sk\/de\/wp-json\/wp\/v2\/pages\/21701"}],"wp:featuredmedia":[{"embeddable":true,"href":"https:\/\/regiontatry.sk\/de\/wp-json\/wp\/v2\/media\/21670"}],"wp:attachment":[{"href":"https:\/\/regiontatry.sk\/de\/wp-json\/wp\/v2\/media?parent=21669"}],"curies":[{"name":"wp","href":"https:\/\/api.w.org\/{rel}","templated":true}]}}