{"id":21673,"date":"2018-08-23T14:09:10","date_gmt":"2018-08-23T12:09:10","guid":{"rendered":"https:\/\/regiontatry.sk\/horska-turistika\/"},"modified":"2025-05-05T22:11:42","modified_gmt":"2025-05-05T20:11:42","slug":"bergtouristik","status":"publish","type":"page","link":"https:\/\/regiontatry.sk\/de\/touristik\/bergtouristik\/","title":{"rendered":"Bergtouristik"},"content":{"rendered":"\n<p>Die Hohe Tatra bietet ungef\u00e4hr&nbsp;<strong>600km markierte Touristenpfade, die zu den sch\u00f6nsten Stellen des Gebiets\nf\u00fchren \u2013 durch T\u00e4ler, <\/strong>&nbsp;zu <strong>Bergh\u00fctten<\/strong>, den sch\u00f6nsten <strong>Bergseen<\/strong>,\n<strong>Tatra-Spitzen<\/strong>, <strong>Zweitausendern<\/strong> und <strong>Bergs\u00e4tteln<\/strong>\nmit himmlischen Ausblicken, in die faszinierende Welt der Fauna und Flora.<\/p>\n\n\n\n<p>Besuchen Sie diese\nmalerische Ecke, in die sich jeder verliebt. <\/p>\n\n\n\n<p>Die Hohe Tatra ist <strong>f\u00fcr alle Touristen geeignet, <\/strong>denn sie\nbietet einfache Spazierg\u00e4nge f\u00fcr Familien mit Kindern, aktive Touristik f\u00fcr\nmehr anspruchsvolle Touristen, Herausforderungen f\u00fcr die, die h\u00f6chste Spitzen bezwingen\nwollen. <\/p>\n\n\n\n<p>Alle Touristenpfade, die f\u00fcr Touristen im Tatranationalpark bestimmt sind, haben farbige Markierung (rot, blau, gr\u00fcn, gelb). Je nach dem Schwierigkeitsgrad sind sie in mehrere Gruppen eingeteilt. <\/p>\n\n\n\n<p><\/p>\n\n\n\n<iframe loading=\"lazy\" title=\"Horsk\u00e1 turistika vo Vysok\u00fdch Tatr\u00e1ch\" width=\"640\" height=\"360\" src=\"https:\/\/www.youtube.com\/embed\/WOdnl5jNlAg?feature=oembed\" frameborder=\"0\" allow=\"accelerometer; autoplay; clipboard-write; encrypted-media; gyroscope; picture-in-picture; web-share\" referrerpolicy=\"strict-origin-when-cross-origin\" allowfullscreen><\/iframe>\n\n\n\n<h3 class=\"wp-block-heading has-text-color has-link-color wp-elements-a01c43a51bf6c84d835a3de17c9d1a4e\" style=\"color:#1ad100\"><br><strong>SPAZIERG\u00c4NGE <\/strong><\/h3>\n\n\n\n<p>Ideale kurze Spazierg\u00e4nge f\u00fcr weniger anspruchsvolle Touristen, maximal 2 Stunden lang, die man auch mit kleinen Kindern machen kann.<\/p>\n\n\n\n<h3 class=\"wp-block-heading has-text-color has-link-color wp-elements-eec532a0b67b8a90d5f6ba16a7177434\" style=\"color:#1ad100\"><strong>TOUREN IN T\u00c4LERN<\/strong><\/h3>\n\n\n\n<p>Falls Sie<strong>\u00a0zu mehr anspruchsvollen Touristen geh\u00f6ren,<\/strong> lassen Sie sich l\u00e4ngere Strecken in T\u00e4lern nicht entgehen. Genie\u00dfen Sie die Umarmung wundersch\u00f6ner panoramatischer Ausblicke und begeben Sie sich zu Bergseen oder H\u00fctten.<\/p>\n\n\n\n<h3 class=\"wp-block-heading has-text-color has-link-color wp-elements-b4823c076c70da61b04659b18115070f\" style=\"color:#1ad100\"><strong>AUFSTIEGE AUF BERGSPITZEN<\/strong><\/h3>\n\n\n\n<p>F\u00fcr die anspruchsvollsten Touristen, die auch schweren Terrain bezwingen und gro\u00dfe H\u00f6henunterschiede \u00fcberwinden wollen, sind die h\u00f6chsten Spitzen der Tatra ideal. Viele von ihnen sind nur mit professionellen<a href=\"\/de\/touristik\/bergfuhrer\/\"> Bergf\u00fchrern<\/a> zug\u00e4nglich. Die Sicherheit ist immer auf erster Stelle, deshalb sollte man keinen Aufstieg untersch\u00e4tzen und sich darauf gut vorbereiten.<\/p>\n\n\n\n<p>Das h\u00f6chste slowakische Gebirge ist dank dem Projekt&nbsp;<a href=\"\/de\/touristik\/die-tatra-ohne-barrieren\/\">Die Tatra ohne Barrieren<\/a>&nbsp;auch f\u00fcr Leute mit beschr\u00e4nkter Mobilit\u00e4t und Familien mit Kinderw\u00e4gen zug\u00e4nglich. Schauen Sie sich unsere Tipps f\u00fcr <a href=\"\/de\/touristik\/familientouristik\/\">Sommertouristik<\/a> an.&nbsp;<\/p>\n","protected":false},"excerpt":{"rendered":"<p>Die Hohe Tatra bietet ungef\u00e4hr&nbsp;600km markierte Touristenpfade, die zu den sch\u00f6nsten Stellen des Gebiets f\u00fchren \u2013 durch T\u00e4ler, &nbsp;zu Bergh\u00fctten, den sch\u00f6nsten Bergseen, Tatra-Spitzen, Zweitausendern und Bergs\u00e4tteln mit himmlischen Ausblicken, in die faszinierende Welt der Fauna und Flora. Besuchen Sie diese malerische Ecke, in die sich jeder verliebt. Die Hohe Tatra ist f\u00fcr alle Touristen [&hellip;]<\/p>\n","protected":false},"author":1,"featured_media":21674,"parent":21701,"menu_order":0,"comment_status":"closed","ping_status":"closed","template":"template-objects.php","meta":{"footnotes":""},"class_list":["post-21673","page","type-page","status-publish","has-post-thumbnail","hentry"],"_links":{"self":[{"href":"https:\/\/regiontatry.sk\/de\/wp-json\/wp\/v2\/pages\/21673"}],"collection":[{"href":"https:\/\/regiontatry.sk\/de\/wp-json\/wp\/v2\/pages"}],"about":[{"href":"https:\/\/regiontatry.sk\/de\/wp-json\/wp\/v2\/types\/page"}],"author":[{"embeddable":true,"href":"https:\/\/regiontatry.sk\/de\/wp-json\/wp\/v2\/users\/1"}],"replies":[{"embeddable":true,"href":"https:\/\/regiontatry.sk\/de\/wp-json\/wp\/v2\/comments?post=21673"}],"version-history":[{"count":6,"href":"https:\/\/regiontatry.sk\/de\/wp-json\/wp\/v2\/pages\/21673\/revisions"}],"predecessor-version":[{"id":10226054,"href":"https:\/\/regiontatry.sk\/de\/wp-json\/wp\/v2\/pages\/21673\/revisions\/10226054"}],"up":[{"embeddable":true,"href":"https:\/\/regiontatry.sk\/de\/wp-json\/wp\/v2\/pages\/21701"}],"wp:featuredmedia":[{"embeddable":true,"href":"https:\/\/regiontatry.sk\/de\/wp-json\/wp\/v2\/media\/21674"}],"wp:attachment":[{"href":"https:\/\/regiontatry.sk\/de\/wp-json\/wp\/v2\/media?parent=21673"}],"curies":[{"name":"wp","href":"https:\/\/api.w.org\/{rel}","templated":true}]}}