{"id":21678,"date":"2018-08-23T13:14:25","date_gmt":"2018-08-23T11:14:25","guid":{"rendered":"https:\/\/regiontatry.sk\/co-je-tatry-card\/"},"modified":"2023-10-11T22:23:21","modified_gmt":"2023-10-11T20:23:21","slug":"was-ist-die-tatry-card","status":"publish","type":"page","link":"https:\/\/regiontatry.sk\/de\/was-ist-die-tatry-card\/","title":{"rendered":"ENTDECKE UND ERLEBE DIE TATRA MIT UNSERER NEUEN RABATTKARTE"},"content":{"rendered":"\n<div class=\"wp-block-image\"><figure class=\"alignright is-resized\"><img loading=\"lazy\" decoding=\"async\" src=\"https:\/\/regiontatry.sk\/wp-content\/uploads\/2023\/07\/tatry-card-ruka.jpg\" alt=\"\" class=\"wp-image-9169287\" width=\"282\" height=\"250\" srcset=\"https:\/\/regiontatry.sk\/wp-content\/uploads\/2023\/07\/tatry-card-ruka.jpg 916w, https:\/\/regiontatry.sk\/wp-content\/uploads\/2023\/07\/tatry-card-ruka-300x266.jpg 300w, https:\/\/regiontatry.sk\/wp-content\/uploads\/2023\/07\/tatry-card-ruka-768x682.jpg 768w, https:\/\/regiontatry.sk\/wp-content\/uploads\/2023\/07\/tatry-card-ruka-698x620.jpg 698w, https:\/\/regiontatry.sk\/wp-content\/uploads\/2023\/07\/tatry-card-ruka-552x490.jpg 552w\" sizes=\"(max-width: 282px) 100vw, 282px\" \/><\/figure><\/div>\n\n\n\n<p><strong>Die regionale TATRY Card<\/strong> ist der Schl\u00fcssel zu Ihren neuen Erlebnissen in der Region der Hohen Tatra, mit dem Sie verschiedene Aktivit\u00e4ten, die unsere Region bietet, \u201ekosten\u201c und probieren k\u00f6nnen. \u00a0 <\/p>\n\n\n\n<p>Im Preis der <strong>TATRY Card <\/strong>ist auch \u00f6kologische und unbegrenzte Bef\u00f6rderung w\u00e4hrend der G\u00fcltigkeit der Karte in der Hohen Tatra mit ZSSK-Z\u00fcgen <strong>auf den Strecken der Tatra-Elektrobahn<\/strong>,\u00a0der Zahnradbahn und auf der Strecke: Poprad-Tatry \u2013 Studen\u00fd Potok \u2013 Tatransk\u00e1 Lomnica enthalten, wo die\u00a0<strong>TATRY Card als eine Fahrkarte dient<\/strong>. Bei Kontrolle von ZSSK-Angestellten ist jeder Tatry Card-Inhaber verpflichtet seine Karte zusammen mit einem g\u00fcltigen Identifikationsdokument zu zeigen. <\/p>\n\n\n\n<p><\/p>\n\n\n\n<hr class=\"wp-block-separator\"\/>\n\n\n\n<h2 class=\"wp-block-heading\">Tipps Tatry card<\/h2>\n\n\n\n<div class=\"wp-block-image\"><figure class=\"aligncenter\"><img loading=\"lazy\" decoding=\"async\" width=\"724\" height=\"1024\" src=\"https:\/\/regiontatry.sk\/wp-content\/uploads\/2023\/07\/tipy-tatry-card-1-724x1024.jpg\" alt=\"\" class=\"wp-image-9169314\" srcset=\"https:\/\/regiontatry.sk\/wp-content\/uploads\/2023\/07\/tipy-tatry-card-1-724x1024.jpg 724w, https:\/\/regiontatry.sk\/wp-content\/uploads\/2023\/07\/tipy-tatry-card-1-212x300.jpg 212w, https:\/\/regiontatry.sk\/wp-content\/uploads\/2023\/07\/tipy-tatry-card-1-768x1086.jpg 768w, https:\/\/regiontatry.sk\/wp-content\/uploads\/2023\/07\/tipy-tatry-card-1-698x987.jpg 698w, https:\/\/regiontatry.sk\/wp-content\/uploads\/2023\/07\/tipy-tatry-card-1-552x781.jpg 552w, https:\/\/regiontatry.sk\/wp-content\/uploads\/2023\/07\/tipy-tatry-card-1.jpg 1190w\" sizes=\"(max-width: 724px) 100vw, 724px\" \/><\/figure><\/div>\n\n\n\n<h2 class=\"wp-block-heading\"><br><\/h2>\n\n\n<h2><span style=\"color: #00ccff;\"><em>TATRY CARD PREISE<\/em><\/span><\/h2>\n\n\n<div class=\"wp-block-image\"><figure class=\"aligncenter\"><img loading=\"lazy\" decoding=\"async\" width=\"846\" height=\"466\" src=\"https:\/\/regiontatry.sk\/wp-content\/uploads\/2023\/10\/cenn\u00edk-tatry-card-DE.jpg\" alt=\"\" class=\"wp-image-9300004\" srcset=\"https:\/\/regiontatry.sk\/wp-content\/uploads\/2023\/10\/cenn\u00edk-tatry-card-DE.jpg 846w, https:\/\/regiontatry.sk\/wp-content\/uploads\/2023\/10\/cenn\u00edk-tatry-card-DE-300x165.jpg 300w, https:\/\/regiontatry.sk\/wp-content\/uploads\/2023\/10\/cenn\u00edk-tatry-card-DE-768x423.jpg 768w, https:\/\/regiontatry.sk\/wp-content\/uploads\/2023\/10\/cenn\u00edk-tatry-card-DE-698x384.jpg 698w, https:\/\/regiontatry.sk\/wp-content\/uploads\/2023\/10\/cenn\u00edk-tatry-card-DE-552x304.jpg 552w\" sizes=\"(max-width: 846px) 100vw, 846px\" \/><\/figure><\/div>\n\n\n\n<p><strong><em>Bemerkung:<\/em>\u00a0\u00a0<\/strong><em>Erm\u00e4\u00dfigte TATRY CARDs bekommen Kunden in ausgew\u00e4hlten Altersgruppen (j\u00fcnger als 16 J. und \u00e4lter als 62 J.), die f\u00fcr 100% Rabatt auf Fahrkarten keine Registrierung brauchen und auch mit der Bahn in der Tatra ohne Registrierung g\u00fcnstiger fahren k\u00f6nnen. <\/em><br><em>*\u00a0 TATRY CARDs k\u00f6nnen nur in vertraglich vereinbarten Unterkunftseinrichtungen verkauft und benutzt werden:\u00a0<\/em><a href=\"https:\/\/tatrycard.tatry.sk\/distribucne-miesta\">https:\/\/tatrycard.tatry.sk\/distribucne-miesta<\/a> <\/p>\n\n\n\n<hr class=\"wp-block-separator\"\/>\n\n\n\n<h2 class=\"wp-block-heading\"><br><em>WIE BEKOMMT MAN DIE<\/em> <em>TATRY CARD?<\/em><\/h2>\n\n\n\n<p>Ihre pers\u00f6nliche regionale Karte k\u00f6nnen Sie bei Ihrem Unterkunftsanbieter kaufen. Die TATRY Card gilt w\u00e4hrend Ihres Aufenthalts maximal f\u00fcr 3 N\u00e4chte (4 Tage) oder 6 N\u00e4chte (7 Tage) proAktivierung.\u00a0Falls Sie in der Tatra l\u00e4nger bleiben, Ihre vertraglich vereinbarte Unterkunftseinrichtung kann Ihnen eine neue Karte f\u00fcr die gleiche Geb\u00fchr aktivieren. An der Rezeption Ihres Hotels bekommen Sie einen einmaligen QR-Code, der zum Herunterladen einer digitalen Karte in Ihr Mobiltelefon dient. Wie kann man mit der TATRY Card Rabatte erhalten? Um zu sparen brauchen Sie Ihre digitale Karte in Ihrem Mobiltelefon heruntergeladen zu haben. Nach Ihrer Wahl laden Sie dann Gutscheine f\u00fcr individuelle Rabatte dazu. <\/p>\n\n\n\n<h2 class=\"wp-block-heading\"><br><em>WO BEKOMMT MAN DIE TATRY CARD?<\/em><\/h2>\n\n\n\n<p>Die TATRY CARD wird\nBesuchern der Hohen Tatra verkauft:<br>\n<strong>\u2013 nach ihrer Unterkunftseinrichtung:<\/strong>&nbsp;\nTATRY CARDs werden in den Partner-<strong>Unterkunftseinrichtungen\ndes Tourismusassoziation <\/strong>Vysok\u00e9 Tatry (ZCR VT) aktiviert<br>\n<strong>\u2013 nicht nach ihrer\nUnterkunftseinrichtung:&nbsp;<\/strong> TATRY CARDs werden von einzelnen\nKlienten durch den&nbsp;<a href=\"https:\/\/tatrycard.tatry.sk\/\" target=\"_blank\" rel=\"noreferrer noopener\">Online-Shop<\/a><a href=\"https:\/\/tatrycard.tatry.sk\/\" target=\"_blank\" rel=\"noreferrer noopener\"> TATRY CARD<\/a> aktiviert.<\/p>\n\n\n\n<p><strong><em>Die neue TATRY CARD k\u00f6nnen Sie auch in den Tatra-Informationsb\u00fcros kaufen<\/em><\/strong>:<br>\n<strong>\u2013 Star\u00fd Smokovec&nbsp;<\/strong>\u2013\nStar\u00fd Smokovec 23 \u2013 Bergrettungsdienst-Geb\u00e4ude, Vysok\u00e9 Tatry<br>\n<strong>\u2013 Tatransk\u00e1 Lomnica<\/strong>&nbsp;\u2013\nTatransk\u00e1 Lomnica 98, Vysok\u00e9 Tatry<br>\n\u2013 Die Karten werden auch in&nbsp;<strong>ausgew\u00e4hlten\nEinrichtungen verkauft, deren Liste man<\/strong>&nbsp;<a href=\"https:\/\/tatrycard.tatry.sk\/\"><strong>HIER<\/strong><\/a><strong> <\/strong>oder <a href=\"https:\/\/tatrycard.tatry.sk\/sk\/eshop\/product\" target=\"_blank\" rel=\"noreferrer noopener\"><strong>HIER<\/strong><\/a> findet!<\/p>\n\n\n\n<p>Die TATRY CARD kann man auch einfach ins Mobiltelefon herunterladen (Android, iPhone).<\/p>\n\n\n\n<hr class=\"wp-block-separator\"\/>\n\n\n\n<h3 class=\"wp-block-heading\"><strong>DIGITALE KARTE<\/strong><\/h3>\n\n\n\n<p>Die digitale Mitgliedskarte nutzt die technologischen M\u00f6glichkeiten der mobilen Geldb\u00f6rse. Die mobile Geldb\u00f6rse ist ein zusammenfassender Ausdruck f\u00fcr die Apps &#8222;Apple Wallet&#8220; und &#8222;Google Wallet&#8220;, die in allen Ger\u00e4ten mit dem iOS- und Android-System eingebaut sind. Obwohl Apple Wallet a Google Wallet\/Pay vor allem f\u00fcr Aufbewahrung von Zahlungskarten der Verbraucher bekannt sind und kontaktlose mobile Zahlung erm\u00f6glichen, bieten sie vielmehr als nur digitale Zahlung an den Kassen.\u00a0\u00a0\u00a0 \u00a0<\/p>\n\n\n\n<h3 class=\"wp-block-heading\"><strong><em>WIE KANN ICH MEINE DIGITALE KARTE HERUNTERLADEN?<\/em><\/strong><\/h3>\n\n\n<p><img loading=\"lazy\" decoding=\"async\" class=\" wp-image-9211988 alignright\" src=\"https:\/\/regiontatry.sk\/wp-content\/uploads\/2023\/08\/digit\u00e1lna-karta-198x300.png\" alt=\"\" width=\"278\" height=\"421\" \/><\/p>\n<p>Nachdem du deine Mitgliedschaft kaufst oder du dich f\u00fcr das Mitgliedsprogramm registrierst, bekommst du eine E-Mail mit deiner digitalen Mitgliedskarte und Zugangsdaten f\u00fcr dein Profil im System. Die Karte kannst du dann einfach in deine mobile Geldb\u00f6rse mit nur ein paar Klicks herunterladen.<\/p>\n<h3>Herunterladen digitaler Karte<\/h3>\n<ul>\n<li style=\"list-style-type: none;\">\n<ul id=\"mce_59\" class=\"editor-rich-text__tinymce mce-content-body\" style=\"list-style-type: square;\" role=\"textbox\" contenteditable=\"true\" aria-label=\"Nap\u00ed\u0161te zoznam...\" aria-autocomplete=\"list\" aria-multiline=\"true\" data-is-placeholder-visible=\"false\">\n<li>Durch klicken auf &#8222;Digitale Karte herunterladen&#8220;<\/li>\n<li>Durch Scannen des QR-Codes<\/li>\n<li>Nach dem Anmelden ins Konto.<\/li>\n<\/ul>\n<\/li>\n<\/ul>\n<p>Nachdem du in der erhaltenen E-Mail auf \u201eKarte herunterladen\u201c klickst oder den jeweiligen QR-Code scannst, wird auf dem Display deines Telefons die Karte angezeigt. Je nach deinem Telefon-Typ suche dann die \u201eSpeichern\u201c oder \u201eKarte zu Wallet hinzuf\u00fcgen\u201c M\u00f6glichkeit. Klicke darauf. Falls du dabei gebeten wirst um Benachrichtigungen zu erm\u00f6glichen, tue es, damit du wichtige Informationen bekommen kannst. Falls du dein Telefon \u00e4nderst, den QR-Code um deine Mitgliedskarte wieder zu herunterladen findest du in deinem Profil.<\/p>\n<p><br \/><!--StartFragment--><\/p>\n<figure class=\"wp-block-image is-resized\"><\/figure>\n\n\n<h2 class=\"wp-block-heading\"><strong>Vorteile der digitalen Karte<\/strong><br><\/h2>\n\n\n<p><strong> <img loading=\"lazy\" decoding=\"async\" class=\"alignleft\" src=\"https:\/\/paysy.s3.eu-central-1.amazonaws.com\/paysy\/zdruzenie-cestovneho-ruchu-vysoke-tatry\/files\/dec63d6d831c4d1eb9536c5375fb9da6.png\" width=\"56\" height=\"56\" \/><\/strong><\/p>\n<p><strong>Aktuelle Informationen<\/strong><\/p>\n<p>Jede digitale Karte wird automatisch aktualisiert. Also bei jedem \u00d6ffnen findest du dort aktuelle Informationen, aktuelle Benefite und alles Wichtige aus unserer Kommunit\u00e4t. Die Karte kann man auch manuell aktualisieren, und zwar durch Streichen nach unten.<img loading=\"lazy\" decoding=\"async\" class=\" wp-image-9212103 alignright\" src=\"https:\/\/regiontatry.sk\/wp-content\/uploads\/2023\/08\/mobil-tatry-card-156x300.png\" alt=\"\" width=\"239\" height=\"460\" \/><\/p>\n<p><strong><img loading=\"lazy\" decoding=\"async\" class=\"alignleft\" src=\"https:\/\/paysy.s3.eu-central-1.amazonaws.com\/paysy\/zdruzenie-cestovneho-ruchu-vysoke-tatry\/files\/27c37a75e5944cc88ece763603cea03b.png\" width=\"54\" height=\"54\" \/><\/strong><\/p>\n<p><strong>Viele Benefite<\/strong><\/p>\n<p>Dank der digitalen Karte hast du alle Benefite auf einer Stelle in deiner mobilen Geldb\u00f6rse. Und du kannst sie dort nicht nur sehen, sondern auch nutzen.<\/p>\n<p><strong><img loading=\"lazy\" decoding=\"async\" class=\"alignleft\" src=\"https:\/\/paysy.s3.eu-central-1.amazonaws.com\/paysy\/zdruzenie-cestovneho-ruchu-vysoke-tatry\/files\/360edfcfa3bc4e5fbc4ccae2be926b23.png\" width=\"56\" height=\"56\" \/><\/strong><\/p>\n<p><strong>Einfache Nutzung <br \/><\/strong>In der mobilen Geldb\u00f6rse-App (Wallet) findest du deine digitale Mitgliedskarte. Wenn du dich als Mitglied der Kommunit\u00e4t identifizieren brauchst, dient dein QR-Code dazu. Falls du aktuelle Infos suchst, schau auf die R\u00fcckseite der Karte. Falls du deine Karte aus Versehen l\u00f6schst oder dein Mobiltelefon \u00e4nderst, kannst du die Karte einfach aus deinem Profil im System Memberyo wieder herunterladen.<\/p>\n<p><strong><img loading=\"lazy\" decoding=\"async\" class=\"alignleft\" src=\"https:\/\/paysy.s3.eu-central-1.amazonaws.com\/paysy\/zdruzenie-cestovneho-ruchu-vysoke-tatry\/files\/9afdd30514194015931032a1f6365a61.png\" width=\"55\" height=\"55\" \/><\/strong><\/p>\n<p><strong>Rabatte bei Partnern<\/strong><\/p>\n<p>Dank der Mitgliedskarte kannst du Benefite im Rahmen des Mitgliedsprogramms einfach nutzen. Das gilt f\u00fcr Rabatte, Eintritte oder spezielle Gutscheine bei Partnern des Mitgliedsprogramms.<\/p>\n\n\n<hr class=\"wp-block-separator\"\/>\n\n\n\n<p>Die regionale TATRY CARD ist der Schl\u00fcssel zum g\u00fcnstigen Urlaub voll von Erlebnissen. <strong>Nur dank der TATRY CARD bekommen Sie verschiedene Rabatte bis zu 25% in ausgew\u00e4hlten Einrichtungen in der Region der Hohen Tatra.<\/strong><\/p>\n\n\n<h1>Mehr \u00fcber die TATRY CARD und wo man sie kaufen kann:\u00a0<a href=\"https:\/\/www.tatry.sk\/tatrycard\/\">HIER<\/a><\/h1>\n\n\n<figure class=\"wp-block-image\"><img loading=\"lazy\" decoding=\"async\" width=\"1024\" height=\"726\" src=\"https:\/\/regiontatry.sk\/wp-content\/uploads\/2023\/08\/TATRY-CARD-banner-1024x726.jpg\" alt=\"\" class=\"wp-image-9212163\" srcset=\"https:\/\/regiontatry.sk\/wp-content\/uploads\/2023\/08\/TATRY-CARD-banner-1024x726.jpg 1024w, https:\/\/regiontatry.sk\/wp-content\/uploads\/2023\/08\/TATRY-CARD-banner-300x213.jpg 300w, https:\/\/regiontatry.sk\/wp-content\/uploads\/2023\/08\/TATRY-CARD-banner-768x545.jpg 768w, https:\/\/regiontatry.sk\/wp-content\/uploads\/2023\/08\/TATRY-CARD-banner-1705x1209.jpg 1705w, https:\/\/regiontatry.sk\/wp-content\/uploads\/2023\/08\/TATRY-CARD-banner-698x495.jpg 698w, https:\/\/regiontatry.sk\/wp-content\/uploads\/2023\/08\/TATRY-CARD-banner-552x392.jpg 552w, https:\/\/regiontatry.sk\/wp-content\/uploads\/2023\/08\/TATRY-CARD-banner.jpg 1748w\" sizes=\"(max-width: 1024px) 100vw, 1024px\" \/><\/figure>\n\n\n\n<h4 class=\"wp-block-heading\"><strong>Tatry Card wird von der\u00a0<\/strong><a href=\"https:\/\/www.tatry.sk\/\">Tourismusassoziation Vysok\u00e9 Tatry<\/a> <strong>betreibt.\u00a0<\/strong><\/h4>\n\n\n\n<p>Ihre Fragen, Vorschl\u00e4ge und Beobachtungen schicken Sie durch E-Mail an:<strong> <a rel=\"noreferrer noopener\" href=\"http:\/\/www.tatry.sk\/\" target=\"_blank\">tatry@tatry.sk,<\/a><\/strong> <br><strong>+421 903 406 800<\/strong> <br><\/p>\n\n\n\n<div class=\"wp-block-columns has-5-columns is-layout-flex wp-container-core-columns-is-layout-1 wp-block-columns-is-layout-flex\">\n<div class=\"wp-block-column is-layout-flow wp-block-column-is-layout-flow\">\n<div class=\"wp-block-image\"><figure class=\"aligncenter is-resized\"><img loading=\"lazy\" decoding=\"async\" src=\"https:\/\/regiontatry.sk\/wp-content\/uploads\/2021\/07\/Vysoke-Tatry-region-logo-830x1024.png\" alt=\"\" width=\"181\" height=\"260\"\/><\/figure><\/div>\n<\/div>\n\n\n\n<div class=\"wp-block-column is-layout-flow wp-block-column-is-layout-flow\">\n<p><\/p>\n<\/div>\n\n\n\n<div class=\"wp-block-column is-layout-flow wp-block-column-is-layout-flow\">\n<div class=\"wp-block-image\"><figure class=\"aligncenter is-resized\"><img loading=\"lazy\" decoding=\"async\" src=\"https:\/\/regiontatry.sk\/wp-content\/uploads\/2021\/07\/ZCR_logo_300dpi-1024x808.jpg\" alt=\"Tento obr\u00e1zok nem\u00e1 vyplnen\u00fd ALT popisok, jeho n\u00e1zov je ZCR_logo_300dpi-1024x808.jpg\" width=\"261\" height=\"206\"\/><\/figure><\/div>\n<\/div>\n\n\n\n<div class=\"wp-block-column is-layout-flow wp-block-column-is-layout-flow\">\n<p><\/p>\n<\/div>\n\n\n\n<div class=\"wp-block-column is-layout-flow wp-block-column-is-layout-flow\">\n<figure class=\"wp-block-image is-resized\"><img loading=\"lazy\" decoding=\"async\" src=\"https:\/\/regiontatry.sk\/wp-content\/uploads\/2023\/07\/visit-tatry.png\" alt=\"\" class=\"wp-image-9169354\" width=\"417\" height=\"198\"\/><\/figure>\n<\/div>\n<\/div>\n","protected":false},"excerpt":{"rendered":"<p>Die regionale TATRY Card ist der Schl\u00fcssel zu Ihren neuen Erlebnissen in der Region der Hohen Tatra, mit dem Sie verschiedene Aktivit\u00e4ten, die unsere Region bietet, \u201ekosten\u201c und probieren k\u00f6nnen. \u00a0 Im Preis der TATRY Card ist auch \u00f6kologische und unbegrenzte Bef\u00f6rderung w\u00e4hrend der G\u00fcltigkeit der Karte in der Hohen Tatra mit ZSSK-Z\u00fcgen auf den [&hellip;]<\/p>\n","protected":false},"author":1,"featured_media":0,"parent":0,"menu_order":0,"comment_status":"closed","ping_status":"closed","template":"template-simple-page.php","meta":{"footnotes":""},"class_list":["post-21678","page","type-page","status-publish","hentry"],"_links":{"self":[{"href":"https:\/\/regiontatry.sk\/de\/wp-json\/wp\/v2\/pages\/21678"}],"collection":[{"href":"https:\/\/regiontatry.sk\/de\/wp-json\/wp\/v2\/pages"}],"about":[{"href":"https:\/\/regiontatry.sk\/de\/wp-json\/wp\/v2\/types\/page"}],"author":[{"embeddable":true,"href":"https:\/\/regiontatry.sk\/de\/wp-json\/wp\/v2\/users\/1"}],"replies":[{"embeddable":true,"href":"https:\/\/regiontatry.sk\/de\/wp-json\/wp\/v2\/comments?post=21678"}],"version-history":[{"count":7,"href":"https:\/\/regiontatry.sk\/de\/wp-json\/wp\/v2\/pages\/21678\/revisions"}],"predecessor-version":[{"id":9300013,"href":"https:\/\/regiontatry.sk\/de\/wp-json\/wp\/v2\/pages\/21678\/revisions\/9300013"}],"wp:attachment":[{"href":"https:\/\/regiontatry.sk\/de\/wp-json\/wp\/v2\/media?parent=21678"}],"curies":[{"name":"wp","href":"https:\/\/api.w.org\/{rel}","templated":true}]}}