{"id":21681,"date":"2018-08-23T13:05:39","date_gmt":"2018-08-23T11:05:39","guid":{"rendered":"https:\/\/regiontatry.sk\/specialne-ponuky\/"},"modified":"2019-12-16T14:34:54","modified_gmt":"2019-12-16T13:34:54","slug":"sonderangebote","status":"publish","type":"page","link":"https:\/\/regiontatry.sk\/de\/unterkunft\/sonderangebote\/","title":{"rendered":"Sonderangebote"},"content":{"rendered":"\n<h2 class=\"wp-block-heading\"><a href=\"\/de\/unterkunft\/sonderangebote\/family-friendly\/\" target=\"_blank\" rel=\"noreferrer noopener\" aria-label=\"Family Friendly (otvor\u00ed sa v novej karte)\">Family Friendly<\/a><\/h2>\n\n\n\n<p>W\u00e4hlen Sie <strong>die beste Unterkunft f\u00fcr Ihre Familie <\/strong>in einer der FAMILY Friendly Einrichtungen und verbringen Sie einen tollen Urlaub mit Ihrer Familie in der Hohen Tatra!\u00a0<\/p>\n\n\n\n<h2 class=\"wp-block-heading\"><a href=\"\/de\/unterkunft\/sonderangebote\/dog-pet-friendly\/\" target=\"_blank\" rel=\"noreferrer noopener\" aria-label=\"Dog \/ Pet Friendly (otvor\u00ed sa v novej karte)\">Dog \/ Pet Friendly<\/a><\/h2>\n\n\n\n<p>\u00dcbernachten FindeFinden Sie Unterkunft f\u00fcr sich und <strong>Ihr Haustier <\/strong>und genie\u00dfen Sie unvergessliche Tage zusammen in der Tatra!\u00a0<\/p>\n\n\n\n<h2 class=\"wp-block-heading\"><a href=\"\/de\/unterkunft\/sonderangebote\/bike-friendly\/\" target=\"_blank\" rel=\"noreferrer noopener\" aria-label=\"Bike Friendly (otvor\u00ed sa v novej karte)\">Bike Friendly<\/a><\/h2>\n\n\n\n<p>G\u00f6nnen Sie sich einmalige Erlebnisse. Entdecken Sie die Hohe Tatra vom Fahrradsitz und bleiben Sie in einer der <strong>BIKE Friendly<\/strong>\u00a0Einrichtungen in der Region der Tatra, die mehr als 300 km markierter Radwege bietet.<\/p>\n\n\n\n<h2 class=\"wp-block-heading\"><a href=\"\/de\/unterkunft\/sonderangebote\/kongresse\/\" target=\"_blank\" rel=\"noreferrer noopener\" aria-label=\"Kongresse (otvor\u00ed sa v novej karte)\">Kongresse<\/a><\/h2>\n\n\n\n<p>W\u00e4hlen Sie aus einem reichen Angebot von R\u00e4umen und S\u00e4len f\u00fcr&nbsp;<strong>Kongresse, Konferenzen, Arbeitstreffen, Firmen-, Kultur- und Gesellschaftsveranstaltungen.&nbsp;<\/strong>Die Hohe Tatra ist eine ideale Kongressdestination dank dem spezifischen Natur-, Kultur- und Geschichtereichtum.<\/p>\n\n\n\n<p>(Anmerkung: Die Einrichtungen sind nach maximaler Raumkapazit\u00e4t geordnet und f\u00fcr die Richtigkeit der Informationen sind einzelne Subjekte verantwortlich.)<\/p>\n\n\n\n<h2 class=\"wp-block-heading\"><strong><a href=\"\/de\/unterkunft\/sonderangebote\/aufenthalte-mit-der-tatry-card\/\" target=\"_blank\" rel=\"noreferrer noopener\" aria-label=\"Aufenthalte mit der Tatry Card (otvor\u00ed sa v novej karte)\">Aufenthalte mit der Tatry Card<\/a><\/strong><\/h2>\n\n\n\n<p>W\u00e4hlen Sie ein modernes Hotel, eine Familienpension, ein gem\u00fctliches Appartement oder eine H\u00fctte, machen Sie Urlaub in der Tatra und genie\u00dfen Sie Rabatte mit der regionalen TATRY Card.<\/p>\n\n\n\n<p>Mehr \u00fcber die regionale Karte&nbsp;<strong><a href=\"https:\/\/regiontatry.sk\/de\/unterkunft\/was-ist-die-tatry-card\/\" target=\"_blank\" rel=\"noreferrer noopener\">TATRY Card<\/a><\/strong><\/p>\n","protected":false},"excerpt":{"rendered":"<p>Family Friendly W\u00e4hlen Sie die beste Unterkunft f\u00fcr Ihre Familie in einer der FAMILY Friendly Einrichtungen und verbringen Sie einen tollen Urlaub mit Ihrer Familie in der Hohen Tatra!\u00a0 Dog \/ Pet Friendly \u00dcbernachten FindeFinden Sie Unterkunft f\u00fcr sich und Ihr Haustier und genie\u00dfen Sie unvergessliche Tage zusammen in der Tatra!\u00a0 Bike Friendly G\u00f6nnen Sie [&hellip;]<\/p>\n","protected":false},"author":1,"featured_media":21683,"parent":21687,"menu_order":0,"comment_status":"closed","ping_status":"closed","template":"template-simple-page.php","meta":{"footnotes":""},"class_list":["post-21681","page","type-page","status-publish","has-post-thumbnail","hentry"],"_links":{"self":[{"href":"https:\/\/regiontatry.sk\/de\/wp-json\/wp\/v2\/pages\/21681"}],"collection":[{"href":"https:\/\/regiontatry.sk\/de\/wp-json\/wp\/v2\/pages"}],"about":[{"href":"https:\/\/regiontatry.sk\/de\/wp-json\/wp\/v2\/types\/page"}],"author":[{"embeddable":true,"href":"https:\/\/regiontatry.sk\/de\/wp-json\/wp\/v2\/users\/1"}],"replies":[{"embeddable":true,"href":"https:\/\/regiontatry.sk\/de\/wp-json\/wp\/v2\/comments?post=21681"}],"version-history":[{"count":5,"href":"https:\/\/regiontatry.sk\/de\/wp-json\/wp\/v2\/pages\/21681\/revisions"}],"predecessor-version":[{"id":23023,"href":"https:\/\/regiontatry.sk\/de\/wp-json\/wp\/v2\/pages\/21681\/revisions\/23023"}],"up":[{"embeddable":true,"href":"https:\/\/regiontatry.sk\/de\/wp-json\/wp\/v2\/pages\/21687"}],"wp:featuredmedia":[{"embeddable":true,"href":"https:\/\/regiontatry.sk\/de\/wp-json\/wp\/v2\/media\/21683"}],"wp:attachment":[{"href":"https:\/\/regiontatry.sk\/de\/wp-json\/wp\/v2\/media?parent=21681"}],"curies":[{"name":"wp","href":"https:\/\/api.w.org\/{rel}","templated":true}]}}