{"id":21687,"date":"2018-08-15T15:47:33","date_gmt":"2018-08-15T13:47:33","guid":{"rendered":"https:\/\/regiontatry.sk\/ubytovanie\/"},"modified":"2023-03-03T21:37:58","modified_gmt":"2023-03-03T20:37:58","slug":"unterkunft","status":"publish","type":"page","link":"https:\/\/regiontatry.sk\/de\/unterkunft\/","title":{"rendered":"Unterkunft"},"content":{"rendered":"\n<p>In der Hohen Tatra \u2013 beim Kamin aber auch im Zelt. In einer H\u00fctte oder in einem Wellnesshotel. Die Unterkunftsm\u00f6glichkeiten sind vielf\u00e4ltig, so dass jeder das Passende findet. Bequeme Hotels bieten luxuri\u00f6se Appartements, es gibt Pensionen, Privatzimmer, touristische Herbergen, gem\u00fctliche Bergh\u00fctten. W\u00e4hlen Sie, was Ihnen am meisten gef\u00e4llt!<\/p>\n\n\n\n<h4 class=\"wp-block-heading\"><strong>Hotels<\/strong><\/h4>\n\n\n\n<p><strong>In der Region der Tatra befinden sich viele Grandhotels und Hotels der h\u00f6chsten Qualit\u00e4t, in denen man sich wie zu Hause f\u00fchlt. Falls Sie eher zu anspruchsvollen Klienten geh\u00f6ren und Noblesse mit Luxus erleben wollen, besuchen Sie eines der Grandhotels. Kaffee im kubanischen Caf\u00e9 des Grandhotels Star\u00fd Smokovec, bequemes Konferenzhotel mit Stil und Tradition \u2013 Grand Hotel Bellevue, absoluter Luxus im 5-Sterne Grand Hotel Kempinski und viel mehr.<\/strong><\/p>\n\n\n\n<h4 class=\"wp-block-heading\"><strong>Pensionen und Privatunterkunft<\/strong><\/h4>\n\n\n\n<p>Die zweite M\u00f6glichkeit sind Pensionen und Privatunterkunft, die eine tolle Familienatmosph\u00e4re und gem\u00fctliche aber bequeme Zimmer bieten. Eine breite Auswahl von Dienstleistungen findet man auch in Appartementkomplexen, wo sich auch Entspannungszentren mit Sprudelb\u00e4dern und Saunas befinden. Die Lage dieser Einrichtungen ist ideal um Entspannung mit Touristik oder einfachen Spazierg\u00e4ngen in der Umgebung zu kombinieren. <\/p>\n\n\n\n<h4 class=\"wp-block-heading\"><strong>Hochgebirgsh\u00fctten<\/strong><\/h4>\n\n\n\n<p>Die dritte M\u00f6glichkeit, wenn man Unterkunft in der Tatra sucht, stellen Bergh\u00fctten dar, die bei Touristenpfaden, Bergseen und hoch in den Bergen zu finden sind. Sie bieten einmalige Romantik, die Sie noch nie erlebt haben. In der Umarmung von Bergspitzen morgens aufzuwachen und hoch \u00fcber den Wolken zu fr\u00fchst\u00fccken kann wirklich traumhaft sein. Einzelne H\u00fctten haben relativ kleine Kapazit\u00e4tsm\u00f6glichkeiten, aber die Nachfrage ist gro\u00df. Buchen Sie Ihre Unterkunft deshalb im Voraus. <\/p>\n\n\n\n<ul class=\"wp-block-gallery columns-3 is-cropped wp-block-gallery-2 is-layout-flex wp-block-gallery-is-layout-flex\"><li class=\"blocks-gallery-item\"><figure><img loading=\"lazy\" decoding=\"async\" width=\"300\" height=\"199\" src=\"https:\/\/regiontatry.sk\/wp-content\/uploads\/2018\/10\/hotel-Kukucka-1_800-300x199.jpg\" alt=\"\" data-id=\"12434\" data-link=\"https:\/\/regiontatry.sk\/ubytovanie\/hotel-kukucka-1_800-300x199\/\" class=\"wp-image-12434\"\/><\/figure><\/li><li class=\"blocks-gallery-item\"><figure><img loading=\"lazy\" decoding=\"async\" width=\"300\" height=\"200\" src=\"https:\/\/regiontatry.sk\/wp-content\/uploads\/2018\/10\/vila-Krejza-300x200.jpg\" alt=\"\" data-id=\"12450\" data-link=\"https:\/\/regiontatry.sk\/ubytovanie\/vila-krejza-300x200\/\" class=\"wp-image-12450\"\/><\/figure><\/li><li class=\"blocks-gallery-item\"><figure><img loading=\"lazy\" decoding=\"async\" width=\"300\" height=\"225\" src=\"https:\/\/regiontatry.sk\/wp-content\/uploads\/2018\/10\/brncalka-300x225-1.jpg\" alt=\"\" data-id=\"12452\" data-link=\"https:\/\/regiontatry.sk\/ubytovanie\/brncalka-300x225-2\/\" class=\"wp-image-12452\"\/><\/figure><\/li><\/ul>\n\n\n\n<p><br>Finden Sie Unterkunft nach Ihrer Wahl:<\/p>\n\n\n\n<h2 class=\"wp-block-heading\"><a href=\"\/de\/unterkunft\/hotels\/\" target=\"_blank\" rel=\"noreferrer noopener\" aria-label=\"Hotels (otvor\u00ed sa v novej karte)\">Hotels<\/a><\/h2>\n\n\n\n<h2 class=\"wp-block-heading\"><a href=\"\/de\/unterkunft\/pensionen\/\" target=\"_blank\" rel=\"noreferrer noopener\" aria-label=\"Pensionen (otvor\u00ed sa v novej karte)\">Pensionen<\/a><\/h2>\n\n\n\n<h2 class=\"wp-block-heading\"><a href=\"\/de\/unterkunft\/privatunterkunft-und-hutten\/\" target=\"_blank\" rel=\"noreferrer noopener\" aria-label=\"Privatunterkunft und H\u00fctten (otvor\u00ed sa v novej karte)\">Privatunterkunft und H\u00fctten<\/a><\/h2>\n\n\n\n<h2 class=\"wp-block-heading\"><a href=\"\/de\/unterkunft\/apartmenthauser\/\" target=\"_blank\" rel=\"noreferrer noopener\" aria-label=\"Apartmenth\u00e4user  (otvor\u00ed sa v novej karte)\">Apartmenth\u00e4user <\/a><\/h2>\n\n\n\n<p><br>Sonderangebote:<\/p>\n\n\n\n<h2 class=\"wp-block-heading\"><a href=\"\/de\/unterkunft\/sonderangebote\/family-friendly\/\" target=\"_blank\" rel=\"noreferrer noopener\" aria-label=\"Family Friendly (otvor\u00ed sa v novej karte)\">Family Friendly<\/a><\/h2>\n\n\n\n<h2 class=\"wp-block-heading\"><a href=\"\/de\/unterkunft\/sonderangebote\/dog-pet-friendly\/\" target=\"_blank\" rel=\"noreferrer noopener\" aria-label=\" (otvor\u00ed sa v novej karte)\">Dog \/ Pet Friendly<\/a><\/h2>\n\n\n\n<h2 class=\"wp-block-heading\"><a href=\"\/de\/unterkunft\/sonderangebote\/bike-friendly\/\" target=\"_blank\" rel=\"noreferrer noopener\" aria-label=\"Bike Friendly (otvor\u00ed sa v novej karte)\">Bike Friendly<\/a><\/h2>\n\n\n\n<h2 class=\"wp-block-heading\"><a href=\"\/de\/unterkunft\/sonderangebote\/kongresse\/\" target=\"_blank\" rel=\"noreferrer noopener\" aria-label=\"Kongresse (otvor\u00ed sa v novej karte)\">Kongresse<\/a><\/h2>\n\n\n\n<h2 class=\"wp-block-heading\"><strong><a href=\"\/de\/unterkunft\/sonderangebote\/aufenthalte-mit-der-tatry-card\/\" target=\"_blank\" rel=\"noreferrer noopener\" aria-label=\"Aufenthalte mit der Tatry Card (otvor\u00ed sa v novej karte)\">Aufenthalte mit der Tatry Card<\/a><\/strong><\/h2>\n\n\n\n<h2 class=\"wp-block-heading\"><br><a href=\"\/de\/unterkunft\/was-ist-die-tatry-card\/\" target=\"_blank\" rel=\"noreferrer noopener\" aria-label=\"Was ist die Tatry Card? (otvor\u00ed sa v novej karte)\">Was ist die Tatry Card?<\/a><\/h2>\n\n\n\n<h3 class=\"wp-block-heading\"><br>Wir w\u00fcnschen Ihnen einen sch\u00f6nen Urlaub voll von tollen Erlebnissen!<\/h3>\n","protected":false},"excerpt":{"rendered":"<p>In der Hohen Tatra \u2013 beim Kamin aber auch im Zelt. In einer H\u00fctte oder in einem Wellnesshotel. Die Unterkunftsm\u00f6glichkeiten sind vielf\u00e4ltig, so dass jeder das Passende findet. Bequeme Hotels bieten luxuri\u00f6se Appartements, es gibt Pensionen, Privatzimmer, touristische Herbergen, gem\u00fctliche Bergh\u00fctten. W\u00e4hlen Sie, was Ihnen am meisten gef\u00e4llt! Hotels In der Region der Tatra befinden [&hellip;]<\/p>\n","protected":false},"author":1,"featured_media":21689,"parent":0,"menu_order":0,"comment_status":"closed","ping_status":"closed","template":"template-subpages.php","meta":{"footnotes":""},"class_list":["post-21687","page","type-page","status-publish","has-post-thumbnail","hentry"],"_links":{"self":[{"href":"https:\/\/regiontatry.sk\/de\/wp-json\/wp\/v2\/pages\/21687"}],"collection":[{"href":"https:\/\/regiontatry.sk\/de\/wp-json\/wp\/v2\/pages"}],"about":[{"href":"https:\/\/regiontatry.sk\/de\/wp-json\/wp\/v2\/types\/page"}],"author":[{"embeddable":true,"href":"https:\/\/regiontatry.sk\/de\/wp-json\/wp\/v2\/users\/1"}],"replies":[{"embeddable":true,"href":"https:\/\/regiontatry.sk\/de\/wp-json\/wp\/v2\/comments?post=21687"}],"version-history":[{"count":5,"href":"https:\/\/regiontatry.sk\/de\/wp-json\/wp\/v2\/pages\/21687\/revisions"}],"predecessor-version":[{"id":8831558,"href":"https:\/\/regiontatry.sk\/de\/wp-json\/wp\/v2\/pages\/21687\/revisions\/8831558"}],"wp:featuredmedia":[{"embeddable":true,"href":"https:\/\/regiontatry.sk\/de\/wp-json\/wp\/v2\/media\/21689"}],"wp:attachment":[{"href":"https:\/\/regiontatry.sk\/de\/wp-json\/wp\/v2\/media?parent=21687"}],"curies":[{"name":"wp","href":"https:\/\/api.w.org\/{rel}","templated":true}]}}