{"id":21695,"date":"2018-07-27T13:32:58","date_gmt":"2018-07-27T11:32:58","guid":{"rendered":"https:\/\/regiontatry.sk\/cyklistika\/"},"modified":"2025-10-02T08:08:20","modified_gmt":"2025-10-02T06:08:20","slug":"radsport","status":"publish","type":"page","link":"https:\/\/regiontatry.sk\/de\/radsport\/","title":{"rendered":"Radsport"},"content":{"rendered":"\n<p>Die Region Hohe Tatra ist ein Ort, an dem Sie gro\u00dfartige Raderlebnisse, Ausblicke und unvergessliche Abenteuer erwarten. Die Hohe Tatra ist ein ideales Ziel f\u00fcr Fahrradliebhaber und bietet unz\u00e4hlige Radwege und Radtouren, die jeden Radfahrer begeistern \u2013 von Freizeitradlern und Familien mit Kindern bis hin zu erfahrenen Sportlern und Fans des Mountainbikings.<\/p>\n\n\n\n<p>Entdecken Sie die Region Hohe Tatra auf zwei R\u00e4dern vom Fahrradsattel aus!<strong> Mehr als 300 km markierte Radwege in verschiedenen Schwierigkeitsgraden stehen f\u00fcr alle bereit \u2013 f\u00fcr Familien mit Kindern, Liebhaber des Stra\u00dfen- und Mountainbikings, Sportler sowie Anf\u00e4nger.<\/strong><\/p>\n\n\n\n<p>Hier finden Sie:<\/p>\n\n\n\n<ul class=\"wp-block-list\">\n<li><strong>Flache Strecken,<\/strong> ideal f\u00fcr gem\u00fctliche Ausfl\u00fcge und Radtouren mit Kindern,<\/li>\n\n\n\n<li><strong>Anstiege bis unter die Tatra<\/strong>-Gipfel f\u00fcr echte Herausforderungen und Adrenalin,<\/li>\n\n\n\n<li><strong>Die Podtatransk\u00e1 Radmagistrale<\/strong>, die Sie durch eine einzigartige Landschaft fast rund um die gesamte Tatra f\u00fchrt.<\/li>\n<\/ul>\n\n\n\n<p>Erkunden Sie die Region vom Fahrradsattel aus und verbinden Sie aktive Bewegung mit wundersch\u00f6ner Natur!<\/p>\n\n\n\n<figure class=\"wp-block-embed is-type-video is-provider-youtube wp-block-embed-youtube wp-embed-aspect-16-9 wp-has-aspect-ratio\"><div class=\"wp-block-embed__wrapper\">\n<iframe loading=\"lazy\" title=\"Cykloturistika v Regi\u00f3ne Vysok\u00e9 Tatry\" width=\"640\" height=\"360\" src=\"https:\/\/www.youtube.com\/embed\/ZMXNBEXX4Wc?feature=oembed\" frameborder=\"0\" allow=\"accelerometer; autoplay; clipboard-write; encrypted-media; gyroscope; picture-in-picture; web-share\" referrerpolicy=\"strict-origin-when-cross-origin\" allowfullscreen><\/iframe>\n<\/div><\/figure>\n\n\n\n<p><\/p>\n\n\n\n<h3 class=\"wp-block-heading has-vivid-green-cyan-color has-text-color has-link-color wp-elements-9ae23fd908cd206e277a462982a8a309\"><strong>Radrouten in der Hohen Tatra<\/strong><\/h3>\n\n\n\n<h2 class=\"wp-block-heading\"><\/h2>\n\n\n\n<p>In der Hohen Tatra finden Sie Radwege mit unterschiedlichem Schwierigkeitsgrad und L\u00e4nge. Von malerischen Radwegen, die durch wundersch\u00f6ne Naturlandschaften f\u00fchren, bis hin zu anspruchsvollen MTB-Strecken f\u00fcr Mountainbikes, die Adrenalin und Herausforderungen bieten. W\u00e4hlen Sie Ihre Route je nach Lust und Kondition \u2013 zur Auswahl stehen kurze Ausfl\u00fcge ebenso wie anspruchsvolle Gebirgstouren<\/p>\n\n\n\n<ol class=\"wp-block-list\">\n<li><strong>Poprader Radroute<\/strong> \u2013 Ideal f\u00fcr Familien mit Kindern und Freizeitradler \u2013 leichte Steigung, sch\u00f6ne Ausblicke, auch f\u00fcr Anf\u00e4nger geeignet. Ein beliebter Tipp f\u00fcr einen gem\u00fctlichen Ausflug.<\/li>\n\n\n\n<li><strong>Altschmecks (Star\u00fd Smokovec) \u2192 Hrebienok oder Tatransk\u00e1 Polianka \u2192 Schlesierhaus (Sliezsky dom)<\/strong> \u2013 Mittelanspruchsvolle Gebirgstour, geeignet f\u00fcr erfahrene Radfahrer, die Herausforderungen und Bergpanoramen suchen.<\/li>\n\n\n\n<li><strong>Podtatransk\u00e1 Radmagistrale (Podbansk\u00e9 \u2192 Tatransk\u00e1 Kotlina)<\/strong> \u2013 Eine lange Strecke mit atemberaubenden Ausblicken, bestimmt f\u00fcr ausdauernde Radfahrer, die die Kombination aus Herausforderung und Naturerlebnis suchen.<\/li>\n<\/ol>\n\n\n\n<p>Radtourismus ist eine hervorragende Gelegenheit, sportliche Aktivit\u00e4t mit unmittelbaren Naturerlebnissen zu verbinden.<\/p>\n\n\n\n<h3 class=\"wp-block-heading has-vivid-green-cyan-color has-text-color has-link-color wp-elements-36cc6480d2cbefffde163732b7c04287\"><br><strong>E-Bikes \u2013 Die Tatra mit Leichtigkeit erleben<\/strong><\/h3>\n\n\n\n<p>M\u00f6chten Sie die Tatra mit dem Fahrrad entdecken, besitzen aber kein eigenes Rad oder m\u00f6chten Ihre Radtouren ohne gro\u00dfe Anstrengung genie\u00dfen? Nutzen Sie die <a href=\"https:\/\/regiontatry.sk\/de\/radsport\/fahrradverleihe\/\">E-Bike-Verleihe in der Hohen Tatra!<\/a> E-Bikes sind die perfekte Wahl f\u00fcr alle, die l\u00e4ngere Strecken ohne gro\u00dfe M\u00fche zur\u00fccklegen m\u00f6chten, anspruchsvollere Radrouten bezwingen wollen oder die Region bequem kennenlernen m\u00f6chten \u2013 auch f\u00fcr weniger erfahrene Radfahrer. Jeder E-Bike-Verleih in der Tatra bietet eine gro\u00dfe Auswahl an hochwertigen E-Bikes und Fahrr\u00e4dern, die regelm\u00e4\u00dfig gewartet werden und bestens f\u00fcr Ihre Radtour vorbereitet sind.<\/p>\n\n\n\n<h3 class=\"wp-block-heading has-vivid-green-cyan-color has-text-color has-link-color wp-elements-1c9d9276e3d6dca3e539639bb3ad0f05\"><br><strong>Ladestationen f\u00fcr E-Bikes in der Hohen Tatra<\/strong><\/h3>\n\n\n\n<p><\/p>\n\n\n\n<ul class=\"wp-block-list\">\n<li>Sanat\u00f3rium Dr. Guhra \u2013 Tatransk\u00e1 Polianka<\/li>\n\n\n\n<li>Poliankovo \u2013 Tatransk\u00e1 Polianka<\/li>\n\n\n\n<li>Horsk\u00e9 Vilky Po\u013eana \u2013 Nov\u00fd Smokovec<\/li>\n\n\n\n<li>Hotel Villa Siesta \u2013 Nov\u00fd Smokovec<\/li>\n\n\n\n<li>Dobr\u00e9 \u010casy \u2013 Star\u00fd Smokovec<\/li>\n\n\n\n<li>Penzi\u00f3n Po\u013eana \u2013 Horn\u00fd Smokovec<\/li>\n\n\n\n<li>Rezort pri jazere \u2013 Podbansk\u00e9<\/li>\n\n\n\n<li>Re\u0161taur\u00e1cia U Furmana \u2013 Tatransk\u00e1 Kotlina<\/li>\n\n\n\n<li>BikePoint Kvetnica \u2013 Poprad<\/li>\n<\/ul>\n\n\n\n<p>Bereiten Sie sich auf einen unvergesslichen Radurlaub in der Hohen Tatra vor.<br>Auf unserer Webseite finden Sie alle notwendigen Informationen, einschlie\u00dflich Karten, Ausflugstipps und M\u00f6glichkeiten zur Ausleihe von E-Bikes.<br>W\u00e4hlen Sie Ihre Lieblingstour und entdecken Sie die Sch\u00f6nheit der Tatra auf zwei R\u00e4dern!<\/p>\n\n\n\n\n\t<div class=\"wp-block-cgb-block-creanet-grid category-list cell small-12 medium-4 cg\">\n\t\t<div class=\"cell small-12 medium-12 large-12 medium-order-1\">\n\t\t\t<a href=\"\/de\/radsport\/radsport-in-der-tatra\/\">\n\t\t\t\t<div class=\"background-grid-color\"><\/div>\n\t\t\t\t\t\t\t\t\t<figure><img decoding=\"async\" src=\"https:\/\/regiontatry.sk\/wp-content\/uploads\/2024\/09\/13-1.jpg\" alt=\"\"\n\t\t\t\t\t\t\t\t title=\"13-1\"\/><\/figure>\n\t\t\t\t\t\t\t\t<h3>Radsport in der Tatra<\/h3>\t\t\t\t\t\t\t<\/a>\n\t\t<\/div>\n\t<\/div>\n\t\n\n\t<div class=\"wp-block-cgb-block-creanet-grid category-list cell small-12 medium-4 cg\">\n\t\t<div class=\"cell small-12 medium-12 large-12 medium-order-1\">\n\t\t\t<a href=\"\/de\/radsport\/radwege\/\">\n\t\t\t\t<div class=\"background-grid-color\"><\/div>\n\t\t\t\t\t\t\t\t\t<figure><img decoding=\"async\" src=\"https:\/\/regiontatry.sk\/wp-content\/uploads\/2022\/03\/43.jpg\" alt=\"\"\n\t\t\t\t\t\t\t\t title=\"43\"\/><\/figure>\n\t\t\t\t\t\t\t\t<h3>Radwege<\/h3>\t\t\t\t\t\t\t<\/a>\n\t\t<\/div>\n\t<\/div>\n\t\n\n\t<div class=\"wp-block-cgb-block-creanet-grid category-list cell small-12 medium-4 cg\">\n\t\t<div class=\"cell small-12 medium-12 large-12 medium-order-1\">\n\t\t\t<a href=\"https:\/\/regiontatry.sk\/de\/tipy-na-cyklovylety-vo-vysokych-tatrach\/\">\n\t\t\t\t<div class=\"background-grid-color\"><\/div>\n\t\t\t\t\t\t\t\t\t<figure><img decoding=\"async\" src=\"https:\/\/regiontatry.sk\/wp-content\/uploads\/2025\/08\/cyklo_Martin-Malicky-1024x694.jpg\" alt=\"\"\n\t\t\t\t\t\t\t\t title=\"cyklo_Martin Mali\u010dk\u00fd\"\/><\/figure>\n\t\t\t\t\t\t\t\t<h3>Tipps f\u00fcr Radtouren in der Hohen Tatra<\/h3>\t\t\t\t\t\t\t<\/a>\n\t\t<\/div>\n\t<\/div>\n\t\n\n\t<div class=\"wp-block-cgb-block-creanet-grid category-list cell small-12 medium-4 cg\">\n\t\t<div class=\"cell small-12 medium-12 large-12 medium-order-1\">\n\t\t\t<a href=\"\/de\/radsport\/fahrradverleihe\/\">\n\t\t\t\t<div class=\"background-grid-color\"><\/div>\n\t\t\t\t\t\t\t\t\t<figure><img decoding=\"async\" src=\"https:\/\/regiontatry.sk\/wp-content\/uploads\/2020\/05\/intersport15-ssmokovec-1.jpg\" alt=\"\"\n\t\t\t\t\t\t\t\t title=\"intersport15-ssmokovec\"\/><\/figure>\n\t\t\t\t\t\t\t\t<h3>Fahrradverleihe<\/h3>\t\t\t\t\t\t\t<\/a>\n\t\t<\/div>\n\t<\/div>\n\t","protected":false},"excerpt":{"rendered":"<p>Die Region Hohe Tatra ist ein Ort, an dem Sie gro\u00dfartige Raderlebnisse, Ausblicke und unvergessliche Abenteuer erwarten. Die Hohe Tatra ist ein ideales Ziel f\u00fcr Fahrradliebhaber und bietet unz\u00e4hlige Radwege und Radtouren, die jeden Radfahrer begeistern \u2013 von Freizeitradlern und Familien mit Kindern bis hin zu erfahrenen Sportlern und Fans des Mountainbikings. Entdecken Sie die [&hellip;]<\/p>\n","protected":false},"author":1,"featured_media":10394700,"parent":0,"menu_order":0,"comment_status":"closed","ping_status":"closed","template":"template-list.php","meta":{"footnotes":""},"class_list":["post-21695","page","type-page","status-publish","has-post-thumbnail","hentry"],"_links":{"self":[{"href":"https:\/\/regiontatry.sk\/de\/wp-json\/wp\/v2\/pages\/21695"}],"collection":[{"href":"https:\/\/regiontatry.sk\/de\/wp-json\/wp\/v2\/pages"}],"about":[{"href":"https:\/\/regiontatry.sk\/de\/wp-json\/wp\/v2\/types\/page"}],"author":[{"embeddable":true,"href":"https:\/\/regiontatry.sk\/de\/wp-json\/wp\/v2\/users\/1"}],"replies":[{"embeddable":true,"href":"https:\/\/regiontatry.sk\/de\/wp-json\/wp\/v2\/comments?post=21695"}],"version-history":[{"count":21,"href":"https:\/\/regiontatry.sk\/de\/wp-json\/wp\/v2\/pages\/21695\/revisions"}],"predecessor-version":[{"id":11138073,"href":"https:\/\/regiontatry.sk\/de\/wp-json\/wp\/v2\/pages\/21695\/revisions\/11138073"}],"wp:featuredmedia":[{"embeddable":true,"href":"https:\/\/regiontatry.sk\/de\/wp-json\/wp\/v2\/media\/10394700"}],"wp:attachment":[{"href":"https:\/\/regiontatry.sk\/de\/wp-json\/wp\/v2\/media?parent=21695"}],"curies":[{"name":"wp","href":"https:\/\/api.w.org\/{rel}","templated":true}]}}