{"id":21698,"date":"2018-07-25T10:37:17","date_gmt":"2018-07-25T08:37:17","guid":{"rendered":"https:\/\/regiontatry.sk\/podujatia-a-novinky\/"},"modified":"2024-12-11T10:25:43","modified_gmt":"2024-12-11T09:25:43","slug":"podujatia-a-novinky","status":"publish","type":"page","link":"https:\/\/regiontatry.sk\/de\/podujatia-a-novinky\/","title":{"rendered":"Podujatia a novinky"},"content":{"rendered":"\n<h2 class=\"wp-block-heading\"><a href=\"https:\/\/regiontatry.sk\/event\">Podujatia \/ Eventy<\/a><\/h2>\n\n\n\n<h2 class=\"wp-block-heading\"><a href=\"https:\/\/regiontatry.sk\/de\/aktualitaten\/\">Aktuality a inform\u00e1cie z regi\u00f3nu<\/a><\/h2>\n\n\n\n<h2 class=\"wp-block-heading\"><a href=\"https:\/\/regiontatry.sk\/de\/podujatia-a-novinky\/fotogalerie-videos\/\">Fotogal\u00e9rie \/ Vide\u00e1<\/a><\/h2>\n\n\n\n<p><\/p>\n","protected":false},"excerpt":{"rendered":"<p>Podujatia \/ Eventy Aktuality a inform\u00e1cie z regi\u00f3nu Fotogal\u00e9rie \/ Vide\u00e1<\/p>\n","protected":false},"author":1,"featured_media":21700,"parent":0,"menu_order":0,"comment_status":"closed","ping_status":"closed","template":"template-subpages.php","meta":{"footnotes":""},"class_list":["post-21698","page","type-page","status-publish","has-post-thumbnail","hentry"],"_links":{"self":[{"href":"https:\/\/regiontatry.sk\/de\/wp-json\/wp\/v2\/pages\/21698"}],"collection":[{"href":"https:\/\/regiontatry.sk\/de\/wp-json\/wp\/v2\/pages"}],"about":[{"href":"https:\/\/regiontatry.sk\/de\/wp-json\/wp\/v2\/types\/page"}],"author":[{"embeddable":true,"href":"https:\/\/regiontatry.sk\/de\/wp-json\/wp\/v2\/users\/1"}],"replies":[{"embeddable":true,"href":"https:\/\/regiontatry.sk\/de\/wp-json\/wp\/v2\/comments?post=21698"}],"version-history":[{"count":1,"href":"https:\/\/regiontatry.sk\/de\/wp-json\/wp\/v2\/pages\/21698\/revisions"}],"predecessor-version":[{"id":7650514,"href":"https:\/\/regiontatry.sk\/de\/wp-json\/wp\/v2\/pages\/21698\/revisions\/7650514"}],"wp:featuredmedia":[{"embeddable":true,"href":"https:\/\/regiontatry.sk\/de\/wp-json\/wp\/v2\/media\/21700"}],"wp:attachment":[{"href":"https:\/\/regiontatry.sk\/de\/wp-json\/wp\/v2\/media?parent=21698"}],"curies":[{"name":"wp","href":"https:\/\/api.w.org\/{rel}","templated":true}]}}