{"id":21701,"date":"2018-07-25T10:27:51","date_gmt":"2018-07-25T08:27:51","guid":{"rendered":"https:\/\/regiontatry.sk\/turistika\/"},"modified":"2024-08-02T22:36:43","modified_gmt":"2024-08-02T20:36:43","slug":"touristik","status":"publish","type":"page","link":"https:\/\/regiontatry.sk\/de\/touristik\/","title":{"rendered":"Touristik"},"content":{"rendered":"\n<p>Entdecken Sie\ndie Hohe Tatra mit allen Ihren Sinnen. Verlassen Sie das allt\u00e4gliche Stereotyp\nheutiger hastiger Zeit und konzentrieren Sie sich auf unsere atemberaubende\nNatur. Die Hohe Tatra ist eine einzigartige Gegend mit 25 Spitzen \u00fcber\n2&nbsp;500m Meeresh\u00f6he, Gletscherbergseen, gesch\u00fctzten Pflanzen und einmaliger\nFauna.&nbsp;In unserem Hochgebirge g\u00f6nnen Sie Ihrem K\u00f6rper und Ihrer Seele die\nbeste Harmonie mit der Natur. <\/p>\n\n\n\n<p>Die Hohe Tatra\nbietet ungef\u00e4hr&nbsp;<strong>600km markierte Touristenpfade, <\/strong><strong>die durch<\/strong><strong> T\u00e4ler, <\/strong>&nbsp;zu <strong>Bergh\u00fctten<\/strong>, den sch\u00f6nsten <strong>Bergseen<\/strong>, <strong>Tatra-Spitzen<\/strong>, <strong>Zweitausendern<\/strong>\nund <strong>Bergs\u00e4tteln<\/strong> mit himmlischen\nAusblicken f\u00fchren. <\/p>\n\n\n\n<p>Besuchen Sie\ndie sch\u00f6nsten Stellen der Region, atmen Sie frische Bergluft ein und bewundern\nSie in Stille die faszinierende Welt der Fauna und Flora in unber\u00fchrter Natur. <\/p>\n\n\n\n<p><br><\/p>\n\n\n\t<div class=\"wp-block-cgb-block-creanet-grid category-list cell small-12 medium-4 cg\">\n\t\t<div class=\"cell small-12 medium-12 large-12 medium-order-1\">\n\t\t\t<a href=\"\/de\/touristik\/bergtouristik\">\n\t\t\t\t<div class=\"background-grid-color\"><\/div>\n\t\t\t\t\t\t\t\t\t<figure><img decoding=\"async\" src=\"https:\/\/regiontatry.sk\/wp-content\/uploads\/2018\/09\/737HNCOw.jpeg\" alt=\"\"\n\t\t\t\t\t\t\t\t title=\"737HNCOw\"\/><\/figure>\n\t\t\t\t\t\t\t\t<h3>Bergtouristik<\/h3>\t\t\t\t\t\t\t<\/a>\n\t\t<\/div>\n\t<\/div>\n\t\n\n\t<div class=\"wp-block-cgb-block-creanet-grid category-list cell small-12 medium-4 cg\">\n\t\t<div class=\"cell small-12 medium-12 large-12 medium-order-1\">\n\t\t\t<a href=\"\/de\/touristik\/familientouristik\">\n\t\t\t\t<div class=\"background-grid-color\"><\/div>\n\t\t\t\t\t\t\t\t\t<figure><img decoding=\"async\" src=\"https:\/\/regiontatry.sk\/wp-content\/uploads\/2019\/04\/c-Marek-Hajkovsky-foto-Skalnate-pleso-rodina-leto0014-ko\u0301pia.jpg\" alt=\"\"\n\t\t\t\t\t\t\t\t title=\"c Marek Hajkovsky-foto-Skalnate pleso rodina-leto0014 - ko\u0301pia\"\/><\/figure>\n\t\t\t\t\t\t\t\t<h3>Familientouristik<\/h3>\t\t\t\t\t\t\t<\/a>\n\t\t<\/div>\n\t<\/div>\n\t\n\n\t<div class=\"wp-block-cgb-block-creanet-grid category-list cell small-12 medium-4 cg\">\n\t\t<div class=\"cell small-12 medium-12 large-12 medium-order-1\">\n\t\t\t<a href=\"\/de\/touristik\/mit-seilbahnen-zu-wunderschonen-ausblicken\/\">\n\t\t\t\t<div class=\"background-grid-color\"><\/div>\n\t\t\t\t\t\t\t\t\t<figure><img decoding=\"async\" src=\"https:\/\/regiontatry.sk\/wp-content\/uploads\/2018\/09\/l7l5bkDQ.grip_.jpeg\" alt=\"\"\n\t\t\t\t\t\t\t\t title=\"l7l5bkDQ.grip\"\/><\/figure>\n\t\t\t\t\t\t\t\t<h3>Mit Seilbahnen zu wundersch\u00f6nen Ausblicken<\/h3>\t\t\t\t\t\t\t<\/a>\n\t\t<\/div>\n\t<\/div>\n\t\n\n\t<div class=\"wp-block-cgb-block-creanet-grid category-list cell small-12 medium-4 cg\">\n\t\t<div class=\"cell small-12 medium-12 large-12 medium-order-1\">\n\t\t\t<a href=\"https:\/\/regiontatry.sk\/de\/tatranski-nosici-svetovy-unikat-vysokych-tatier\/\">\n\t\t\t\t<div class=\"background-grid-color\"><\/div>\n\t\t\t\t\t\t\t\t\t<figure><img decoding=\"async\" src=\"https:\/\/regiontatry.sk\/wp-content\/uploads\/2024\/04\/DSC2102-Edit-1024x680.jpg\" alt=\"\"\n\t\t\t\t\t\t\t\t title=\"_DSC2102-Edit\"\/><\/figure>\n\t\t\t\t\t\t\t\t<h3>Bergtr\u00e4ger<\/h3>\t\t\t\t\t\t\t<\/a>\n\t\t<\/div>\n\t<\/div>\n\t\n\n\t<div class=\"wp-block-cgb-block-creanet-grid category-list cell small-12 medium-4 cg\">\n\t\t<div class=\"cell small-12 medium-12 large-12 medium-order-1\">\n\t\t\t<a href=\"\/de\/touristik\/hochgebirgshutten\">\n\t\t\t\t<div class=\"background-grid-color\"><\/div>\n\t\t\t\t\t\t\t\t\t<figure><img decoding=\"async\" src=\"https:\/\/regiontatry.sk\/wp-content\/uploads\/2018\/09\/brncalka_grip.jpg\" alt=\"\"\n\t\t\t\t\t\t\t\t title=\"brncalka_grip\"\/><\/figure>\n\t\t\t\t\t\t\t\t<h3>Hochgebirgsh\u00fctten<\/h3>\t\t\t\t\t\t\t<\/a>\n\t\t<\/div>\n\t<\/div>\n\t\n\n\t<div class=\"wp-block-cgb-block-creanet-grid category-list cell small-12 medium-4 cg\">\n\t\t<div class=\"cell small-12 medium-12 large-12 medium-order-1\">\n\t\t\t<a href=\"\/de\/touristik\/bergfuhrer\">\n\t\t\t\t<div class=\"background-grid-color\"><\/div>\n\t\t\t\t\t\t\t\t\t<figure><img decoding=\"async\" src=\"https:\/\/regiontatry.sk\/wp-content\/uploads\/2018\/09\/vodcovia_grip.jpg\" alt=\"\"\n\t\t\t\t\t\t\t\t title=\"vodcovia_grip\"\/><\/figure>\n\t\t\t\t\t\t\t\t<h3>Bergf\u00fchrer<\/h3>\t\t\t\t\t\t\t<\/a>\n\t\t<\/div>\n\t<\/div>\n\t\n\n\t<div class=\"wp-block-cgb-block-creanet-grid category-list cell small-12 medium-4 cg\">\n\t\t<div class=\"cell small-12 medium-12 large-12 medium-order-1\">\n\t\t\t<a href=\"\/de\/touristik\/lehrpfade\">\n\t\t\t\t<div class=\"background-grid-color\"><\/div>\n\t\t\t\t\t\t\t\t\t<figure><img decoding=\"async\" src=\"https:\/\/regiontatry.sk\/wp-content\/uploads\/2018\/09\/naucny-chodnik.jpeg\" alt=\"\"\n\t\t\t\t\t\t\t\t title=\"naucny chodnik\"\/><\/figure>\n\t\t\t\t\t\t\t\t<h3>Lehrpfade<\/h3>\t\t\t\t\t\t\t<\/a>\n\t\t<\/div>\n\t<\/div>\n\t\n\n\t<div class=\"wp-block-cgb-block-creanet-grid category-list cell small-12 medium-4 cg\">\n\t\t<div class=\"cell small-12 medium-12 large-12 medium-order-1\">\n\t\t\t<a href=\"\/de\/touristik\/die-tatra-ohne-barrieren\">\n\t\t\t\t<div class=\"background-grid-color\"><\/div>\n\t\t\t\t\t\t\t\t\t<figure><img decoding=\"async\" src=\"https:\/\/regiontatry.sk\/wp-content\/uploads\/2018\/10\/tatry-bez-barier_01.jpg\" alt=\"\"\n\t\t\t\t\t\t\t\t title=\"tatry-bez-barier_01\"\/><\/figure>\n\t\t\t\t\t\t\t\t<h3>Die Tatra ohne Barrieren<\/h3>\t\t\t\t\t\t\t<\/a>\n\t\t<\/div>\n\t<\/div>\n\t","protected":false},"excerpt":{"rendered":"<p>Entdecken Sie die Hohe Tatra mit allen Ihren Sinnen. Verlassen Sie das allt\u00e4gliche Stereotyp heutiger hastiger Zeit und konzentrieren Sie sich auf unsere atemberaubende Natur. Die Hohe Tatra ist eine einzigartige Gegend mit 25 Spitzen \u00fcber 2&nbsp;500m Meeresh\u00f6he, Gletscherbergseen, gesch\u00fctzten Pflanzen und einmaliger Fauna.&nbsp;In unserem Hochgebirge g\u00f6nnen Sie Ihrem K\u00f6rper und Ihrer Seele die beste [&hellip;]<\/p>\n","protected":false},"author":1,"featured_media":8876112,"parent":0,"menu_order":0,"comment_status":"closed","ping_status":"closed","template":"template-list.php","meta":{"footnotes":""},"class_list":["post-21701","page","type-page","status-publish","has-post-thumbnail","hentry"],"_links":{"self":[{"href":"https:\/\/regiontatry.sk\/de\/wp-json\/wp\/v2\/pages\/21701"}],"collection":[{"href":"https:\/\/regiontatry.sk\/de\/wp-json\/wp\/v2\/pages"}],"about":[{"href":"https:\/\/regiontatry.sk\/de\/wp-json\/wp\/v2\/types\/page"}],"author":[{"embeddable":true,"href":"https:\/\/regiontatry.sk\/de\/wp-json\/wp\/v2\/users\/1"}],"replies":[{"embeddable":true,"href":"https:\/\/regiontatry.sk\/de\/wp-json\/wp\/v2\/comments?post=21701"}],"version-history":[{"count":5,"href":"https:\/\/regiontatry.sk\/de\/wp-json\/wp\/v2\/pages\/21701\/revisions"}],"predecessor-version":[{"id":9836576,"href":"https:\/\/regiontatry.sk\/de\/wp-json\/wp\/v2\/pages\/21701\/revisions\/9836576"}],"wp:featuredmedia":[{"embeddable":true,"href":"https:\/\/regiontatry.sk\/de\/wp-json\/wp\/v2\/media\/8876112"}],"wp:attachment":[{"href":"https:\/\/regiontatry.sk\/de\/wp-json\/wp\/v2\/media?parent=21701"}],"curies":[{"name":"wp","href":"https:\/\/api.w.org\/{rel}","templated":true}]}}