{"id":21704,"date":"2018-07-18T14:58:31","date_gmt":"2018-07-18T12:58:31","guid":{"rendered":"https:\/\/regiontatry.sk\/rodina-a-deti\/"},"modified":"2025-11-18T22:34:46","modified_gmt":"2025-11-18T21:34:46","slug":"familie-und-kinder","status":"publish","type":"page","link":"https:\/\/regiontatry.sk\/de\/familie-und-kinder\/","title":{"rendered":"Familie und Kinder"},"content":{"rendered":"\n<p>Verbringen Sie <strong>unvergessliche Momente mit Ihrer Familie <\/strong>und f\u00fchlen Sie sich wie in einem<strong> Winterm\u00e4rchen. <\/strong>Die Hohe Tatra kann auch Ihr Urlaubparadies sein. Spazieren Sie durch eine wundersch\u00f6ne schneebedeckte Landschaft und genie\u00dfen Sie viel Spa\u00df mit Ihren Kindern an frischer Tatra-Luft. <\/p>\n\n\n\t<div class=\"wp-block-cgb-block-creanet-grid category-list cell small-12 medium-4 cg\">\n\t\t<div class=\"cell small-12 medium-12 large-12 medium-order-1\">\n\t\t\t<a href=\"https:\/\/regiontatry.sk\/de\/wellness-und-entspannung\/thermal-aquapark-in-poprad-winter\/\">\n\t\t\t\t<div class=\"background-grid-color\"><\/div>\n\t\t\t\t\t\t\t\t\t<figure><img decoding=\"async\" src=\"https:\/\/regiontatry.sk\/wp-content\/uploads\/2018\/10\/AquaCity_Winter_2015_Panorama_980x405.jpeg\" alt=\"\"\n\t\t\t\t\t\t\t\t title=\"AquaCity_Winter_2015_Panorama_980x405\"\/><\/figure>\n\t\t\t\t\t\t\t\t<h3>Thermal-Aquapark in Poprad \u2013 Winter<\/h3>\t\t\t\t\t\t\t<\/a>\n\t\t<\/div>\n\t<\/div>\n\t\n\n\t<div class=\"wp-block-cgb-block-creanet-grid category-list cell small-12 medium-4 cg\">\n\t\t<div class=\"cell small-12 medium-12 large-12 medium-order-1\">\n\t\t\t<a href=\"\/de\/familie-und-kinder\/winterattraktionen\/\">\n\t\t\t\t<div class=\"background-grid-color\"><\/div>\n\t\t\t\t\t\t\t\t\t<figure><img decoding=\"async\" src=\"https:\/\/regiontatry.sk\/wp-content\/uploads\/2018\/10\/Bez-na\u0301zvu-1-2a.jpg\" alt=\"\"\n\t\t\t\t\t\t\t\t title=\"snowtubing\"\/><\/figure>\n\t\t\t\t\t\t\t\t<h3>Winterattraktionen<\/h3>\t\t\t\t\t\t\t<\/a>\n\t\t<\/div>\n\t<\/div>\n\t\n\n\t<div class=\"wp-block-cgb-block-creanet-grid category-list cell small-12 medium-4 cg\">\n\t\t<div class=\"cell small-12 medium-12 large-12 medium-order-1\">\n\t\t\t<a href=\"\/de\/familie-und-kinder\/familientouristik-winter\/\">\n\t\t\t\t<div class=\"background-grid-color\"><\/div>\n\t\t\t\t\t\t\t\t\t<figure><img decoding=\"async\" src=\"https:\/\/regiontatry.sk\/wp-content\/uploads\/2018\/11\/DSC_6670.jpg\" alt=\"\"\n\t\t\t\t\t\t\t\t title=\"DSC_6670\"\/><\/figure>\n\t\t\t\t\t\t\t\t<h3>Familientouristik<\/h3>\t\t\t\t\t\t\t<\/a>\n\t\t<\/div>\n\t<\/div>\n\t\n\n\t<div class=\"wp-block-cgb-block-creanet-grid category-list cell small-12 medium-4 cg\">\n\t\t<div class=\"cell small-12 medium-12 large-12 medium-order-1\">\n\t\t\t<a href=\"\/de\/winterausfluge\/mit-seilbahnen-zu-wunderschonen-ausblicken\/\">\n\t\t\t\t<div class=\"background-grid-color\"><\/div>\n\t\t\t\t\t\t\t\t\t<figure><img decoding=\"async\" src=\"https:\/\/regiontatry.sk\/wp-content\/uploads\/2018\/09\/lomnicak2-1.jpeg\" alt=\"\"\n\t\t\t\t\t\t\t\t title=\"lomnicak2\"\/><\/figure>\n\t\t\t\t\t\t\t\t<h3>Abenteuer mit Seilbahnen<\/h3>\t\t\t\t\t\t\t<\/a>\n\t\t<\/div>\n\t<\/div>\n\t\n\n\t<div class=\"wp-block-cgb-block-creanet-grid category-list cell small-12 medium-4 cg\">\n\t\t<div class=\"cell small-12 medium-12 large-12 medium-order-1\">\n\t\t\t<a href=\"https:\/\/regiontatry.sk\/de\/tatra-dom-aus-eis\/\">\n\t\t\t\t<div class=\"background-grid-color\"><\/div>\n\t\t\t\t\t\t\t\t\t<figure><img decoding=\"async\" src=\"https:\/\/regiontatry.sk\/wp-content\/uploads\/2025\/11\/\u00a9-Marek-Hajkovsky_foto_Ladovy-Dom_2025_12-1024x696.jpg\" alt=\"\"\n\t\t\t\t\t\t\t\t title=\"\u00a9 Marek Hajkovsky_foto_Ladovy Dom_2025_12\"\/><\/figure>\n\t\t\t\t\t\t\t\t<h3><strong>Tatra-dom aus eis<\/strong><\/h3>\t\t\t\t\t\t\t<\/a>\n\t\t<\/div>\n\t<\/div>\n\t","protected":false},"excerpt":{"rendered":"<p>Verbringen Sie unvergessliche Momente mit Ihrer Familie und f\u00fchlen Sie sich wie in einem Winterm\u00e4rchen. Die Hohe Tatra kann auch Ihr Urlaubparadies sein. Spazieren Sie durch eine wundersch\u00f6ne schneebedeckte Landschaft und genie\u00dfen Sie viel Spa\u00df mit Ihren Kindern an frischer Tatra-Luft.<\/p>\n","protected":false},"author":1,"featured_media":21706,"parent":0,"menu_order":0,"comment_status":"closed","ping_status":"closed","template":"template-list.php","meta":{"footnotes":""},"class_list":["post-21704","page","type-page","status-publish","has-post-thumbnail","hentry"],"_links":{"self":[{"href":"https:\/\/regiontatry.sk\/de\/wp-json\/wp\/v2\/pages\/21704"}],"collection":[{"href":"https:\/\/regiontatry.sk\/de\/wp-json\/wp\/v2\/pages"}],"about":[{"href":"https:\/\/regiontatry.sk\/de\/wp-json\/wp\/v2\/types\/page"}],"author":[{"embeddable":true,"href":"https:\/\/regiontatry.sk\/de\/wp-json\/wp\/v2\/users\/1"}],"replies":[{"embeddable":true,"href":"https:\/\/regiontatry.sk\/de\/wp-json\/wp\/v2\/comments?post=21704"}],"version-history":[{"count":6,"href":"https:\/\/regiontatry.sk\/de\/wp-json\/wp\/v2\/pages\/21704\/revisions"}],"predecessor-version":[{"id":11191288,"href":"https:\/\/regiontatry.sk\/de\/wp-json\/wp\/v2\/pages\/21704\/revisions\/11191288"}],"wp:featuredmedia":[{"embeddable":true,"href":"https:\/\/regiontatry.sk\/de\/wp-json\/wp\/v2\/media\/21706"}],"wp:attachment":[{"href":"https:\/\/regiontatry.sk\/de\/wp-json\/wp\/v2\/media?parent=21704"}],"curies":[{"name":"wp","href":"https:\/\/api.w.org\/{rel}","templated":true}]}}