{"id":21707,"date":"2018-07-18T14:50:44","date_gmt":"2018-07-18T12:50:44","guid":{"rendered":"https:\/\/regiontatry.sk\/aktivity-a-atrakcie\/"},"modified":"2025-10-14T21:11:23","modified_gmt":"2025-10-14T19:11:23","slug":"aktivitaten-und-attraktionen","status":"publish","type":"page","link":"https:\/\/regiontatry.sk\/de\/aktivitaten-und-attraktionen\/","title":{"rendered":"Aktivit\u00e4ten und Attraktionen"},"content":{"rendered":"\n<p>Aktivit\u00e4ten und Attraktionen in\nder Region der Tatra sind ideal um Ihre Freizeit abwechslungsreich zu genie\u00dfen.\nGeh\u00f6ren Sie zu Adrenalin-Fans, probieren Sie gern neue Attraktionen oder wollen\nSie Ihren Kindern zeigen, dass man sich auf Wasserrutschen auch im Winter\naustoben kann? <br>\n<strong>In der ganzen Hohen Tatra gibt es\nverschiedene Aktivit\u00e4ten zur Auswahl, dank denen Sie sich sicher nicht\nlangweilen werden. <\/strong><\/p>\n\n\n\t<div class=\"wp-block-cgb-block-creanet-grid category-list cell small-12 medium-4 cg\">\n\t\t<div class=\"cell small-12 medium-12 large-12 medium-order-1\">\n\t\t\t<a href=\"\/de\/rodeln\/?tour=824\">\n\t\t\t\t<div class=\"background-grid-color\"><\/div>\n\t\t\t\t\t\t\t\t\t<figure><img decoding=\"async\" src=\"https:\/\/regiontatry.sk\/wp-content\/uploads\/2018\/10\/sankovacka.jpeg\" alt=\"\"\n\t\t\t\t\t\t\t\t title=\"sankovacka\"\/><\/figure>\n\t\t\t\t\t\t\t\t<h3>Rodeln<\/h3>\t\t\t\t\t\t\t<\/a>\n\t\t<\/div>\n\t<\/div>\n\t\n\n\t<div class=\"wp-block-cgb-block-creanet-grid category-list cell small-12 medium-4 cg\">\n\t\t<div class=\"cell small-12 medium-12 large-12 medium-order-1\">\n\t\t\t<a href=\"\/de\/aktivitaten-und-attraktionen\/laufen-im-winter\/\">\n\t\t\t\t<div class=\"background-grid-color\"><\/div>\n\t\t\t\t\t\t\t\t\t<figure><img decoding=\"async\" src=\"https:\/\/regiontatry.sk\/wp-content\/uploads\/2018\/10\/IMG_78282.jpg\" alt=\"\"\n\t\t\t\t\t\t\t\t title=\"IMG_78282\"\/><\/figure>\n\t\t\t\t\t\t\t\t<h3>Laufen im Winter <\/h3>\t\t\t\t\t\t\t<\/a>\n\t\t<\/div>\n\t<\/div>\n\t\n\n\t<div class=\"wp-block-cgb-block-creanet-grid category-list cell small-12 medium-4 cg\">\n\t\t<div class=\"cell small-12 medium-12 large-12 medium-order-1\">\n\t\t\t<a href=\"\/de\/aktivitaten-und-attraktionen\/schneeschuhe-nordic-walking\/\">\n\t\t\t\t<div class=\"background-grid-color\"><\/div>\n\t\t\t\t\t\t\t\t\t<figure><img decoding=\"async\" src=\"https:\/\/regiontatry.sk\/wp-content\/uploads\/2023\/04\/Snowshoeing-day-tour-adventures-in-Slovakia-Tatra-mountain-3_1_11zon-1024x644.jpg\" alt=\"\"\n\t\t\t\t\t\t\t\t title=\"Snowshoeing day tour adventures in Slovakia Tatra mountain 3_1_11zon\"\/><\/figure>\n\t\t\t\t\t\t\t\t<h3>Schneeschuhe \/ Nordic Walking<\/h3>\t\t\t\t\t\t\t<\/a>\n\t\t<\/div>\n\t<\/div>\n\t\n\n\t<div class=\"wp-block-cgb-block-creanet-grid category-list cell small-12 medium-4 cg\">\n\t\t<div class=\"cell small-12 medium-12 large-12 medium-order-1\">\n\t\t\t<a href=\"\/de\/aktivitaten-und-attraktionen\/eisflache\/\">\n\t\t\t\t<div class=\"background-grid-color\"><\/div>\n\t\t\t\t\t\t\t\t\t<figure><img decoding=\"async\" src=\"https:\/\/regiontatry.sk\/wp-content\/uploads\/2018\/10\/DSC_0641.jpg\" alt=\"\"\n\t\t\t\t\t\t\t\t title=\"DSC_0641\"\/><\/figure>\n\t\t\t\t\t\t\t\t<h3>Eisfl\u00e4che<\/h3>\t\t\t\t\t\t\t<\/a>\n\t\t<\/div>\n\t<\/div>\n\t\n\n\t<div class=\"wp-block-cgb-block-creanet-grid category-list cell small-12 medium-4 cg\">\n\t\t<div class=\"cell small-12 medium-12 large-12 medium-order-1\">\n\t\t\t<a href=\"\/de\/aktivitaten-und-attraktionen\/kutsche-schlittenfahrten\/\">\n\t\t\t\t<div class=\"background-grid-color\"><\/div>\n\t\t\t\t\t\t\t\t\t<figure><img decoding=\"async\" src=\"https:\/\/regiontatry.sk\/wp-content\/uploads\/2023\/03\/jazda-na-ko\u010di-\u0160P-1024x682.png\" alt=\"\"\n\t\t\t\t\t\t\t\t title=\"jazda na ko\u010di \u0160P\"\/><\/figure>\n\t\t\t\t\t\t\t\t<h3>Kutsche- \/ Schlittenfahrten <\/h3>\t\t\t\t\t\t\t<\/a>\n\t\t<\/div>\n\t<\/div>\n\t","protected":false},"excerpt":{"rendered":"<p>Aktivit\u00e4ten und Attraktionen in der Region der Tatra sind ideal um Ihre Freizeit abwechslungsreich zu genie\u00dfen. Geh\u00f6ren Sie zu Adrenalin-Fans, probieren Sie gern neue Attraktionen oder wollen Sie Ihren Kindern zeigen, dass man sich auf Wasserrutschen auch im Winter austoben kann? In der ganzen Hohen Tatra gibt es verschiedene Aktivit\u00e4ten zur Auswahl, dank denen Sie [&hellip;]<\/p>\n","protected":false},"author":1,"featured_media":21708,"parent":0,"menu_order":0,"comment_status":"closed","ping_status":"closed","template":"template-list.php","meta":{"footnotes":""},"class_list":["post-21707","page","type-page","status-publish","has-post-thumbnail","hentry"],"_links":{"self":[{"href":"https:\/\/regiontatry.sk\/de\/wp-json\/wp\/v2\/pages\/21707"}],"collection":[{"href":"https:\/\/regiontatry.sk\/de\/wp-json\/wp\/v2\/pages"}],"about":[{"href":"https:\/\/regiontatry.sk\/de\/wp-json\/wp\/v2\/types\/page"}],"author":[{"embeddable":true,"href":"https:\/\/regiontatry.sk\/de\/wp-json\/wp\/v2\/users\/1"}],"replies":[{"embeddable":true,"href":"https:\/\/regiontatry.sk\/de\/wp-json\/wp\/v2\/comments?post=21707"}],"version-history":[{"count":5,"href":"https:\/\/regiontatry.sk\/de\/wp-json\/wp\/v2\/pages\/21707\/revisions"}],"predecessor-version":[{"id":11145959,"href":"https:\/\/regiontatry.sk\/de\/wp-json\/wp\/v2\/pages\/21707\/revisions\/11145959"}],"wp:featuredmedia":[{"embeddable":true,"href":"https:\/\/regiontatry.sk\/de\/wp-json\/wp\/v2\/media\/21708"}],"wp:attachment":[{"href":"https:\/\/regiontatry.sk\/de\/wp-json\/wp\/v2\/media?parent=21707"}],"curies":[{"name":"wp","href":"https:\/\/api.w.org\/{rel}","templated":true}]}}