{"id":21709,"date":"2018-07-18T14:48:09","date_gmt":"2018-07-18T12:48:09","guid":{"rendered":"https:\/\/regiontatry.sk\/zimne-vylety\/"},"modified":"2019-12-11T13:03:00","modified_gmt":"2019-12-11T12:03:00","slug":"winterausfluge","status":"publish","type":"page","link":"https:\/\/regiontatry.sk\/de\/winterausfluge\/","title":{"rendered":"Winterausfl\u00fcge"},"content":{"rendered":"\n<p>Im Winter\nbeginnen die besten Abenteuer in der Hohen Tatra. <\/p>\n\n\n\n<p>Au\u00dfer\nSkifahren auf perfekt pr\u00e4parierten Skipisten mit wundersch\u00f6nen Ausblicken auf\ndie schneebedeckte Tatra-Landschaft und endlosem Spa\u00df auf den Pisten warten auf\nSie noch viel mehr Abenteuer und Erlebnisse. <\/p>\n\n\n\n<p>Machen Sie\neinen <strong>romantischen Spaziergang in eines\nder T\u00e4ler, <\/strong>wo im Winter <strong>20 km\nTouristenpfade markiert sind, probieren Sie ber\u00fchmten Tee in einer der 12 <\/strong>ganzj\u00e4hrig\nge\u00f6ffneten<strong> Hochgebirgsh\u00fctten <\/strong>oder <strong>wandern<\/strong> Sie auf eine <strong>schneebedeckte Spitze mit einem\nprofessionellen Bergf\u00fchrer. <\/strong><\/p>\n\n\n\n<p>Brauchen Sie\netwas Adrenalin? Falls Sie mit Skifahren Erfahrungen haben und Berge lieben, <strong>Abfahrt im unber\u00fchrten Schnee mit\natemberaubenden Ausblicken <\/strong>ist genau das Ideale f\u00fcr Sie. Machen Sie eine\nSkitour in der Umarmung der Natur!<\/p>\n\n\n\n<p>Wollen Sie\nIhren Kindern etwas Au\u00dfergew\u00f6hnliches vorbereiten? Nehmen Sie sie auf einen <strong>Seilbahnausflug unter steile Spitzen der\nTatra. <\/strong>Das Erlebnis werden sie nie vergessen und dabei k\u00f6nnen sie die <strong>sch\u00f6nsten Gebirgspanoramen bewundern. <\/strong><\/p>\n\n\n\n<p>Winterurlaub\nin der Hohen Tatra ist die beste Wahl um Erholung und aktive Entspannung zu\ngenie\u00dfen und neue Sportarten zu probieren. <\/p>\n\n\n\t<div class=\"wp-block-cgb-block-creanet-grid category-list cell small-12 medium-4 cg\">\n\t\t<div class=\"cell small-12 medium-12 large-12 medium-order-1\">\n\t\t\t<a href=\"\/de\/winterausfluge\/wintertouristik\/\">\n\t\t\t\t<div class=\"background-grid-color\"><\/div>\n\t\t\t\t\t\t\t\t\t<figure><img decoding=\"async\" src=\"https:\/\/regiontatry.sk\/wp-content\/uploads\/2018\/07\/DSC_1373_2000.jpg\" alt=\"\"\n\t\t\t\t\t\t\t\t title=\"DSC_1373_2000\"\/><\/figure>\n\t\t\t\t\t\t\t\t<h3>Wintertouristik<\/h3>\t\t\t\t\t\t\t<\/a>\n\t\t<\/div>\n\t<\/div>\n\t\n\n\t<div class=\"wp-block-cgb-block-creanet-grid category-list cell small-12 medium-4 cg\">\n\t\t<div class=\"cell small-12 medium-12 large-12 medium-order-1\">\n\t\t\t<a href=\"\/de\/winterausfluge\/skitouren\/\">\n\t\t\t\t<div class=\"background-grid-color\"><\/div>\n\t\t\t\t\t\t\t\t\t<figure><img decoding=\"async\" src=\"https:\/\/regiontatry.sk\/wp-content\/uploads\/2018\/10\/skialp-1-2.jpg\" alt=\"\"\n\t\t\t\t\t\t\t\t title=\"skialp (1)\"\/><\/figure>\n\t\t\t\t\t\t\t\t<h3>Skitouren<\/h3>\t\t\t\t\t\t\t<\/a>\n\t\t<\/div>\n\t<\/div>\n\t\n\n\t<div class=\"wp-block-cgb-block-creanet-grid category-list cell small-12 medium-4 cg\">\n\t\t<div class=\"cell small-12 medium-12 large-12 medium-order-1\">\n\t\t\t<a href=\"\/de\/winterausfluge\/hochgebirgshutten\/\">\n\t\t\t\t<div class=\"background-grid-color\"><\/div>\n\t\t\t\t\t\t\t\t\t<figure><img decoding=\"async\" src=\"https:\/\/regiontatry.sk\/wp-content\/uploads\/2018\/09\/chata-pri-popradskom.jpg\" alt=\"\"\n\t\t\t\t\t\t\t\t title=\"chata pri popradskom\"\/><\/figure>\n\t\t\t\t\t\t\t\t<h3>Hochgebirgsh\u00fctten<\/h3>\t\t\t\t\t\t\t<\/a>\n\t\t<\/div>\n\t<\/div>\n\t\n\n\t<div class=\"wp-block-cgb-block-creanet-grid category-list cell small-12 medium-4 cg\">\n\t\t<div class=\"cell small-12 medium-12 large-12 medium-order-1\">\n\t\t\t<a href=\"\/de\/winterausfluge\/mit-seilbahnen-zu-wunderschonen-ausblicken\/\">\n\t\t\t\t<div class=\"background-grid-color\"><\/div>\n\t\t\t\t\t\t\t\t\t<figure><img decoding=\"async\" src=\"https:\/\/regiontatry.sk\/wp-content\/uploads\/2018\/09\/lomnicak2-1.jpeg\" alt=\"\"\n\t\t\t\t\t\t\t\t title=\"lomnicak2\"\/><\/figure>\n\t\t\t\t\t\t\t\t<h3>Mit Seilbahnen zu wundersch\u00f6nen Ausblicken<\/h3>\t\t\t\t\t\t\t<\/a>\n\t\t<\/div>\n\t<\/div>\n\t","protected":false},"excerpt":{"rendered":"<p>Im Winter beginnen die besten Abenteuer in der Hohen Tatra. Au\u00dfer Skifahren auf perfekt pr\u00e4parierten Skipisten mit wundersch\u00f6nen Ausblicken auf die schneebedeckte Tatra-Landschaft und endlosem Spa\u00df auf den Pisten warten auf Sie noch viel mehr Abenteuer und Erlebnisse. Machen Sie einen romantischen Spaziergang in eines der T\u00e4ler, wo im Winter 20 km Touristenpfade markiert sind, [&hellip;]<\/p>\n","protected":false},"author":1,"featured_media":21711,"parent":0,"menu_order":0,"comment_status":"closed","ping_status":"closed","template":"template-list.php","meta":{"footnotes":""},"class_list":["post-21709","page","type-page","status-publish","has-post-thumbnail","hentry"],"_links":{"self":[{"href":"https:\/\/regiontatry.sk\/de\/wp-json\/wp\/v2\/pages\/21709"}],"collection":[{"href":"https:\/\/regiontatry.sk\/de\/wp-json\/wp\/v2\/pages"}],"about":[{"href":"https:\/\/regiontatry.sk\/de\/wp-json\/wp\/v2\/types\/page"}],"author":[{"embeddable":true,"href":"https:\/\/regiontatry.sk\/de\/wp-json\/wp\/v2\/users\/1"}],"replies":[{"embeddable":true,"href":"https:\/\/regiontatry.sk\/de\/wp-json\/wp\/v2\/comments?post=21709"}],"version-history":[{"count":3,"href":"https:\/\/regiontatry.sk\/de\/wp-json\/wp\/v2\/pages\/21709\/revisions"}],"predecessor-version":[{"id":22834,"href":"https:\/\/regiontatry.sk\/de\/wp-json\/wp\/v2\/pages\/21709\/revisions\/22834"}],"wp:featuredmedia":[{"embeddable":true,"href":"https:\/\/regiontatry.sk\/de\/wp-json\/wp\/v2\/media\/21711"}],"wp:attachment":[{"href":"https:\/\/regiontatry.sk\/de\/wp-json\/wp\/v2\/media?parent=21709"}],"curies":[{"name":"wp","href":"https:\/\/api.w.org\/{rel}","templated":true}]}}