{"id":21712,"date":"2018-07-18T14:22:55","date_gmt":"2018-07-18T12:22:55","guid":{"rendered":"https:\/\/regiontatry.sk\/rodina-a-zabava\/"},"modified":"2020-11-02T15:07:49","modified_gmt":"2020-11-02T14:07:49","slug":"familie-und-spass","status":"publish","type":"page","link":"https:\/\/regiontatry.sk\/de\/familie-und-spass\/","title":{"rendered":"Familie und Spa\u00df"},"content":{"rendered":"\n<p>Verbringen Sie unvergessliche Familienmomente in der Tatra und einen tollen Sommer! Die Hohe Tatra ist ein tolles Urlaubsparadies. Machen Sie eine Besichtigungsexpedition und genie\u00dfen Sie Spiele, aktive Entspannung in frischer Luft und viel Spa\u00df mit Ihren Kindern!<br><\/p>\n\n\n\t<a href=\"\/de\/touristik\/familientouristik\/\" class=\"wp-block-cgb-block-creanet-list category-list grid-x grid-padding-x align-middle\">\n\t\t\t\t\t<div class=\"small-12 medium-6 large-5\">\n\t\t\t\t<figure><img src='https:\/\/regiontatry.sk\/wp-content\/uploads\/2019\/05\/cMarek-Hajkovsky-foto-Strbske-pleso-rodina-leto-42-ko\u0301pia.jpg'\n\t\t\t\t\t\talt=''\n\t\t\t\t\t\ttitle='cMarek Hajkovsky-foto-Strbske pleso-rodina-leto 42 - ko\u0301pia'\n\t\t\t\t\t\/><\/figure>\n\t\t\t<\/div>\n\t\t\n\n\t\t<div class=\"cell small-12 medium-5 large-7\">\n\t\t\t<h3>Mit der Familie in die Natur<\/h3>\n\t\t\t<p>W\u00e4hlen Sie aus dem reichen Angebot von Familienausfl\u00fcgen in der Tatra und erleben Sie unvergessliche Abenteuer. Die einmalige Region bietet verschiedene Touristenpfade, die auch f\u00fcr kleine Kinderf\u00fc\u00dfe geeignet sind. <\/p>\n\t\t<\/div>\n\t<\/a>\n\n\t\n\n\t<a href=\"\/de\/familie-und-kinder-sommer\/bootfahren-auf-dem-bergsee\/\" class=\"wp-block-cgb-block-creanet-list category-list grid-x grid-padding-x align-middle\">\n\t\t\t\t\t<div class=\"small-12 medium-6 large-5\">\n\t\t\t\t<figure><img src='https:\/\/regiontatry.sk\/wp-content\/uploads\/2018\/09\/Boating-at-the-lake2-1024x681.jpg'\n\t\t\t\t\t\talt=''\n\t\t\t\t\t\ttitle='Boating-at-the-lake2-1024x681'\n\t\t\t\t\t\/><\/figure>\n\t\t\t<\/div>\n\t\t\n\n\t\t<div class=\"cell small-12 medium-5 large-7\">\n\t\t\t<h3>Bootfahren auf dem Bergsee \u0160trbsk\u00e9 pleso<\/h3>\n\t\t\t<p>Ein unvergessliches Erlebnis nicht nur f\u00fcr Kinder. Die nostalgische Attraktion begeistert Ihre Kinder und garantiert tolles Familienprogramm. Dieser Ausflug wird niemanden entt\u00e4uschen.<\/p>\n\t\t<\/div>\n\t<\/a>\n\n\t\n\n\t<a href=\"\/de\/touristik\/mit-seilbahnen-zu-wunderschonen-ausblicken\/\" class=\"wp-block-cgb-block-creanet-list category-list grid-x grid-padding-x align-middle\">\n\t\t\t\t\t<div class=\"small-12 medium-6 large-5\">\n\t\t\t\t<figure><img src='https:\/\/regiontatry.sk\/wp-content\/uploads\/2019\/05\/DSC_0129-ko\u0301pia.jpg'\n\t\t\t\t\t\talt=''\n\t\t\t\t\t\ttitle='DSC_0129 - ko\u0301pia'\n\t\t\t\t\t\/><\/figure>\n\t\t\t<\/div>\n\t\t\n\n\t\t<div class=\"cell small-12 medium-5 large-7\">\n\t\t\t<h3>Seilbahn-Abenteuer<\/h3>\n\t\t\t<p>Kinder lieben Seilbahnen. Machen Sie einen Tagesausflug mit Ihrer Familie und fahren Sie bequem zu wundersch\u00f6nen Panoramen oder zum beliebten \u00d6ko-Mini-Park Murmeltierland nach Skalnat\u00e9 pleso.<\/p>\n\t\t<\/div>\n\t<\/a>\n\n\t\n\n\t<a href=\"\/de\/familie-und-kinder-sommer\/tatra-wildnis\/\" class=\"wp-block-cgb-block-creanet-list category-list grid-x grid-padding-x align-middle\">\n\t\t\t\t\t<div class=\"small-12 medium-6 large-5\">\n\t\t\t\t<figure><img src='https:\/\/regiontatry.sk\/wp-content\/uploads\/2019\/05\/csm_medved_kubo_7c2db2a5d4-ko\u0301pia.jpg'\n\t\t\t\t\t\talt=''\n\t\t\t\t\t\ttitle='csm_medved_kubo_7c2db2a5d4 - ko\u0301pia'\n\t\t\t\t\t\/><\/figure>\n\t\t\t<\/div>\n\t\t\n\n\t\t<div class=\"cell small-12 medium-5 large-7\">\n\t\t\t<h3>Tatra-Wildnis<\/h3>\n\t\t\t<p>Erleben Sie einmalige Abenteuer und entdecken Sie die Geheimnisse der Tatra mit dem originellen \u00d6ko-Friendly-Projekt der TATRA-WILDNIS. Dank verschiedenen Geschichten und R\u00e4tseln finden Sie die sch\u00f6nsten und interessantesten Stellen der Tatra. <\/p>\n\t\t<\/div>\n\t<\/a>\n\n\t\n\n\t<a href=\"\/de\/wellness-und-entspannung\/wasserwelt-von-aquacity-poprad\/\" class=\"wp-block-cgb-block-creanet-list category-list grid-x grid-padding-x align-middle\">\n\t\t\t\t\t<div class=\"small-12 medium-6 large-5\">\n\t\t\t\t<figure><img src='https:\/\/regiontatry.sk\/wp-content\/uploads\/2019\/05\/MG_6257-ko\u0301pia.jpg'\n\t\t\t\t\t\talt=''\n\t\t\t\t\t\ttitle='_MG_6257 - ko\u0301pia'\n\t\t\t\t\t\/><\/figure>\n\t\t\t<\/div>\n\t\t\n\n\t\t<div class=\"cell small-12 medium-5 large-7\">\n\t\t\t<h3>Endloser Wasserparkspa\u00df f\u00fcr Kinder<\/h3>\n\t\t\t<p>In Aquacity Poprad warten auf Kinder immer viele Abenteuer! Besuchen Sie den einmaligen Komplex mit einem Kinderparadies und genie\u00dfen Sie tolle Momente mit Ihrer Familie w\u00e4hrend Ihres Urlaubs in der Hohen Tatra. <\/p>\n\t\t<\/div>\n\t<\/a>\n\n\t\n\n\t<a href=\"http:\/\/www.tatranskakometa.sk\/\" class=\"wp-block-cgb-block-creanet-list category-list grid-x grid-padding-x align-middle\">\n\t\t\t\t\t<div class=\"small-12 medium-6 large-5\">\n\t\t\t\t<figure><img src='https:\/\/regiontatry.sk\/wp-content\/uploads\/2019\/05\/kometa.jpg'\n\t\t\t\t\t\talt=''\n\t\t\t\t\t\ttitle='kometa'\n\t\t\t\t\t\/><\/figure>\n\t\t\t<\/div>\n\t\t\n\n\t\t<div class=\"cell small-12 medium-5 large-7\">\n\t\t\t<h3>Tatra-Komet<\/h3>\n\t\t\t<p>Bewundern Sie das Juwel der Eisenbahnen in der Tatra und erleben Sie eine magische Fahrt mit dem historischen Komet! Die Fahrten sind w\u00e4hrend der Ferien jedes Wochenende zur Verf\u00fcgung. <\/p>\n\t\t<\/div>\n\t<\/a>\n\n\t\n\n\t<a href=\"\/region\/priroda-a-krajina\/?poi=419\" class=\"wp-block-cgb-block-creanet-list category-list grid-x grid-padding-x align-middle\">\n\t\t\t\t\t<div class=\"small-12 medium-6 large-5\">\n\t\t\t\t<figure><img src='https:\/\/regiontatry.sk\/wp-content\/uploads\/2018\/09\/belianska-jaskyna.jpeg'\n\t\t\t\t\t\talt=''\n\t\t\t\t\t\ttitle='belianska-jaskyna'\n\t\t\t\t\t\/><\/figure>\n\t\t\t<\/div>\n\t\t\n\n\t\t<div class=\"cell small-12 medium-5 large-7\">\n\t\t\t<h3>Belaer H\u00f6hle<\/h3>\n\t\t\t<p>Entdecken Sie die unterirdische Welt der Tatra in der einzigen zug\u00e4nglichen H\u00f6hle der Hohen Tatra \u2013 der Belaer H\u00f6hle. Besuchen Sie diese einmalige Naturerscheinung w\u00e4hrend des ganzen Jahres, zum Beispiel beim schlechten Wetter. <\/p>\n\t\t<\/div>\n\t<\/a>\n\n\t\n\n\t<a href=\"\/region\/muzea-a-galerie\/?poi=269\" class=\"wp-block-cgb-block-creanet-list category-list grid-x grid-padding-x align-middle\">\n\t\t\t\t\t<div class=\"small-12 medium-6 large-5\">\n\t\t\t\t<figure><img src='https:\/\/regiontatry.sk\/wp-content\/uploads\/2018\/10\/muzeum-tanapu2.jpg'\n\t\t\t\t\t\talt=''\n\t\t\t\t\t\ttitle='muzeum-tanapu2'\n\t\t\t\t\t\/><\/figure>\n\t\t\t<\/div>\n\t\t\n\n\t\t<div class=\"cell small-12 medium-5 large-7\">\n\t\t\t<h3>Museum des Tatranationalparks<\/h3>\n\t\t\t<p>Stellen Sie Ihren Kindern die Einwohner der Tatra-W\u00e4lder vor. Das Museum des Tatranationalparks in Tatransk\u00e1 Lomnica pr\u00e4sentiert den Charakter der Tatra-Natur, erkl\u00e4rt, wie sie gesch\u00fctzt ist und Schritt nach Schritt zug\u00e4nglich gemacht wurde. In der N\u00e4he befindet sich auch ein botanischer Garten, wo man Tatra-Pflanzen und Kr\u00e4uter kennenlernen kann. <\/p>\n\t\t<\/div>\n\t<\/a>\n\n\t\n\n\t<a href=\"\/de\/event\/\" class=\"wp-block-cgb-block-creanet-list category-list grid-x grid-padding-x align-middle\">\n\t\t\t\t\t<div class=\"small-12 medium-6 large-5\">\n\t\t\t\t<figure><img src='https:\/\/regiontatry.sk\/wp-content\/uploads\/2018\/10\/img-4-6.jpg'\n\t\t\t\t\t\talt=''\n\t\t\t\t\t\ttitle='img-4'\n\t\t\t\t\t\/><\/figure>\n\t\t\t<\/div>\n\t\t\n\n\t\t<div class=\"cell small-12 medium-5 large-7\">\n\t\t\t<h3>Veranstaltungen f\u00fcr Familien<\/h3>\n\t\t\t<p>W\u00e4hrend der ganzen Ferien finden verschiedene Events statt, die tollen Spa\u00df versprechen. Die h\u00f6chste Anzahl der B\u00e4ren in der Tatra findet man am ersten August-Wochenende in Hrebienok. Die sogenannten B\u00c4RENTAGE sind voll von B\u00e4renerlebnissen, Wettbewerben, Attraktionen. Murmeltiere herrschen dann sp\u00e4ter in \u0160trbsk\u00e9 Pleso, bei sportlicher Veranstaltung MURMELTIERE IN PLESO am Ende der Ferien. <\/p>\n\t\t<\/div>\n\t<\/a>\n\n\t\n\n\t<a href=\"\/de\/unterkunft\/sonderangebote\/family-friendly\/\" class=\"wp-block-cgb-block-creanet-list category-list grid-x grid-padding-x align-middle\">\n\t\t\t\t\t<div class=\"small-12 medium-6 large-5\">\n\t\t\t\t<figure><img src='https:\/\/regiontatry.sk\/wp-content\/uploads\/2019\/05\/201709051110320.c_Marek_Hajkovsky_foto_Hotel_Lomnica_exterier_2017_181.jpg'\n\t\t\t\t\t\talt=''\n\t\t\t\t\t\ttitle='201709051110320.c_Marek_Hajkovsky_foto_Hotel_Lomnica_exterier_2017_181'\n\t\t\t\t\t\/><\/figure>\n\t\t\t<\/div>\n\t\t\n\n\t\t<div class=\"cell small-12 medium-5 large-7\">\n\t\t\t<h3>FAMILY friendly<\/h3>\n\t\t\t<p>W\u00e4hlen Sie die beste Unterkunft f\u00fcr Ihre Familie in einer der FAMILY Friendly Einrichtungen und verbringen Sie einen tollen Urlaub mit Ihrer Familie in der Hohen Tatra! <\/p>\n\t\t<\/div>\n\t<\/a>\n\n\t\n\n\n<p><br>Die Umgebung der Tatra ist wie gemacht f\u00fcr Spazierg\u00e4nge durch W\u00e4lder und Wiesen, wo auch Tiere zu treffen sind. Wildschweine und Mufflone kann man auch im speziellen Wildpark Richtung Spi\u0161sk\u00e9 Bystr\u00e9 beobachten. Auf einem See in Kvetnica und auf dem Fluss Poprad kann man Enten f\u00fcttern. Ein kleiner ZOO befindet sich in Gerlachov beim Hotel Hubert. <br><\/p>\n\n\n\n<iframe loading=\"lazy\" src=\"https:\/\/www.youtube.com\/embed\/KNZcfxIT11g\" allow=\"autoplay; encrypted-media\" allowfullscreen=\"\" width=\"100%\" height=\"600\" frameborder=\"0\"><\/iframe>\n","protected":false},"excerpt":{"rendered":"<p>Verbringen Sie unvergessliche Familienmomente in der Tatra und einen tollen Sommer! Die Hohe Tatra ist ein tolles Urlaubsparadies. Machen Sie eine Besichtigungsexpedition und genie\u00dfen Sie Spiele, aktive Entspannung in frischer Luft und viel Spa\u00df mit Ihren Kindern! Die Umgebung der Tatra ist wie gemacht f\u00fcr Spazierg\u00e4nge durch W\u00e4lder und Wiesen, wo auch Tiere zu treffen [&hellip;]<\/p>\n","protected":false},"author":1,"featured_media":21714,"parent":0,"menu_order":0,"comment_status":"closed","ping_status":"closed","template":"template-simple-page.php","meta":{"footnotes":""},"class_list":["post-21712","page","type-page","status-publish","has-post-thumbnail","hentry"],"_links":{"self":[{"href":"https:\/\/regiontatry.sk\/de\/wp-json\/wp\/v2\/pages\/21712"}],"collection":[{"href":"https:\/\/regiontatry.sk\/de\/wp-json\/wp\/v2\/pages"}],"about":[{"href":"https:\/\/regiontatry.sk\/de\/wp-json\/wp\/v2\/types\/page"}],"author":[{"embeddable":true,"href":"https:\/\/regiontatry.sk\/de\/wp-json\/wp\/v2\/users\/1"}],"replies":[{"embeddable":true,"href":"https:\/\/regiontatry.sk\/de\/wp-json\/wp\/v2\/comments?post=21712"}],"version-history":[{"count":1,"href":"https:\/\/regiontatry.sk\/de\/wp-json\/wp\/v2\/pages\/21712\/revisions"}],"predecessor-version":[{"id":5235814,"href":"https:\/\/regiontatry.sk\/de\/wp-json\/wp\/v2\/pages\/21712\/revisions\/5235814"}],"wp:featuredmedia":[{"embeddable":true,"href":"https:\/\/regiontatry.sk\/de\/wp-json\/wp\/v2\/media\/21714"}],"wp:attachment":[{"href":"https:\/\/regiontatry.sk\/de\/wp-json\/wp\/v2\/media?parent=21712"}],"curies":[{"name":"wp","href":"https:\/\/api.w.org\/{rel}","templated":true}]}}