{"id":21715,"date":"2018-07-17T13:10:29","date_gmt":"2018-07-17T11:10:29","guid":{"rendered":"https:\/\/regiontatry.sk\/cyklistika\/cykloturistika-v-tatrach\/"},"modified":"2025-10-01T22:46:15","modified_gmt":"2025-10-01T20:46:15","slug":"radsport-in-der-tatra","status":"publish","type":"page","link":"https:\/\/regiontatry.sk\/de\/radsport\/radsport-in-der-tatra\/","title":{"rendered":"Radsport in der Tatra"},"content":{"rendered":"\n<p><strong>Radfahren in der Hohen Tatra \u2013 Auf zwei R\u00e4dern zu neuen Erlebnissen<\/strong><\/p>\n\n\n\n<p>Er<strong>leben Sie mehr als 300 km markierte Radwege in unterschiedlichen Schwierigkeitsgrade<\/strong>n \u2013 von einfachen Strecken f\u00fcr Familien mit Kindern und Anf\u00e4nger bis hin zu adrenalingeladenen Bergtouren unter den Gipfeln der Tatra f\u00fcr Fans des Mountain- und Stra\u00dfenradsports sowie f\u00fcr Sportler.<\/p>\n\n\n\n<p>Entdecken Sie flache Routen im Vorland, anspruchsvollere Anstiege und die Radmagistrale, die fast um das gesamte Gebirge der Hohen Tatra f\u00fchrt.<\/p>\n\n\n\n<p>Radtourismus ist eine ausgezeichnete M\u00f6glichkeit, sportliche Aktivit\u00e4t mit einem unmittelbaren Naturerlebnis zu verbinden.<br>Egal, ob Sie leidenschaftlicher Radfahrer sind oder die Natur einfach nur vom Fahrradsattel aus genie\u00dfen m\u00f6chten \u2013 in der Tatra finden Sie garantiert die passende Strecke.<strong> Machen Sie sich auf den Weg und entdecken Sie die Tatra auf zwei R\u00e4dern!<\/strong><\/p>\n\n\n\n<iframe loading=\"lazy\" src=\"https:\/\/www.youtube.com\/embed\/wLSUy_J_Ls8\" allow=\"autoplay; encrypted-media\" allowfullscreen=\"\" width=\"100%\" height=\"600\" frameborder=\"0\"><\/iframe>\n\n\n\n<h2 class=\"wp-block-heading custom-padding has-vivid-green-cyan-color has-text-color has-link-color wp-elements-28bfb53016855cad3cf469578f193749\"><br>Empfohlene Radrouten in der Hohen Tatra<\/h2>\n\n\n<div class=\"wp-block-image\">\n<figure class=\"aligncenter size-full\"><a href=\"https:\/\/regiontatry.sk\/wp-content\/uploads\/2025\/06\/mapa-leto-2025.pdf\" target=\"_blank\" rel=\"noreferrer noopener\"><img loading=\"lazy\" decoding=\"async\" width=\"1128\" height=\"798\" src=\"https:\/\/regiontatry.sk\/wp-content\/uploads\/2025\/06\/cyklomapa-leto-2025-titulka.png\" alt=\"\" class=\"wp-image-10286511\" srcset=\"https:\/\/regiontatry.sk\/wp-content\/uploads\/2025\/06\/cyklomapa-leto-2025-titulka.png 1128w, https:\/\/regiontatry.sk\/wp-content\/uploads\/2025\/06\/cyklomapa-leto-2025-titulka-300x212.png 300w, https:\/\/regiontatry.sk\/wp-content\/uploads\/2025\/06\/cyklomapa-leto-2025-titulka-1024x724.png 1024w, https:\/\/regiontatry.sk\/wp-content\/uploads\/2025\/06\/cyklomapa-leto-2025-titulka-768x543.png 768w, https:\/\/regiontatry.sk\/wp-content\/uploads\/2025\/06\/cyklomapa-leto-2025-titulka-860x608.png 860w, https:\/\/regiontatry.sk\/wp-content\/uploads\/2025\/06\/cyklomapa-leto-2025-titulka-698x494.png 698w, https:\/\/regiontatry.sk\/wp-content\/uploads\/2025\/06\/cyklomapa-leto-2025-titulka-552x391.png 552w\" sizes=\"(max-width: 1128px) 100vw, 1128px\" \/><\/a><\/figure><\/div>\n\n\n<p>Die Region Hohe Tatra bietet insgesamt 39 markierte oder empfohlene Radrouten.<br>W\u00e4hlen Sie den richtigen Radausflug mithilfe der Farbcodierung, die die Routen nach ihrem Schwierigkeitsgrad einteilt.<\/p>\n\n\n\n<h3 class=\"wp-block-heading has-vivid-red-color has-text-color\"><strong>Mit roter Farbe<\/strong><\/h3>\n\n\n\n<p>sind ausschlie\u00dflich Radmagistralen markiert \u2013 Fernrouten, die durch mehrere Bezirke und oft auch Regionen f\u00fchren. Sie verlaufen meist durch Flusst\u00e4ler oder Gebirgsp\u00e4sse und haben das Ziel, Radfahrer durch die interessantesten Teile der Landschaft zu f\u00fchren, wobei der Schwerpunkt auf einer eher geringen Schwierigkeit liegt. Die bekanntesten Routen in der Hohen Tatra sind:<\/p>\n\n\n\n<ol class=\"wp-block-list\">\n<li><strong>Podtatransk\u00e1 Radmagistrale<\/strong>: f\u00fchrt von Podbansk\u00e9 entlang der \u201eStra\u00dfe der Freiheit\u201c bis nach Tatransk\u00e1 Javorina.<\/li>\n\n\n\n<li><strong>Poprader Radmagistrale<\/strong>: \n<ul class=\"wp-block-list\">\n<li>vom Biely potok f\u00fchrt eine 22 km lange Strecke entlang der CM 034 und CM 021 in Richtung Poprad. Vom Biely potok f\u00fchrt au\u00dferdem eine weitere Radroute \u00fcber CM 008 und CM 021 in Richtung Spi\u0161sk\u00e9 Bystr\u00e9 und Hranovnica. Vor Betlanovce setzt sie sich weiter auf dem Gebiet des Ko\u0161icer Selbstverwaltungsbezirks fort.<\/li>\n<\/ul>\n<\/li>\n<\/ol>\n\n\n\n<figure class=\"wp-block-table is-style-stripes\">\n<table class=\"has-vivid-red-background-color has-background\" style=\"width: 100%; height: 160px;\">\n<thead>\n<tr style=\"height: 68px;\">\n<th class=\"has-text-align-center\" style=\"height: 68px;\" data-align=\"center\">Farbe<\/th>\n<th style=\"height: 68px;\">Name der Route<\/th>\n<th style=\"height: 68px;\">L\u00e4nge<\/th>\n<th style=\"height: 68px;\">Charakter<\/th>\n<th style=\"height: 68px;\">Schwierigkeitsgrad<\/th>\n<th style=\"height: 68px;\">\n<p>Registrierungsnummer<\/p>\n<\/th>\n<\/tr>\n<\/thead>\n<tbody>\n<tr style=\"height: 46px;\">\n<td class=\"has-text-align-center\" style=\"height: 46px;\" data-align=\"center\"><mark class=\"has-inline-color has-black-color\" style=\"background-color: rgba(0, 0, 0, 0);\">A1<\/mark><\/td>\n<td style=\"height: 46px;\">Podtatransk\u00e1 cyklomagistr\u00e1la<\/td>\n<td style=\"height: 46px;\">70.6 km<\/td>\n<td style=\"height: 46px;\">MTB<\/td>\n<td style=\"height: 46px;\">REKREA<\/td>\n<td style=\"height: 46px;\">007<\/td>\n<\/tr>\n<tr style=\"height: 46px;\">\n<td class=\"has-text-align-center\" style=\"height: 46px;\" data-align=\"center\"><mark class=\"has-inline-color has-black-color\" style=\"background-color: rgba(0, 0, 0, 0);\">A2<\/mark><\/td>\n<td style=\"height: 46px;\">Popradsk\u00e1 cyklomagistr\u00e1la<\/td>\n<td style=\"height: 46px;\">25.4 km<\/td>\n<td style=\"height: 46px;\">MTB<\/td>\n<td style=\"height: 46px;\">REKREA<\/td>\n<td style=\"height: 46px;\">008<\/td>\n<\/tr>\n<\/tbody>\n<\/table>\n<\/figure>\n<p>\u00a0<\/p>\n\n\n\n<h3 class=\"wp-block-heading has-vivid-cyan-blue-color has-text-color\"><strong>Blaue Farbe<\/strong><\/h3>\n\n\n\n<p>werden parallele Routen zu den Fernradmagistralen markiert. Es handelt sich um l\u00e4ngere Strecken abseits der Magistrale bzw. anspruchsvollere Strecken au\u00dferhalb der Hauptmagistralen.<\/p>\n\n\n\n<figure class=\"wp-block-table is-style-stripes\"><table class=\"has-pale-cyan-blue-background-color has-background\"><thead><tr><th>Farbe<\/th><th>Name der Route<\/th><th>L\u00e4nge<\/th><th>Charakter<\/th><th>Schwierigkeitsgrad<\/th><th><p>Registrierungsnummer<\/p><\/th><\/tr><\/thead><tbody><tr><td>B1<\/td><td>Biela voda &#8211; Chata pri Zel. plese<\/td><td>7.5 km<\/td><td>MTB<\/td><td>EXPERT<\/td><td>2860<\/td><\/tr><tr><td>B2<\/td><td>Sib\u00edr &#8211; \u017dakovsk\u00e1 Po\u013eana &#8211; Gerlachov<\/td><td>8.4 km<\/td><td>MTB<\/td><td>SPORT<\/td><td>2863<\/td><\/tr><tr><td>B3<\/td><td>Star\u00fd Smokovec &#8211; Hrebienok<\/td><td>2.8 km<\/td><td>CESTN\u00c1<\/td><td>SPORT<\/td><td>2864 &nbsp;<\/td><\/tr><tr><td>B4<\/td><td>Tatransk\u00e1 Polianka &#8211; Sliezsky dom<\/td><td>7 km<\/td><td>CESTN\u00c1<\/td><td>EXPERT<\/td><td>2865 &nbsp;<\/td><\/tr><tr><td>B5<\/td><td>Cesta Slobody &#8211; Popr. pleso<\/td><td>5.5 km<\/td><td>CESTN\u00c1<\/td><td>SPORT<\/td><td>2866 &nbsp;<\/td><\/tr><tr><td>B6<\/td><td>Podbansk\u00e9 &#8211; K\u00f4prov\u00e1 dolina<\/td><td>10.8 km<\/td><td>CESTN\u00c1<\/td><td>REKREA<\/td><td>2867 &nbsp;<\/td><\/tr><tr><td>B7<\/td><td>Lys\u00e1 Po\u013eana &#8211; Bielovodska dolina<\/td><td>3.2 km<\/td><td>MTB<\/td><td>REKREA<\/td><td>2868 &nbsp;<\/td><\/tr><tr><td>B8<\/td><td>Huncovce-Ke\u017emarok-Ke\u017emarsk\u00e9 \u017d\u013eaby<\/td><td>21.4 km<\/td><td>MTB<\/td><td>SPORT<\/td><td>2869<\/td><\/tr><tr><td>B9<\/td><td>Poprad &#8211; Spi\u0161sk\u00e9 Bystr\u00e9<\/td><td>10.3 km<\/td><td>MTB<\/td><td>REKREA<\/td><td>2872 &nbsp;<\/td><\/tr><tr><td>B10<\/td><td>Svit &#8211; \u010cierny V\u00e1h (hor\u00e1re\u0148 Murn\u00e1)<\/td><td>22.7 km<\/td><td>MTB<\/td><td>SPORT<\/td><td>2873<\/td><\/tr><tr><td>B11<\/td><td>Poprad &#8211; Horn\u00fd Smokovec<\/td><td>10.8 km<\/td><td>CESTN\u00c1<\/td><td>SPORT<\/td><td>2879 &nbsp;<\/td><\/tr><tr><td>B12<\/td><td>Spi\u0161sk\u00e1 Bel\u00e1 &#8211; Tatr. Kotlina<\/td><td>9.9 km<\/td><td>CESTN\u00c1<\/td><td>REKREA<\/td><td>2887 &nbsp;<\/td><\/tr><tr><td>B13<\/td><td>Podbansk\u00e9 &#8211; Hybe<\/td><td>16 km<\/td><td>MTB<\/td><td>REKREA<\/td><td>2341<\/td><\/tr><tr><td>B14<\/td><td>Hybe &#8211; Podbansk\u00e9<\/td><td>14.5 km<\/td><td>MTB<\/td><td>REKREA<\/td><td>2342<\/td><\/tr><\/tbody><\/table><\/figure>\n\n\n\n<p><\/p>\n\n\n\n<h3 class=\"wp-block-heading has-vivid-green-cyan-color has-text-color\"><strong>Gr\u00fcne Farbe<\/strong><\/h3>\n\n\n\n<p>werden mittlere und leichte Routen, Gesundheitsrunden und Familienstrecken markiert.<\/p>\n\n\n\n<figure class=\"wp-block-table is-style-stripes\"><table class=\"has-vivid-green-cyan-background-color has-background\"><thead><tr><th>Farbe<\/th><th>Name der Route<\/th><th>L\u00e4nge<\/th><th>Charakter<\/th><th>Schwierigkeitsgrad<\/th><th><p>Registrierungsnummer<\/p><\/th><\/tr><\/thead><tbody><tr><td>C1<\/td><td>Podbansk\u00e9 &#8211; Tich\u00e1 dolina<\/td><td>12 km<\/td><td>CESTN\u00c1<\/td><td>REKREA<\/td><td>5859 &nbsp;<\/td><\/tr><tr><td>C2<\/td><td>Tatransk\u00e1 Lomnica &#8211; \u0160tart<\/td><td>4.1 km<\/td><td>CESTN\u00c1<\/td><td>SPORT<\/td><td>5860<\/td><\/tr><tr><td>C3<\/td><td>Tatransk\u00e1 Kotlina &#8211; Slovensk\u00e1 Ves<\/td><td>9.1 km<\/td><td>CESTN\u00c1<\/td><td>REKREA<\/td><td>5862<\/td><\/tr><tr><td>C4<\/td><td>Ve\u013ek\u00e1 Lomnica &#8211; Tatransk\u00e1 Lomnica<\/td><td>12.4 km<\/td><td>CESTN\u00c1<\/td><td>REKREA<\/td><td>5863<\/td><\/tr><tr><td>C5<\/td><td>Poprad &#8211; Gerlachov &#8211; Tatransk\u00e1 Polianka<\/td><td>16.6 km<\/td><td>MTB<\/td><td>SPORT<\/td><td>5866<\/td><\/tr><tr><td>C6<\/td><td>Poprad &#8211; Lopu\u0161n\u00e1 dolina<\/td><td>11 km<\/td><td>CESTN\u00c1<\/td><td>SPORT<\/td><td>5867<\/td><\/tr><tr><td>C7<\/td><td>Poprad- Kvetnica (Lom) &#8211; Hrabu\u0161ice<\/td><td>13.5 km<\/td><td>MTB<\/td><td>REKREA<\/td><td>5868<\/td><\/tr><tr><td>C8<\/td><td>\u017dakovsk\u00e1 Po\u013eana &#8211; Nov\u00e1 Lesn\u00e1 &#8211; Tatransk\u00e1 Lomnica<\/td><td>13.5 km<\/td><td>MTB<\/td><td>SPORT<\/td><td>5879 &nbsp;<\/td><\/tr><tr><td>C9<\/td><td>Tatr. Matliare &#8211; Kri\u017eovatka na 7 potokov<\/td><td>8.8 km<\/td><td>CESTN\u00c1<\/td><td>REKREA<\/td><td>5895 &nbsp;<\/td><\/tr><tr><td>C10<\/td><td>Cesta Slobody &#8211; Chata Plesnivec<\/td><td>3.9 km<\/td><td>MTB<\/td><td>SPORT<\/td><td>5897 &nbsp;<\/td><\/tr><tr><td>C11<\/td><td>\u0160trba, \u0160oldov-\u0160trbsk\u00e9 Pleso<\/td><td>12.4 km<\/td><td>CESTN\u00c1<\/td><td>REKREA<\/td><td>5910 &nbsp;<\/td><\/tr><\/tbody><\/table><\/figure>\n\n\n\n<p>&nbsp;<\/p>\n\n\n\n<h3 class=\"wp-block-heading has-luminous-vivid-amber-color has-text-color has-link-color wp-elements-c0bf9dd6f72a2a95f622d4a61b53c728\"><strong>Gelbe Farbe<\/strong><\/h3>\n\n\n\n<p>werden Verbindungswege zwischen Radwegen oder kurze Abstecher zu verschiedenen nat\u00fcrlichen, historischen und technischen Sehensw\u00fcrdigkeiten markiert.<\/p>\n\n\n\n<figure class=\"wp-block-table is-style-stripes\">\n<table class=\"has-luminous-vivid-amber-background-color has-background\" style=\"width: 100%; height: 447px;\">\n<thead>\n<tr style=\"height: 46px;\">\n<th style=\"width: 8.09524%; height: 46px;\">Farbe<\/th>\n<th style=\"width: 37.0238%; height: 46px;\">Name der Route<\/th>\n<th style=\"width: 9.88095%; height: 46px;\">L\u00e4nge<\/th>\n<th style=\"width: 12.619%; height: 46px;\">Charakter<\/th>\n<th style=\"width: 14.0476%; height: 46px;\">Schwierigkeitsgrad<\/th>\n<th style=\"width: 18.2143%; height: 46px;\">Registrierungsnummer<\/th>\n<\/tr>\n<\/thead>\n<tbody>\n<tr style=\"height: 46px;\">\n<td style=\"width: 8.09524%; height: 46px;\">D1<\/td>\n<td style=\"width: 37.0238%; height: 46px;\">Vy\u0161n\u00e9 H\u00e1gy &#8211; \u0160t\u00f4la &#8211; Nov\u00e1 Polianka<\/td>\n<td style=\"width: 9.88095%; height: 46px;\">6.8 km<\/td>\n<td style=\"width: 12.619%; height: 46px;\">MTB<\/td>\n<td style=\"width: 14.0476%; height: 46px;\">SPORT<\/td>\n<td style=\"width: 18.2143%; height: 46px;\">8858<\/td>\n<\/tr>\n<tr style=\"height: 23px;\">\n<td style=\"width: 8.09524%; height: 23px;\">D2<\/td>\n<td style=\"width: 37.0238%; height: 23px;\">Star\u00e1 Lesn\u00e1 &#8211; trasa \u010d. 8860<\/td>\n<td style=\"width: 9.88095%; height: 23px;\">4.1 km<\/td>\n<td style=\"width: 12.619%; height: 23px;\">MTB<\/td>\n<td style=\"width: 14.0476%; height: 23px;\">SPORT<\/td>\n<td style=\"width: 18.2143%; height: 23px;\">8859<\/td>\n<\/tr>\n<tr style=\"height: 46px;\">\n<td style=\"width: 8.09524%; height: 46px;\">D3<\/td>\n<td style=\"width: 37.0238%; height: 46px;\">Okruh Nov\u00e1 Lesn\u00e1 &#8211; Dol. Smokovec<\/td>\n<td style=\"width: 9.88095%; height: 46px;\">11.2 km<\/td>\n<td style=\"width: 12.619%; height: 46px;\">CESTN\u00c1<\/td>\n<td style=\"width: 14.0476%; height: 46px;\">REKREA<\/td>\n<td style=\"width: 18.2143%; height: 46px;\">8860 \u00a0<\/td>\n<\/tr>\n<tr style=\"height: 46px;\">\n<td style=\"width: 8.09524%; height: 46px;\">D4<\/td>\n<td style=\"width: 37.0238%; height: 46px;\">Hrebienok &#8211; Bil\u00edkova chata<\/td>\n<td style=\"width: 9.88095%; height: 46px;\">0.25 km<\/td>\n<td style=\"width: 12.619%; height: 46px;\">CESTN\u00c1<\/td>\n<td style=\"width: 14.0476%; height: 46px;\">REKREA<\/td>\n<td style=\"width: 18.2143%; height: 46px;\">8861 \u00a0<\/td>\n<\/tr>\n<tr style=\"height: 23px;\">\n<td style=\"width: 8.09524%; height: 23px;\">D5<\/td>\n<td style=\"width: 37.0238%; height: 23px;\">Vrbov &#8211; Huncovce<\/td>\n<td style=\"width: 9.88095%; height: 23px;\">6.1 km<\/td>\n<td style=\"width: 12.619%; height: 23px;\">CESTN\u00c1<\/td>\n<td style=\"width: 14.0476%; height: 23px;\">REKREA<\/td>\n<td style=\"width: 18.2143%; height: 23px;\">8869<\/td>\n<\/tr>\n<tr style=\"height: 23px;\">\n<td style=\"width: 8.09524%; height: 23px;\">D6<\/td>\n<td style=\"width: 37.0238%; height: 23px;\">Podsp\u00e1dy &#8211; \u0161t. hranica<\/td>\n<td style=\"width: 9.88095%; height: 23px;\">3 km<\/td>\n<td style=\"width: 12.619%; height: 23px;\">CESTN\u00c1<\/td>\n<td style=\"width: 14.0476%; height: 23px;\">REKREA<\/td>\n<td style=\"width: 18.2143%; height: 23px;\">8871<\/td>\n<\/tr>\n<tr style=\"height: 56px;\">\n<td style=\"width: 8.09524%; height: 56px;\">D7<\/td>\n<td style=\"width: 37.0238%; height: 56px;\">\u0160trba &#8211; Vy\u0161n\u00e1 \u0160u\u0148ava<\/td>\n<td style=\"width: 9.88095%; height: 56px;\">2.4 km<\/td>\n<td style=\"width: 12.619%; height: 56px;\">CESTN\u00c1<\/td>\n<td style=\"width: 14.0476%; height: 56px;\">REKREA<\/td>\n<td style=\"width: 18.2143%; height: 56px;\">8872<\/td>\n<\/tr>\n<tr style=\"height: 23px;\">\n<td style=\"width: 8.09524%; height: 23px;\">D8<\/td>\n<td style=\"width: 37.0238%; height: 23px;\">Ni\u017en\u00e1 \u0160u\u0148ava &#8211; \u0160trba<\/td>\n<td style=\"width: 9.88095%; height: 23px;\">2.8 km<\/td>\n<td style=\"width: 12.619%; height: 23px;\">CESTN\u00c1<\/td>\n<td style=\"width: 14.0476%; height: 23px;\">REKREA<\/td>\n<td style=\"width: 18.2143%; height: 23px;\">8873<\/td>\n<\/tr>\n<tr style=\"height: 46px;\">\n<td style=\"width: 8.09524%; height: 46px;\">D9<\/td>\n<td style=\"width: 37.0238%; height: 46px;\">Tatransk\u00e1 Lomnica &#8211; Javorov\u00e1 cesta<\/td>\n<td style=\"width: 9.88095%; height: 46px;\">1.9 km<\/td>\n<td style=\"width: 12.619%; height: 46px;\">MTB<\/td>\n<td style=\"width: 14.0476%; height: 46px;\">SPORT<\/td>\n<td style=\"width: 18.2143%; height: 46px;\">8876<\/td>\n<\/tr>\n<tr style=\"height: 23px;\">\n<td style=\"width: 8.09524%; height: 23px;\">D10<\/td>\n<td style=\"width: 37.0238%; height: 23px;\">Poprad &#8211; Kvetnica<\/td>\n<td style=\"width: 9.88095%; height: 23px;\">4.3 km<\/td>\n<td style=\"width: 12.619%; height: 23px;\">CESTN\u00c1<\/td>\n<td style=\"width: 14.0476%; height: 23px;\">REKREA<\/td>\n<td style=\"width: 18.2143%; height: 23px;\">8914<\/td>\n<\/tr>\n<tr style=\"height: 23px;\">\n<td style=\"width: 8.09524%; height: 23px;\">D11<\/td>\n<td style=\"width: 37.0238%; height: 23px;\">Okruh Tatransk\u00e9 Matliare<\/td>\n<td style=\"width: 9.88095%; height: 23px;\">8 km<\/td>\n<td style=\"width: 12.619%; height: 23px;\">CESTN\u00c1<\/td>\n<td style=\"width: 14.0476%; height: 23px;\">REKREA<\/td>\n<td style=\"width: 18.2143%; height: 23px;\">8915<\/td>\n<\/tr>\n<tr style=\"height: 23px;\">\n<td style=\"width: 8.09524%; height: 23px;\">D12<\/td>\n<td style=\"width: 37.0238%; height: 23px;\">Mal\u00fd Slavkov &#8211; trasa \u010d. 5895<\/td>\n<td style=\"width: 9.88095%; height: 23px;\">6.2 km<\/td>\n<td style=\"width: 12.619%; height: 23px;\">MTB<\/td>\n<td style=\"width: 14.0476%; height: 23px;\">REKREA<\/td>\n<td style=\"width: 18.2143%; height: 23px;\">8916<\/td>\n<\/tr>\n<\/tbody>\n<\/table>\n<\/figure>\n<p>\u00a0<\/p>\n\n\n\n<h3 class=\"wp-block-heading has-cyan-bluish-gray-color has-text-color has-link-color wp-elements-f772813d61e5353812257e4039c8fd79\"><strong>Grauer Farbe<\/strong><\/h3>\n\n\n\n<p>Routen, auf denen die Hausordnung des Tatra-Nationalparks das Radfahren erlaubt, aber die Route keine zugewiesene Registrierungsnummer hat.<\/p>\n\n\n\n<figure class=\"wp-block-table is-style-stripes\">\n<table class=\"has-cyan-bluish-gray-background-color has-background\">\n<thead>\n<tr>\n<th>Farbe<\/th>\n<th>Name der Route<\/th>\n<th>L\u00e4nge<\/th>\n<th>Charakter<\/th>\n<th>Schwierigkeitsgrad<\/th>\n<\/tr>\n<\/thead>\n<tbody>\n<tr>\n<td>V4<\/td>\n<td>N\u00e1u\u010dn\u00fd chodn\u00edk F\u013eak &#8211; Tatransk\u00e1 Kotlina<\/td>\n<td>1,7 km<\/td>\n<td>MTB<\/td>\n<td>SPORT<\/td>\n<\/tr>\n<tr>\n<td>V5<\/td>\n<td>Ko\u0161arisk\u00e1 &#8211; N\u00e1u\u010dn\u00fd chodn\u00edk F\u013eak<\/td>\n<td>1,6 km<\/td>\n<td>MTB<\/td>\n<td>SPORT \u00a0<\/td>\n<\/tr>\n<tr>\n<td>V7<\/td>\n<td>Kamenn\u00e1 cesta<\/td>\n<td>3,2 km<\/td>\n<td>CESTN\u00c1<\/td>\n<td>REKREA<\/td>\n<\/tr>\n<tr>\n<td>V11 \u00a0<\/td>\n<td>Doln\u00fd Smokovec &#8211; \u017dakovsk\u00e1 Po\u013eana &#8211; Tatransk\u00e9 Zruby<\/td>\n<td>4,6 km<\/td>\n<td>MTB<\/td>\n<td>SPORT \u00a0<\/td>\n<\/tr>\n<tr>\n<td>V17<\/td>\n<td>Kole\u010dkov\u00e1 &#8211; \u0160trbsk\u00e9 Pleso<\/td>\n<td>9,2 km<\/td>\n<td>CESTN\u00c1 \u00a0<\/td>\n<td>REKREA<\/td>\n<\/tr>\n<\/tbody>\n<\/table>\n<\/figure>\n<p>\u00a0<\/p>\n\n\n\n<p><\/p>\n\n\n\n<h2 class=\"wp-block-heading has-text-align-center\"><a href=\"https:\/\/regiontatry.sk\/de\/radsport\/radwege\/\" target=\"_blank\" rel=\"noreferrer noopener\">Weitere Informationen zu den markierten Radwegen in der gesamten Region<\/a><\/h2>\n\n\n\n<p><strong>Wir bieten Ihnen wichtige Informationen \u00fcber die besten Radwege in der Tatra, wichtige Details zu den einzelnen Strecken sowie Tipps f\u00fcr Ganztagestouren.<\/strong><\/p>\n","protected":false},"excerpt":{"rendered":"<p>Radfahren in der Hohen Tatra \u2013 Auf zwei R\u00e4dern zu neuen Erlebnissen Erleben Sie mehr als 300 km markierte Radwege in unterschiedlichen Schwierigkeitsgraden \u2013 von einfachen Strecken f\u00fcr Familien mit Kindern und Anf\u00e4nger bis hin zu adrenalingeladenen Bergtouren unter den Gipfeln der Tatra f\u00fcr Fans des Mountain- und Stra\u00dfenradsports sowie f\u00fcr Sportler. Entdecken Sie flache [&hellip;]<\/p>\n","protected":false},"author":1,"featured_media":21697,"parent":21695,"menu_order":0,"comment_status":"closed","ping_status":"closed","template":"template-list.php","meta":{"footnotes":""},"class_list":["post-21715","page","type-page","status-publish","has-post-thumbnail","hentry"],"_links":{"self":[{"href":"https:\/\/regiontatry.sk\/de\/wp-json\/wp\/v2\/pages\/21715"}],"collection":[{"href":"https:\/\/regiontatry.sk\/de\/wp-json\/wp\/v2\/pages"}],"about":[{"href":"https:\/\/regiontatry.sk\/de\/wp-json\/wp\/v2\/types\/page"}],"author":[{"embeddable":true,"href":"https:\/\/regiontatry.sk\/de\/wp-json\/wp\/v2\/users\/1"}],"replies":[{"embeddable":true,"href":"https:\/\/regiontatry.sk\/de\/wp-json\/wp\/v2\/comments?post=21715"}],"version-history":[{"count":24,"href":"https:\/\/regiontatry.sk\/de\/wp-json\/wp\/v2\/pages\/21715\/revisions"}],"predecessor-version":[{"id":11138044,"href":"https:\/\/regiontatry.sk\/de\/wp-json\/wp\/v2\/pages\/21715\/revisions\/11138044"}],"up":[{"embeddable":true,"href":"https:\/\/regiontatry.sk\/de\/wp-json\/wp\/v2\/pages\/21695"}],"wp:featuredmedia":[{"embeddable":true,"href":"https:\/\/regiontatry.sk\/de\/wp-json\/wp\/v2\/media\/21697"}],"wp:attachment":[{"href":"https:\/\/regiontatry.sk\/de\/wp-json\/wp\/v2\/media?parent=21715"}],"curies":[{"name":"wp","href":"https:\/\/api.w.org\/{rel}","templated":true}]}}