{"id":21716,"date":"2018-07-11T09:43:00","date_gmt":"2018-07-11T07:43:00","guid":{"rendered":"https:\/\/regiontatry.sk\/turisticke-informacie\/gurmanstvo-a-emocie\/"},"modified":"2023-07-08T21:12:47","modified_gmt":"2023-07-08T19:12:47","slug":"feinschmeckerei-und-emotionen","status":"publish","type":"page","link":"https:\/\/regiontatry.sk\/de\/gastronomia\/feinschmeckerei-und-emotionen\/","title":{"rendered":"Feinschmeckerei und Emotionen"},"content":{"rendered":"\n<p><strong>Vielf\u00e4ltig und unverwechselbar. So sind die Erlebnisse, an die Sie sich noch lange nach Momenten verbracht in der Hohen Tatra erinnern werden.<\/strong><\/p>\n\n\n\n<p>Die Region der\nTatra mischt f\u00fcr Sie den besten Cocktail von Emotionen. Verlieben Sie sich in\nunzug\u00e4ngliche Spitzen, gefrorene Wasserf\u00e4lle, sammeln Sie neue Energie beim\nBlick auf die m\u00e4rchenhafte wei\u00dfe Landschaft, entdecken Sie Harmonie und ein\nGef\u00fchl absoluter Zufriedenheit.&nbsp; <\/p>\n\n\n\n<p>Genie\u00dfen Sie\nromantische Spazierg\u00e4nge auf zackigen Touristenpfaden und kosten Sie Spezialit\u00e4ten\nder regionalen K\u00fcche beim Sonnenuntergang. Ausgiebige hausgemachte Speisen und raffinierte\nKreationen von Meistern ihres Fachs versprechen einmalige Momente, k\u00f6stlichen\nGeschmack und kulinarischen Genuss. <\/p>\n\n\n\n<p><strong>Die Tatra wird Ihnen sicher schmecken!<\/strong><br><br><\/p>\n\n\n\t<a href=\"https:\/\/regiontatry.sk\/de\/familie-und-kinder-sommer\/gastronomia-az-nad-oblaky\/\" class=\"wp-block-cgb-block-creanet-list category-list grid-x grid-padding-x align-middle\">\n\t\t\t\t\t<div class=\"small-12 medium-6 large-5\">\n\t\t\t\t<figure><img src='https:\/\/regiontatry.sk\/wp-content\/uploads\/2023\/01\/Kulin\u00e1rske-lety.png'\n\t\t\t\t\t\talt=''\n\t\t\t\t\t\ttitle='Kulin\u00e1rske lety'\n\t\t\t\t\t\/><\/figure>\n\t\t\t<\/div>\n\t\t\n\n\t\t<div class=\"cell small-12 medium-5 large-7\">\n\t\t\t<h3>Gastronomie \u00fcber den Wolken  <\/h3>\n\t\t\t<p>Erleben Sie <strong>etwas Spezielles \u2013 ein unvergessliches gastronomisches Abenteuer in einem Hei\u00dfluftballon. <\/strong>Der einmalige Flug mit kulinarischen Spezialit\u00e4ten der Chefk\u00f6che des <strong>Hotels Lomnica<\/strong> beginnt am Fu\u00dfe der Hohen Tatra und dauert ung. 60 \u2013 90 Minuten *.  <\/p>\n\t\t<\/div>\n\t<\/a>\n\n\t\n\n\t<a href=\"https:\/\/www.vt.sk\/hu\/szabadsag\/barok-es-ettermek\/ettermek\/dedo-kavezo\" class=\"wp-block-cgb-block-creanet-list category-list grid-x grid-padding-x align-middle\">\n\t\t\t\t\t<div class=\"small-12 medium-6 large-5\">\n\t\t\t\t<figure><img src='https:\/\/regiontatry.sk\/wp-content\/uploads\/2018\/10\/ranajky_u_deda.png'\n\t\t\t\t\t\talt=''\n\t\t\t\t\t\ttitle='ranajky_u_deda'\n\t\t\t\t\t\/><\/figure>\n\t\t\t<\/div>\n\t\t\n\n\t\t<div class=\"cell small-12 medium-5 large-7\">\n\t\t\t<h3>Fr\u00fchst\u00fcck \u00fcber den Wolken<\/h3>\n\t\t\t<p>Fahren Sie mit den ersten Seilbahnen am Morgen aus Tatransk\u00e1 Lomnica nach Skalnat\u00e9 pleso und von dort hoch zu den Wolken, um traditionelles <strong>slowakisches Fr\u00fchst\u00fcck<\/strong> auf dem Gipfel der Lomnitzer Spitze in der Seeh\u00f6he von <strong>2 634 m <\/strong>zu genie\u00dfen. Erleben Sie unvergessliche panoramatische Ausblicke auf die glitzernden Spitzen der Tatra, tiefe T\u00e4ler und die umgebende Natur. Gibt es etwas Romantischeres?<\/p>\n\t\t<\/div>\n\t<\/a>\n\n\t\n\n\t<a href=\"\/turisticke-informacie\/restauracie-pizza\/\" class=\"wp-block-cgb-block-creanet-list category-list grid-x grid-padding-x align-middle\">\n\t\t\t\t\t<div class=\"small-12 medium-6 large-5\">\n\t\t\t\t<figure><img src='https:\/\/regiontatry.sk\/wp-content\/uploads\/2019\/05\/88c5738573af14711c71d7943b2552af.png'\n\t\t\t\t\t\talt=''\n\t\t\t\t\t\ttitle='88c5738573af14711c71d7943b2552af'\n\t\t\t\t\t\/><\/figure>\n\t\t\t<\/div>\n\t\t\n\n\t\t<div class=\"cell small-12 medium-5 large-7\">\n\t\t\t<h3>Allerlei kulinarische Gen\u00fcsse<\/h3>\n\t\t\t<p><strong>Restaurants in der Tatra<\/strong> sind wie eine st\u00e4ndige Quelle unvergleichbarer Erlebnisse, egal ob Sie traditionelle oder einfache Speisen bevorzugen oder f\u00fcr Experimentieren mit einem Hauch Raffiniertheit offen sind. Eine angenehme Atmosph\u00e4re und <strong>leckere Gourmetspezialit\u00e4ten<\/strong> sind eine Garantie absoluter Zufriedenheit. Lassen Sie es sich schmecken!<\/p>\n\t\t<\/div>\n\t<\/a>\n\n\t\n\n\t<a href=\"\/turisticke-informacie\/salase-koliby\/\" class=\"wp-block-cgb-block-creanet-list category-list grid-x grid-padding-x align-middle\">\n\t\t\t\t\t<div class=\"small-12 medium-6 large-5\">\n\t\t\t\t<figure><img src='https:\/\/regiontatry.sk\/wp-content\/uploads\/2018\/10\/koliba_kamzik.jpg'\n\t\t\t\t\t\talt=''\n\t\t\t\t\t\ttitle='koliba_kamzik'\n\t\t\t\t\t\/><\/figure>\n\t\t\t<\/div>\n\t\t\n\n\t\t<div class=\"cell small-12 medium-5 large-7\">\n\t\t\t<h3>Traditionelle slowakische Spezialit\u00e4ten<\/h3>\n\t\t\t<p>Falls Sie bei Bergwanderungen oder Radfahren auch die Gastronomie und beliebte Geschm\u00e4cke des betreffenden Landes gerne entdecken, empfehlen wir traditionelle <strong>slowakische Almh\u00fctten<\/strong> zu besuchen. <\/p>\n\t\t<\/div>\n\t<\/a>\n\n\t\n\n\n<h3 class=\"wp-block-heading\"><strong><br><\/strong>Reiche Geschichte der Hotels in der Tatra<\/h3>\n\n\n\n<p>Um die Wende\ndes 19. und&nbsp;20. Jahrhunderts begann in Europa das Zeitalter, das in Frankreich&nbsp;La\nBelle \u00c9poque genannt wird, also \u201esch\u00f6ne Epoche\u201c. \u00dcberall lebte zufrieden die\nmoderne Aristokratie, die genug Geld hatte und einen Teil ihres Lebens so\nangenehm wie m\u00f6glich verbringen wollte. <\/p>\n\n\n\n<p>Architekten\ndachten einen&nbsp;<strong>luxuri\u00f6sen\nStil aus, der der Epoche angepasst war <\/strong>\u2013 Jugendstil.&nbsp;Seine\nKleinodien in der Tatra werden Ihnen sicher gefallen. Die reiche Geschichte und\nheilende Wirkungen der Tatra-Natur versprechen einen tadellosen Genuss auch f\u00fcr\nanspruchsvolle Klienten. Dank ihrem majest\u00e4tischen Charme begr\u00fc\u00dfte die Tatra\nviele bedeutenden Pers\u00f6nlichkeiten. <\/p>\n\n\n\n<p><strong>Lassen Sie sich von der Geschichte verzaubern<\/strong> und g\u00f6nnen Sie sich unvergessliche Entspannung mit der Atmosph\u00e4re vom Luxus der Vergangenheit. <\/p>\n\n\n\n<ul class=\"wp-block-gallery columns-3 is-cropped wp-block-gallery-2 is-layout-flex wp-block-gallery-is-layout-flex\"><li class=\"blocks-gallery-item\"><figure><img loading=\"lazy\" decoding=\"async\" width=\"800\" height=\"531\" src=\"https:\/\/regiontatry.sk\/wp-content\/uploads\/2018\/10\/castro-caf_8532899761_o-1.jpg\" alt=\"\" data-id=\"11908\" data-link=\"https:\/\/regiontatry.sk\/gurmanstvo-a-emocie-3\/castro-caf_8532899761_o-2\/\" class=\"wp-image-11908\" srcset=\"https:\/\/regiontatry.sk\/wp-content\/uploads\/2018\/10\/castro-caf_8532899761_o-1.jpg 800w, https:\/\/regiontatry.sk\/wp-content\/uploads\/2018\/10\/castro-caf_8532899761_o-1-300x199.jpg 300w, https:\/\/regiontatry.sk\/wp-content\/uploads\/2018\/10\/castro-caf_8532899761_o-1-768x510.jpg 768w\" sizes=\"(max-width: 800px) 100vw, 800px\" \/><\/figure><\/li><li class=\"blocks-gallery-item\"><figure><img loading=\"lazy\" decoding=\"async\" width=\"800\" height=\"375\" src=\"https:\/\/regiontatry.sk\/wp-content\/uploads\/2018\/10\/castro-cafe_16638630777_o-1.jpg\" alt=\"\" data-id=\"11938\" data-link=\"https:\/\/regiontatry.sk\/gurmanstvo-a-emocie-3\/castro-cafe_16638630777_o-2\/\" class=\"wp-image-11938\" srcset=\"https:\/\/regiontatry.sk\/wp-content\/uploads\/2018\/10\/castro-cafe_16638630777_o-1.jpg 800w, https:\/\/regiontatry.sk\/wp-content\/uploads\/2018\/10\/castro-cafe_16638630777_o-1-300x141.jpg 300w, https:\/\/regiontatry.sk\/wp-content\/uploads\/2018\/10\/castro-cafe_16638630777_o-1-768x360.jpg 768w\" sizes=\"(max-width: 800px) 100vw, 800px\" \/><\/figure><\/li><li class=\"blocks-gallery-item\"><figure><img loading=\"lazy\" decoding=\"async\" width=\"800\" height=\"523\" src=\"https:\/\/regiontatry.sk\/wp-content\/uploads\/2018\/10\/24822759419_7555dd7b06_o.jpg\" alt=\"\" data-id=\"11985\" data-link=\"https:\/\/regiontatry.sk\/gurmanstvo-a-emocie-3\/24822759419_7555dd7b06_o\/\" class=\"wp-image-11985\" srcset=\"https:\/\/regiontatry.sk\/wp-content\/uploads\/2018\/10\/24822759419_7555dd7b06_o.jpg 800w, https:\/\/regiontatry.sk\/wp-content\/uploads\/2018\/10\/24822759419_7555dd7b06_o-300x196.jpg 300w, https:\/\/regiontatry.sk\/wp-content\/uploads\/2018\/10\/24822759419_7555dd7b06_o-768x502.jpg 768w\" sizes=\"(max-width: 800px) 100vw, 800px\" \/><\/figure><\/li><\/ul>\n\n\n\n<h2 class=\"wp-block-heading\"><strong><a href=\"https:\/\/regiontatry.sk\/turisticke-informacie\/restauracie-pizza\/\"><br>Restaurants \/ Pizza<\/a><\/strong><\/h2>\n\n\n\n<h2 class=\"wp-block-heading\"><strong><a href=\"https:\/\/regiontatry.sk\/turisticke-informacie\/salase-koliby\/\">Almh\u00fctten \/ Sennh\u00fctten<\/a><\/strong><\/h2>\n\n\n\n<h2 class=\"wp-block-heading\"><strong><a href=\"https:\/\/regiontatry.sk\/turisticke-informacie\/kaviarne\/\">Caf\u00e9s<\/a><\/strong><\/h2>\n\n\n\n<h2 class=\"wp-block-heading\"><strong><a href=\"https:\/\/regiontatry.sk\/turisticke-informacie\/bary-nocny-zivot\/\">Bars \/ Nachtleben<\/a><\/strong><\/h2>\n","protected":false},"excerpt":{"rendered":"<p>Vielf\u00e4ltig und unverwechselbar. So sind die Erlebnisse, an die Sie sich noch lange nach Momenten verbracht in der Hohen Tatra erinnern werden. Die Region der Tatra mischt f\u00fcr Sie den besten Cocktail von Emotionen. Verlieben Sie sich in unzug\u00e4ngliche Spitzen, gefrorene Wasserf\u00e4lle, sammeln Sie neue Energie beim Blick auf die m\u00e4rchenhafte wei\u00dfe Landschaft, entdecken Sie [&hellip;]<\/p>\n","protected":false},"author":1,"featured_media":21718,"parent":8694509,"menu_order":10,"comment_status":"closed","ping_status":"closed","template":"template-simple-page.php","meta":{"footnotes":""},"class_list":["post-21716","page","type-page","status-publish","has-post-thumbnail","hentry"],"_links":{"self":[{"href":"https:\/\/regiontatry.sk\/de\/wp-json\/wp\/v2\/pages\/21716"}],"collection":[{"href":"https:\/\/regiontatry.sk\/de\/wp-json\/wp\/v2\/pages"}],"about":[{"href":"https:\/\/regiontatry.sk\/de\/wp-json\/wp\/v2\/types\/page"}],"author":[{"embeddable":true,"href":"https:\/\/regiontatry.sk\/de\/wp-json\/wp\/v2\/users\/1"}],"replies":[{"embeddable":true,"href":"https:\/\/regiontatry.sk\/de\/wp-json\/wp\/v2\/comments?post=21716"}],"version-history":[{"count":3,"href":"https:\/\/regiontatry.sk\/de\/wp-json\/wp\/v2\/pages\/21716\/revisions"}],"predecessor-version":[{"id":9151738,"href":"https:\/\/regiontatry.sk\/de\/wp-json\/wp\/v2\/pages\/21716\/revisions\/9151738"}],"up":[{"embeddable":true,"href":"https:\/\/regiontatry.sk\/de\/wp-json\/wp\/v2\/pages\/8694509"}],"wp:featuredmedia":[{"embeddable":true,"href":"https:\/\/regiontatry.sk\/de\/wp-json\/wp\/v2\/media\/21718"}],"wp:attachment":[{"href":"https:\/\/regiontatry.sk\/de\/wp-json\/wp\/v2\/media?parent=21716"}],"curies":[{"name":"wp","href":"https:\/\/api.w.org\/{rel}","templated":true}]}}