{"id":24388,"date":"2020-02-07T14:19:23","date_gmt":"2020-02-07T13:19:23","guid":{"rendered":"https:\/\/regiontatry.sk\/sport\/virtualne-preteky\/"},"modified":"2020-02-07T14:19:23","modified_gmt":"2020-02-07T13:19:23","slug":"virtualne-preteky","status":"publish","type":"page","link":"https:\/\/regiontatry.sk\/de\/sport\/virtualne-preteky\/","title":{"rendered":"Virtu\u00e1lne preteky"},"content":{"rendered":"\n<p>Nad\u0161enci behu a&nbsp;nordic walkingu, ktor\u00ed radi pretekaj\u00fa, ale z&nbsp;r\u00f4znych d\u00f4vodov sa nemohli z\u00fa\u010dastni\u0165 origin\u00e1lnych pretekov maj\u00fa mo\u017enos\u0165 v&nbsp;Tatr\u00e1ch absolvova\u0165 tzv. Virtu\u00e1lne preteky. Ide o&nbsp;celoro\u010dn\u00fa aktivitu, pri\u010dom podmienkou \u00fa\u010dasti je registr\u00e1cia a zaslanie z\u00e1znamu prejdenia trasy v predp\u00edsanom form\u00e1te pod\u013ea propoz\u00edci\u00ed. \u00da\u010dastn\u00edci z\u00edskaj\u00fa \u0161tartovac\u00ed bal\u00ed\u010dek, \u00fa\u010dastn\u00edcku medailu alebo odznak a s\u00fa\u0165a\u017eia o&nbsp;hodnotn\u00e9 ceny.<br><br><\/p>\n\n\n\n<h4 class=\"wp-block-heading\"><strong>Ako to funguje?<\/strong><br><br><\/h4>\n\n\n\n<h4 class=\"wp-block-heading\">1)&nbsp; Registr\u00e1cia<\/h4>\n\n\n\n<p style=\"text-align:left\">Podmienkou \u00fa\u010dasti je <a href=\"http:\/\/tatryvpohybe.sk\/sk\/podujatia\/virtualnepreteky2019\/registration\" target=\"_blank\" rel=\"noreferrer noopener\" aria-label=\"registr\u00e1cia (otvor\u00ed sa v novej karte)\">registr\u00e1cia<\/a> na webe <a rel=\"noreferrer noopener\" aria-label=\"tatryvpohybe.sk (otvor\u00ed sa v novej karte)\" href=\"http:\/\/tatryvpohybe.sk\/sk\/podujatia\/virtualnepreteky2019\/registration\" target=\"_blank\">tatryvpohybe.sk<\/a>.<\/p>\n\n\n\n<h4 class=\"wp-block-heading\">2)&nbsp;V\u00fdber trasy<\/h4>\n\n\n\n<p>Na <a rel=\"noreferrer noopener\" aria-label=\"tatryvpohybe.sk (otvor\u00ed sa v novej karte)\" href=\"http:\/\/tatryvpohybe.sk\/sk\/virtualne\" target=\"_blank\">tatryvpohybe.sk<\/a> si <a href=\"http:\/\/tatryvpohybe.sk\/sk\/virtualne\" target=\"_blank\" rel=\"noreferrer noopener\" aria-label=\"zvo\u013ete trasu preteku (otvor\u00ed sa v novej karte)\">zvo\u013ete trasu preteku<\/a>, ktorej sa chcete z\u00fa\u010dastni\u0165. <\/p>\n\n\n\n<p>Ka\u017ed\u00fd \u00fa\u010dastn\u00edk si m\u00f4\u017ee vybra\u0165 \u013eubovo\u013en\u00fa trasu, ktor\u00e1 mu vyhovuje, no pokojne aj viacer\u00e9, alebo v\u0161etky. \u0160tart pretekov je individu\u00e1lny. S vybranou tra\u0165ou sa pred pretekom najsk\u00f4r dobre obozn\u00e1mte.<\/p>\n\n\n\n<h4 class=\"wp-block-heading\">3)&nbsp;Absolvovanie trasy s GPS<\/h4>\n\n\n\n<p>Absolvujte tra\u0165 a svoj v\u00fdkon zaznamenajte prostredn\u00edctvom \u013eubovo\u013en\u00e9ho GPS zariadenia. Tra\u0165 absolvujte pod\u013ea v\u00e1\u0161ho uv\u00e1\u017eenia a zaznamenajte svoj v\u00fdkon \u013eubovo\u013en\u00fdm GPS zariaden\u00edm. Pri pohybe na trati re\u0161pektujte   n\u00e1v\u0161tevn\u00fd poriadok TANAPu a poveternostn\u00e9 podmienky.    &nbsp;   <\/p>\n\n\n\n<h4 class=\"wp-block-heading\">4)&nbsp;Nahranie v\u00fdsledku<\/h4>\n\n\n\n<p style=\"text-align:left\">Svoj v\u00fdsledok nahrajte ako .gpx s\u00fabor na <a rel=\"noreferrer noopener\" href=\"http:\/\/tatryvpohybe.sk\/\" target=\"_blank\">tatryvpohybe.sk<\/a><br><br>S\u00fabor .gpx s inform\u00e1ciami o trase preteku z v\u00e1\u0161ho GPS zariadenia nahrajte na web <a rel=\"noreferrer noopener\" href=\"http:\/\/tatryvpohybe.sk\/\" target=\"_blank\">tatryvpohybe.sk<\/a>. V\u010faka tomu budete zaraden\u00ed do \u017erebovania o ceny. Ak pretek\u00e1te viacer\u00ed, budeme potrebova\u0165 .gpx s\u00fabor samostatne od ka\u017ed\u00e9ho z v\u00e1s. <\/p>\n\n\n\n<h4 class=\"wp-block-heading\">5)&nbsp;Odmeny<\/h4>\n\n\n\n<p>Po splnen\u00ed podmienok z\u00edskajte jednu zo zauj\u00edmav\u00fdch odmien.<\/p>\n\n\n\n<p>Ka\u017ed\u00fd z\u00e1znam o absolvovan\u00ed trasy m\u00e1 \u0161ancu v zlosovan\u00ed o ceny. \u010c\u00edm viac z\u00e1znamov, t\u00fdm je \u0161anca vy\u0161\u0161ia.<\/p>\n\n\n\n<p>Hlavn\u00e1 cena: \u0160portov\u00e9 hodinky Garmin, v\u00edkendov\u00fd pobyt v hoteli Crocus a \u010fal\u0161ie skvel\u00e9 ceny.<br><\/p>\n\n\n\n<div style=\"height:100px\" aria-hidden=\"true\" class=\"wp-block-spacer\"><\/div>\n\n\n\t<a href=\"http:\/\/tatryvpohybe.sk\/sk\/podujatia\/virtualnepreteky2019\" class=\"wp-block-cgb-block-creanet-list category-list grid-x grid-padding-x align-middle\">\n\t\t\t\t\t<div class=\"small-12 medium-6 large-5\">\n\t\t\t\t<figure><img src='https:\/\/regiontatry.sk\/wp-content\/uploads\/2020\/02\/vpSP-1.jpg'\n\t\t\t\t\t\talt=''\n\t\t\t\t\t\ttitle='vpSP'\n\t\t\t\t\t\/><\/figure>\n\t\t\t<\/div>\n\t\t\n\n\t\t<div class=\"cell small-12 medium-5 large-7\">\n\t\t\t<h3><strong>Virtu\u00e1lne preteky \u0160trbsk\u00e9 Pleso <\/strong><\/h3>\n\t\t\t<p>Virtu\u00e1lne preteky na vybran\u00fdch tras\u00e1ch v oblasti \u0160trby a \u0160trbsk\u00e9ho Plesa. Svojou \u00fa\u010das\u0165ou z\u00edskate mo\u017enos\u0165 vyhra\u0165 \u0161portov\u00e9 hodinky GARMIN FORERUNNER 245 MUSIC.<br><br><em>Virtu\u00e1lne preteky \u0160trbsk\u00e9 Pleso s\u00fa realizovan\u00e9 s\u00a0finan\u010dnou podporou Ministerstva dopravy a\u00a0v\u00fdstavby Slovenskej republiky.<\/em><\/p>\n\t\t<\/div>\n\t<\/a>\n\n\t\n\n\t<a href=\"https:\/\/pretekaj.sk\/sk\/podujatia\/virtualnevysoketatry2019\" class=\"wp-block-cgb-block-creanet-list category-list grid-x grid-padding-x align-middle\">\n\t\t\t\t\t<div class=\"small-12 medium-6 large-5\">\n\t\t\t\t<figure><img src='https:\/\/regiontatry.sk\/wp-content\/uploads\/2020\/02\/vpVT.jpg'\n\t\t\t\t\t\talt=''\n\t\t\t\t\t\ttitle='vpVT'\n\t\t\t\t\t\/><\/figure>\n\t\t\t<\/div>\n\t\t\n\n\t\t<div class=\"cell small-12 medium-5 large-7\">\n\t\t\t<h3><strong>Virtu\u00e1lne preteky Vysok\u00e9 Tatry <\/strong><\/h3>\n\t\t\t<p>\u010eal\u0161\u00ed ro\u010dn\u00edk virtu\u00e1lnych pretekov prebieha na vybran\u00fdch tras\u00e1ch v regi\u00f3ne Vysok\u00fdch Tatier. V\u0161etky trasy je mo\u017en\u00e9 absolvova\u0165 behom, ch\u00f4dzou, NW a trasu na Sliezsky dom aj na bicykli resp. v zime aj na ly\u017eiach. Svojou \u00fa\u010das\u0165ou z\u00edskate mo\u017enos\u0165 vyhra\u0165 \u0161portov\u00e9 hodinky GARMIN FORERUNNER 245 MUSIC.<br>Z\u00e1rove\u0148 svojou registr\u00e1ciou podpor\u00edte zna\u010denie a \u00fadr\u017ebu tatransk\u00fdch be\u017eeck\u00fdch a NW tr\u00e1s.<\/p>\n\t\t<\/div>\n\t<\/a>\n\n\t","protected":false},"excerpt":{"rendered":"<p>Nad\u0161enci behu a&nbsp;nordic walkingu, ktor\u00ed radi pretekaj\u00fa, ale z&nbsp;r\u00f4znych d\u00f4vodov sa nemohli z\u00fa\u010dastni\u0165 origin\u00e1lnych pretekov maj\u00fa mo\u017enos\u0165 v&nbsp;Tatr\u00e1ch absolvova\u0165 tzv. Virtu\u00e1lne preteky. Ide o&nbsp;celoro\u010dn\u00fa aktivitu, pri\u010dom podmienkou \u00fa\u010dasti je registr\u00e1cia a zaslanie z\u00e1znamu prejdenia trasy v predp\u00edsanom form\u00e1te pod\u013ea propoz\u00edci\u00ed. \u00da\u010dastn\u00edci z\u00edskaj\u00fa \u0161tartovac\u00ed bal\u00ed\u010dek, \u00fa\u010dastn\u00edcku medailu alebo odznak a s\u00fa\u0165a\u017eia o&nbsp;hodnotn\u00e9 ceny. Ako to funguje? [&hellip;]<\/p>\n","protected":false},"author":2,"featured_media":24377,"parent":21692,"menu_order":0,"comment_status":"closed","ping_status":"closed","template":"template-simple-page.php","meta":{"footnotes":""},"class_list":["post-24388","page","type-page","status-publish","has-post-thumbnail","hentry"],"_links":{"self":[{"href":"https:\/\/regiontatry.sk\/de\/wp-json\/wp\/v2\/pages\/24388"}],"collection":[{"href":"https:\/\/regiontatry.sk\/de\/wp-json\/wp\/v2\/pages"}],"about":[{"href":"https:\/\/regiontatry.sk\/de\/wp-json\/wp\/v2\/types\/page"}],"author":[{"embeddable":true,"href":"https:\/\/regiontatry.sk\/de\/wp-json\/wp\/v2\/users\/2"}],"replies":[{"embeddable":true,"href":"https:\/\/regiontatry.sk\/de\/wp-json\/wp\/v2\/comments?post=24388"}],"version-history":[{"count":0,"href":"https:\/\/regiontatry.sk\/de\/wp-json\/wp\/v2\/pages\/24388\/revisions"}],"up":[{"embeddable":true,"href":"https:\/\/regiontatry.sk\/de\/wp-json\/wp\/v2\/pages\/21692"}],"wp:featuredmedia":[{"embeddable":true,"href":"https:\/\/regiontatry.sk\/de\/wp-json\/wp\/v2\/media\/24377"}],"wp:attachment":[{"href":"https:\/\/regiontatry.sk\/de\/wp-json\/wp\/v2\/media?parent=24388"}],"curies":[{"name":"wp","href":"https:\/\/api.w.org\/{rel}","templated":true}]}}