{"id":6773144,"date":"2021-10-10T20:58:48","date_gmt":"2021-10-10T18:58:48","guid":{"rendered":"https:\/\/regiontatry.sk\/?page_id=6773144"},"modified":"2021-10-10T20:58:50","modified_gmt":"2021-10-10T18:58:50","slug":"reisen-in-die-slowakei","status":"publish","type":"page","link":"https:\/\/regiontatry.sk\/de\/reisen-in-die-slowakei\/","title":{"rendered":"REISEN IN DIE SLOWAKEI"},"content":{"rendered":"\n<p><strong>Es ist nicht\nwichtig, aus welchem Land Sie kommen, sondern ob Sie geimpft sind. Falls Sie\nnicht geimpft sind, m\u00fcssen Sie eine obligatorische Quarant\u00e4ne eintragen und die\nk\u00f6nnen Sie fr\u00fchestens am 5. Tag mit einem negativen RT-PCR-Test beenden. Ab\n19.7.2021 muss man VOLLST\u00c4NDIG GEIMPFT sein. Die Regeln f\u00fcr den Grenz\u00fcbergang\nund die obligatorische Selbstisolation werden auch ge\u00e4ndert. <\/strong><\/p>\n\n\n\n<p>Jeder, der die Grenze der Slowakischen Republik \u00fcberschreitet, muss sich im <a rel=\"noreferrer noopener\" aria-label=\"eHRANICA (otvor\u00ed sa v novej karte)\" href=\"https:\/\/korona.gov.sk\/ehranica\/\" target=\"_blank\">eHRANICA<\/a>-System registrieren.<\/p>\n\n\n\n<p>Die Regeln f\u00fcr den Grenz\u00fcbertritt und die nachfolgende\nSelbstisolation sind je nach dem Alter und weiteren Faktoren unterschiedlich:<\/p>\n\n\n\n<ul class=\"wp-block-list\"><li><strong>F\u00fcr Kinder bis 12 Jahre gelten dieselben Bedingungen wie f\u00fcr ihre Eltern, bzw. Personen in demselben Haushalt, deshalb m\u00fcssen sie sich im eHranica-System nicht registrieren.<\/strong><\/li><li><strong>Personen ab 12 Jahre m\u00fcssen sich im eHranica-System registrieren. <\/strong><\/li><\/ul>\n\n\n\n<p><strong>Was erwartet Sie bei der Registrierung im <a rel=\"noreferrer noopener\" aria-label=\" (otvor\u00ed sa v novej karte)\" href=\"https:\/\/korona.gov.sk\/ehranica\/\" target=\"_blank\">eHranica-System<\/a>?<\/strong><\/p>\n\n\n\n<ul class=\"wp-block-list\"><li>Nachdem Sie Ihre Grunddaten ausf\u00fcllen, brauchen wir zu wissen, ob Sie geimpft sind. Zur Auswahl haben Sie drei M\u00f6glichkeiten:<\/li><li><strong>Ich bin vollst\u00e4ndig geimpft und habe eine Impfbescheinigung.<\/strong><ul><li>Eine einfache Registrierung ist genug und Sie m\u00fcssen keine Selbstisolation absolvieren. <\/li><li>Die Registrierung gilt 6 Monate lang. <\/li><\/ul><\/li><li><strong>Ich bin nicht geimpft.<\/strong><ul><li>Bitte f\u00fcllen Sie das Formular aus. <\/li><li>Falls Sie in eine der Kategorien der Selbstisolation-Ausnahmen fallen, m\u00fcssen Sie die Quarant\u00e4ne nicht absolvieren. <\/li><\/ul><\/li><li><strong>Ausnahmen f\u00fcr nicht geimpfte Personen<\/strong><\/li><\/ul>\n\n\n\n<p>Falls\nSie noch nicht gegen COVID-19 geimpft wurden, k\u00f6nnen Sie eine\nSelbstisolation-Ausnahme beanspruchen. Die Ausnahmen werden in dem Formular\nnach den jeweiligen Bedingungen eingeteilt:<\/p>\n\n\n\n<p><strong> Ausnahmen, bei denen ein negativer RT-PCR-Test nicht \u00e4lter als 72 Stunden verlangt wird: <\/strong><\/p>\n\n\n\n<ul class=\"wp-block-list\"><li>dauerhafte Kontraindikationen f\u00fcr Impfung nach einer \u00e4rztlichen Bescheinigung <a rel=\"noreferrer noopener\" aria-label=\"Anhang Nr. 4 der Verordnung  (otvor\u00ed sa v novej karte)\" href=\"https:\/\/korona.gov.sk\/wp-content\/uploads\/2021\/07\/vyhlaska_226-priloha4.pdf\" target=\"_blank\">(Anhang Nr. 4 der Verordnung)<\/a><\/li><li>Eintritt in die Slowakei oder Verlassen der Slowakei f\u00fcr eine kurze Zeit wegen einer Beerdigung einer Bezugsperson oder als Begleitung (Bescheinigung verlangt)<\/li><li>Aus\u00fcbung einer politischen Funktion (offizielle Besuche, Delegationen, EP-Abgeordnete, Vertretungsbeh\u00f6rden)<\/li><li>von Ministerien erteilte Ausnahmen<\/li><li>Sportmannschaftsspieler, Mitglieder von Durchf\u00fchrungsaussch\u00fcssen, \u00a0Schiedsrichter<\/li><li>Arbeit im Gebiet der Kultur oder Forschung (Redakteure, Schauspieler, Restauratoren usw.)<\/li><\/ul>\n\n\n\n<p><strong>Ausnahmen, bei\ndenen ein negativer RT-PCR-Test nicht \u00e4lter als 7 Tage verlangt wird:<\/strong><\/p>\n\n\n\n<ul class=\"wp-block-list\"><li>Pendler<\/li><li>Sch\u00fcler und Studenten<\/li><li>Personen, die sich um nahe Verwandte\nk\u00fcmmern<\/li><li>Landwirte <\/li><\/ul>\n\n\n\n<p><strong>Ausnahmen, bei\ndenen ein negativer Antigen-Test nicht \u00e4lter als 7 Tage verlangt wird:<\/strong><\/p>\n\n\n\n<ul class=\"wp-block-list\"><li>Sch\u00fcler und Studenten<\/li><\/ul>\n\n\n\n<p><strong>Ausnahmen, bei\ndenen kein negativer Test verlangt wird:<\/strong><\/p>\n\n\n\n<ul class=\"wp-block-list\"><li>Fahrer und Besatzungen (Zug-, Personen-,\nFlug-, G\u00fcter-, Bus-, Schiffstransport, Transport von Personen zu Flugh\u00e4fen,\nRepatriierung von Personen, Bestattungsdienst, Sanit\u00e4tsdienst \u2013 Transport von\nPatienten, Organen, Blut)<\/li><\/ul>\n\n\n\n<p><strong>&nbsp;Von Ministerien\nerteilte Ausnahmen<\/strong><\/p>\n\n\n\n<ul class=\"wp-block-list\"><li>Anreise in die Slowakei auf dem Luftweg \u2013\nobligatorische Registrierung auf der Webseite: <a href=\"https:\/\/www.mindop.sk\/covid\/\" class=\"broken_link\">https:\/\/www.mindop.sk\/covid\/<\/a><\/li><\/ul>\n\n\n\n<p><strong>Falls Sie keine\nder Ausnahme-Bedingungen erf\u00fcllen, m\u00fcssen Sie in die obligatorische\nSelbstisolation eintreten.<\/strong><\/p>\n\n\n\n<p><strong>Die\nobligatorische Selbstisolation gilt nicht f\u00fcr:<\/strong><\/p>\n\n\n\n<ul class=\"wp-block-list\"><li>vollst\u00e4ndig geimpfte Personen,<\/li><li>Kinder von 12 bis 18 Jahre, falls kein\nMitglied ihres gemeinsamen Haushalts in die obligatorische Selbstisolation\neintreten muss (die Registrierung im eHranica-System gilt bis 9.8.2021).<\/li><\/ul>\n\n\n\n<p><strong>Selbstisolation nach der Ankunft in der Slowakei<\/strong><\/p>\n\n\n\n<p>Alle Personen, die ab 9. Juli 2021 06:00 Uhr die\nSlowakische Republik betreten und f\u00fcr die keine der Ausnahmen gilt, m\u00fcssen eine\nobligatorische Selbstisolation zu Hause oder in einer Quarant\u00e4neeinrichtung\neintragen.<\/p>\n\n\n\n<p><strong>Wann endet die\nSelbstisolation?<\/strong><\/p>\n\n\n\n<p>Bei symptomfreiem Verlauf nach dem 14. Tag der Isolation\noder nach einem negativen RT-PCR-Test, der fr\u00fchestens am 5. Tag der Isolation\ndurchgef\u00fchrt werden kann. <\/p>\n\n\n\n<p><strong>Selbstisolation\nf\u00fcr Kinder bis 12 Jahre<\/strong><\/p>\n\n\n\n<p>Bei symptomfreiem Verlauf endet die Selbstisolation bei\nKindern bis 12 Jahre zusammen mit deren Eltern, bzw. Personen aus demselben\nHaushalt. <\/p>\n\n\n\n<p><strong>Selbstisolation\nvon Personen, die in demselben Haushalt wohnen<\/strong><\/p>\n\n\n\n<p>Alle Personen, die in demselben Haushalt mit einer Person\nin Selbstisolation sind, m\u00fcssen f\u00fcr die ganze Dauer der Selbstisolation\ndieselben Regeln einhalten, bis die Selbstisolation der gegebenen Person nicht\nendet. <\/p>\n\n\n\n<p><strong>Obligatorischer\nRT-PCR-Test nicht \u00e4lter als 72 Stunden<\/strong><\/p>\n\n\n\n<p>Personen, die auf dem Luftweg in der Slowakischen\nRepublik aus einem Land, das nicht in der nachstehenden Liste angef\u00fchrt ist, ankommen,\nm\u00fcssen ein negatives RT-PCR-Pr\u00fcfergebnis nicht \u00e4lter als 72 Stunden aufweisen. <\/p>\n\n\n\n<p><strong>Weitere Ausnahmen aus der Selbstisolationspflicht FINDEN SIE <a rel=\"noreferrer noopener\" aria-label=\"HIER (otvor\u00ed sa v novej karte)\" href=\"https:\/\/korona.gov.sk\/cestovanie-do-sr\/\" target=\"_blank\">HIER<\/a>!<\/strong><\/p>\n\n\n\n<h3 class=\"wp-block-heading\"><br><strong>Definition vollst\u00e4ndig geimpfter Personen<\/strong><\/h3>\n\n\n\n<p>F\u00fcr den Zweck der Verordnung gelten als vollst\u00e4ndig\ngeimpft: <\/p>\n\n\n\n<ul class=\"wp-block-list\"><li><strong>Personen, die die <\/strong>zweite<strong> <\/strong>Dosis<strong> eines 2-<\/strong>Dosen<strong>-Impfstoffs gegen <\/strong>COVID-19 <strong>wenigstens vor 14 Tagen und\nsp\u00e4testens vor 1 Jahr erhielten<\/strong> (G\u00fcltigkeit der Registrierung im\neHranica-System \u2013 6 Monate)<\/li><li><strong>Personen, die eine <\/strong>Dosis<strong> eines 1-<\/strong>Dosen<strong>-Impfstoffs gegen <\/strong>COVID-19 <strong>wenigstens vor 21 Tagen und\nsp\u00e4testens vor 1 Jahr erhielten<\/strong> (G\u00fcltigkeit der Registrierung im\neHranica-System \u2013 6 Monate)<\/li><li><strong>Personen, die irgendeine <\/strong>Dosis<strong> eines Impfstoffs wenigstens vor 14 Tagen und sp\u00e4testens\nvor 1 Jahr erhielten und die gleichzeitig die COVID-19-Erkrankung innerhalb von\n180 Tagen vor der Impfung durchmachten <\/strong>(G\u00fcltigkeit der\nRegistrierung im eHranica-System \u2013 6 Monate).<\/li><\/ul>\n\n\n\n<p><strong>Transit durch die Slowakei ohne Registrierung im eHranica-System \u2013 Fahrer\nund Besatzungen<\/strong><\/p>\n\n\n\n<ul class=\"wp-block-list\"><li>Beim Transit\n     durch die Slowakische Republik muss man ohne Pause fahren (au\u00dfer Tanken).<\/li><li>Jeder\n     Transit kann max. 8 Stunden dauern. <\/li><li>Beim Transit\n     muss man sich im eHranica-System nicht registrieren. <\/li><\/ul>\n","protected":false},"excerpt":{"rendered":"<p>Es ist nicht wichtig, aus welchem Land Sie kommen, sondern ob Sie geimpft sind. Falls Sie nicht geimpft sind, m\u00fcssen Sie eine obligatorische Quarant\u00e4ne eintragen und die k\u00f6nnen Sie fr\u00fchestens am 5. Tag mit einem negativen RT-PCR-Test beenden. Ab 19.7.2021 muss man VOLLST\u00c4NDIG GEIMPFT sein. Die Regeln f\u00fcr den Grenz\u00fcbergang und die obligatorische Selbstisolation werden [&hellip;]<\/p>\n","protected":false},"author":2,"featured_media":7094704,"parent":0,"menu_order":0,"comment_status":"closed","ping_status":"closed","template":"template-simple-page.php","meta":{"footnotes":""},"class_list":["post-6773144","page","type-page","status-publish","has-post-thumbnail","hentry"],"_links":{"self":[{"href":"https:\/\/regiontatry.sk\/de\/wp-json\/wp\/v2\/pages\/6773144"}],"collection":[{"href":"https:\/\/regiontatry.sk\/de\/wp-json\/wp\/v2\/pages"}],"about":[{"href":"https:\/\/regiontatry.sk\/de\/wp-json\/wp\/v2\/types\/page"}],"author":[{"embeddable":true,"href":"https:\/\/regiontatry.sk\/de\/wp-json\/wp\/v2\/users\/2"}],"replies":[{"embeddable":true,"href":"https:\/\/regiontatry.sk\/de\/wp-json\/wp\/v2\/comments?post=6773144"}],"version-history":[{"count":1,"href":"https:\/\/regiontatry.sk\/de\/wp-json\/wp\/v2\/pages\/6773144\/revisions"}],"predecessor-version":[{"id":6773145,"href":"https:\/\/regiontatry.sk\/de\/wp-json\/wp\/v2\/pages\/6773144\/revisions\/6773145"}],"wp:featuredmedia":[{"embeddable":true,"href":"https:\/\/regiontatry.sk\/de\/wp-json\/wp\/v2\/media\/7094704"}],"wp:attachment":[{"href":"https:\/\/regiontatry.sk\/de\/wp-json\/wp\/v2\/media?parent=6773144"}],"curies":[{"name":"wp","href":"https:\/\/api.w.org\/{rel}","templated":true}]}}