{"id":8694509,"date":"2022-03-21T10:02:43","date_gmt":"2022-03-21T09:02:43","guid":{"rendered":"https:\/\/regiontatry.sk\/gastronomia\/"},"modified":"2025-05-13T21:48:36","modified_gmt":"2025-05-13T19:48:36","slug":"gastronomia","status":"publish","type":"page","link":"https:\/\/regiontatry.sk\/de\/gastronomia\/","title":{"rendered":"Gastronomie"},"content":{"rendered":"\n<h3><span style=\"font-weight: 400;\">Gastro dobrodru\u017estv\u00e1 v Tatr\u00e1ch: Kde chu\u0165 stret\u00e1va kr\u00e1su pr\u00edrody<\/span><\/h3>\n<p><span style=\"font-weight: 400;\">Vitajte v regi\u00f3ne Tatry, kde sa gastron\u00f3mia sp\u00e1ja s n\u00e1dhern\u00fdmi v\u00fdh\u013eadmi a autentickou atmosf\u00e9rou. N\u00e1\u0161 regi\u00f3n je domovom bohatej kult\u00fary a trad\u00edci\u00ed, ktor\u00e9 sa odr\u00e1\u017eaj\u00fa v na\u0161ej kuchyni a <a href=\"https:\/\/regiontatry.sk\/de\/gastronomia\/feinschmeckerei-und-emotionen\/\">gastronomick\u00fdch z\u00e1\u017eitkoch.<\/a><\/span><\/p>\n<p><b>Gastron\u00f3mia v Tatr\u00e1ch<\/b><span style=\"font-weight: 400;\"> pon\u00faka rozmanit\u00e9 mo\u017enosti pre v\u0161etk\u00fdch milovn\u00edkov dobrej stravy. Na\u0161e <\/span><b>re\u0161taur\u00e1cie v Tatr\u00e1ch<\/b><span style=\"font-weight: 400;\"> v\u00e1m pon\u00fakaj\u00fa tradi\u010dn\u00e9 slovensk\u00e9 jedl\u00e1 s modern\u00fdm n\u00e1dychom, ktor\u00e9 si m\u00f4\u017eete vychutna\u0165 v pr\u00edjemnom prostred\u00ed s v\u00fdh\u013eadom na okolit\u00e9 hory.<\/span><\/p>\n<p><b>Gastro turizmus v Tatr\u00e1ch<\/b><span style=\"font-weight: 400;\"> je ide\u00e1lnou pr\u00edle\u017eitos\u0165ou na objavovanie nov\u00fdch chu\u0165ov\u00fdch skvostov a kult\u00farneho dedi\u010dstva regi\u00f3nu -nav\u0161t\u00edvte <\/span><b><a href=\"https:\/\/regiontatry.sk\/de\/gastronomia\/almhutten\/\">sala\u0161e, koliby<\/a>. <\/b><span style=\"font-weight: 400;\">\u00a0<\/span><b><a href=\"https:\/\/regiontatry.sk\/de\/gastronomia\/cafes\/\">Kaviarne<\/a> v Tatr\u00e1ch<\/b><span style=\"font-weight: 400;\">, pon\u00fakaj\u00fa miesto,\u00a0 kde si m\u00f4\u017eete vychutna\u0165 skvel\u00fa k\u00e1vu a dom\u00e1ce dezerty v pokojnom prostred\u00ed.<\/span><\/p>\n<p><span style=\"font-weight: 400;\">Ak m\u00e1te radi dobrodru\u017estvo, nav\u0161t\u00edvte\u00a0 na na\u0161e <\/span><b>gastro festivaly<\/b><span style=\"font-weight: 400;\">, ktor\u00e9 pon\u00fakaj\u00fa \u0161irok\u00fa \u0161k\u00e1lu \u0161pecial\u00edt a\u00a0chut\u00ed.\u00a0<\/span><\/p>\n<p><span style=\"font-weight: 400;\">Nechajte sa in\u0161pirova\u0165 na\u0161ou ponukou a objavte chu\u0165ov\u00e9 poklady Tatier u\u017e dnes!<\/span><\/p>\n","protected":false},"excerpt":{"rendered":"<p>Gastro dobrodru\u017estv\u00e1 v Tatr\u00e1ch: Kde chu\u0165 stret\u00e1va kr\u00e1su pr\u00edrody Vitajte v regi\u00f3ne Tatry, kde sa gastron\u00f3mia sp\u00e1ja s n\u00e1dhern\u00fdmi v\u00fdh\u013eadmi a autentickou atmosf\u00e9rou. N\u00e1\u0161 regi\u00f3n je domovom bohatej kult\u00fary a trad\u00edci\u00ed, ktor\u00e9 sa odr\u00e1\u017eaj\u00fa v na\u0161ej kuchyni a gastronomick\u00fdch z\u00e1\u017eitkoch. Gastron\u00f3mia v Tatr\u00e1ch pon\u00faka rozmanit\u00e9 mo\u017enosti pre v\u0161etk\u00fdch milovn\u00edkov dobrej stravy. Na\u0161e re\u0161taur\u00e1cie v Tatr\u00e1ch [&hellip;]<\/p>\n","protected":false},"author":11,"featured_media":8688219,"parent":0,"menu_order":0,"comment_status":"closed","ping_status":"closed","template":"template-subpages.php","meta":{"footnotes":""},"class_list":["post-8694509","page","type-page","status-publish","has-post-thumbnail","hentry"],"_links":{"self":[{"href":"https:\/\/regiontatry.sk\/de\/wp-json\/wp\/v2\/pages\/8694509"}],"collection":[{"href":"https:\/\/regiontatry.sk\/de\/wp-json\/wp\/v2\/pages"}],"about":[{"href":"https:\/\/regiontatry.sk\/de\/wp-json\/wp\/v2\/types\/page"}],"author":[{"embeddable":true,"href":"https:\/\/regiontatry.sk\/de\/wp-json\/wp\/v2\/users\/11"}],"replies":[{"embeddable":true,"href":"https:\/\/regiontatry.sk\/de\/wp-json\/wp\/v2\/comments?post=8694509"}],"version-history":[{"count":5,"href":"https:\/\/regiontatry.sk\/de\/wp-json\/wp\/v2\/pages\/8694509\/revisions"}],"predecessor-version":[{"id":10225024,"href":"https:\/\/regiontatry.sk\/de\/wp-json\/wp\/v2\/pages\/8694509\/revisions\/10225024"}],"wp:featuredmedia":[{"embeddable":true,"href":"https:\/\/regiontatry.sk\/de\/wp-json\/wp\/v2\/media\/8688219"}],"wp:attachment":[{"href":"https:\/\/regiontatry.sk\/de\/wp-json\/wp\/v2\/media?parent=8694509"}],"curies":[{"name":"wp","href":"https:\/\/api.w.org\/{rel}","templated":true}]}}