{"id":8845426,"date":"2023-01-06T21:37:09","date_gmt":"2023-01-06T20:37:09","guid":{"rendered":"https:\/\/regiontatry.sk\/familie-und-kinder-sommer\/gastronomia-az-nad-oblaky\/"},"modified":"2023-03-17T13:18:34","modified_gmt":"2023-03-17T12:18:34","slug":"gastronomia-az-nad-oblaky","status":"publish","type":"page","link":"https:\/\/regiontatry.sk\/de\/familie-und-kinder-sommer\/gastronomia-az-nad-oblaky\/","title":{"rendered":"Gastronomie \u00fcber den Wolken"},"content":{"rendered":"\n<h3 class=\"wp-block-heading\"><em><strong>Unvergessliches kulinarisches Erlebnis in den Wolken \u00fcber der Tatra<\/strong><\/em><\/h3>\n\n\n\n<p>Erleben Sie&nbsp;<strong>etwas\nSpezielles \u2013 ein unvergessliches gastronomisches Abenteuer in einem\nHei\u00dfluftballon. <\/strong>Der einmalige Flug mit kulinarischen Spezialit\u00e4ten\nder Chefk\u00f6che des <strong>Hotels Lomnica<\/strong> beginnt am Fu\u00dfe der Hohen Tatra und\ndauert ung. 60 \u2013 90 Minuten *.<\/p>\n\n\n\n<p><em>* Die Flugdauer\nh\u00e4ngt vom Wetter ab.<\/em><\/p>\n\n\n\n<ul class=\"wp-block-gallery columns-2 is-cropped wp-block-gallery-2 is-layout-flex wp-block-gallery-is-layout-flex\"><li class=\"blocks-gallery-item\"><figure><img loading=\"lazy\" decoding=\"async\" width=\"560\" height=\"560\" src=\"https:\/\/regiontatry.sk\/wp-content\/uploads\/2023\/01\/image-1-1-1.png\" alt=\"\" data-id=\"8714120\" data-link=\"https:\/\/regiontatry.sk\/?attachment_id=8714120\" class=\"wp-image-8714120\" srcset=\"https:\/\/regiontatry.sk\/wp-content\/uploads\/2023\/01\/image-1-1-1.png 560w, https:\/\/regiontatry.sk\/wp-content\/uploads\/2023\/01\/image-1-1-1-150x150.png 150w, https:\/\/regiontatry.sk\/wp-content\/uploads\/2023\/01\/image-1-1-1-300x300.png 300w, https:\/\/regiontatry.sk\/wp-content\/uploads\/2023\/01\/image-1-1-1-552x552.png 552w\" sizes=\"(max-width: 560px) 100vw, 560px\" \/><\/figure><\/li><li class=\"blocks-gallery-item\"><figure><img loading=\"lazy\" decoding=\"async\" width=\"587\" height=\"449\" src=\"https:\/\/regiontatry.sk\/wp-content\/uploads\/2023\/01\/Kulin\u00e1rske-lety.png\" alt=\"\" data-id=\"8714132\" data-link=\"https:\/\/regiontatry.sk\/?attachment_id=8714132\" class=\"wp-image-8714132\" srcset=\"https:\/\/regiontatry.sk\/wp-content\/uploads\/2023\/01\/Kulin\u00e1rske-lety.png 587w, https:\/\/regiontatry.sk\/wp-content\/uploads\/2023\/01\/Kulin\u00e1rske-lety-300x229.png 300w, https:\/\/regiontatry.sk\/wp-content\/uploads\/2023\/01\/Kulin\u00e1rske-lety-552x422.png 552w\" sizes=\"(max-width: 587px) 100vw, 587px\" \/><\/figure><\/li><\/ul>\n\n\n\n<h1 class=\"wp-block-heading\"><em><strong>Kulinarische Fl\u00fcge <\/strong><\/em><\/h1>\n\n\n\n<p>Himmlisches Abenteuer mit erstklassiger Gastronomie des Teams des Hotels Lomnica verbunden mit Sonnenaufgang- oder Sonnenuntergangausblicken und einem Glass Hey You Bubbles vom Weinbau ViaJur und einer Tasse Kaffee vor dem Flug verspricht eine tadellose romantische Atmosph\u00e4re. Das Flugangebot finden Sie\u00a0<a href=\"https:\/\/www.kuulinair.sk\/ponuka-letov\/\">HIER.<\/a>.<\/p>\n\n\n\n<ul class=\"wp-block-gallery columns-3 is-cropped wp-block-gallery-3 is-layout-flex wp-block-gallery-is-layout-flex\"><li class=\"blocks-gallery-item\"><figure><img loading=\"lazy\" decoding=\"async\" width=\"360\" height=\"360\" src=\"https:\/\/regiontatry.sk\/wp-content\/uploads\/2023\/01\/kulin\u00e1rske-lety-1.png\" alt=\"\" data-id=\"8714138\" data-link=\"https:\/\/regiontatry.sk\/?attachment_id=8714138\" class=\"wp-image-8714138\" srcset=\"https:\/\/regiontatry.sk\/wp-content\/uploads\/2023\/01\/kulin\u00e1rske-lety-1.png 360w, https:\/\/regiontatry.sk\/wp-content\/uploads\/2023\/01\/kulin\u00e1rske-lety-1-150x150.png 150w, https:\/\/regiontatry.sk\/wp-content\/uploads\/2023\/01\/kulin\u00e1rske-lety-1-300x300.png 300w\" sizes=\"(max-width: 360px) 100vw, 360px\" \/><\/figure><\/li><li class=\"blocks-gallery-item\"><figure><img loading=\"lazy\" decoding=\"async\" width=\"360\" height=\"540\" src=\"https:\/\/regiontatry.sk\/wp-content\/uploads\/2023\/01\/image-3-1.png\" alt=\"\" data-id=\"8714144\" data-link=\"https:\/\/regiontatry.sk\/?attachment_id=8714144\" class=\"wp-image-8714144\" srcset=\"https:\/\/regiontatry.sk\/wp-content\/uploads\/2023\/01\/image-3-1.png 360w, https:\/\/regiontatry.sk\/wp-content\/uploads\/2023\/01\/image-3-1-200x300.png 200w\" sizes=\"(max-width: 360px) 100vw, 360px\" \/><\/figure><\/li><li class=\"blocks-gallery-item\"><figure><img loading=\"lazy\" decoding=\"async\" width=\"360\" height=\"540\" src=\"https:\/\/regiontatry.sk\/wp-content\/uploads\/2023\/01\/kulin\u00e1rske-lety-2.png\" alt=\"\" data-id=\"8714150\" data-link=\"https:\/\/regiontatry.sk\/?attachment_id=8714150\" class=\"wp-image-8714150\" srcset=\"https:\/\/regiontatry.sk\/wp-content\/uploads\/2023\/01\/kulin\u00e1rske-lety-2.png 360w, https:\/\/regiontatry.sk\/wp-content\/uploads\/2023\/01\/kulin\u00e1rske-lety-2-200x300.png 200w\" sizes=\"(max-width: 360px) 100vw, 360px\" \/><\/figure><\/li><\/ul>\n\n\n\n<h1 class=\"wp-block-heading\"><em><strong>Aussichtsfl\u00fcge<\/strong><\/em><\/h1>\n\n\n\n<p>Beobachten Sie, wie die Sonne morgens \u00fcber der Spitzen der Tatra aufgeht oder abends hinter den Horizont runtergeht, und genie\u00dfen Sie wundersch\u00f6ne Naturszenerien vom Fr\u00fchling bis Herbst. Der Start eines neuen sonnigen Tages sowie dessen Ende k\u00f6nnen dank einem Aussichtsflug unvergesslich sein. Das Flugangebot finden Sie <a href=\"https:\/\/www.kuulinair.sk\/ponuka-letov\/\">HIER<\/a>.<\/p>\n\n\n\n<ul class=\"wp-block-gallery columns-1 is-cropped wp-block-gallery-4 is-layout-flex wp-block-gallery-is-layout-flex\"><li class=\"blocks-gallery-item\"><figure><img loading=\"lazy\" decoding=\"async\" width=\"560\" height=\"560\" src=\"https:\/\/regiontatry.sk\/wp-content\/uploads\/2023\/01\/image-1-8-1-1.png\" alt=\"\" data-id=\"8714156\" data-link=\"https:\/\/regiontatry.sk\/?attachment_id=8714156\" class=\"wp-image-8714156\" srcset=\"https:\/\/regiontatry.sk\/wp-content\/uploads\/2023\/01\/image-1-8-1-1.png 560w, https:\/\/regiontatry.sk\/wp-content\/uploads\/2023\/01\/image-1-8-1-1-150x150.png 150w, https:\/\/regiontatry.sk\/wp-content\/uploads\/2023\/01\/image-1-8-1-1-300x300.png 300w, https:\/\/regiontatry.sk\/wp-content\/uploads\/2023\/01\/image-1-8-1-1-552x552.png 552w\" sizes=\"(max-width: 560px) 100vw, 560px\" \/><\/figure><\/li><\/ul>\n\n\n\n<p>Kuulinair bietet eine einmalige Verbindung aller Sinne, kulinarischer Erlebnisse und eines m\u00e4rchenhaften Ausflugs zu den Wolken, die ideal f\u00fcr alle Fans au\u00dfergew\u00f6hnlicher Erlebnisse ist, aber auch f\u00fcr mehr konservative Leute, die gerne ab und zu aus dem Trott rauskommen. <\/p>\n","protected":false},"excerpt":{"rendered":"<p>Unvergessliches kulinarisches Erlebnis in den Wolken \u00fcber der Tatra Erleben Sie&nbsp;etwas Spezielles \u2013 ein unvergessliches gastronomisches Abenteuer in einem Hei\u00dfluftballon. Der einmalige Flug mit kulinarischen Spezialit\u00e4ten der Chefk\u00f6che des Hotels Lomnica beginnt am Fu\u00dfe der Hohen Tatra und dauert ung. 60 \u2013 90 Minuten *. * Die Flugdauer h\u00e4ngt vom Wetter ab. Kulinarische Fl\u00fcge Himmlisches [&hellip;]<\/p>\n","protected":false},"author":12,"featured_media":8714134,"parent":21690,"menu_order":0,"comment_status":"closed","ping_status":"closed","template":"template-simple-page.php","meta":{"footnotes":""},"class_list":["post-8845426","page","type-page","status-publish","has-post-thumbnail","hentry"],"_links":{"self":[{"href":"https:\/\/regiontatry.sk\/de\/wp-json\/wp\/v2\/pages\/8845426"}],"collection":[{"href":"https:\/\/regiontatry.sk\/de\/wp-json\/wp\/v2\/pages"}],"about":[{"href":"https:\/\/regiontatry.sk\/de\/wp-json\/wp\/v2\/types\/page"}],"author":[{"embeddable":true,"href":"https:\/\/regiontatry.sk\/de\/wp-json\/wp\/v2\/users\/12"}],"replies":[{"embeddable":true,"href":"https:\/\/regiontatry.sk\/de\/wp-json\/wp\/v2\/comments?post=8845426"}],"version-history":[{"count":1,"href":"https:\/\/regiontatry.sk\/de\/wp-json\/wp\/v2\/pages\/8845426\/revisions"}],"predecessor-version":[{"id":8845427,"href":"https:\/\/regiontatry.sk\/de\/wp-json\/wp\/v2\/pages\/8845426\/revisions\/8845427"}],"up":[{"embeddable":true,"href":"https:\/\/regiontatry.sk\/de\/wp-json\/wp\/v2\/pages\/21690"}],"wp:featuredmedia":[{"embeddable":true,"href":"https:\/\/regiontatry.sk\/de\/wp-json\/wp\/v2\/media\/8714134"}],"wp:attachment":[{"href":"https:\/\/regiontatry.sk\/de\/wp-json\/wp\/v2\/media?parent=8845426"}],"curies":[{"name":"wp","href":"https:\/\/api.w.org\/{rel}","templated":true}]}}