{"id":8903573,"date":"2023-04-18T22:10:25","date_gmt":"2023-04-18T20:10:25","guid":{"rendered":"https:\/\/regiontatry.sk\/tatranske-unikaty\/"},"modified":"2023-04-18T22:46:21","modified_gmt":"2023-04-18T20:46:21","slug":"tatranske-unikaty","status":"publish","type":"page","link":"https:\/\/regiontatry.sk\/de\/tatranske-unikaty\/","title":{"rendered":"Unikate der Tatra"},"content":{"rendered":"\n<h4 class=\"wp-block-heading\"><em>Entdecken Sie einmalige Unikate der Tatra, die dank Pfaden jeden zu unerforschten Stellen in der Tatra f\u00fchren. <\/em><\/h4>\n\n\n\n<p><strong>Die Hohe Tatra ist das kleinste Hochgebirge der Welt, versteckt daf\u00fcr viele Natur- und Sakralkleinode und Sch\u00f6nheiten. Auch bekannte und besuchte Lokalit\u00e4ten k\u00f6nnen erfahrene Naturfans \u00fcberraschen und begeistern. <\/strong><\/p>\n\n\n\n<p>Die T\u00e4ler Velick\u00e1 dolina mit einem faszinierenden\nNaturgarten, Skalnat\u00e1 dolina mit einer Talmulde f\u00fcr Filmmacher oder Javorov\u00e1\ndolina, wo sich F\u00fcrst Hohenlohe wie zu Hause f\u00fchlte. Stellen, die dank ihren\nGeschichten einmalig sind, kann man sich bei Ausfl\u00fcgen durch die Tatra\nmarkieren. All das bildet mit einer Landkarte der Abenteurer, Fan-Fotos und\ninteressanten Texten einen Komplex von Stellen, die es sich lohnt zu besuchen. <\/p>\n\n\n\n<div class=\"wp-block-image\"><figure class=\"aligncenter is-resized\"><a href=\"https:\/\/regiontatry.sk\/wp-content\/uploads\/2023\/04\/Tatranske_unikaty_plagat-1.jpg\" data-rel=\"lightbox-image-0\" data-rl_title=\"\" data-rl_caption=\"\" title=\"\"><img loading=\"lazy\" decoding=\"async\" src=\"https:\/\/regiontatry.sk\/wp-content\/uploads\/2023\/04\/Tatranske_unikaty_plagat-1-724x1024.jpg\" alt=\"\" class=\"wp-image-8903527\" width=\"362\" height=\"512\" srcset=\"https:\/\/regiontatry.sk\/wp-content\/uploads\/2023\/04\/Tatranske_unikaty_plagat-1-724x1024.jpg 724w, https:\/\/regiontatry.sk\/wp-content\/uploads\/2023\/04\/Tatranske_unikaty_plagat-1-212x300.jpg 212w, https:\/\/regiontatry.sk\/wp-content\/uploads\/2023\/04\/Tatranske_unikaty_plagat-1-768x1086.jpg 768w, https:\/\/regiontatry.sk\/wp-content\/uploads\/2023\/04\/Tatranske_unikaty_plagat-1-698x987.jpg 698w, https:\/\/regiontatry.sk\/wp-content\/uploads\/2023\/04\/Tatranske_unikaty_plagat-1-552x781.jpg 552w, https:\/\/regiontatry.sk\/wp-content\/uploads\/2023\/04\/Tatranske_unikaty_plagat-1.jpg 1240w\" sizes=\"(max-width: 362px) 100vw, 362px\" \/><\/a><\/figure><\/div>\n\n\n\n<p><strong>VELICK\u00c1 DOLINA<\/strong><br>Erfahren Sie, wer hinter der Bildung von Touristenpfaden ist, wo die ersten Hochgebirgsh\u00fctten standen, warum eine der Talmulden nach einem Schenkwirt benannt ist, wie ein junger tschechischer&nbsp; Dichter mit seinem      Leben Tatransk\u00e1 Polianka beeinflusste und viel mehr. <br><\/p>\n\n\n\n<p><strong>SKALNAT\u00c1 DOLINA<\/strong><br>Bewundern Sie ein Geb\u00e4ude, wonach ein Planet benannt wurde, sehen Sie, wie die einst gr\u00f6\u00dfte Rodelbahn Europas ungef\u00e4hr aussah, erfahren Sie interessante Informationen \u00fcber die Entstehung der Skalnat\u00e1 H\u00fctte.<br><\/p>\n\n\n\n<p><strong>JAVOROV\u00c1 DOLINA<\/strong><br>Bewundern Sie ein Geb\u00e4ude, wonach ein Planet benannt wurde, sehen Sie, wie die einst gr\u00f6\u00dfte Rodelbahn Europas ungef\u00e4hr aussah, erfahren Sie interessante Informationen \u00fcber die Entstehung der Skalnat\u00e1 H\u00fctte.<br><\/p>\n\n\n\n<p>Studieren Sie die Touristenkarte ein, nehmen Sie eine Thermosflasche und machen Sie sich auf den Weg zu einmaligen Stellen in der Hohen Tatra. <\/p>\n\n\n\n<h4 class=\"wp-block-heading\">KARTE DER EINZIGARTIGEN TATRA: <a href=\"https:\/\/www.mapotic.com\/tatranske-unikaty?zoom=11&amp;lng=20.185317993164066&amp;lat=49.14353776699441\">HIER!<\/a><\/h4>\n\n\n\n<ul class=\"wp-block-gallery columns-3 is-cropped wp-block-gallery-2 is-layout-flex wp-block-gallery-is-layout-flex\"><li class=\"blocks-gallery-item\"><figure><img loading=\"lazy\" decoding=\"async\" width=\"1024\" height=\"1024\" src=\"https:\/\/regiontatry.sk\/wp-content\/uploads\/2023\/04\/Javorova-dolina_Zvernica-1-1024x1024.jpg\" alt=\"\" data-id=\"8903490\" data-link=\"https:\/\/regiontatry.sk\/?attachment_id=8903490\" class=\"wp-image-8903490\" srcset=\"https:\/\/regiontatry.sk\/wp-content\/uploads\/2023\/04\/Javorova-dolina_Zvernica-1-1024x1024.jpg 1024w, https:\/\/regiontatry.sk\/wp-content\/uploads\/2023\/04\/Javorova-dolina_Zvernica-1-150x150.jpg 150w, https:\/\/regiontatry.sk\/wp-content\/uploads\/2023\/04\/Javorova-dolina_Zvernica-1-300x300.jpg 300w, https:\/\/regiontatry.sk\/wp-content\/uploads\/2023\/04\/Javorova-dolina_Zvernica-1-768x768.jpg 768w, https:\/\/regiontatry.sk\/wp-content\/uploads\/2023\/04\/Javorova-dolina_Zvernica-1-698x698.jpg 698w, https:\/\/regiontatry.sk\/wp-content\/uploads\/2023\/04\/Javorova-dolina_Zvernica-1-552x552.jpg 552w, https:\/\/regiontatry.sk\/wp-content\/uploads\/2023\/04\/Javorova-dolina_Zvernica-1.jpg 1080w\" sizes=\"(max-width: 1024px) 100vw, 1024px\" \/><\/figure><\/li><li class=\"blocks-gallery-item\"><figure><img loading=\"lazy\" decoding=\"async\" width=\"1024\" height=\"1024\" src=\"https:\/\/regiontatry.sk\/wp-content\/uploads\/2023\/04\/Skalnata-dolina_Filmarsky-zlab-1-1024x1024.jpg\" alt=\"\" data-id=\"8903496\" data-link=\"https:\/\/regiontatry.sk\/?attachment_id=8903496\" class=\"wp-image-8903496\" srcset=\"https:\/\/regiontatry.sk\/wp-content\/uploads\/2023\/04\/Skalnata-dolina_Filmarsky-zlab-1-1024x1024.jpg 1024w, https:\/\/regiontatry.sk\/wp-content\/uploads\/2023\/04\/Skalnata-dolina_Filmarsky-zlab-1-150x150.jpg 150w, https:\/\/regiontatry.sk\/wp-content\/uploads\/2023\/04\/Skalnata-dolina_Filmarsky-zlab-1-300x300.jpg 300w, https:\/\/regiontatry.sk\/wp-content\/uploads\/2023\/04\/Skalnata-dolina_Filmarsky-zlab-1-768x768.jpg 768w, https:\/\/regiontatry.sk\/wp-content\/uploads\/2023\/04\/Skalnata-dolina_Filmarsky-zlab-1-698x698.jpg 698w, https:\/\/regiontatry.sk\/wp-content\/uploads\/2023\/04\/Skalnata-dolina_Filmarsky-zlab-1-552x552.jpg 552w, https:\/\/regiontatry.sk\/wp-content\/uploads\/2023\/04\/Skalnata-dolina_Filmarsky-zlab-1.jpg 1080w\" sizes=\"(max-width: 1024px) 100vw, 1024px\" \/><\/figure><\/li><li class=\"blocks-gallery-item\"><figure><img loading=\"lazy\" decoding=\"async\" width=\"1024\" height=\"1024\" src=\"https:\/\/regiontatry.sk\/wp-content\/uploads\/2023\/04\/Skalnata-dolina_Filmarsky-zlab-2-1024x1024.jpg\" alt=\"\" data-id=\"8903502\" data-link=\"https:\/\/regiontatry.sk\/?attachment_id=8903502\" class=\"wp-image-8903502\" srcset=\"https:\/\/regiontatry.sk\/wp-content\/uploads\/2023\/04\/Skalnata-dolina_Filmarsky-zlab-2-1024x1024.jpg 1024w, https:\/\/regiontatry.sk\/wp-content\/uploads\/2023\/04\/Skalnata-dolina_Filmarsky-zlab-2-150x150.jpg 150w, https:\/\/regiontatry.sk\/wp-content\/uploads\/2023\/04\/Skalnata-dolina_Filmarsky-zlab-2-300x300.jpg 300w, https:\/\/regiontatry.sk\/wp-content\/uploads\/2023\/04\/Skalnata-dolina_Filmarsky-zlab-2-768x768.jpg 768w, https:\/\/regiontatry.sk\/wp-content\/uploads\/2023\/04\/Skalnata-dolina_Filmarsky-zlab-2-698x698.jpg 698w, https:\/\/regiontatry.sk\/wp-content\/uploads\/2023\/04\/Skalnata-dolina_Filmarsky-zlab-2-552x552.jpg 552w, https:\/\/regiontatry.sk\/wp-content\/uploads\/2023\/04\/Skalnata-dolina_Filmarsky-zlab-2.jpg 1080w\" sizes=\"(max-width: 1024px) 100vw, 1024px\" \/><\/figure><\/li><li class=\"blocks-gallery-item\"><figure><img loading=\"lazy\" decoding=\"async\" width=\"1024\" height=\"1024\" src=\"https:\/\/regiontatry.sk\/wp-content\/uploads\/2023\/04\/Skalnata-dolina_Pramenisko-1024x1024.jpg\" alt=\"\" data-id=\"8903508\" data-link=\"https:\/\/regiontatry.sk\/?attachment_id=8903508\" class=\"wp-image-8903508\" srcset=\"https:\/\/regiontatry.sk\/wp-content\/uploads\/2023\/04\/Skalnata-dolina_Pramenisko-1024x1024.jpg 1024w, https:\/\/regiontatry.sk\/wp-content\/uploads\/2023\/04\/Skalnata-dolina_Pramenisko-150x150.jpg 150w, https:\/\/regiontatry.sk\/wp-content\/uploads\/2023\/04\/Skalnata-dolina_Pramenisko-300x300.jpg 300w, https:\/\/regiontatry.sk\/wp-content\/uploads\/2023\/04\/Skalnata-dolina_Pramenisko-768x768.jpg 768w, https:\/\/regiontatry.sk\/wp-content\/uploads\/2023\/04\/Skalnata-dolina_Pramenisko-698x698.jpg 698w, https:\/\/regiontatry.sk\/wp-content\/uploads\/2023\/04\/Skalnata-dolina_Pramenisko-552x552.jpg 552w, https:\/\/regiontatry.sk\/wp-content\/uploads\/2023\/04\/Skalnata-dolina_Pramenisko.jpg 1080w\" sizes=\"(max-width: 1024px) 100vw, 1024px\" \/><\/figure><\/li><li class=\"blocks-gallery-item\"><figure><img loading=\"lazy\" decoding=\"async\" width=\"1024\" height=\"1024\" src=\"https:\/\/regiontatry.sk\/wp-content\/uploads\/2023\/04\/Velicka-dolina_Zlta-stena-1024x1024.jpg\" alt=\"\" data-id=\"8903514\" data-link=\"https:\/\/regiontatry.sk\/?attachment_id=8903514\" class=\"wp-image-8903514\" srcset=\"https:\/\/regiontatry.sk\/wp-content\/uploads\/2023\/04\/Velicka-dolina_Zlta-stena-1024x1024.jpg 1024w, https:\/\/regiontatry.sk\/wp-content\/uploads\/2023\/04\/Velicka-dolina_Zlta-stena-150x150.jpg 150w, https:\/\/regiontatry.sk\/wp-content\/uploads\/2023\/04\/Velicka-dolina_Zlta-stena-300x300.jpg 300w, https:\/\/regiontatry.sk\/wp-content\/uploads\/2023\/04\/Velicka-dolina_Zlta-stena-768x768.jpg 768w, https:\/\/regiontatry.sk\/wp-content\/uploads\/2023\/04\/Velicka-dolina_Zlta-stena-698x698.jpg 698w, https:\/\/regiontatry.sk\/wp-content\/uploads\/2023\/04\/Velicka-dolina_Zlta-stena-552x552.jpg 552w, https:\/\/regiontatry.sk\/wp-content\/uploads\/2023\/04\/Velicka-dolina_Zlta-stena.jpg 1080w\" sizes=\"(max-width: 1024px) 100vw, 1024px\" \/><\/figure><\/li><\/ul>\n\n\n\n<p>Realizovan\u00e9 s finan\u010dnou podporou Ministerstva dopravy a v\u00fdstavby Slovenskej republiky. <\/p>\n\n\n\n<figure class=\"wp-block-image\"><img loading=\"lazy\" decoding=\"async\" width=\"632\" height=\"173\" src=\"https:\/\/regiontatry.sk\/wp-content\/uploads\/2023\/04\/log\u00e1-na-web.png\" alt=\"\" class=\"wp-image-8903553\" srcset=\"https:\/\/regiontatry.sk\/wp-content\/uploads\/2023\/04\/log\u00e1-na-web.png 632w, https:\/\/regiontatry.sk\/wp-content\/uploads\/2023\/04\/log\u00e1-na-web-300x82.png 300w, https:\/\/regiontatry.sk\/wp-content\/uploads\/2023\/04\/log\u00e1-na-web-552x151.png 552w\" sizes=\"(max-width: 632px) 100vw, 632px\" \/><\/figure>\n","protected":false},"excerpt":{"rendered":"<p>Entdecken Sie einmalige Unikate der Tatra, die dank Pfaden jeden zu unerforschten Stellen in der Tatra f\u00fchren. Die Hohe Tatra ist das kleinste Hochgebirge der Welt, versteckt daf\u00fcr viele Natur- und Sakralkleinode und Sch\u00f6nheiten. Auch bekannte und besuchte Lokalit\u00e4ten k\u00f6nnen erfahrene Naturfans \u00fcberraschen und begeistern. Die T\u00e4ler Velick\u00e1 dolina mit einem faszinierenden Naturgarten, Skalnat\u00e1 dolina [&hellip;]<\/p>\n","protected":false},"author":12,"featured_media":8903546,"parent":0,"menu_order":0,"comment_status":"closed","ping_status":"closed","template":"template-list.php","meta":{"footnotes":""},"class_list":["post-8903573","page","type-page","status-publish","has-post-thumbnail","hentry"],"_links":{"self":[{"href":"https:\/\/regiontatry.sk\/de\/wp-json\/wp\/v2\/pages\/8903573"}],"collection":[{"href":"https:\/\/regiontatry.sk\/de\/wp-json\/wp\/v2\/pages"}],"about":[{"href":"https:\/\/regiontatry.sk\/de\/wp-json\/wp\/v2\/types\/page"}],"author":[{"embeddable":true,"href":"https:\/\/regiontatry.sk\/de\/wp-json\/wp\/v2\/users\/12"}],"replies":[{"embeddable":true,"href":"https:\/\/regiontatry.sk\/de\/wp-json\/wp\/v2\/comments?post=8903573"}],"version-history":[{"count":2,"href":"https:\/\/regiontatry.sk\/de\/wp-json\/wp\/v2\/pages\/8903573\/revisions"}],"predecessor-version":[{"id":8903586,"href":"https:\/\/regiontatry.sk\/de\/wp-json\/wp\/v2\/pages\/8903573\/revisions\/8903586"}],"wp:featuredmedia":[{"embeddable":true,"href":"https:\/\/regiontatry.sk\/de\/wp-json\/wp\/v2\/media\/8903546"}],"wp:attachment":[{"href":"https:\/\/regiontatry.sk\/de\/wp-json\/wp\/v2\/media?parent=8903573"}],"curies":[{"name":"wp","href":"https:\/\/api.w.org\/{rel}","templated":true}]}}