{"id":10253310,"date":"2025-04-16T21:44:26","date_gmt":"2025-04-16T19:44:26","guid":{"rendered":"https:\/\/regiontatry.sk\/letna-dovolenka-vo-vysokych-tatrach\/"},"modified":"2025-12-01T12:41:16","modified_gmt":"2025-12-01T11:41:16","slug":"summer-holidays-in-the-high-tatras","status":"publish","type":"page","link":"https:\/\/regiontatry.sk\/en\/summer-holidays-in-the-high-tatras\/","title":{"rendered":"Letn\u00e1 dovolenka vo Vysok\u00fdch Tatr\u00e1ch"},"content":{"rendered":"\n\n","protected":false},"excerpt":{"rendered":"","protected":false},"author":12,"featured_media":0,"parent":0,"menu_order":0,"comment_status":"closed","ping_status":"closed","template":"template-homepage-new.php","meta":{"footnotes":""},"class_list":["post-10253310","page","type-page","status-publish","hentry"],"_links":{"self":[{"href":"https:\/\/regiontatry.sk\/en\/wp-json\/wp\/v2\/pages\/10253310"}],"collection":[{"href":"https:\/\/regiontatry.sk\/en\/wp-json\/wp\/v2\/pages"}],"about":[{"href":"https:\/\/regiontatry.sk\/en\/wp-json\/wp\/v2\/types\/page"}],"author":[{"embeddable":true,"href":"https:\/\/regiontatry.sk\/en\/wp-json\/wp\/v2\/users\/12"}],"replies":[{"embeddable":true,"href":"https:\/\/regiontatry.sk\/en\/wp-json\/wp\/v2\/comments?post=10253310"}],"version-history":[{"count":4,"href":"https:\/\/regiontatry.sk\/en\/wp-json\/wp\/v2\/pages\/10253310\/revisions"}],"predecessor-version":[{"id":13154503,"href":"https:\/\/regiontatry.sk\/en\/wp-json\/wp\/v2\/pages\/10253310\/revisions\/13154503"}],"wp:attachment":[{"href":"https:\/\/regiontatry.sk\/en\/wp-json\/wp\/v2\/media?parent=10253310"}],"curies":[{"name":"wp","href":"https:\/\/api.w.org\/{rel}","templated":true}]}}