{"id":12132,"date":"2019-09-18T11:09:49","date_gmt":"2019-09-18T09:09:49","guid":{"rendered":"http:\/\/regiontatry.creanet.sk\/?page_id=12132"},"modified":"2025-09-11T23:13:48","modified_gmt":"2025-09-11T21:13:48","slug":"autumn-in-the-tatras","status":"publish","type":"page","link":"https:\/\/regiontatry.sk\/en\/autumn-in-the-tatras\/","title":{"rendered":"Autumn in the Tatras"},"content":{"rendered":"\n<p>The ideal hiking season in the Tatras has begun. Don\u00b4t miss it! The mountain range is truly picturesque in autumn! Nature is full of colours, sunrays are pleasant and warm, mountain breeze is refreshing. Autumn in the mountains is typical for more stable weather, endless views, uncrowded tourist trails and more peace. This autumn season is tailored mainly for families with small non-school kids, seniors and everybody who wants to enjoy the colourful Tatras. <\/p>\n\n\n\n<p>The tourist season in the High Tatras continues. All trails are opened, even those in alpine terrain, and breathtaking views, the most beautiful ones of the year, are like a special bonus. All age groups can enjoy themselves to the fullest \u2013 experienced tourists as well as less demanding ones. In autumn, the Tatras offer tourist trails through valleys, ascents to chalets, trips to beautiful tarns, peaks and two-thousanders, across saddles with heavenly views but also the fascinating world of animals and plants. <br><\/p>\n\n\n\n<p><\/p>\n\n\n\n<iframe loading=\"lazy\" width=\"49%\" height=\"300\" src=\"https:\/\/www.youtube.com\/embed\/WOdnl5jNlAg\" frameborder=\"0\" allow=\"accelerometer; autoplay; encrypted-media; gyroscope; picture-in-picture\" allowfullscreen=\"\"><\/iframe>\n\n\n\n<iframe loading=\"lazy\" width=\"49%\" height=\"300\" src=\"https:\/\/www.youtube.com\/embed\/wLSUy_J_Ls8\" frameborder=\"0\" allow=\"accelerometer; autoplay; encrypted-media; gyroscope; picture-in-picture\" allowfullscreen=\"\"><\/iframe>\n\n\n\n<iframe loading=\"lazy\" width=\"49%\" height=\"300\" src=\"https:\/\/www.youtube.com\/embed\/NisuSROxz0w\" frameborder=\"0\" allow=\"accelerometer; autoplay; encrypted-media; gyroscope; picture-in-picture\" allowfullscreen=\"\"><\/iframe>\n\n\n\n<iframe loading=\"lazy\" width=\"49%\" height=\"300\" src=\"https:\/\/www.youtube.com\/embed\/KNZcfxIT11g\" frameborder=\"0\" allow=\"accelerometer; autoplay; encrypted-media; gyroscope; picture-in-picture\" allowfullscreen=\"\"><\/iframe>\n\n\n\n<p><br><em><strong>Read our suggestions how to spend a nice autumn day:<\/strong><\/em><\/p>\n\n\n\t<a href=\"https:\/\/regiontatry.sk\/en\/hiking\/mountains-and-hiking\/\" class=\"wp-block-cgb-block-creanet-list category-list grid-x grid-padding-x align-middle\">\n\t\t\t\t\t<div class=\"small-12 medium-6 large-5\">\n\t\t\t\t<figure><img src='https:\/\/regiontatry.sk\/wp-content\/uploads\/2019\/09\/15f6bb192afce53d042271091f15c1b6.jpg'\n\t\t\t\t\t\talt=''\n\t\t\t\t\t\ttitle='15f6bb192afce53d042271091f15c1b6'\n\t\t\t\t\t\/><\/figure>\n\t\t\t<\/div>\n\t\t\n\n\t\t<div class=\"cell small-12 medium-5 large-7\">\n\t\t\t<h3>Hiking in the mountains<br><\/h3>\n\t\t\t<p>Make a trip to any of the popular alpine chalets. They are opened all year round, except the highest located Chalet under Mt Rysy (2 250 m a.s.l.), which is opened only during the summer season from 01.06. to 31.10.<br><\/p>\n\t\t<\/div>\n\t<\/a>\n\n\t\n\n\t<a href=\"https:\/\/regiontatry.sk\/en\/hiking\/cableway-trips\/\" class=\"wp-block-cgb-block-creanet-list category-list grid-x grid-padding-x align-middle\">\n\t\t\t\t\t<div class=\"small-12 medium-6 large-5\">\n\t\t\t\t<figure><img src='https:\/\/regiontatry.sk\/wp-content\/uploads\/2019\/05\/DSC_0129-ko\u0301pia.jpg'\n\t\t\t\t\t\talt=''\n\t\t\t\t\t\ttitle='DSC_0129 - ko\u0301pia'\n\t\t\t\t\t\/><\/figure>\n\t\t\t<\/div>\n\t\t\n\n\t\t<div class=\"cell small-12 medium-5 large-7\">\n\t\t\t<h3>Cableway trips<\/h3>\n\t\t\t<p>Travel high to the clouds to the summit of Mt Lomnick\u00fd \u0161t\u00edt and have a cup of coffee in the stylish Dedo caf\u00e9. Hrebienok and Mt Solisko offer breathtaking views as well. Kids love cableway trips!<\/p>\n\t\t<\/div>\n\t<\/a>\n\n\t\n\n\t<a href=\"https:\/\/regiontatry.sk\/en\/cycling\/cycle-routes\/\" class=\"wp-block-cgb-block-creanet-list category-list grid-x grid-padding-x align-middle\">\n\t\t\t\t\t<div class=\"small-12 medium-6 large-5\">\n\t\t\t\t<figure><img src='https:\/\/regiontatry.sk\/wp-content\/uploads\/2019\/09\/SD-ATIVITY-OUTDOOR-BIKEDSC00015-5-FIN.jpg'\n\t\t\t\t\t\talt=''\n\t\t\t\t\t\ttitle='SD-ATIVITY-OUTDOOR-BIKEDSC00015-5-FIN'\n\t\t\t\t\t\/><\/figure>\n\t\t\t<\/div>\n\t\t\n\n\t\t<div class=\"cell small-12 medium-5 large-7\">\n\t\t\t<h3>Cyclo-tourism<br><\/h3>\n\t\t\t<p>Enjoy the Tatras on two wheels and choose from more than 300 km of marked cycle routes around the whole High Tatras. Active movement before winter feels good! <\/p>\n\t\t<\/div>\n\t<\/a>\n\n\t\n\n\t<a href=\"https:\/\/regiontatry.sk\/en\/wellness-and-relaxation\/aquapark-aquacity-poprad\/\" class=\"wp-block-cgb-block-creanet-list category-list grid-x grid-padding-x align-middle\">\n\t\t\t\t\t<div class=\"small-12 medium-6 large-5\">\n\t\t\t\t<figure><img src='https:\/\/regiontatry.sk\/wp-content\/uploads\/2018\/10\/AquaCity_Poprad_panorama_2017_3000.jpg'\n\t\t\t\t\t\talt=''\n\t\t\t\t\t\ttitle='AquaCity_Poprad_panorama_2017_3000'\n\t\t\t\t\t\/><\/figure>\n\t\t\t<\/div>\n\t\t\n\n\t\t<div class=\"cell small-12 medium-5 large-7\">\n\t\t\t<h3>A water paradise at the foot of the Tatras &#8211; thermal aquapark in Poprad<\/h3>\n\t\t\t<p>Discover a unique water world at the foot of the High Tatras \u2013 thermal aquapark in Poprad  offers 13 outdoor and indoor thermal water pools with temperatures of 28\u00b0C \u2013 38\u00b0C, water slides, more than 350 water attractions, the largest 2-storey wellness centre in Slovakia and various activities. <br><\/p>\n\t\t<\/div>\n\t<\/a>\n\n\t\n\n\t<a href=\"https:\/\/regiontatry.sk\/en\/wellness-and-relaxation\/wellness-spa\/\" class=\"wp-block-cgb-block-creanet-list category-list grid-x grid-padding-x align-middle\">\n\t\t\t\t\t<div class=\"small-12 medium-6 large-5\">\n\t\t\t\t<figure><img src='https:\/\/regiontatry.sk\/wp-content\/uploads\/2019\/05\/Sni\u0301mka-09-03-2018-23-49-13.tiffAquaCity_Poprad_Wellness_2018_AquaCity_Poprad_Wellness_2018_-ko\u0301pia.jpg'\n\t\t\t\t\t\talt=''\n\t\t\t\t\t\ttitle='Sni\u0301mka-09-03-2018-23-49-13.tiffAquaCity_Poprad_Wellness_2018_AquaCity_Poprad_Wellness_2018_ - ko\u0301pia'\n\t\t\t\t\t\/><\/figure>\n\t\t\t<\/div>\n\t\t\n\n\t\t<div class=\"cell small-12 medium-5 large-7\">\n\t\t\t<h3>Wellness relaxation<\/h3>\n\t\t\t<p>Recharge your batteries before winter, have a rest, spoil yourself with massages, in saunas and whirlpools, discover the harmony of body and mind. The hotel wellness centres in the Tatras combine unique feelings with absolute luxury. <\/p>\n\t\t<\/div>\n\t<\/a>\n\n\t\n\n\t<a href=\"https:\/\/regiontatry.sk\/en\/families-and-children-summer\/atrakcie-a-herne-pre-deti\/\" class=\"wp-block-cgb-block-creanet-list category-list grid-x grid-padding-x align-middle\">\n\t\t\t\t\t<div class=\"small-12 medium-6 large-5\">\n\t\t\t\t<figure><img src='https:\/\/regiontatry.sk\/wp-content\/uploads\/2025\/09\/ac74f6e442489f669f7da841a7d83e3a-scaled.jpg'\n\t\t\t\t\t\talt=''\n\t\t\t\t\t\ttitle='ac74f6e442489f669f7da841a7d83e3a'\n\t\t\t\t\t\/><\/figure>\n\t\t\t<\/div>\n\t\t\n\n\t\t<div class=\"cell small-12 medium-5 large-7\">\n\t\t\t<h3>Attractions for kids and adults<br><\/h3>\n\t\t\t<p>Have fun with your family in all weathers. The popular attraction offer includes Tricklandia, Adventure golf, a sledge starting simulator, kid\u00b4s club playgrounds, climbing walls, a golf simulator, tennis courts, the interactive Dobr\u00e1 hra\u010dka gallery, y and the digital Poliankovo gallery.<br>If you make a trip or a hike, kids can enjoy great fun on a bobsleigh track, with mountain carts in Tatransk\u00e1 Lomnica, in the Marmot Land in Skalnat\u00e9 pleso or in the Squirrel Park and the Fun Park in \u0160trbsk\u00e9 Pleso.<\/p>\n\t\t<\/div>\n\t<\/a>\n\n\t\n\n\t<a href=\"https:\/\/regiontatry.sk\/en\/region\/discovering-history-and-traditions\/\" class=\"wp-block-cgb-block-creanet-list category-list grid-x grid-padding-x align-middle\">\n\t\t\t\t\t<div class=\"small-12 medium-6 large-5\">\n\t\t\t\t<figure><img src='https:\/\/regiontatry.sk\/wp-content\/uploads\/2025\/09\/sherpa-muzeum.jpg'\n\t\t\t\t\t\talt=''\n\t\t\t\t\t\ttitle='sherpa muzeum'\n\t\t\t\t\t\/><\/figure>\n\t\t\t<\/div>\n\t\t\n\n\t\t<div class=\"cell small-12 medium-5 large-7\">\n\t\t\t<h3>Historic sights and museums<\/h3>\n\t\t\t<p>Enjoy the culture of the region of the High Tatras \u2013 visit historic town centres, discover historic monuments, have fun at cultural and folklore events, have a look at interesting expositions of museums and galleries in Poprad, Tatransk\u00e1 Lomnica and Star\u00fd Smokovec. Learn more about the history with guides of the information centre in Poprad or join regular tours around the settlements of the Tatras with Tatra information centres. <br><\/p>\n\t\t<\/div>\n\t<\/a>\n\n\t\n\n\t<a href=\"https:\/\/regiontatry.sk\/en\/event\/\" class=\"wp-block-cgb-block-creanet-list category-list grid-x grid-padding-x align-middle\">\n\t\t\t\t\t<div class=\"small-12 medium-6 large-5\">\n\t\t\t\t<figure><img src='https:\/\/regiontatry.sk\/wp-content\/uploads\/2025\/05\/Nordic-walking-1_1300x854-e1747163946924.jpg'\n\t\t\t\t\t\talt=''\n\t\t\t\t\t\ttitle='Nordic walking 1_1300x854'\n\t\t\t\t\t\/><\/figure>\n\t\t\t<\/div>\n\t\t\n\n\t\t<div class=\"cell small-12 medium-5 large-7\">\n\t\t\t<h3>Cultural and sports events<\/h3>\n\t\t\t<p>The autumn will be rich in events again. Check our event calendar and choose the cultural or sports events that suit you best. <\/p>\n\t\t<\/div>\n\t<\/a>\n\n\t\n\n\n<div style=\"height:100px\" aria-hidden=\"true\" class=\"wp-block-spacer\"><\/div>\n\n\n\n<p>Whether in hiking shoes, with a bike or in swimwear, the Tatras are beautifully colourful and full of attractions in autumn. <br><\/p>\n\n\n\n<p><\/p>\n","protected":false},"excerpt":{"rendered":"<p>The ideal hiking season in the Tatras has begun. Don\u00b4t miss it! The mountain range is truly picturesque in autumn! Nature is full of colours, sunrays are pleasant and warm, mountain breeze is refreshing. Autumn in the mountains is typical for more stable weather, endless views, uncrowded tourist trails and more peace. This autumn season [&hellip;]<\/p>\n","protected":false},"author":2,"featured_media":13154,"parent":0,"menu_order":0,"comment_status":"closed","ping_status":"closed","template":"template-simple-page.php","meta":{"footnotes":""},"class_list":["post-12132","page","type-page","status-publish","has-post-thumbnail","hentry"],"_links":{"self":[{"href":"https:\/\/regiontatry.sk\/en\/wp-json\/wp\/v2\/pages\/12132"}],"collection":[{"href":"https:\/\/regiontatry.sk\/en\/wp-json\/wp\/v2\/pages"}],"about":[{"href":"https:\/\/regiontatry.sk\/en\/wp-json\/wp\/v2\/types\/page"}],"author":[{"embeddable":true,"href":"https:\/\/regiontatry.sk\/en\/wp-json\/wp\/v2\/users\/2"}],"replies":[{"embeddable":true,"href":"https:\/\/regiontatry.sk\/en\/wp-json\/wp\/v2\/comments?post=12132"}],"version-history":[{"count":16,"href":"https:\/\/regiontatry.sk\/en\/wp-json\/wp\/v2\/pages\/12132\/revisions"}],"predecessor-version":[{"id":11122450,"href":"https:\/\/regiontatry.sk\/en\/wp-json\/wp\/v2\/pages\/12132\/revisions\/11122450"}],"wp:featuredmedia":[{"embeddable":true,"href":"https:\/\/regiontatry.sk\/en\/wp-json\/wp\/v2\/media\/13154"}],"wp:attachment":[{"href":"https:\/\/regiontatry.sk\/en\/wp-json\/wp\/v2\/media?parent=12132"}],"curies":[{"name":"wp","href":"https:\/\/api.w.org\/{rel}","templated":true}]}}