{"id":12136,"date":"2018-10-09T14:56:55","date_gmt":"2018-10-09T12:56:55","guid":{"rendered":"http:\/\/regiontatry.creanet.sk\/families-and-children\/rodinna-turistika-zima\/"},"modified":"2019-11-12T13:57:35","modified_gmt":"2019-11-12T12:57:35","slug":"rodinna-turistika-zima","status":"publish","type":"page","link":"https:\/\/regiontatry.sk\/en\/families-and-children\/rodinna-turistika-zima\/","title":{"rendered":"Rodinn\u00e1 turistika"},"content":{"rendered":"\n<p>Odpor\u00fa\u010dame nieko\u013eko tipov na kr\u00e1tke vych\u00e1dzky do 2 hod\u00edn, ide\u00e1lne aj na turistiku s mal\u00fdmi de\u0165mi:<\/p>\n\n\n\n<h3 class=\"wp-block-heading\"><strong><br>TIPY NA RODINN\u00c9 V\u00ddLETY<\/strong><\/h3>\n\n\n\n<table class=\"wp-block-table\"><tbody><tr><td>&nbsp;<\/td><td>&nbsp;<\/td><td>hod.<\/td><td>&nbsp;<\/td><td>prev\u00fd\u0161enie<\/td><\/tr><tr><td><strong>Zo \u0160trbsk\u00e9ho Plesa na Jamsk\u00e9 pleso<\/strong><\/td><td>&nbsp;<\/td><td>1:00<\/td><td>&nbsp;<\/td><td>120 m<\/td><\/tr><tr><td><strong>Zo zast\u00e1vky Popradsk\u00e9 Pleso k Popradsk\u00e9mu plesu<\/strong>,<br>\u0161tvrt\u00e9mu najv\u00e4\u010d\u0161iemu v Tatr\u00e1ch<\/td><td>&nbsp;<\/td><td>1:00<\/td><td>&nbsp;<\/td><td>250 m<\/td><\/tr><tr><td>Z<strong>&nbsp;Podbansk\u00e9ho ku Kme\u0165ovmu vodop\u00e1du<\/strong>,<br>najv\u00e4\u010d\u0161iemu na Slovensku (80m)<\/td><td>&nbsp;<\/td><td>2:00<\/td><td>&nbsp;<\/td><td>320 m<\/td><\/tr><tr><td><strong>Okruh Star\u00e9ho Smokovca<\/strong><br>Star\u00fd Smokovec &#8211; \u00fap\u00e4tie Slavkovsk\u00e9ho \u0161t\u00edtu &#8211; Hrebienok &#8211; Star\u00fd Smokovec<\/td><td>&nbsp;<\/td><td>2:00<\/td><td>&nbsp;<\/td><td>300 m<\/td><\/tr><tr><td><strong>K Rainerovej \u00fatulni a vodop\u00e1dom Studen\u00e9ho potoka<\/strong><br>Star\u00fd Smokovec &#8211; Hrebienok &#8211; Vodop\u00e1dy Studen\u00e9ho potoka &#8211; Starolesnianska po\u013eana (b\u00fdvala po\u013eana Kamz\u00edk) &#8211; Rainerova \u00fatul\u0148a<\/td><td>&nbsp;<\/td><td>1:00<\/td><td>&nbsp;<\/td><td>150 m<\/td><\/tr><tr><td><strong>Z Tatranskej Lomnice na \u0160tart<\/strong><\/td><td>&nbsp;<\/td><td>1:00<\/td><td>&nbsp;<\/td><td>200 m<\/td><\/tr><tr><td><strong>Lomnick\u00fd okruh<\/strong><br>Tatransk\u00e1 Lomnica &#8211; l\u00faky pri Matliaroch a sp\u00e4\u0165 chodn\u00edkom pozd\u013a\u017e cesty Slobody<\/td><td>&nbsp;<\/td><td>1:30<\/td><td>&nbsp;<\/td><td>50 m<\/td><\/tr><tr><td><strong>Z Javoriny na Po\u013eanu pod Mur\u00e1\u0148om<\/strong><\/td><td>&nbsp;<\/td><td>0:45<\/td><td>&nbsp;<\/td><td>110 m<\/td><\/tr><tr><td><strong>Z Lysej Po\u013eany na Po\u013eanu pod Rozpadlinami<\/strong><br>pozd\u013a\u017e Bielej vody &#8211; hor\u00e1re\u0148 &#8211; Po\u013eana pod Rozpadlinami<\/td><td>&nbsp;<\/td><td>1:00<\/td><td>&nbsp;<\/td><td>50 m<\/td><\/tr><\/tbody><\/table>\n","protected":false},"excerpt":{"rendered":"<p>Odpor\u00fa\u010dame nieko\u013eko tipov na kr\u00e1tke vych\u00e1dzky do 2 hod\u00edn, ide\u00e1lne aj na turistiku s mal\u00fdmi de\u0165mi: TIPY NA RODINN\u00c9 V\u00ddLETY &nbsp; &nbsp; hod. &nbsp; prev\u00fd\u0161enie Zo \u0160trbsk\u00e9ho Plesa na Jamsk\u00e9 pleso &nbsp; 1:00 &nbsp; 120 m Zo zast\u00e1vky Popradsk\u00e9 Pleso k Popradsk\u00e9mu plesu,\u0161tvrt\u00e9mu najv\u00e4\u010d\u0161iemu v Tatr\u00e1ch &nbsp; 1:00 &nbsp; 250 m Z&nbsp;Podbansk\u00e9ho ku Kme\u0165ovmu vodop\u00e1du,najv\u00e4\u010d\u0161iemu [&hellip;]<\/p>\n","protected":false},"author":2,"featured_media":7235,"parent":1575,"menu_order":0,"comment_status":"closed","ping_status":"closed","template":"template-simple-page.php","meta":{"footnotes":""},"class_list":["post-12136","page","type-page","status-publish","has-post-thumbnail","hentry"],"_links":{"self":[{"href":"https:\/\/regiontatry.sk\/en\/wp-json\/wp\/v2\/pages\/12136"}],"collection":[{"href":"https:\/\/regiontatry.sk\/en\/wp-json\/wp\/v2\/pages"}],"about":[{"href":"https:\/\/regiontatry.sk\/en\/wp-json\/wp\/v2\/types\/page"}],"author":[{"embeddable":true,"href":"https:\/\/regiontatry.sk\/en\/wp-json\/wp\/v2\/users\/2"}],"replies":[{"embeddable":true,"href":"https:\/\/regiontatry.sk\/en\/wp-json\/wp\/v2\/comments?post=12136"}],"version-history":[{"count":5,"href":"https:\/\/regiontatry.sk\/en\/wp-json\/wp\/v2\/pages\/12136\/revisions"}],"predecessor-version":[{"id":21156,"href":"https:\/\/regiontatry.sk\/en\/wp-json\/wp\/v2\/pages\/12136\/revisions\/21156"}],"up":[{"embeddable":true,"href":"https:\/\/regiontatry.sk\/en\/wp-json\/wp\/v2\/pages\/1575"}],"wp:featuredmedia":[{"embeddable":true,"href":"https:\/\/regiontatry.sk\/en\/wp-json\/wp\/v2\/media\/7235"}],"wp:attachment":[{"href":"https:\/\/regiontatry.sk\/en\/wp-json\/wp\/v2\/media?parent=12136"}],"curies":[{"name":"wp","href":"https:\/\/api.w.org\/{rel}","templated":true}]}}