{"id":12138,"date":"2018-10-09T11:39:14","date_gmt":"2018-10-09T09:39:14","guid":{"rendered":"http:\/\/regiontatry.creanet.sk\/verejne-obstaravanie\/"},"modified":"2018-10-26T15:48:14","modified_gmt":"2018-10-26T13:48:14","slug":"procurement","status":"publish","type":"page","link":"https:\/\/regiontatry.sk\/en\/procurement\/","title":{"rendered":"Procurement"},"content":{"rendered":"\n<p>Stiahnite si PDF s\u00fabory:<br\/><\/p>\n\n\n\n<p><strong>V\u00fdzvy na predlo\u017eenie cenovej ponuky v r\u00e1mci prieskumu trhu:<\/strong><\/p>\n\n\n\n<p>2017:<\/p>\n\n\n\n<ul class=\"wp-block-list\"><li><strong><a href=\"\/wp-content\/uploads\/2018\/10\/vyzva_produktove-video-leisure-1.pdf\" target=\"_blank\">V\u00fdroba produktov\u00e9ho videa na t\u00e9mu LEISURE<\/a><\/strong><\/li><li><strong><a href=\"\/wp-content\/uploads\/2018\/10\/vyzva_zameranie-cyklomagistrala-vysoke-tatry.pdf\" target=\"_blank\">Cyklo-ly\u017eiarska magistr\u00e1la \u2013 polohopisn\u00e9 a v\u00fd\u0161kopisn\u00e9 zameranie trasy<\/a><\/strong><\/li><li><strong><a href=\"\/wp-content\/uploads\/2018\/10\/vyzva_oprava-telocvicne-tatr-strba-1.pdf\" target=\"_blank\">Oprava telocvi\u010dne Tatransk\u00e1 \u0160trba<\/a><\/strong><\/li><li><strong><a href=\"\/wp-content\/uploads\/2018\/10\/vyzva_oprava-cesty-k-poste-a-chodnika-k-oz-1.pdf\" target=\"_blank\">Oprava komunik\u00e1cie k po\u0161te a chodn\u00edka k Ozubnicovej \u017eeleznici na \u0160trbskom Plese<\/a><\/strong><\/li><li><strong><a href=\"\/wp-content\/uploads\/2018\/10\/vyzva_animacne-programy-2017-1.pdf\" target=\"_blank\">Zabezpe\u010denie letn\u00e9ho a v\u00edkendov\u00e9ho anima\u010dn\u00e9ho programu<\/a><\/strong><\/li><li><strong><a href=\"\/wp-content\/uploads\/2018\/10\/vyzva_projektova-cyklomagistrala-vt-1.pdf\" target=\"_blank\">Cyklo-ly\u017eiarska magistr\u00e1la \u0160trbsk\u00e9 Pleso \u2013 Tatransk\u00e1 Lomnica \u2013 \u010das\u0165 Star\u00fd Smokovec \u2013 Tatransk\u00e1 Lomnica \u2013 projektov\u00e1 dokument\u00e1cia stavby pre vydanie \u00fazemn\u00e9ho rozhodnutia<\/a><\/strong><\/li><li><strong><a href=\"\/wp-content\/uploads\/2018\/10\/vyzva_tlac-letnych-materialov-2017-1.pdf\" target=\"_blank\">Tla\u010d letn\u00fdch propaga\u010dn\u00fdch materi\u00e1lov<\/a><\/strong><\/li><li><strong><a href=\"\/wp-content\/uploads\/2018\/10\/vyzva_projektova-dokumentacia-vt-1.pdf\" target=\"_blank\">Vypracovanie projektovej dokument\u00e1cie stavby pre vydanie \u00fazemn\u00e9ho rozhodnutia a projektovej dokument\u00e1cie pre stavebn\u00e9 povolenie na stavbu \u201eN\u00e1mestie pod lanovkou v Tatranskej Lomnici<\/a><\/strong><\/li><li><strong><a href=\"\/wp-content\/uploads\/2018\/10\/vyzva_oprava-schodov-k-oz-1.pdf\" target=\"_blank\">Oprava schodov k ozubnicovej \u017eeleznici Tatransk\u00e1 \u0160trba \u2013 \u0160trbsk\u00e9 Pleso<\/a><\/strong><\/li><\/ul>\n\n\n\n<p>2016:<\/p>\n\n\n\n<ul class=\"wp-block-list\"><li><strong><a href=\"\/wp-content\/uploads\/2018\/10\/vyzva_svetelna-vyzdoba-vt-ss-tl-2.pdf\" target=\"_blank\">Sveteln\u00e1 v\u00fdzdoba Star\u00fd Smokovec a\u00a0Tatransk\u00e1 Lomnica<\/a><\/strong><\/li><li><strong><a href=\"\/wp-content\/uploads\/2018\/10\/vyzva_public-relations-rvt_pre-ukrajinu-1.pdf\" target=\"_blank\">Oslovenie ukrajinsk\u00e9ho trhu po\u010das zimnej sez\u00f3ny 2016\/2017 cielen\u00fdmi PR aktivitami<\/a><\/strong><\/li><li><strong><a href=\"\/wp-content\/uploads\/2018\/10\/vyzva_cykloznacenie-vt-1.pdf\" target=\"_blank\">Obnova a doplnenie cykloturistick\u00e9ho zna\u010denia v Regi\u00f3ne Vysok\u00e9 Tatry<\/a><\/strong><\/li><li><strong><a href=\"\/wp-content\/uploads\/2018\/10\/vyzva_uprava-bezeckych-trati-mesto-VT.pdf\" target=\"_blank\">\u00daprava ly\u017eiarskych be\u017eeck\u00fdch trat\u00ed na \u00fazem\u00ed mesta Vysok\u00e9 Tatry<\/a><\/strong><\/li><li><strong><a href=\"\/wp-content\/uploads\/2018\/10\/vyzva_oprava-cyklochodnika-VT.pdf\" target=\"_blank\">Oprava povrchu cyklochodn\u00edka Star\u00fd Smokovec Tatransk\u00e1 Lomnica , \u00fasek Nov\u00fd Smokovec \u2013 Sib\u00edr<\/a><\/strong><\/li><li><strong><a href=\"\/wp-content\/uploads\/2018\/10\/vyzva_svetelna-vyzdoba-vt-ss-tl-1-1.pdf\" target=\"_blank\">Internetov\u00e1 kampa\u0148 pre Regi\u00f3n Vysok\u00e9 Tatry<\/a><\/strong><\/li><li><strong><a href=\"\/wp-content\/uploads\/2018\/10\/vyzva_uprava-bezeckych-trati-SP.pdf\" target=\"_blank\">Zimn\u00e1 \u00fadr\u017eba\u00a0 ly\u017eiarskych be\u017eeck\u00fdch trat\u00ed na \u0160trbskom Plese<\/a><\/strong><\/li><li><strong><a href=\"\/wp-content\/uploads\/2018\/10\/vyzva_public-relations-rvt_pre-polsko-1.pdf\" target=\"_blank\">Public relations zna\u010dky Regi\u00f3n Vysok\u00e9 Tatry na po\u013eskom trhu pre zimn\u00fa sez\u00f3nu 2016\/2017<\/a><\/strong><\/li><li><strong><a href=\"\/wp-content\/uploads\/2018\/10\/vyzva_start-a-ciel-bez-arealu-SP.pdf\" target=\"_blank\">Stavebn\u00e9 \u00fapravy plochy v priestore \u0161tartu a cie\u013ea be\u017eeck\u00e9ho are\u00e1lu na \u0160trbskom Plese<\/a><\/strong><\/li><li><strong><a href=\"\/wp-content\/uploads\/2018\/10\/vyzva_tlac-zimnych-materialov-2016-1.pdf\" target=\"_blank\">Tla\u010d zimn\u00fdch propaga\u010dn\u00fdch materi\u00e1lov na sez\u00f3nu 2016\/2017<\/a><\/strong><\/li><li><strong><a href=\"\/wp-content\/uploads\/2018\/10\/Vyzva_zimna-udrzba-ihrisk-VT.pdf\" target=\"_blank\">Zimn\u00e1 \u00fadr\u017eba ihr\u00edsk v\u00a0majetku mesta Vysok\u00e9 Tatry \u2013 ihrisko Z\u0160 Tatransk\u00e1 Lomnica, ihrisko pri Z\u0160 a\u00a0M\u0160 Doln\u00fd Smokovec, \u0160portov\u00e9 ihrisko v\u00a0Novom Smokovci a\u00a0\u0160portov\u00e9 ihrisko vo Vy\u0161n\u00fdch H\u00e1goch<\/a><\/strong><\/li><li><strong><a href=\"\/wp-content\/uploads\/2018\/10\/Vyzva_publikacia-fotografie-Poprad.pdf\" target=\"_blank\">Prezenta\u010dn\u00fd materi\u00e1l na realiz\u00e1ciu direct marketingu formou publik\u00e1cie aktu\u00e1lnych fotografi\u00ed mesta Poprad a bl\u00edzkeho okolia so sprievodn\u00fdm textom<\/a><\/strong><\/li><li><strong><a href=\"http:\/\/regiontatry.sk\/wp-content\/uploads\/2014\/01\/Vyzva_interaktivna-online-komunikacia.pdf\" class=\"broken_link\">Interakt\u00edvna online komunik\u00e1cia ved\u00faca k tvorbe marketingovej kampane na podporu dom\u00e1ceho a\u00a0pr\u00edjazdov\u00e9ho cestovn\u00e9ho ruchu<\/a><\/strong><\/li><li><strong><a href=\"\/wp-content\/uploads\/2018\/10\/vyzva_spracovanie-prospektu-VT1-1.pdf\" target=\"_blank\">Reprezenta\u010dn\u00fd prospekt Mesta Vysok\u00e9 Tatry a \u0161ir\u0161ieho okolia<\/a><\/strong><\/li><li><strong><a href=\"\/wp-content\/uploads\/2018\/10\/vyzva_vyroba-medaili-soldov.pdf\" target=\"_blank\">V\u00fdroba pam\u00e4tn\u00fdch medail\u00ed s mot\u00edvom \u0161oldovsk\u00e9ho kr\u00ed\u017ea<\/a><\/strong><\/li><li><strong><a href=\"\/wp-content\/uploads\/2018\/10\/vyzva_uprava-komunikacie-SP-k-OZ1.pdf\" target=\"_blank\">\u00daprava pr\u00edstupovej komunik\u00e1cie k ozubnicovej \u017eeleznici Tatransk\u00e1 \u0160trba \u2013 \u0160trbsk\u00e9 Pleso\u201c<\/a><\/strong><\/li><li><strong><a href=\"\/wp-content\/uploads\/2018\/10\/vyzva_moderniza-cc-81cia-arevitaliza-cc-81cia-s-cc-8cp-1.pdf\" target=\"_blank\">Moderniz\u00e1cia a revitaliz\u00e1cia \u0161portov\u00e9ho are\u00e1lu \u0160trbsk\u00e9 Pleso\u201c<\/a><\/strong><\/li><li><strong><a href=\"\/wp-content\/uploads\/2018\/10\/Vyzva_vyskumny-projekt-k-MKT-kampani.pdf\" target=\"_blank\">Koncept a\u00a0realiz\u00e1cia v\u00fdskumn\u00e9ho projektu k\u00a0tvorbe marketingovej kampane<\/a><\/strong><\/li><li><strong><a href=\"\/wp-content\/uploads\/2018\/10\/Vyzva_letne-anim-programy-Smolkocity-AQP_20161.pdf\" target=\"_blank\">Zabezpe\u010denie letn\u00e9ho anima\u010dn\u00e9ho programu \u201e\u0160molkocity\u201c<\/a><\/strong><\/li><li><strong><a href=\"\/wp-content\/uploads\/2018\/10\/Vyzva_Promo-spot-Izrael-2016-1.pdf\" target=\"_blank\">V\u00fdroba promo spotu o Tatr\u00e1ch a okol\u00ed pre izraelsk\u00fd trh a jeho nasadenie v online priestore izraelsk\u00fdch webov\u00fdch str\u00e1nok<\/a><\/strong><\/li><li><strong><a href=\"\/wp-content\/uploads\/2018\/10\/Vyzva_tlac-letnych-materialov-2016.pdf\" target=\"_blank\">Tla\u010d letn\u00fdch propaga\u010dn\u00fdch materi\u00e1lov<\/a><\/strong><\/li><li><strong><a href=\"\/wp-content\/uploads\/2018\/10\/Vyzva_PR-clanok-Izrael-2016.pdf\" target=\"_blank\">PR \u010dl\u00e1nok do izraelsk\u00e9ho \u010dasopisu a\u00a0jeho zverejnenie<\/a><\/strong><\/li><li><strong><a href=\"\/wp-content\/uploads\/2018\/10\/vyzva_polievanie-kvetov-SP.pdf\" target=\"_blank\">Pravideln\u00e1 letn\u00e1 \u00fadr\u017eba kvetinovej v\u00fdzdoby na \u0160trbskom Plese<br\/><\/a><\/strong><\/li><li><strong><a href=\"\/wp-content\/uploads\/2018\/10\/vyzva_spracovanie-preklady-2016-1.pdf\" target=\"_blank\">Preklady textov do a z cudz\u00edch jazykov v roku 2016<\/a><\/strong><\/li><li><strong><a href=\"\/wp-content\/uploads\/2018\/10\/vyzva_udrzba-komunikacii-sp-1.pdf\" target=\"_blank\">\u00dadr\u017eba miestnych komunik\u00e1ci\u00ed na \u0160trbskom Plese<\/a><\/strong><\/li><li><strong><a href=\"\/wp-content\/uploads\/2018\/10\/vyzva_graficke-prace-pre-aquapark_2016.pdf\" target=\"_blank\">Zabezpe\u010denie komplexn\u00fdch grafick\u00fdch slu\u017eieb pre aquapark\u00a0<\/a><\/strong><\/li><\/ul>\n\n\n\n<p>2015:<\/p>\n\n\n\n<ul class=\"wp-block-list\"><li><strong><a href=\"\/wp-content\/uploads\/2018\/10\/vyzva_oprava-povrchu-cyklochodnika-novy-smokovec-1.pdf\" target=\"_blank\" rel=\"noopener\">Rekon\u0161trukcia povrchu cyklochodn\u00edka Tatransk\u00e1 Lomnica \u2013 Star\u00fd Smokovec, \u010das\u0165 Nov\u00fd Smokovec<\/a><\/strong><\/li><li><strong><a href=\"\/wp-content\/uploads\/2018\/10\/vyzva_oprava-povrchu-cyklochodnika-horny-smokovec-1.pdf\" target=\"_blank\" rel=\"noopener\">Rekon\u0161trukcia cyklochodn\u00edka Tatransk\u00e1 Lomnica \u2013 Star\u00fd Smokovec, \u010das\u0165 Horn\u00fd Smokovec<\/a><\/strong><\/li><li><strong><a href=\"\/wp-content\/uploads\/2018\/10\/vyzva_redizajn-loga-zcr-vt-1.pdf\" target=\"_blank\" rel=\"noopener\">Redizajn loga Zdru\u017eenia cestovn\u00e9ho ruchu Vysok\u00e9 Tatry<\/a><\/strong><\/li><li><strong><a href=\"\/wp-content\/uploads\/2018\/10\/vyzva_aktualizacia-tatry-sk-a-support-1.pdf\" target=\"_blank\" rel=\"noopener\">Aktualiz\u00e1cia web str\u00e1nky a support<\/a><\/strong><\/li><li><strong><a href=\"\/wp-content\/uploads\/2018\/10\/vyzva_spracovanie-preklady-2015-1.pdf\" target=\"_blank\" rel=\"noopener\">Preklady textov do a z cudz\u00edch jazykov v roku 2015<\/a><\/strong><\/li><li><strong><a href=\"\/wp-content\/uploads\/2018\/10\/vyzva_zimna-internet-kampan-2015.pdf\" target=\"_blank\" rel=\"noopener\">Reklamn\u00e1 internetov\u00e1 kampa\u0148 na zimn\u00fa sez\u00f3nu 2015 v Po\u013esku<\/a><\/strong><\/li><li><strong><a href=\"\/wp-content\/uploads\/2018\/10\/vyzva_graficke-prace-1.pdf\" target=\"_blank\" rel=\"noopener\">Zabezpe\u010denie grafick\u00fdch slu\u017eieb reklamn\u00fdch kampan\u00ed<\/a><\/strong><\/li><li><strong><a href=\"\/wp-content\/uploads\/2018\/10\/tlac-prop-materialov-leto-2015-1.pdf\" target=\"_blank\" rel=\"noopener\">Tla\u010d propaga\u010dn\u00fdch materi\u00e1lov LETO 2015<\/a><\/strong><\/li><li><strong><a href=\"\/wp-content\/uploads\/2018\/10\/vyzva_spracovanie-prop-materialov-rok-2015-1.pdf\" target=\"_blank\" rel=\"noopener\">Komplexn\u00e9 spracovanie propaga\u010dn\u00fdch materi\u00e1lov LETO 2015 a ZIMA 2015\/2016<\/a><\/strong><\/li><li><strong><a href=\"\/wp-content\/uploads\/2018\/10\/vyzva_vyroba-videospotu-2015.pdf\" target=\"_blank\" rel=\"noopener\">Nat\u00e1\u010danie, produkcia a postprodukcia reklamn\u00e9ho videospotu<\/a><\/strong><\/li><li><strong><a href=\"\/wp-content\/uploads\/2018\/10\/vyzva_public-relations-rvt-1.pdf\" target=\"_blank\" rel=\"noopener\">Public relations zna\u010dky Regi\u00f3n Vysok\u00e9 Tatry na po\u013eskom trhu<\/a><\/strong><\/li><li><strong><a href=\"\/wp-content\/uploads\/2018\/10\/vyzva_vyroba-zimnych-video-klipov.pdf\" target=\"_blank\" rel=\"noopener\">V\u00fdroba zimn\u00fdch videoklipov pre Regi\u00f3n Vysok\u00e9 Tatry na po\u013eskom trhu<\/a><\/strong><\/li><li><strong><a href=\"\/wp-content\/uploads\/2018\/10\/vyzva_infocesta-pl-novinarov-1.pdf\" target=\"_blank\" rel=\"noopener\">Infocesta po\u013esk\u00fdch novin\u00e1rov v Regi\u00f3ne Vysok\u00e9 Tatry<\/a><\/strong><\/li><li><strong><a href=\"http:\/\/regiontatry.sk\/wp-content\/uploads\/2014\/01\/vyzva_leto-v-pp-2015-Made-in-SLovakia.pdf\" class=\"broken_link\">LETO V POPRADE 2015 \u2013 MADE IN SLOVAKIA<\/a><\/strong><\/li><li><strong><a href=\"\/wp-content\/uploads\/2018\/10\/vyzva_tlac-propagacnych-materialov-aqp-2015-1.pdf\" target=\"_blank\" rel=\"noopener\">Tla\u010d propaga\u010dn\u00fdch materi\u00e1lov pre produktov\u00fa l\u00edniu AQUAPARK \u2013 2015<\/a><\/strong><\/li><li><strong><a href=\"\/wp-content\/uploads\/2018\/10\/vyzva_leto-v-pp-2015-viva-italia-1.pdf\" target=\"_blank\" rel=\"noopener\">Podujatie VIVA ITALIA 2015<\/a><\/strong><\/li><li><strong><a href=\"\/wp-content\/uploads\/2018\/10\/vyzva_vikend-anim-programy-v-aqp-2015.pdf\" target=\"_blank\" rel=\"noopener\">Zabezpe\u010denie v\u00edkendov\u00fdch anima\u010dn\u00fdch programov, denn\u00e9ho letn\u00e9ho t\u00e1bora a anima\u010dn\u00fdch programov na podujatia pre n\u00e1v\u0161tevn\u00edkov regi\u00f3nu v aquaparku<\/a><\/strong><\/li><li><strong><a href=\"\/wp-content\/uploads\/2018\/10\/vyzva_letne-anim-programy-v-aqp-2015-1.pdf\" target=\"_blank\" rel=\"noopener\">Zabezpe\u010denie letn\u00e9ho anima\u010dn\u00e9ho programu<\/a><\/strong><\/li><li><strong><a href=\"\/wp-content\/uploads\/2018\/10\/vyzva_fairyland-v-aqp-2015-1.pdf\" target=\"_blank\" rel=\"noopener\">Zabezpe\u010denie anima\u010dn\u00e9ho programu pre podujatie Fairyland<\/a><\/strong><\/li><li><strong><a href=\"\/wp-content\/uploads\/2018\/10\/vyzva_oprava-povrchu-cyklistickeho-chodnika-1-1.pdf\" target=\"_blank\" rel=\"noopener\">Rekon\u0161trukcia a \u00faprava cyklochodn\u00edka v \u00faseku Tatransk\u00e1 Lomnica \u2013 Star\u00e1 Lesn\u00e1<\/a><\/strong><\/li><li><strong><a href=\"\/wp-content\/uploads\/2018\/10\/vyzva_gr-podklady-pre-tlacene-mapy-1.pdf\" target=\"_blank\" rel=\"noopener\">Grafick\u00e9 podklady be\u017eeck\u00fdch trat\u00ed pre tla\u010den\u00e9 mapy<\/a><\/strong><\/li><li><strong><a href=\"\/wp-content\/uploads\/2018\/10\/vyzva_reklamnej-kampane-aqp-pl-1.pdf\" target=\"_blank\" rel=\"noopener\">Realiz\u00e1cia reklamnej marketingovej kampane pre rezort AquaCity Poprad na leto 2015 na po\u013eskom trhu<\/a><\/strong><\/li><li><strong><a href=\"\/wp-content\/uploads\/2018\/10\/vyzva_fotodokumentacia-1.pdf\" target=\"_blank\" rel=\"noopener\">Fotodokument\u00e1cia podujat\u00ed a vyhotovenie imid\u017eov\u00fdch z\u00e1berov pre Regi\u00f3n Vysok\u00e9 Tatry<\/a><\/strong><\/li><li><strong><a href=\"\/wp-content\/uploads\/2018\/10\/vyzva_videodokumentacia-1.pdf\" target=\"_blank\" rel=\"noopener\">Videodokument\u00e1cia podujat\u00ed a vyhotovenie imid\u017eov\u00fdch videoz\u00e1berov pre Regi\u00f3n Vysok\u00e9 Tatry<\/a><\/strong><\/li><li><strong><a href=\"\/wp-content\/uploads\/2018\/10\/vyzva_realizacia-kampane-adwords-a-reklamy-na-webe-facebook-polsko-1.pdf\" target=\"_blank\" rel=\"noopener\">Realiz\u00e1cia kampane Adwords a reklamy na webe Facebook v Po\u013esku<\/a><\/strong><\/li><li><strong><a href=\"\/wp-content\/uploads\/2018\/10\/vyzva_prieskum-trhu-lyziarskych-stredisk-1.pdf\" target=\"_blank\" rel=\"noopener\">Realiz\u00e1cia marketingov\u00e9ho prieskumu stred\u00edsk v oblasti Vysok\u00e9 Tatry<\/a><\/strong><\/li><li><strong><a href=\"\/wp-content\/uploads\/2018\/10\/vyzva_svetelna-vyzdoba-strbske-pleso-1.pdf\" target=\"_blank\" rel=\"noopener\">Sveteln\u00e1 v\u00fdzdoba v stredisku \u0160trbsk\u00e9 Pleso<\/a><\/strong><\/li><li><strong><a href=\"http:\/\/regiontatry.sk\/wp-content\/uploads\/2014\/01\/vyzva_svetelna-vyzdoba-Vysoke-Tatry.pdf\" class=\"broken_link\">Sveteln\u00e1 v\u00fdzdoba Vy\u0161n\u00e9 H\u00e1gy, Polianka a Tatransk\u00e1 Lomnica<\/a><\/strong><\/li><li><strong><a href=\"\/wp-content\/uploads\/2018\/10\/vyzva_virtualne-strbske-pleso.pdf\" target=\"_blank\" rel=\"noopener\">Virtu\u00e1lne \u0160trbsk\u00e9 Pleso<\/a><\/strong><\/li><li><strong><a href=\"\/wp-content\/uploads\/2018\/10\/vyzva_tlac-prop-materialov-zima-2014-15-1.pdf\" target=\"_blank\" rel=\"noopener\">Spracovanie a tla\u010d propaga\u010dn\u00fdch materi\u00e1lov ZIMA 2014\/2015<\/a><\/strong><\/li><li><strong><a href=\"\/wp-content\/uploads\/2018\/10\/vyzva_rezervacny-system-2-faza-rozsirenie-sluzieb-1.pdf\" target=\"_blank\" rel=\"noopener\">Rezerva\u010dn\u00fd syst\u00e9m \u2013 roz\u0161\u00edrenie slu\u017eieb<\/a><\/strong><\/li><li><strong><a href=\"\/wp-content\/uploads\/2018\/10\/vyzva_vy-cc-81roba-a-monta-cc-81z-cc-8c-dreveny-cc-81ch-sta-cc-81nkov.pdf\" target=\"_blank\" rel=\"noopener\">V\u00fdroba dreven\u00fdch st\u00e1nkov<\/a><\/strong><\/li><li><strong><a href=\"\/wp-content\/uploads\/2018\/10\/vyzva-public-relations-rvt-pl-1.pdf\" target=\"_blank\" rel=\"noopener\">Realiz\u00e1cia slu\u017eieb v oblasti Public Relations pre Regi\u00f3n Vysok\u00e9 Tatry v Po\u013esku<\/a><\/strong><\/li><li><strong><a href=\"\/wp-content\/uploads\/2018\/10\/vyzva_kamerovy-cc-81-syste-cc-81m-s-cc-8ctrbske-cc-81-pleso-1.pdf\" target=\"_blank\" rel=\"noopener\">Kamerov\u00fd syst\u00e9m na \u0160trbskom Plese<\/a><\/strong><\/li><li><strong><a href=\"\/wp-content\/uploads\/2018\/10\/vyzva_udzba-bezeckych-trati-sp-1.pdf\" target=\"_blank\" rel=\"noopener\">Zabezpe\u010denie \u00fadr\u017eby be\u017eeck\u00fdch trat\u00ed v zimnej sez\u00f3ne na \u0160trbskom Plese<\/a><\/strong><\/li><li><strong><a href=\"\/wp-content\/uploads\/2018\/10\/vyzva_udzba-bezeckych-trati-tl-1.pdf\" target=\"_blank\" rel=\"noopener\">Zabezpe\u010denie \u00fadr\u017eby be\u017eeck\u00fdch trat\u00ed v zimnej sez\u00f3ne v Tatranskej Lomnici v lokalit\u00e1ch Tatransk\u00e1 Lomnica \u2013 Star\u00e1 Lesn\u00e1 camp a v lokalite Tatransk\u00e1 Lomnica \u2013 kolbisko \u2013 Tatransk\u00e9 Matliare<\/a><\/strong><\/li><li><strong><a href=\"\/wp-content\/uploads\/2018\/10\/vyzva_udzba-bezeckych-trati-s-smokovec-1.pdf\" target=\"_blank\" rel=\"noopener\">Zabezpe\u010denie \u00fadr\u017eby be\u017eeck\u00fdch trat\u00ed v zimnej sez\u00f3ne v \u00faseku Star\u00fd Smokovec \u2013 kyselka a Star\u00fd Smokovec \u2013 Vy\u0161n\u00e9 H\u00e1gy<\/a><\/strong><\/li><li><strong><a href=\"\/wp-content\/uploads\/2018\/10\/vy-cc-81zva_detske-cc-81-ihrisko-relax-park-jazierko-1.pdf\" target=\"_blank\" rel=\"noopener\">V\u00fdzva na realiz\u00e1ciu detsk\u00e9ho ihriska Tatransk\u00e1 Lomnica, Relax Park Jazierko<\/a><\/strong><\/li><li><strong><a href=\"\/wp-content\/uploads\/2018\/10\/sutazne-podklady-ihriska-zima-mat-1.pdf\" target=\"_blank\">Zimn\u00e1 \u00fadr\u017eba ihr\u00edsk v majetku mesta Vysok\u00e9 Tatry \u2013 ihrisko Z\u0160 Tatransk\u00e1 Lomnica, ihrisko pri Z\u0160 a M\u0160 Doln\u00fd Smokovec, \u0160portov\u00e9 ihrisko v Novom Smokovci a \u0160portov\u00e9 ihrisko vo Vy\u0161n\u00fdch H\u00e1goch<\/a><\/strong><\/li><li><strong><a href=\"\/wp-content\/uploads\/2018\/10\/vyzva_dobudovanie-osvetlenia-sp-1.pdf\" target=\"_blank\">Dobudovanie osvetlenia chodn\u00edka v \u0161portovom are\u00e1li na \u0160trbskom Plese<\/a><\/strong><\/li><li><strong><a href=\"\/wp-content\/uploads\/2018\/10\/vyzva_rezervacny-system-staticky-a-intranet2-1.pdf\" target=\"_blank\">Rezerva\u010dn\u00fd syst\u00e9m &#8211; f\u00e1za statick\u00e1 a intranet<\/a><\/strong><\/li><li><strong><a href=\"\/wp-content\/uploads\/2018\/10\/vyzva_oprava-povrchu-cyklistickeho-chodnika-2.pdf\" target=\"_blank\">Oprava povrchu cyklistick\u00e9ho chodn\u00edka<\/a><\/strong><\/li><li><strong><a href=\"\/wp-content\/uploads\/2018\/10\/vyzva_internetova-aplikacia-strbske-pleso-na-google-earth-1.pdf\" target=\"_blank\">Internetov\u00e1 aplik\u00e1cia &#8220;\u0160trbsk\u00e9 Pleso na Google Earth&#8221;<\/a><\/strong><\/li><li><strong><a href=\"\/wp-content\/uploads\/2018\/10\/vyzva_vyroba-a-montaz-grafickych-tabul.pdf\" target=\"_blank\">V\u00fdroba a mont\u00e1\u017e grafick\u00fdch tab\u00fa\u013e<\/a><\/strong><\/li><li><strong><a href=\"\/wp-content\/uploads\/2018\/10\/vyzva_vyroba-a-montaz-drevenych-tabul.pdf\" target=\"_blank\">V\u00fdroba dreven\u00fdch kon\u0161trukci\u00ed pre umiestnenie grafick\u00fdch tab\u00fa\u013e<\/a><\/strong><\/li><li><strong><a href=\"\/wp-content\/uploads\/2018\/10\/vyzva-rekl-kampan-rmf-fm-1.pdf\" target=\"_blank\">Celo\u0161t\u00e1tna letn\u00e1 reklamn\u00e1 kampa\u0148 v r\u00e1diu RMF FM \u2013 Po\u013esko<\/a><\/strong><\/li><li><strong><a href=\"\/wp-content\/uploads\/2018\/10\/vyzva_czart-1.pdf\" target=\"_blank\">Medi\u00e1lna kampa\u0148 v Po\u013eskej republike \u2013 leto 2014<\/a><\/strong><\/li><li><strong><a href=\"\/wp-content\/uploads\/2018\/10\/vyzva_spracovanie-prop-materialov-leto-2014-1.pdf\" target=\"_blank\">Komplexn\u00e9 spracovanie propaga\u010dn\u00fdch materi\u00e1lov LETO 2014<\/a><\/strong><\/li><li><strong><a href=\"\/wp-content\/uploads\/2018\/10\/nakup-fotografii-1.pdf\" target=\"_blank\">N\u00e1kup s\u00faboru fotografi\u00ed<\/a><\/strong><\/li><li><strong><a href=\"\/wp-content\/uploads\/2018\/10\/tlac-propagacnych-materialov-pre-produktovu-liniu-aquapark-leto-2014-1.pdf\" target=\"_blank\">Tla\u010d\u00a0propaga\u010dn\u00fdch materi\u00e1lov pre produktov\u00fa l\u00edniu AQUAPARK \u2013 leto 2014<\/a><\/strong><\/li><li><strong><a href=\"\/wp-content\/uploads\/2018\/10\/vyzva_vikendovy-animacny-program-2014-world-of-events.pdf\" target=\"_blank\">Zabezpe\u010denie v\u00edkendov\u00fdch anima\u010dn\u00fdch programov pre n\u00e1v\u0161tevn\u00edkov regi\u00f3nu v aquaparku<\/a><\/strong><\/li><li><strong><a href=\"http:\/\/regiontatry.sk\/wp-content\/uploads\/2014\/01\/komplexne-dodanie-online-turistickeho-systemu.pdf\" class=\"broken_link\">Komplexn\u00e9 dodanie online turistick\u00e9ho syst\u00e9mu<\/a><\/strong><\/li><\/ul>\n\n\n\n<p><strong>Z\u00e1v\u00e4zn\u00e9 zmluvn\u00e9 podmienky realiz\u00e1cie predmetu z\u00e1kazky<\/strong><\/p>\n\n\n\n<ul class=\"wp-block-list\"><li><strong><a href=\"\/wp-content\/uploads\/2018\/10\/udrzba-miestnych-komunikacii-2014-1.pdf\" target=\"_blank\">\u00dadr\u017eba miestnych komunik\u00e1ci\u00ed 2014<\/a><\/strong><\/li><\/ul>\n\n\n\n<p><strong>V\u00fdro\u010dn\u00e1 spr\u00e1va za rok 2014<\/strong><\/p>\n\n\n\n<ul class=\"wp-block-list\"><li><strong><a href=\"\/wp-content\/uploads\/2018\/10\/vecne-zhodnotenie-projektu-2014-1.pdf\" target=\"_blank\">Vecn\u00e9 vyhodnotenie projektu Regi\u00f3n Vysok\u00e9 Tatry<\/a><\/strong><\/li><\/ul>\n","protected":false},"excerpt":{"rendered":"<p>Stiahnite si PDF s\u00fabory: V\u00fdzvy na predlo\u017eenie cenovej ponuky v r\u00e1mci prieskumu trhu: 2017: V\u00fdroba produktov\u00e9ho videa na t\u00e9mu LEISURE Cyklo-ly\u017eiarska magistr\u00e1la \u2013 polohopisn\u00e9 a v\u00fd\u0161kopisn\u00e9 zameranie trasy Oprava telocvi\u010dne Tatransk\u00e1 \u0160trba Oprava komunik\u00e1cie k po\u0161te a chodn\u00edka k Ozubnicovej \u017eeleznici na \u0160trbskom Plese Zabezpe\u010denie letn\u00e9ho a v\u00edkendov\u00e9ho anima\u010dn\u00e9ho programu Cyklo-ly\u017eiarska magistr\u00e1la \u0160trbsk\u00e9 Pleso \u2013 [&hellip;]<\/p>\n","protected":false},"author":1,"featured_media":7325,"parent":0,"menu_order":0,"comment_status":"closed","ping_status":"closed","template":"template-simple-page.php","meta":{"footnotes":""},"class_list":["post-12138","page","type-page","status-publish","has-post-thumbnail","hentry"],"_links":{"self":[{"href":"https:\/\/regiontatry.sk\/en\/wp-json\/wp\/v2\/pages\/12138"}],"collection":[{"href":"https:\/\/regiontatry.sk\/en\/wp-json\/wp\/v2\/pages"}],"about":[{"href":"https:\/\/regiontatry.sk\/en\/wp-json\/wp\/v2\/types\/page"}],"author":[{"embeddable":true,"href":"https:\/\/regiontatry.sk\/en\/wp-json\/wp\/v2\/users\/1"}],"replies":[{"embeddable":true,"href":"https:\/\/regiontatry.sk\/en\/wp-json\/wp\/v2\/comments?post=12138"}],"version-history":[{"count":1,"href":"https:\/\/regiontatry.sk\/en\/wp-json\/wp\/v2\/pages\/12138\/revisions"}],"predecessor-version":[{"id":12206,"href":"https:\/\/regiontatry.sk\/en\/wp-json\/wp\/v2\/pages\/12138\/revisions\/12206"}],"wp:featuredmedia":[{"embeddable":true,"href":"https:\/\/regiontatry.sk\/en\/wp-json\/wp\/v2\/media\/7325"}],"wp:attachment":[{"href":"https:\/\/regiontatry.sk\/en\/wp-json\/wp\/v2\/media?parent=12138"}],"curies":[{"name":"wp","href":"https:\/\/api.w.org\/{rel}","templated":true}]}}