{"id":12141,"date":"2018-10-08T15:35:55","date_gmt":"2018-10-08T13:35:55","guid":{"rendered":"http:\/\/regiontatry.creanet.sk\/zimne-vylety\/lanovkami-za-vyhladmi\/"},"modified":"2025-10-07T21:49:10","modified_gmt":"2025-10-07T19:49:10","slug":"take-cableways-to-enjoy-great-views","status":"publish","type":"page","link":"https:\/\/regiontatry.sk\/en\/winter-trips\/take-cableways-to-enjoy-great-views\/","title":{"rendered":"Take cableways to enjoy great views"},"content":{"rendered":"\n<p>Tatra cableways offer one of the most popular ways how to discover the Tatras and make moments spent there more pleasant. They will reveal another perspective of the mountains. A perspective we are not used to. Do you like this kind of travelling?&nbsp;<strong>Take one of comfortable cable cars or chairlifts in the Tatras and enjoy beautiful panoramas and fresh air.<\/strong><br><\/p>\n\n\n\n<h2 class=\"wp-block-heading has-vivid-cyan-blue-color has-text-color has-link-color wp-elements-440f9491324bbbf80b853baa54658f78\"><strong><br><strong><em>Skalnate tarn<\/em><\/strong><\/strong><\/h2>\n\n\n\n<p>Visit the most popular tourist destination &#8211;&nbsp;<a href=\"\/en\/hiking\/cableway-trips\/?tour=773\">Skalnat\u00e9 pleso<\/a> (tarn)&nbsp;<strong>at the altitude of 1,751 metres<\/strong>. Take a&nbsp;<strong>4-seater cable car<\/strong>&nbsp;to get there from the lower station&nbsp;<strong>at Tatransk\u00e1 Lomnica<\/strong>. The area around the tarn is tailor-made for pleasant walks or hiking trips. Kids will love it there. They can frolic in the&nbsp;<strong>Marmot country<\/strong>&nbsp;\u2013 an eco-mini-park&nbsp;with wooden sculptures, a little marmot chalet, climbing frames and much more. There is an&nbsp;astronomical and meteorological&nbsp;<strong>observatory<\/strong>&nbsp;near Skalnat\u00e9 pleso at the altitude of 1,786 metres. The observatory was established in 1943, when the first observations were made here. Relax and bag some rays at one of the highest located restaurants in the High Tatras \u2013 at the&nbsp;Panorama Restaurant Skalnat\u00e9 pleso, which has a really fitting name. The sunny terrace offers&nbsp;<strong>beautiful panoramic views of surrounding rock peaks and tourist trails in the summer and the steepest ski slopes in Slovakia &#8211; Lomnick\u00e9 sedlo in the winter<\/strong>.<\/p>\n\n\n\n<figure class=\"wp-block-gallery has-nested-images columns-default is-cropped wp-block-gallery-2 is-layout-flex wp-block-gallery-is-layout-flex\">\n<figure class=\"wp-block-image\"><img loading=\"lazy\" decoding=\"async\" width=\"1600\" height=\"1065\" data-id=\"6373\" src=\"https:\/\/regiontatry.sk\/wp-content\/uploads\/2018\/10\/69YdhY0w.jpeg\" alt=\"\" class=\"wp-image-6373\" srcset=\"https:\/\/regiontatry.sk\/wp-content\/uploads\/2018\/10\/69YdhY0w.jpeg 1600w, https:\/\/regiontatry.sk\/wp-content\/uploads\/2018\/10\/69YdhY0w-300x200.jpeg 300w, https:\/\/regiontatry.sk\/wp-content\/uploads\/2018\/10\/69YdhY0w-768x511.jpeg 768w, https:\/\/regiontatry.sk\/wp-content\/uploads\/2018\/10\/69YdhY0w-1024x682.jpeg 1024w\" sizes=\"(max-width: 1600px) 100vw, 1600px\" \/><\/figure>\n\n\n\n<figure class=\"wp-block-image\"><img loading=\"lazy\" decoding=\"async\" width=\"1600\" height=\"808\" data-id=\"6375\" src=\"https:\/\/regiontatry.sk\/wp-content\/uploads\/2018\/10\/XQenUWBc.jpeg\" alt=\"\" class=\"wp-image-6375\" srcset=\"https:\/\/regiontatry.sk\/wp-content\/uploads\/2018\/10\/XQenUWBc.jpeg 1600w, https:\/\/regiontatry.sk\/wp-content\/uploads\/2018\/10\/XQenUWBc-300x152.jpeg 300w, https:\/\/regiontatry.sk\/wp-content\/uploads\/2018\/10\/XQenUWBc-768x388.jpeg 768w, https:\/\/regiontatry.sk\/wp-content\/uploads\/2018\/10\/XQenUWBc-1024x517.jpeg 1024w\" sizes=\"(max-width: 1600px) 100vw, 1600px\" \/><\/figure>\n<\/figure>\n\n\n\n<p>Take a cable car from Tatransk\u00e1 Lomnica to Skalnat\u00e9 pleso or use a green marked tourist trail from Tatransk\u00e1 Lomnica, a red marked tourist trail from Zamkovsk\u00fd\u00b4s chalet or a red marked tourist trail from the Chalet at Zelen\u00e9 pleso (tarn).<\/p>\n\n\n\n<h2 class=\"wp-block-heading has-vivid-cyan-blue-color has-text-color has-link-color wp-elements-a4ca633503ff5b6697e53ea15dd777bd\"><strong><br><strong><em>Lomnicky peak<\/em><\/strong><\/strong><\/h2>\n\n\n\n<p><\/p>\n\n\n\n<figure class=\"wp-block-gallery has-nested-images columns-default is-cropped wp-block-gallery-3 is-layout-flex wp-block-gallery-is-layout-flex\">\n<figure class=\"wp-block-image\"><img loading=\"lazy\" decoding=\"async\" width=\"1600\" height=\"1064\" data-id=\"6397\" src=\"https:\/\/regiontatry.sk\/wp-content\/uploads\/2018\/10\/CLWxmrCg.jpeg\" alt=\"\" class=\"wp-image-6397\" srcset=\"https:\/\/regiontatry.sk\/wp-content\/uploads\/2018\/10\/CLWxmrCg.jpeg 1600w, https:\/\/regiontatry.sk\/wp-content\/uploads\/2018\/10\/CLWxmrCg-300x200.jpeg 300w, https:\/\/regiontatry.sk\/wp-content\/uploads\/2018\/10\/CLWxmrCg-768x511.jpeg 768w, https:\/\/regiontatry.sk\/wp-content\/uploads\/2018\/10\/CLWxmrCg-1024x681.jpeg 1024w\" sizes=\"(max-width: 1600px) 100vw, 1600px\" \/><\/figure>\n\n\n\n<figure class=\"wp-block-image\"><img loading=\"lazy\" decoding=\"async\" width=\"4085\" height=\"2506\" data-id=\"7216\" src=\"https:\/\/regiontatry.sk\/wp-content\/uploads\/2018\/10\/bambulka_lomnicky.jpg\" alt=\"\" class=\"wp-image-7216\" srcset=\"https:\/\/regiontatry.sk\/wp-content\/uploads\/2018\/10\/bambulka_lomnicky.jpg 4085w, https:\/\/regiontatry.sk\/wp-content\/uploads\/2018\/10\/bambulka_lomnicky-300x184.jpg 300w, https:\/\/regiontatry.sk\/wp-content\/uploads\/2018\/10\/bambulka_lomnicky-768x471.jpg 768w, https:\/\/regiontatry.sk\/wp-content\/uploads\/2018\/10\/bambulka_lomnicky-1024x628.jpg 1024w\" sizes=\"(max-width: 4085px) 100vw, 4085px\" \/><\/figure>\n\n\n\n<figure class=\"wp-block-image\"><img loading=\"lazy\" decoding=\"async\" width=\"800\" height=\"266\" data-id=\"13598\" src=\"https:\/\/regiontatry.sk\/wp-content\/uploads\/2018\/11\/Sunrise-on-Lomnicky-peak1.jpg\" alt=\"\" class=\"wp-image-13598\" srcset=\"https:\/\/regiontatry.sk\/wp-content\/uploads\/2018\/11\/Sunrise-on-Lomnicky-peak1.jpg 800w, https:\/\/regiontatry.sk\/wp-content\/uploads\/2018\/11\/Sunrise-on-Lomnicky-peak1-300x100.jpg 300w, https:\/\/regiontatry.sk\/wp-content\/uploads\/2018\/11\/Sunrise-on-Lomnicky-peak1-768x255.jpg 768w, https:\/\/regiontatry.sk\/wp-content\/uploads\/2018\/11\/Sunrise-on-Lomnicky-peak1-698x232.jpg 698w, https:\/\/regiontatry.sk\/wp-content\/uploads\/2018\/11\/Sunrise-on-Lomnicky-peak1-552x184.jpg 552w\" sizes=\"(max-width: 800px) 100vw, 800px\" \/><\/figure>\n<\/figure>\n\n\n\n<p>Make a trip to the second highest peak of the High Tatras &#8211; <a href=\"\/en\/hiking\/cableway-trips\/?tour=753\">Lomnicky peak<\/a> (Lomnick\u00fd \u0161t\u00edt) with your family. Get above the clouds and enjoy unforgettable views of surrounding peaks of the smallest grand mountains in the world. Enter the kingdom of silence and relax in the stylish Dedo caf\u00e9. A 4-seater cable car operates from the lower station at Tatransk\u00e1 Lomnica to the upper station at Skalnat\u00e9 Pleso. From there you can take a unique red suspension cable car to Lomnicky peak. which surmounts a vertical drop of 855 metres. The ride takes 8.5 minutes.<\/p>\n\n\n\n<h2 class=\"wp-block-heading has-vivid-cyan-blue-color has-text-color has-link-color wp-elements-4e844ca4b3d76276fe208e6ef1aa05ce\"><strong><br><em>Hrebienok<\/em><\/strong><\/h2>\n\n\n\n<p><\/p>\n\n\n\n<figure class=\"wp-block-gallery has-nested-images columns-default is-cropped wp-block-gallery-4 is-layout-flex wp-block-gallery-is-layout-flex\">\n<figure class=\"wp-block-image\"><img loading=\"lazy\" decoding=\"async\" width=\"1000\" height=\"664\" data-id=\"7224\" src=\"https:\/\/regiontatry.sk\/wp-content\/uploads\/2018\/10\/f1d8304191.jpg\" alt=\"\" class=\"wp-image-7224\" srcset=\"https:\/\/regiontatry.sk\/wp-content\/uploads\/2018\/10\/f1d8304191.jpg 1000w, https:\/\/regiontatry.sk\/wp-content\/uploads\/2018\/10\/f1d8304191-300x199.jpg 300w, https:\/\/regiontatry.sk\/wp-content\/uploads\/2018\/10\/f1d8304191-768x510.jpg 768w\" sizes=\"(max-width: 1000px) 100vw, 1000px\" \/><\/figure>\n\n\n\n<figure class=\"wp-block-image\"><img loading=\"lazy\" decoding=\"async\" width=\"1600\" height=\"866\" data-id=\"7222\" src=\"https:\/\/regiontatry.sk\/wp-content\/uploads\/2018\/10\/2def7XGQ.jpeg\" alt=\"\" class=\"wp-image-7222\" srcset=\"https:\/\/regiontatry.sk\/wp-content\/uploads\/2018\/10\/2def7XGQ.jpeg 1600w, https:\/\/regiontatry.sk\/wp-content\/uploads\/2018\/10\/2def7XGQ-300x162.jpeg 300w, https:\/\/regiontatry.sk\/wp-content\/uploads\/2018\/10\/2def7XGQ-768x416.jpeg 768w, https:\/\/regiontatry.sk\/wp-content\/uploads\/2018\/10\/2def7XGQ-1024x554.jpeg 1024w\" sizes=\"(max-width: 1600px) 100vw, 1600px\" \/><\/figure>\n\n\n\n<figure class=\"wp-block-image\"><img loading=\"lazy\" decoding=\"async\" width=\"659\" height=\"744\" data-id=\"7231\" src=\"https:\/\/regiontatry.sk\/wp-content\/uploads\/2018\/10\/2c38224059a.jpg\" alt=\"\" class=\"wp-image-7231\" srcset=\"https:\/\/regiontatry.sk\/wp-content\/uploads\/2018\/10\/2c38224059a.jpg 659w, https:\/\/regiontatry.sk\/wp-content\/uploads\/2018\/10\/2c38224059a-266x300.jpg 266w\" sizes=\"(max-width: 659px) 100vw, 659px\" \/><\/figure>\n<\/figure>\n\n\n\n<p><a href=\"\/en\/hiking\/cableway-trips\/?tour=796\">Hrebienok<\/a>&nbsp;(1,285m) is a very popular tourist destination in the High Tatras. The oldest tourist centre Star\u00fd Smokovec is a significant crossing station of the town of Vysok\u00e9 Tatry. From the settlement of Star\u00fd Smokovec one can easily get to Hrebienok \u2013 a starting point for several tourist trails. Take&nbsp;<strong>a&nbsp;funicular&nbsp;from Star\u00fd Smokovec to the altitude of 1,272 m<\/strong>&nbsp;and enjoy the same feeling as Her Majesty, Queen Elizabeth II. could when she visited the High Tatras. It takes 7 minutes only to surmount a vertical drop of 255 m. Hrebienok is a popular starting point for hiking trips to valleys of Ve\u013ek\u00e1 and&nbsp;Mal\u00e1 Studen\u00e1 dolina or to Slavkovsk\u00fd \u0161t\u00edt (peak). Recharge your batteries after a strenuous hiking trip at the&nbsp;Snack bar&nbsp;of Hrebienok. It is located inside the building of the upper funicular station. It is an ideal place for family meetings, just a stone\u00b4s throw to embark or disembark the funicular.<\/p>\n\n\n\n<p>Hrebienok is an ideal location in winter as it hosts&nbsp;<strong>Tatry Ice Master<\/strong>&nbsp;&#8211; a remarkable event which is considered unofficial world ice sculpture championships. There is also a unique cathedral of ice \u2013 the&nbsp;<strong>Tatra Temple<\/strong>&nbsp;built in the area.<\/p>\n\n\n\n<h2 class=\"wp-block-heading has-vivid-cyan-blue-color has-text-color has-link-color wp-elements-e5c36c4cd4552dec1bb832f4a1e5ad13\"><strong><br><em>Solisko<\/em><\/strong><\/h2>\n\n\n\n<p><\/p>\n\n\n\n<figure class=\"wp-block-gallery has-nested-images columns-default is-cropped wp-block-gallery-5 is-layout-flex wp-block-gallery-is-layout-flex\">\n<figure class=\"wp-block-image\"><img loading=\"lazy\" decoding=\"async\" width=\"1000\" height=\"665\" data-id=\"7234\" src=\"https:\/\/regiontatry.sk\/wp-content\/uploads\/2018\/10\/7635f143b5.jpg\" alt=\"\" class=\"wp-image-7234\" srcset=\"https:\/\/regiontatry.sk\/wp-content\/uploads\/2018\/10\/7635f143b5.jpg 1000w, https:\/\/regiontatry.sk\/wp-content\/uploads\/2018\/10\/7635f143b5-300x200.jpg 300w, https:\/\/regiontatry.sk\/wp-content\/uploads\/2018\/10\/7635f143b5-768x511.jpg 768w, https:\/\/regiontatry.sk\/wp-content\/uploads\/2018\/10\/7635f143b5-860x572.jpg 860w, https:\/\/regiontatry.sk\/wp-content\/uploads\/2018\/10\/7635f143b5-698x464.jpg 698w, https:\/\/regiontatry.sk\/wp-content\/uploads\/2018\/10\/7635f143b5-552x367.jpg 552w\" sizes=\"(max-width: 1000px) 100vw, 1000px\" \/><\/figure>\n\n\n\n<figure class=\"wp-block-image\"><img loading=\"lazy\" decoding=\"async\" width=\"1600\" height=\"900\" data-id=\"7238\" src=\"https:\/\/regiontatry.sk\/wp-content\/uploads\/2018\/10\/6bWuNcGQ.jpeg\" alt=\"\" class=\"wp-image-7238\" srcset=\"https:\/\/regiontatry.sk\/wp-content\/uploads\/2018\/10\/6bWuNcGQ.jpeg 1600w, https:\/\/regiontatry.sk\/wp-content\/uploads\/2018\/10\/6bWuNcGQ-300x169.jpeg 300w, https:\/\/regiontatry.sk\/wp-content\/uploads\/2018\/10\/6bWuNcGQ-768x432.jpeg 768w, https:\/\/regiontatry.sk\/wp-content\/uploads\/2018\/10\/6bWuNcGQ-1024x576.jpeg 1024w\" sizes=\"(max-width: 1600px) 100vw, 1600px\" \/><\/figure>\n<\/figure>\n\n\n\n<p>Come to one of the lowest and easiest accessible peaks of the High Tatras.&nbsp;Mt.Predn\u00e9 Solisko,&nbsp;located on the southern edge of the mountain range at the altitude of 2,093 m, offers a beautiful view of the valleys Mlynick\u00e1 and Furkotsk\u00e1 dolina. Take a&nbsp;<strong>4-seater <a href=\"\/en\/hiking\/cableway-trips\/?tour=789\">Solisko<\/a> Express cable car&nbsp;from the lower station at \u0160trbsk\u00e9 Pleso up to the altitude of 1,814 m<\/strong>. It takes only 7 minutes to surmount a vertical drop of 431 metres. Only a few metres from the upper cable car station, there is the&nbsp;Bivac Pizza with a sunny terrace, which offers beautiful views of the valley, Mt. Kriv\u00e1\u0148, the romantic tarn of \u0160trbsk\u00e9 pleso, or the hill Kr\u00e1\u013eov\u00e1 ho\u013ea.<\/p>\n\n\n\n<p>If you want to get to the peak of Mt. Predn\u00e9 Solisko, start your journey at the Chalet under Mt. Solisko (near the Bivac Pizza) and follow a red marked tourist trail. The trip takes: 1 hour.<\/p>\n","protected":false},"excerpt":{"rendered":"<p>Tatra cableways offer one of the most popular ways how to discover the Tatras and make moments spent there more pleasant. They will reveal another perspective of the mountains. A perspective we are not used to. Do you like this kind of travelling?&nbsp;Take one of comfortable cable cars or chairlifts in the Tatras and enjoy [&hellip;]<\/p>\n","protected":false},"author":2,"featured_media":7204,"parent":1551,"menu_order":0,"comment_status":"closed","ping_status":"closed","template":"template-simple-page.php","meta":{"footnotes":""},"class_list":["post-12141","page","type-page","status-publish","has-post-thumbnail","hentry"],"_links":{"self":[{"href":"https:\/\/regiontatry.sk\/en\/wp-json\/wp\/v2\/pages\/12141"}],"collection":[{"href":"https:\/\/regiontatry.sk\/en\/wp-json\/wp\/v2\/pages"}],"about":[{"href":"https:\/\/regiontatry.sk\/en\/wp-json\/wp\/v2\/types\/page"}],"author":[{"embeddable":true,"href":"https:\/\/regiontatry.sk\/en\/wp-json\/wp\/v2\/users\/2"}],"replies":[{"embeddable":true,"href":"https:\/\/regiontatry.sk\/en\/wp-json\/wp\/v2\/comments?post=12141"}],"version-history":[{"count":13,"href":"https:\/\/regiontatry.sk\/en\/wp-json\/wp\/v2\/pages\/12141\/revisions"}],"predecessor-version":[{"id":11140457,"href":"https:\/\/regiontatry.sk\/en\/wp-json\/wp\/v2\/pages\/12141\/revisions\/11140457"}],"up":[{"embeddable":true,"href":"https:\/\/regiontatry.sk\/en\/wp-json\/wp\/v2\/pages\/1551"}],"wp:featuredmedia":[{"embeddable":true,"href":"https:\/\/regiontatry.sk\/en\/wp-json\/wp\/v2\/media\/7204"}],"wp:attachment":[{"href":"https:\/\/regiontatry.sk\/en\/wp-json\/wp\/v2\/media?parent=12141"}],"curies":[{"name":"wp","href":"https:\/\/api.w.org\/{rel}","templated":true}]}}