{"id":12148,"date":"2018-09-27T13:15:10","date_gmt":"2018-09-27T11:15:10","guid":{"rendered":"http:\/\/regiontatry.creanet.sk\/skiing\/strbske-pleso\/"},"modified":"2025-11-28T14:57:00","modified_gmt":"2025-11-28T13:57:00","slug":"strbske-pleso","status":"publish","type":"page","link":"https:\/\/regiontatry.sk\/en\/skiing\/strbske-pleso\/","title":{"rendered":"\u0160trbsk\u00e9 Pleso"},"content":{"rendered":"\n<p>The resort of \u0160trbsk\u00e9 Pleso is&nbsp;<strong>the highest located ski resort<\/strong>&nbsp;with the lower cable car station at the altitude of 1.400 m and&nbsp;<strong>the longest ski season Slovakia<\/strong>. It attracts skiers due to great snow conditions, excellent tracks for slalom, downhill, cross-country skiing and top-quality services.<\/p>\n\n\n\n<figure class=\"wp-block-image is-resized\"><img loading=\"lazy\" decoding=\"async\" width=\"3017\" height=\"1266\" src=\"https:\/\/regiontatry.sk\/wp-content\/uploads\/2018\/11\/NJf9YprQ.jpeg\" alt=\"\" class=\"wp-image-13541\" style=\"width:632px;height:auto\" srcset=\"https:\/\/regiontatry.sk\/wp-content\/uploads\/2018\/11\/NJf9YprQ.jpeg 3017w, https:\/\/regiontatry.sk\/wp-content\/uploads\/2018\/11\/NJf9YprQ-300x126.jpeg 300w, https:\/\/regiontatry.sk\/wp-content\/uploads\/2018\/11\/NJf9YprQ-768x322.jpeg 768w, https:\/\/regiontatry.sk\/wp-content\/uploads\/2018\/11\/NJf9YprQ-1024x430.jpeg 1024w, https:\/\/regiontatry.sk\/wp-content\/uploads\/2018\/11\/NJf9YprQ-1920x806.jpeg 1920w, https:\/\/regiontatry.sk\/wp-content\/uploads\/2018\/11\/NJf9YprQ-1705x715.jpeg 1705w, https:\/\/regiontatry.sk\/wp-content\/uploads\/2018\/11\/NJf9YprQ-698x293.jpeg 698w, https:\/\/regiontatry.sk\/wp-content\/uploads\/2018\/11\/NJf9YprQ-552x232.jpeg 552w\" sizes=\"(max-width: 3017px) 100vw, 3017px\" \/><\/figure>\n\n\n\n<h3 class=\"wp-block-heading\">New 8-Seater Chairlift at \u0160trbsk\u00e9 Pleso<\/h3>\n\n\n\n<p>From December 2025, a new 8-seater Leitner chairlift will start operating at \u0160trbsk\u00e9 Pleso, replacing the old lift from 1976. Modern detachable chair technology will offer skiers a comfortable ride with a capacity of 2,400 people per hour. The lift will take visitors to Medvedia Kopa, from where they can access the Furkota lift or the Interski and Turistick\u00e1 slopes. It will ensure safe transport even in adverse weather conditions, and thanks to the bubble cover, the ride will be comfortable \u2013 ideal for families with children.<\/p>\n\n\n\n<figure class=\"wp-block-gallery has-nested-images columns-default is-cropped wp-block-gallery-2 is-layout-flex wp-block-gallery-is-layout-flex\">\n<figure class=\"wp-block-image size-large\"><img loading=\"lazy\" decoding=\"async\" width=\"570\" height=\"428\" data-id=\"11193930\" src=\"https:\/\/regiontatry.sk\/wp-content\/uploads\/2025\/11\/csm_Nova_lanovka_na_Strbskom_Plese_3bb17c9101-edited.png\" alt=\"\" class=\"wp-image-11193930\" srcset=\"https:\/\/regiontatry.sk\/wp-content\/uploads\/2025\/11\/csm_Nova_lanovka_na_Strbskom_Plese_3bb17c9101-edited.png 570w, https:\/\/regiontatry.sk\/wp-content\/uploads\/2025\/11\/csm_Nova_lanovka_na_Strbskom_Plese_3bb17c9101-edited-300x225.png 300w, https:\/\/regiontatry.sk\/wp-content\/uploads\/2025\/11\/csm_Nova_lanovka_na_Strbskom_Plese_3bb17c9101-edited-552x414.png 552w\" sizes=\"(max-width: 570px) 100vw, 570px\" \/><\/figure>\n\n\n\n<figure class=\"wp-block-image size-large\"><img loading=\"lazy\" decoding=\"async\" width=\"1024\" height=\"657\" data-id=\"11193918\" src=\"https:\/\/regiontatry.sk\/wp-content\/uploads\/2025\/11\/\u00a9-Marek-Hajkovsky-foto-VT-strbske-pleso-1-1024x657.jpg\" alt=\"\" class=\"wp-image-11193918\" srcset=\"https:\/\/regiontatry.sk\/wp-content\/uploads\/2025\/11\/\u00a9-Marek-Hajkovsky-foto-VT-strbske-pleso-1-1024x657.jpg 1024w, https:\/\/regiontatry.sk\/wp-content\/uploads\/2025\/11\/\u00a9-Marek-Hajkovsky-foto-VT-strbske-pleso-1-300x193.jpg 300w, https:\/\/regiontatry.sk\/wp-content\/uploads\/2025\/11\/\u00a9-Marek-Hajkovsky-foto-VT-strbske-pleso-1-768x493.jpg 768w, https:\/\/regiontatry.sk\/wp-content\/uploads\/2025\/11\/\u00a9-Marek-Hajkovsky-foto-VT-strbske-pleso-1-1536x986.jpg 1536w, https:\/\/regiontatry.sk\/wp-content\/uploads\/2025\/11\/\u00a9-Marek-Hajkovsky-foto-VT-strbske-pleso-1-860x552.jpg 860w, https:\/\/regiontatry.sk\/wp-content\/uploads\/2025\/11\/\u00a9-Marek-Hajkovsky-foto-VT-strbske-pleso-1-698x448.jpg 698w, https:\/\/regiontatry.sk\/wp-content\/uploads\/2025\/11\/\u00a9-Marek-Hajkovsky-foto-VT-strbske-pleso-1-552x354.jpg 552w, https:\/\/regiontatry.sk\/wp-content\/uploads\/2025\/11\/\u00a9-Marek-Hajkovsky-foto-VT-strbske-pleso-1.jpg 1600w\" sizes=\"(max-width: 1024px) 100vw, 1024px\" \/><\/figure>\n<\/figure>\n\n\n\n<p>\u0160trbsk\u00e9 Pleso is one of the most sought-after ski resorts in Slovakia. Skiers can enjoy&nbsp;<strong>9 km of easy to medium difficult slopes<\/strong>&nbsp;which are popular with families and children but also experienced skiers. And there is an <a href=\"https:\/\/regiontatry.sk\/en\/skiing\/ski-aqua-bus\/\">ecological ski bus<\/a> that operates regularly between the resort and the park-and-ride lot or hotels.<\/p>\n\n\n\n<figure class=\"wp-block-gallery has-nested-images columns-default is-cropped wp-block-gallery-3 is-layout-flex wp-block-gallery-is-layout-flex\">\n<figure class=\"wp-block-image size-large\"><img loading=\"lazy\" decoding=\"async\" width=\"1024\" height=\"391\" data-id=\"13539\" src=\"https:\/\/regiontatry.sk\/wp-content\/uploads\/2018\/11\/strbske_ski_2-1024x391.jpeg\" alt=\"\" class=\"wp-image-13539\" srcset=\"https:\/\/regiontatry.sk\/wp-content\/uploads\/2018\/11\/strbske_ski_2-1024x391.jpeg 1024w, https:\/\/regiontatry.sk\/wp-content\/uploads\/2018\/11\/strbske_ski_2-300x114.jpeg 300w, https:\/\/regiontatry.sk\/wp-content\/uploads\/2018\/11\/strbske_ski_2-768x293.jpeg 768w, https:\/\/regiontatry.sk\/wp-content\/uploads\/2018\/11\/strbske_ski_2-1920x732.jpeg 1920w, https:\/\/regiontatry.sk\/wp-content\/uploads\/2018\/11\/strbske_ski_2-1705x650.jpeg 1705w, https:\/\/regiontatry.sk\/wp-content\/uploads\/2018\/11\/strbske_ski_2-698x266.jpeg 698w, https:\/\/regiontatry.sk\/wp-content\/uploads\/2018\/11\/strbske_ski_2-552x211.jpeg 552w\" sizes=\"(max-width: 1024px) 100vw, 1024px\" \/><\/figure>\n\n\n\n<figure class=\"wp-block-image size-large\"><img loading=\"lazy\" decoding=\"async\" width=\"1024\" height=\"683\" data-id=\"9488001\" src=\"https:\/\/regiontatry.sk\/wp-content\/uploads\/2024\/02\/c-Marek-Hajkovsky-foto-VT-2017_176_11zon-1024x683.jpg\" alt=\"\" class=\"wp-image-9488001\" srcset=\"https:\/\/regiontatry.sk\/wp-content\/uploads\/2024\/02\/c-Marek-Hajkovsky-foto-VT-2017_176_11zon-1024x683.jpg 1024w, https:\/\/regiontatry.sk\/wp-content\/uploads\/2024\/02\/c-Marek-Hajkovsky-foto-VT-2017_176_11zon-300x200.jpg 300w, https:\/\/regiontatry.sk\/wp-content\/uploads\/2024\/02\/c-Marek-Hajkovsky-foto-VT-2017_176_11zon-768x513.jpg 768w, https:\/\/regiontatry.sk\/wp-content\/uploads\/2024\/02\/c-Marek-Hajkovsky-foto-VT-2017_176_11zon-1920x1281.jpg 1920w, https:\/\/regiontatry.sk\/wp-content\/uploads\/2024\/02\/c-Marek-Hajkovsky-foto-VT-2017_176_11zon-1705x1138.jpg 1705w, https:\/\/regiontatry.sk\/wp-content\/uploads\/2024\/02\/c-Marek-Hajkovsky-foto-VT-2017_176_11zon-698x466.jpg 698w, https:\/\/regiontatry.sk\/wp-content\/uploads\/2024\/02\/c-Marek-Hajkovsky-foto-VT-2017_176_11zon-552x368.jpg 552w\" sizes=\"(max-width: 1024px) 100vw, 1024px\" \/><\/figure>\n\n\n\n<figure class=\"wp-block-image size-large\"><img loading=\"lazy\" decoding=\"async\" width=\"1024\" height=\"581\" data-id=\"5957533\" src=\"https:\/\/regiontatry.sk\/wp-content\/uploads\/2021\/04\/Strbske-Pleso-2-1024x581.jpg\" alt=\"\" class=\"wp-image-5957533\" srcset=\"https:\/\/regiontatry.sk\/wp-content\/uploads\/2021\/04\/Strbske-Pleso-2-1024x581.jpg 1024w, https:\/\/regiontatry.sk\/wp-content\/uploads\/2021\/04\/Strbske-Pleso-2-300x170.jpg 300w, https:\/\/regiontatry.sk\/wp-content\/uploads\/2021\/04\/Strbske-Pleso-2-768x436.jpg 768w, https:\/\/regiontatry.sk\/wp-content\/uploads\/2021\/04\/Strbske-Pleso-2-698x396.jpg 698w, https:\/\/regiontatry.sk\/wp-content\/uploads\/2021\/04\/Strbske-Pleso-2-552x313.jpg 552w, https:\/\/regiontatry.sk\/wp-content\/uploads\/2021\/04\/Strbske-Pleso-2.jpg 1400w\" sizes=\"(max-width: 1024px) 100vw, 1024px\" \/><\/figure>\n<\/figure>\n\n\n\n<p>\u0160trbsk\u00e9 Pleso is the <strong>biggest <a href=\"\/en\/skiing\/cross-country-skiing\/\">cross-country skiing<\/a> resort<\/strong> with 8 professionally groomed 0.5 to 5 km long tracks. There are&nbsp;cross-country skiing tracks with the total length of 20 km.&nbsp;The so called SNOW area is supplied with man-made snow and can be used all winter long. Various levels of difficulty and several kinds of tracks will please both &#8211; beginners and professionals. You can run around to your heart\u00b4s content in the FIS area, relax at a slow pace around the tarn of \u0160trbsk\u00e9 pleso or make a trip to the valley of Furkotsk\u00e1 dolina on cross-country skis.<\/p>\n\n\n\n<figure class=\"wp-block-gallery has-nested-images columns-default is-cropped wp-block-gallery-4 is-layout-flex wp-block-gallery-is-layout-flex\">\n<figure class=\"wp-block-image size-large\"><img loading=\"lazy\" decoding=\"async\" width=\"1024\" height=\"683\" data-id=\"13213\" src=\"https:\/\/regiontatry.sk\/wp-content\/uploads\/2018\/11\/c-Marek-Hajkovsky-SPmarketing-bezkovanie-146-1-1024x683.jpg\" alt=\"\" class=\"wp-image-13213\" srcset=\"https:\/\/regiontatry.sk\/wp-content\/uploads\/2018\/11\/c-Marek-Hajkovsky-SPmarketing-bezkovanie-146-1-1024x683.jpg 1024w, https:\/\/regiontatry.sk\/wp-content\/uploads\/2018\/11\/c-Marek-Hajkovsky-SPmarketing-bezkovanie-146-1-300x200.jpg 300w, https:\/\/regiontatry.sk\/wp-content\/uploads\/2018\/11\/c-Marek-Hajkovsky-SPmarketing-bezkovanie-146-1-768x513.jpg 768w, https:\/\/regiontatry.sk\/wp-content\/uploads\/2018\/11\/c-Marek-Hajkovsky-SPmarketing-bezkovanie-146-1-698x466.jpg 698w, https:\/\/regiontatry.sk\/wp-content\/uploads\/2018\/11\/c-Marek-Hajkovsky-SPmarketing-bezkovanie-146-1-552x368.jpg 552w, https:\/\/regiontatry.sk\/wp-content\/uploads\/2018\/11\/c-Marek-Hajkovsky-SPmarketing-bezkovanie-146-1.jpg 1500w\" sizes=\"(max-width: 1024px) 100vw, 1024px\" \/><\/figure>\n\n\n\n<figure class=\"wp-block-image size-large\"><img loading=\"lazy\" decoding=\"async\" width=\"1024\" height=\"633\" data-id=\"8600542\" src=\"https:\/\/regiontatry.sk\/wp-content\/uploads\/2022\/11\/c-Marek-Hajkovsky-foto-BEZKY-2021-16_11zon-1-1024x633.jpg\" alt=\"\" class=\"wp-image-8600542\" srcset=\"https:\/\/regiontatry.sk\/wp-content\/uploads\/2022\/11\/c-Marek-Hajkovsky-foto-BEZKY-2021-16_11zon-1-1024x633.jpg 1024w, https:\/\/regiontatry.sk\/wp-content\/uploads\/2022\/11\/c-Marek-Hajkovsky-foto-BEZKY-2021-16_11zon-1-300x186.jpg 300w, https:\/\/regiontatry.sk\/wp-content\/uploads\/2022\/11\/c-Marek-Hajkovsky-foto-BEZKY-2021-16_11zon-1-768x475.jpg 768w, https:\/\/regiontatry.sk\/wp-content\/uploads\/2022\/11\/c-Marek-Hajkovsky-foto-BEZKY-2021-16_11zon-1-1920x1187.jpg 1920w, https:\/\/regiontatry.sk\/wp-content\/uploads\/2022\/11\/c-Marek-Hajkovsky-foto-BEZKY-2021-16_11zon-1-1705x1054.jpg 1705w, https:\/\/regiontatry.sk\/wp-content\/uploads\/2022\/11\/c-Marek-Hajkovsky-foto-BEZKY-2021-16_11zon-1-698x432.jpg 698w, https:\/\/regiontatry.sk\/wp-content\/uploads\/2022\/11\/c-Marek-Hajkovsky-foto-BEZKY-2021-16_11zon-1-552x341.jpg 552w\" sizes=\"(max-width: 1024px) 100vw, 1024px\" \/><\/figure>\n<\/figure>\n\n\n\n<p>Adrenaline lovers can visit an attractive&nbsp;<strong>snow park<\/strong>&nbsp;located on the left side of the Interski slope, where popular adrenaline competitions are often held.<\/p>\n\n\n\n<p>The highest located Tatra settlement with a magical atmosphere, a rich history and luxurious hotels guarantees best moments on the slope full of great fun!<\/p>\n\n\n\n<figure class=\"wp-block-image size-large\"><img loading=\"lazy\" decoding=\"async\" width=\"1024\" height=\"738\" src=\"https:\/\/regiontatry.sk\/wp-content\/uploads\/2025\/11\/mapa-SP_2025-26_rozmery_press_420-x-297_page-1024x738.jpg\" alt=\"\" class=\"wp-image-13150356\" srcset=\"https:\/\/regiontatry.sk\/wp-content\/uploads\/2025\/11\/mapa-SP_2025-26_rozmery_press_420-x-297_page-1024x738.jpg 1024w, https:\/\/regiontatry.sk\/wp-content\/uploads\/2025\/11\/mapa-SP_2025-26_rozmery_press_420-x-297_page-300x216.jpg 300w, https:\/\/regiontatry.sk\/wp-content\/uploads\/2025\/11\/mapa-SP_2025-26_rozmery_press_420-x-297_page-768x554.jpg 768w, https:\/\/regiontatry.sk\/wp-content\/uploads\/2025\/11\/mapa-SP_2025-26_rozmery_press_420-x-297_page-1536x1107.jpg 1536w, https:\/\/regiontatry.sk\/wp-content\/uploads\/2025\/11\/mapa-SP_2025-26_rozmery_press_420-x-297_page-2048x1476.jpg 2048w, https:\/\/regiontatry.sk\/wp-content\/uploads\/2025\/11\/mapa-SP_2025-26_rozmery_press_420-x-297_page-1920x1384.jpg 1920w, https:\/\/regiontatry.sk\/wp-content\/uploads\/2025\/11\/mapa-SP_2025-26_rozmery_press_420-x-297_page-1705x1229.jpg 1705w, https:\/\/regiontatry.sk\/wp-content\/uploads\/2025\/11\/mapa-SP_2025-26_rozmery_press_420-x-297_page-860x620.jpg 860w, https:\/\/regiontatry.sk\/wp-content\/uploads\/2025\/11\/mapa-SP_2025-26_rozmery_press_420-x-297_page-698x503.jpg 698w, https:\/\/regiontatry.sk\/wp-content\/uploads\/2025\/11\/mapa-SP_2025-26_rozmery_press_420-x-297_page-552x398.jpg 552w\" sizes=\"(max-width: 1024px) 100vw, 1024px\" \/><\/figure>\n\n\n\n<h3 class=\"wp-block-heading\"><br><strong><a href=\"http:\/\/www.vt.sk\/\" target=\"_blank\" rel=\"noreferrer noopener\">Resort website<br><\/a><a href=\"https:\/\/www.gopass.sk\/\" target=\"_blank\" rel=\"noreferrer noopener\"><br><\/a><\/strong><\/h3>\n","protected":false},"excerpt":{"rendered":"<p>The resort of \u0160trbsk\u00e9 Pleso is&nbsp;the highest located ski resort&nbsp;with the lower cable car station at the altitude of 1.400 m and&nbsp;the longest ski season Slovakia. It attracts skiers due to great snow conditions, excellent tracks for slalom, downhill, cross-country skiing and top-quality services. New 8-Seater Chairlift at \u0160trbsk\u00e9 Pleso From December 2025, a new [&hellip;]<\/p>\n","protected":false},"author":2,"featured_media":13534,"parent":1599,"menu_order":0,"comment_status":"closed","ping_status":"closed","template":"template-simple-page.php","meta":{"footnotes":""},"class_list":["post-12148","page","type-page","status-publish","has-post-thumbnail","hentry"],"_links":{"self":[{"href":"https:\/\/regiontatry.sk\/en\/wp-json\/wp\/v2\/pages\/12148"}],"collection":[{"href":"https:\/\/regiontatry.sk\/en\/wp-json\/wp\/v2\/pages"}],"about":[{"href":"https:\/\/regiontatry.sk\/en\/wp-json\/wp\/v2\/types\/page"}],"author":[{"embeddable":true,"href":"https:\/\/regiontatry.sk\/en\/wp-json\/wp\/v2\/users\/2"}],"replies":[{"embeddable":true,"href":"https:\/\/regiontatry.sk\/en\/wp-json\/wp\/v2\/comments?post=12148"}],"version-history":[{"count":12,"href":"https:\/\/regiontatry.sk\/en\/wp-json\/wp\/v2\/pages\/12148\/revisions"}],"predecessor-version":[{"id":13150363,"href":"https:\/\/regiontatry.sk\/en\/wp-json\/wp\/v2\/pages\/12148\/revisions\/13150363"}],"up":[{"embeddable":true,"href":"https:\/\/regiontatry.sk\/en\/wp-json\/wp\/v2\/pages\/1599"}],"wp:featuredmedia":[{"embeddable":true,"href":"https:\/\/regiontatry.sk\/en\/wp-json\/wp\/v2\/media\/13534"}],"wp:attachment":[{"href":"https:\/\/regiontatry.sk\/en\/wp-json\/wp\/v2\/media?parent=12148"}],"curies":[{"name":"wp","href":"https:\/\/api.w.org\/{rel}","templated":true}]}}