{"id":12149,"date":"2018-09-27T13:10:04","date_gmt":"2018-09-27T11:10:04","guid":{"rendered":"http:\/\/regiontatry.creanet.sk\/skiing\/tatranska-lomnica\/"},"modified":"2025-11-28T14:45:44","modified_gmt":"2025-11-28T13:45:44","slug":"tatranska-lomnica","status":"publish","type":"page","link":"https:\/\/regiontatry.sk\/en\/skiing\/tatranska-lomnica\/","title":{"rendered":"Tatransk\u00e1 Lomnica"},"content":{"rendered":"\n<p>The most modern ski resort in Slovakia &#8211; Tatransk\u00e1 Lomnica offers 12 ski slopes of various levels of difficulty.<\/p>\n\n\n\n<p>A total vertical drop of 1,300 metres, a 5-month snow guarantee every year,&nbsp;<strong>top modern chairlifts and cable cars<\/strong>, and widened ski trails guarantee the best experiences on a&nbsp;<strong>first-class 5.5km-long carving track<\/strong>&nbsp;that is up to 60 metres wide. The resort also offers&nbsp;<strong>6 km of easier trails<\/strong>&nbsp;that are ideal for families with children.<\/p>\n\n\n\n<p>You can enjoy great skiing on the&nbsp;<strong>highest located and steepest slope in Slovakia &#8211; in Lomnick\u00e9 sedlo<\/strong>&nbsp;(saddle \u2013 2.190 m above sea level).&nbsp;Lomnick\u00e9 sedlo will please all freeride fans and lovers of adrenaline.<\/p>\n\n\n\n<figure class=\"wp-block-gallery has-nested-images columns-default is-cropped wp-block-gallery-2 is-layout-flex wp-block-gallery-is-layout-flex\">\n<figure class=\"wp-block-image size-large\"><img loading=\"lazy\" decoding=\"async\" width=\"1024\" height=\"563\" data-id=\"9994771\" src=\"https:\/\/regiontatry.sk\/wp-content\/uploads\/2024\/11\/\u00a9-Marek-Hajkovsky-foto-VT-kampan-zima-2024_115-1024x563.jpg\" alt=\"ly\u017eovanie Skalnat\u00e9 pleso\n\" class=\"wp-image-9994771\"\/><\/figure>\n\n\n\n<figure class=\"wp-block-image\"><img loading=\"lazy\" decoding=\"async\" width=\"1024\" height=\"683\" data-id=\"9487983\" src=\"https:\/\/regiontatry.sk\/wp-content\/uploads\/2024\/02\/TAT-220-1-1-1024x683.jpg\" alt=\"\" class=\"wp-image-9487983\" srcset=\"https:\/\/regiontatry.sk\/wp-content\/uploads\/2024\/02\/TAT-220-1-1-1024x683.jpg 1024w, https:\/\/regiontatry.sk\/wp-content\/uploads\/2024\/02\/TAT-220-1-1-300x200.jpg 300w, https:\/\/regiontatry.sk\/wp-content\/uploads\/2024\/02\/TAT-220-1-1-768x512.jpg 768w, https:\/\/regiontatry.sk\/wp-content\/uploads\/2024\/02\/TAT-220-1-1-698x466.jpg 698w, https:\/\/regiontatry.sk\/wp-content\/uploads\/2024\/02\/TAT-220-1-1-552x368.jpg 552w, https:\/\/regiontatry.sk\/wp-content\/uploads\/2024\/02\/TAT-220-1-1.jpg 1318w\" sizes=\"(max-width: 1024px) 100vw, 1024px\" \/><\/figure>\n\n\n\n<figure class=\"wp-block-image\"><img loading=\"lazy\" decoding=\"async\" width=\"900\" height=\"600\" data-id=\"13508\" src=\"https:\/\/regiontatry.sk\/wp-content\/uploads\/2018\/11\/Lomnicke-sedlo-Vysoke\u0301-Tatry-TMR-Autor-Marek-Hajkovsky_900x600.jpg\" alt=\"\" class=\"wp-image-13508\" srcset=\"https:\/\/regiontatry.sk\/wp-content\/uploads\/2018\/11\/Lomnicke-sedlo-Vysoke\u0301-Tatry-TMR-Autor-Marek-Hajkovsky_900x600.jpg 900w, https:\/\/regiontatry.sk\/wp-content\/uploads\/2018\/11\/Lomnicke-sedlo-Vysoke\u0301-Tatry-TMR-Autor-Marek-Hajkovsky_900x600-300x200.jpg 300w, https:\/\/regiontatry.sk\/wp-content\/uploads\/2018\/11\/Lomnicke-sedlo-Vysoke\u0301-Tatry-TMR-Autor-Marek-Hajkovsky_900x600-768x512.jpg 768w, https:\/\/regiontatry.sk\/wp-content\/uploads\/2018\/11\/Lomnicke-sedlo-Vysoke\u0301-Tatry-TMR-Autor-Marek-Hajkovsky_900x600-698x465.jpg 698w, https:\/\/regiontatry.sk\/wp-content\/uploads\/2018\/11\/Lomnicke-sedlo-Vysoke\u0301-Tatry-TMR-Autor-Marek-Hajkovsky_900x600-552x368.jpg 552w\" sizes=\"(max-width: 900px) 100vw, 900px\" \/><\/figure>\n<\/figure>\n\n\n\n<p>Mt. Lomnick\u00fd \u0161t\u00edt invites you to enjoy delicious coffee at the altitude of 2.634 metres, in a stylish caf\u00e9 called Dedo. It will be served with a touch of luxurious atmosphere and unforgettable panoramic views.<\/p>\n\n\n\n<p>Relax and recharge your batteries in the Panorama Restaurant at Skalnat\u00e9 Pleso, in the Pizza &#8211; Pasta Restaurant at the mid-station \u0160tart or in the largest Apr\u00e8s-ski bar in the Tatras and Slovakia, which is located next to the lower cable car station in Tatransk\u00e1 Lomnica.<\/p>\n\n\n\n<figure class=\"wp-block-gallery has-nested-images columns-default is-cropped wp-block-gallery-3 is-layout-flex wp-block-gallery-is-layout-flex\">\n<figure class=\"wp-block-image size-large\"><img loading=\"lazy\" decoding=\"async\" width=\"1024\" height=\"755\" data-id=\"9487962\" src=\"https:\/\/regiontatry.sk\/wp-content\/uploads\/2024\/02\/c-Marek-Hajkovsky-foto-LS-2018_11_11zon-1-1-1024x755.jpg\" alt=\"\" class=\"wp-image-9487962\" srcset=\"https:\/\/regiontatry.sk\/wp-content\/uploads\/2024\/02\/c-Marek-Hajkovsky-foto-LS-2018_11_11zon-1-1-1024x755.jpg 1024w, https:\/\/regiontatry.sk\/wp-content\/uploads\/2024\/02\/c-Marek-Hajkovsky-foto-LS-2018_11_11zon-1-1-300x221.jpg 300w, https:\/\/regiontatry.sk\/wp-content\/uploads\/2024\/02\/c-Marek-Hajkovsky-foto-LS-2018_11_11zon-1-1-768x566.jpg 768w, https:\/\/regiontatry.sk\/wp-content\/uploads\/2024\/02\/c-Marek-Hajkovsky-foto-LS-2018_11_11zon-1-1-1920x1415.jpg 1920w, https:\/\/regiontatry.sk\/wp-content\/uploads\/2024\/02\/c-Marek-Hajkovsky-foto-LS-2018_11_11zon-1-1-1705x1257.jpg 1705w, https:\/\/regiontatry.sk\/wp-content\/uploads\/2024\/02\/c-Marek-Hajkovsky-foto-LS-2018_11_11zon-1-1-698x514.jpg 698w, https:\/\/regiontatry.sk\/wp-content\/uploads\/2024\/02\/c-Marek-Hajkovsky-foto-LS-2018_11_11zon-1-1-552x407.jpg 552w\" sizes=\"(max-width: 1024px) 100vw, 1024px\" \/><\/figure>\n\n\n\n<figure class=\"wp-block-image size-large\"><img loading=\"lazy\" decoding=\"async\" width=\"1024\" height=\"663\" data-id=\"9487969\" src=\"https:\/\/regiontatry.sk\/wp-content\/uploads\/2024\/02\/c-Marek-Hajkovsky-foto-LS-2018_14_11zon-1-1024x663.jpg\" alt=\"\" class=\"wp-image-9487969\" srcset=\"https:\/\/regiontatry.sk\/wp-content\/uploads\/2024\/02\/c-Marek-Hajkovsky-foto-LS-2018_14_11zon-1-1024x663.jpg 1024w, https:\/\/regiontatry.sk\/wp-content\/uploads\/2024\/02\/c-Marek-Hajkovsky-foto-LS-2018_14_11zon-1-300x194.jpg 300w, https:\/\/regiontatry.sk\/wp-content\/uploads\/2024\/02\/c-Marek-Hajkovsky-foto-LS-2018_14_11zon-1-768x497.jpg 768w, https:\/\/regiontatry.sk\/wp-content\/uploads\/2024\/02\/c-Marek-Hajkovsky-foto-LS-2018_14_11zon-1-1920x1243.jpg 1920w, https:\/\/regiontatry.sk\/wp-content\/uploads\/2024\/02\/c-Marek-Hajkovsky-foto-LS-2018_14_11zon-1-1705x1104.jpg 1705w, https:\/\/regiontatry.sk\/wp-content\/uploads\/2024\/02\/c-Marek-Hajkovsky-foto-LS-2018_14_11zon-1-698x452.jpg 698w, https:\/\/regiontatry.sk\/wp-content\/uploads\/2024\/02\/c-Marek-Hajkovsky-foto-LS-2018_14_11zon-1-552x357.jpg 552w\" sizes=\"(max-width: 1024px) 100vw, 1024px\" \/><\/figure>\n\n\n\n<figure class=\"wp-block-image size-large\"><img loading=\"lazy\" decoding=\"async\" width=\"1024\" height=\"681\" data-id=\"9487991\" src=\"https:\/\/regiontatry.sk\/wp-content\/uploads\/2024\/02\/c-Marek-Hajkovsky-foto-LS-2020_134_11zon-1024x681.jpg\" alt=\"\" class=\"wp-image-9487991\" srcset=\"https:\/\/regiontatry.sk\/wp-content\/uploads\/2024\/02\/c-Marek-Hajkovsky-foto-LS-2020_134_11zon-1024x681.jpg 1024w, https:\/\/regiontatry.sk\/wp-content\/uploads\/2024\/02\/c-Marek-Hajkovsky-foto-LS-2020_134_11zon-300x200.jpg 300w, https:\/\/regiontatry.sk\/wp-content\/uploads\/2024\/02\/c-Marek-Hajkovsky-foto-LS-2020_134_11zon-768x511.jpg 768w, https:\/\/regiontatry.sk\/wp-content\/uploads\/2024\/02\/c-Marek-Hajkovsky-foto-LS-2020_134_11zon-1920x1278.jpg 1920w, https:\/\/regiontatry.sk\/wp-content\/uploads\/2024\/02\/c-Marek-Hajkovsky-foto-LS-2020_134_11zon-1705x1135.jpg 1705w, https:\/\/regiontatry.sk\/wp-content\/uploads\/2024\/02\/c-Marek-Hajkovsky-foto-LS-2020_134_11zon-698x464.jpg 698w, https:\/\/regiontatry.sk\/wp-content\/uploads\/2024\/02\/c-Marek-Hajkovsky-foto-LS-2020_134_11zon-552x367.jpg 552w\" sizes=\"(max-width: 1024px) 100vw, 1024px\" \/><\/figure>\n<\/figure>\n\n\n\n<p>Audi Ski Arena \u2013 a slalom course with time measuring is popular too. It is available on the piste of \u010cu\u010doriedky z\u00e1pad (eastern slope section) all winter long.<\/p>\n\n\n<div class=\"wp-block-image\">\n<figure class=\"aligncenter size-full is-resized\"><img loading=\"lazy\" decoding=\"async\" width=\"2560\" height=\"1845\" src=\"https:\/\/regiontatry.sk\/wp-content\/uploads\/2025\/11\/mapa-TL_2025-26_rozmery_press_420-x-297_page-scaled.jpg\" alt=\"\" class=\"wp-image-13150342\" style=\"width:854px;height:auto\" srcset=\"https:\/\/regiontatry.sk\/wp-content\/uploads\/2025\/11\/mapa-TL_2025-26_rozmery_press_420-x-297_page-scaled.jpg 2560w, https:\/\/regiontatry.sk\/wp-content\/uploads\/2025\/11\/mapa-TL_2025-26_rozmery_press_420-x-297_page-300x216.jpg 300w, https:\/\/regiontatry.sk\/wp-content\/uploads\/2025\/11\/mapa-TL_2025-26_rozmery_press_420-x-297_page-1024x738.jpg 1024w, https:\/\/regiontatry.sk\/wp-content\/uploads\/2025\/11\/mapa-TL_2025-26_rozmery_press_420-x-297_page-768x554.jpg 768w, https:\/\/regiontatry.sk\/wp-content\/uploads\/2025\/11\/mapa-TL_2025-26_rozmery_press_420-x-297_page-1536x1107.jpg 1536w, https:\/\/regiontatry.sk\/wp-content\/uploads\/2025\/11\/mapa-TL_2025-26_rozmery_press_420-x-297_page-2048x1476.jpg 2048w, https:\/\/regiontatry.sk\/wp-content\/uploads\/2025\/11\/mapa-TL_2025-26_rozmery_press_420-x-297_page-1920x1384.jpg 1920w, https:\/\/regiontatry.sk\/wp-content\/uploads\/2025\/11\/mapa-TL_2025-26_rozmery_press_420-x-297_page-1705x1229.jpg 1705w, https:\/\/regiontatry.sk\/wp-content\/uploads\/2025\/11\/mapa-TL_2025-26_rozmery_press_420-x-297_page-860x620.jpg 860w, https:\/\/regiontatry.sk\/wp-content\/uploads\/2025\/11\/mapa-TL_2025-26_rozmery_press_420-x-297_page-698x503.jpg 698w, https:\/\/regiontatry.sk\/wp-content\/uploads\/2025\/11\/mapa-TL_2025-26_rozmery_press_420-x-297_page-552x398.jpg 552w\" sizes=\"(max-width: 2560px) 100vw, 2560px\" \/><\/figure><\/div>\n\n\n<p><br><strong><a href=\"http:\/\/www.vt.sk\/\" target=\"_blank\" rel=\"noreferrer noopener\">Resort website<br><\/a><\/strong><br><\/p>\n","protected":false},"excerpt":{"rendered":"<p>The most modern ski resort in Slovakia &#8211; Tatransk\u00e1 Lomnica offers 12 ski slopes of various levels of difficulty. A total vertical drop of 1,300 metres, a 5-month snow guarantee every year,&nbsp;top modern chairlifts and cable cars, and widened ski trails guarantee the best experiences on a&nbsp;first-class 5.5km-long carving track&nbsp;that is up to 60 metres [&hellip;]<\/p>\n","protected":false},"author":12,"featured_media":11191243,"parent":1599,"menu_order":0,"comment_status":"closed","ping_status":"closed","template":"template-list.php","meta":{"footnotes":""},"class_list":["post-12149","page","type-page","status-publish","has-post-thumbnail","hentry"],"_links":{"self":[{"href":"https:\/\/regiontatry.sk\/en\/wp-json\/wp\/v2\/pages\/12149"}],"collection":[{"href":"https:\/\/regiontatry.sk\/en\/wp-json\/wp\/v2\/pages"}],"about":[{"href":"https:\/\/regiontatry.sk\/en\/wp-json\/wp\/v2\/types\/page"}],"author":[{"embeddable":true,"href":"https:\/\/regiontatry.sk\/en\/wp-json\/wp\/v2\/users\/12"}],"replies":[{"embeddable":true,"href":"https:\/\/regiontatry.sk\/en\/wp-json\/wp\/v2\/comments?post=12149"}],"version-history":[{"count":15,"href":"https:\/\/regiontatry.sk\/en\/wp-json\/wp\/v2\/pages\/12149\/revisions"}],"predecessor-version":[{"id":13150349,"href":"https:\/\/regiontatry.sk\/en\/wp-json\/wp\/v2\/pages\/12149\/revisions\/13150349"}],"up":[{"embeddable":true,"href":"https:\/\/regiontatry.sk\/en\/wp-json\/wp\/v2\/pages\/1599"}],"wp:featuredmedia":[{"embeddable":true,"href":"https:\/\/regiontatry.sk\/en\/wp-json\/wp\/v2\/media\/11191243"}],"wp:attachment":[{"href":"https:\/\/regiontatry.sk\/en\/wp-json\/wp\/v2\/media?parent=12149"}],"curies":[{"name":"wp","href":"https:\/\/api.w.org\/{rel}","templated":true}]}}