{"id":12154,"date":"2018-09-24T16:19:09","date_gmt":"2018-09-24T14:19:09","guid":{"rendered":"http:\/\/regiontatry.creanet.sk\/rodina-a-zabava\/lanovkami-za-dobrodruzstvom\/"},"modified":"2019-01-31T16:10:26","modified_gmt":"2019-01-31T15:10:26","slug":"lanovkami-za-dobrodruzstvom","status":"publish","type":"page","link":"https:\/\/regiontatry.sk\/en\/family-and-entertainment\/lanovkami-za-dobrodruzstvom\/","title":{"rendered":"Lifts for adventure"},"content":{"rendered":"\n<p>Tatransk\u00e9 lanovky s\u00fa jeden z&nbsp;najob\u013e\u00fabnej\u0161\u00edch sp\u00f4sobov, ako si pobyt \nv&nbsp;Tatr\u00e1ch spr\u00edjemni\u0165 a&nbsp;spozna\u0165 ich. Odhalia v\u00e1m hory z&nbsp;inej perspekt\u00edvy,\n ne\u017e na ak\u00fa ste zvyknut\u00ed. Ak v\u00e1s l\u00e1ka tento sp\u00f4sob cestovania, <strong>vyvezte sa pohodlne za prekr\u00e1snymi panor\u00e1mami a&nbsp;\u010derstv\u00fdm vzduchom niektorou z&nbsp;tatransk\u00fdch lanov\u00fdch dr\u00e1h<\/strong>.<\/p>\n\n\n\t<a href=\"https:\/\/www.vt.sk\/zazitky\/vylety-lanovkami\/skalnate-pleso\/\" class=\"wp-block-cgb-block-creanet-list category-list grid-x grid-padding-x align-middle\">\n\t\t\t\t\t<div class=\"small-12 medium-6 large-5\">\n\t\t\t\t<figure><img src='https:\/\/regiontatry.sk\/wp-content\/uploads\/2018\/09\/kolaz-vt-lanovka_1000.jpg'\n\t\t\t\t\t\talt=''\n\t\t\t\t\t\ttitle='kolaz-vt-lanovka_1000'\n\t\t\t\t\t\/><\/figure>\n\t\t\t<\/div>\n\t\t\n\n\t\t<div class=\"cell small-12 medium-5 large-7\">\n\t\t\t<h3>Kab\u00ednkova lanovka na Skalnat\u00e9 pleso<\/h3>\n\t\t\t<p>Pr\u00ed\u010fte si pozrie\u0165 najob\u013e\u00fabenej\u0161ie turistick\u00e9 miesto \u2013 <strong>Skalnat\u00e9 pleso<\/strong> do v\u00fd\u0161ky 1\u00a0751 metrov. Z\u00a0\u00fadolnej stanice v\u00a0Tatranskej Lomnici\u00a0 v\u00e1s\u00a0vyvezie <strong>4 miestna kab\u00ednkov\u00e1 lanovka<\/strong> <strong>na medzistanicu \u0160tart, odkia\u013e V\u00e1s na Skalnat\u00e9 pleso vyvezie nov\u00e1 modern\u00e1 15-miestna gondola. <\/strong>Na pe\u0161iu t\u00faru sa m\u00f4\u017eete odtia\u013e vyda\u0165 do Studenovodsk\u00fdch dol\u00edn smerom na Hrebienok alebo k\u00a0Zelen\u00e9mu plesu cez Ve\u013ek\u00fa Svi\u0161\u0165ovku. Pre deti je na Skalnatom plese ob\u013e\u00faben\u00fd <strong>detsk\u00fd eko-mini park Svi\u0161tia krajinka s\u00a0dobrodru\u017estvami a\u00a0pr\u00edbehmi Tatranskej divo\u010diny<\/strong><\/p>\n\t\t<\/div>\n\t<\/a>\n\n\t\n\n\t<a href=\"https:\/\/www.vt.sk\/zazitky\/vylety-lanovkami\/lomnicky-stit\/\" class=\"wp-block-cgb-block-creanet-list category-list grid-x grid-padding-x align-middle\">\n\t\t\t\t\t<div class=\"small-12 medium-6 large-5\">\n\t\t\t\t<figure><img src='https:\/\/regiontatry.sk\/wp-content\/uploads\/2018\/09\/lomnickystitlanovka.jpg'\n\t\t\t\t\t\talt=''\n\t\t\t\t\t\ttitle='lomnickystitlanovka'\n\t\t\t\t\t\/><\/figure>\n\t\t\t<\/div>\n\t\t\n\n\t\t<div class=\"cell small-12 medium-5 large-7\">\n\t\t\t<h3>Vysut\u00e1 lanovka na Lomnick\u00fd \u0161t\u00edt<\/h3>\n\t\t\t<p><strong>Zo Skalnat\u00e9ho plesa<\/strong> vedie visut\u00e1 lanovka na Lomnick\u00fd \u0161t\u00edt (2634 m. n. m.), kde si m\u00f4\u017eete vychutna\u0165 k\u00e1vu na visutej terase <strong>kaviarne Dedo<\/strong> \u010di nav\u0161t\u00edvi\u0165 <strong>pr\u00edrodn\u00fa botanick\u00fa z\u00e1hradu<\/strong>, alebo observat\u00f3rium. Vzh\u013eadom na to, \u017ee kapacita lanovky na Lomnick\u00fd \u0161t\u00edt je mnohon\u00e1sobne ni\u017e\u0161ia ne\u017e lanovky z\u00a0Tatranskej Lomnice na Skalnat\u00e9 pleso, odpor\u00fa\u010da sa zak\u00fapi\u0165 si l\u00edstok aj p\u00e1r dn\u00ed vopred v\u00a0pokladniach lanoviek v\u00a0Tatranskej Lomnici i\u00a0v\u00a0Starom Smokovci.<\/p>\n\t\t<\/div>\n\t<\/a>\n\n\t\n\n\t<a href=\"https:\/\/www.vt.sk\/zazitky\/vylety-lanovkami\/hrebienok\/\" class=\"wp-block-cgb-block-creanet-list category-list grid-x grid-padding-x align-middle\">\n\t\t\t\t\t<div class=\"small-12 medium-6 large-5\">\n\t\t\t\t<figure><img src='https:\/\/regiontatry.sk\/wp-content\/uploads\/2018\/09\/hrebienok.jpg'\n\t\t\t\t\t\talt=''\n\t\t\t\t\t\ttitle='hrebienok'\n\t\t\t\t\t\/><\/figure>\n\t\t\t<\/div>\n\t\t\n\n\t\t<div class=\"cell small-12 medium-5 large-7\">\n\t\t\t<h3>Pozemn\u00e1 lanovka na Hrebienok<\/h3>\n\t\t\t<p>\u010eal\u0161\u00edm typom lanovky je pozemn\u00e1 lanovka, ktor\u00e1 prem\u00e1va <strong>zo stanice Star\u00fd Smokovec<\/strong> (1017 m. n. m.) na Hrebienok (1272 m. n. m.), ktor\u00fd je v\u00fdchodiskom na t\u00fary k\u00a0vodop\u00e1dom a\u00a0k\u00a0tatransk\u00fdm chat\u00e1m. Taktie\u017e tam n\u00e1jdete aktivity ako bike park a\u00a0tubing. Cesta lanovkou na Hrebienok trv\u00e1 iba 7 min\u00fat.<\/p>\n\t\t<\/div>\n\t<\/a>\n\n\t\n\n\t<a href=\"https:\/\/www.vt.sk\/zazitky\/vylety-lanovkami\/solisko\/\" class=\"wp-block-cgb-block-creanet-list category-list grid-x grid-padding-x align-middle\">\n\t\t\t\t\t<div class=\"small-12 medium-6 large-5\">\n\t\t\t\t<figure><img src='https:\/\/regiontatry.sk\/wp-content\/uploads\/2018\/09\/solisko.jpg'\n\t\t\t\t\t\talt=''\n\t\t\t\t\t\ttitle='solisko'\n\t\t\t\t\t\/><\/figure>\n\t\t\t<\/div>\n\t\t\n\n\t\t<div class=\"cell small-12 medium-5 large-7\">\n\t\t\t<h3>Seda\u010dkov\u00e1 lanovka na Solisko<\/h3>\n\t\t\t<p>Seda\u010dkov\u00e1 lanovka <strong>zo \u0160trbsk\u00e9ho plesa<\/strong> (1383 m. n. m.) v\u00e1s zase vyvezie na vrchol Soliska (1814 m. n. m.). Jeden z\u00a0naj\u013eah\u0161ie dostupn\u00fdch vrchov v\u00e1m pon\u00fakne poh\u013ead na Popradsk\u00fa kotlinu a ubytova\u0165 sa m\u00f4\u017eete v\u00a0chate pod Soliskom.<\/p>\n\t\t<\/div>\n\t<\/a>\n\n\t\n\n\n<h3 class=\"wp-block-heading\">O hist\u00f3rii lanoviek<\/h3>\n\n\n\n<div class=\"wp-block-cgb-block-text-image-right grid-x grid-padding-x\"><div class=\"cell small-12 medium-7\"><p>Hist\u00f3ria t\u00fdchto lanov\u00fdch dr\u00e1h siaha do tridsiatych rokov 20. stor. Prv\u00e1 lanovka bola postaven\u00e1 na Lomnickom \u0161t\u00edte. No ten nebol jedin\u00fdm kandid\u00e1tom na v\u00fdstavbu lanovej dr\u00e1hy. Do \u00favahy prich\u00e1dzali tie\u017e Gerlachovsk\u00fd, \u013dadov\u00fd, Slavkovsk\u00fd \u0161t\u00edt a\u00a0Rysy. Tridsa\u0165 nosi\u010dov vynieslo takmer 300 ton materi\u00e1lu na vrchol Lomnick\u00e9ho \u0161t\u00edtu, do v\u00fd\u0161ky 2634\u2005m. n. m., e\u0161te pred v\u00fdstavbou pomocnej n\u00e1kladnej lanovky. V\u00fdstavbu tejto lanovej dr\u00e1hy presadzoval najm\u00e4 riadite\u013e \u0160t\u00e1tnych k\u00fape\u013eov Tatransk\u00e1 Lomnica Juraj Orsz\u00e1gh.<br\/>V\u00fdstavba sa za\u010dala 8. m\u00e1ja 1936. Sl\u00e1vnostn\u00e9 otvorenie sa konalo 19. decembra 1941. Trasa bola rozdelen\u00e1 na dva \u00faseky. Na spodnom, z\u00a0Tatranskej Lomnice k\u00a0Skalnat\u00e9mu plesu u\u017e od 22. decembra 1937 kyvadlovo prem\u00e1vali dve kab\u00edny pre 30 cestuj\u00facich a\u00a0sprievodcu. Stretali sa v\u00a0medzi stanici \u0160tart. Na hornom \u00faseku prem\u00e1vala, rovnako ako dnes, jedna kab\u00edna. Medzi stanica \u0160tart dostala n\u00e1zov pod\u013ea ne\u010falek\u00e9ho \u0161tartu s\u00e1nkarskej a\u00a0bobovej dr\u00e1hy. Lanovku na Lomnick\u00fd \u0161t\u00edt vyu\u017eilo nespo\u010detn\u00e9 mno\u017estvo v\u00fdznamn\u00fdch osobnost\u00ed kult\u00farneho a\u00a0spolo\u010densk\u00e9ho \u017eivota, sn\u00e1\u010f z\u00a0cel\u00e9ho sveta.<\/p><ul><\/ul><\/div><div class=\"cell small-12 medium-5\"><div class=\"image-right-box\"><img decoding=\"async\" src=\"https:\/\/regiontatry.sk\/wp-content\/uploads\/2018\/09\/vyst_36_resize-1.jpg\" alt=\"\"\/><\/div><\/div><\/div>\n\n\n\n<div id=\"gallery\" class=\"wp-block-cgb-block-creanet-gallery grid-x grid-padding-x\"><div class=\"cell small-12\"><h3><\/h3><\/div><div class=\"cell small-6 medium-4\"><a href=\"#\" class=\"thumbnail\" data-index=\"0\"><img decoding=\"async\" src=\"https:\/\/regiontatry.sk\/wp-content\/uploads\/2018\/09\/DSC_0182_1000.jpg\" alt=\"\" data-width=\"1200\" data-height=\"900\"\/><\/a><\/div><div class=\"cell small-6 medium-4\"><a href=\"#\" class=\"thumbnail\" data-index=\"1\"><img decoding=\"async\" src=\"https:\/\/regiontatry.sk\/wp-content\/uploads\/2018\/09\/DSC_0167_1000.jpg\" alt=\"\" data-width=\"1200\" data-height=\"900\"\/><\/a><\/div><div class=\"cell small-6 medium-4\"><a href=\"#\" class=\"thumbnail\" data-index=\"2\"><img decoding=\"async\" src=\"https:\/\/regiontatry.sk\/wp-content\/uploads\/2018\/09\/kolaz-vt-lanovka_1000-1.jpg\" alt=\"\" data-width=\"1200\" data-height=\"900\"\/><\/a><\/div><div class=\"cell small-6 medium-4\"><a href=\"#\" class=\"thumbnail\" data-index=\"3\"><img decoding=\"async\" src=\"https:\/\/regiontatry.sk\/wp-content\/uploads\/2018\/09\/DSC_0398_1000-1.jpg\" alt=\"\" data-width=\"1200\" data-height=\"900\"\/><\/a><\/div><\/div>\n","protected":false},"excerpt":{"rendered":"<p>Tatransk\u00e9 lanovky s\u00fa jeden z&nbsp;najob\u013e\u00fabnej\u0161\u00edch sp\u00f4sobov, ako si pobyt v&nbsp;Tatr\u00e1ch spr\u00edjemni\u0165 a&nbsp;spozna\u0165 ich. Odhalia v\u00e1m hory z&nbsp;inej perspekt\u00edvy, ne\u017e na ak\u00fa ste zvyknut\u00ed. Ak v\u00e1s l\u00e1ka tento sp\u00f4sob cestovania, vyvezte sa pohodlne za prekr\u00e1snymi panor\u00e1mami a&nbsp;\u010derstv\u00fdm vzduchom niektorou z&nbsp;tatransk\u00fdch lanov\u00fdch dr\u00e1h. O hist\u00f3rii lanoviek<\/p>\n","protected":false},"author":4,"featured_media":4155,"parent":1571,"menu_order":0,"comment_status":"closed","ping_status":"closed","template":"template-list.php","meta":{"footnotes":""},"class_list":["post-12154","page","type-page","status-publish","has-post-thumbnail","hentry"],"_links":{"self":[{"href":"https:\/\/regiontatry.sk\/en\/wp-json\/wp\/v2\/pages\/12154"}],"collection":[{"href":"https:\/\/regiontatry.sk\/en\/wp-json\/wp\/v2\/pages"}],"about":[{"href":"https:\/\/regiontatry.sk\/en\/wp-json\/wp\/v2\/types\/page"}],"author":[{"embeddable":true,"href":"https:\/\/regiontatry.sk\/en\/wp-json\/wp\/v2\/users\/4"}],"replies":[{"embeddable":true,"href":"https:\/\/regiontatry.sk\/en\/wp-json\/wp\/v2\/comments?post=12154"}],"version-history":[{"count":4,"href":"https:\/\/regiontatry.sk\/en\/wp-json\/wp\/v2\/pages\/12154\/revisions"}],"predecessor-version":[{"id":15333,"href":"https:\/\/regiontatry.sk\/en\/wp-json\/wp\/v2\/pages\/12154\/revisions\/15333"}],"up":[{"embeddable":true,"href":"https:\/\/regiontatry.sk\/en\/wp-json\/wp\/v2\/pages\/1571"}],"wp:featuredmedia":[{"embeddable":true,"href":"https:\/\/regiontatry.sk\/en\/wp-json\/wp\/v2\/media\/4155"}],"wp:attachment":[{"href":"https:\/\/regiontatry.sk\/en\/wp-json\/wp\/v2\/media?parent=12154"}],"curies":[{"name":"wp","href":"https:\/\/api.w.org\/{rel}","templated":true}]}}