{"id":12155,"date":"2018-09-18T09:04:14","date_gmt":"2018-09-18T07:04:14","guid":{"rendered":"http:\/\/regiontatry.creanet.sk\/rodina-a-zabava\/rodinna-turistika\/"},"modified":"2019-05-13T13:47:53","modified_gmt":"2019-05-13T11:47:53","slug":"rodinna-turistika","status":"publish","type":"page","link":"https:\/\/regiontatry.sk\/en\/family-and-entertainment\/rodinna-turistika\/","title":{"rendered":"Rodinn\u00e1 turistika"},"content":{"rendered":"\n<p>Objavte v Tatr\u00e1ch okamihy rodinn\u00e9ho \u0161\u0165astia a pre\u017eite leto nezabudnute\u013en\u00fdch z\u00e1\u017eitkov! Vysok\u00e9 Tatry m\u00f4\u017eu by\u0165 aj va\u0161im turistick\u00fdm dovolenkov\u00fdm rajom. Jedine\u010dn\u00e9 prostredie pon\u00faka turistick\u00e9 chodn\u00edky vhodn\u00e9 aj pre mal\u00e9 detsk\u00e9 no\u017ei\u010dky.<br><\/p>\n\n\n\n<h2 class=\"wp-block-heading\"><br>TIPY NA RODINN\u00c9 V\u00ddLETY<\/h2>\n\n\n\n<p>Odpor\u00fa\u010dame nieko\u013eko tipov na kr\u00e1tke vych\u00e1dzky do 2 hod\u00edn, ide\u00e1lne aj na turistiku s mal\u00fdmi de\u0165mi:<br><\/p>\n\n\n\n<table class=\"wp-block-table\"><tbody><tr><td><br><\/td><td>hod.<\/td><td>prev\u00fd\u0161enie<br><\/td><\/tr><tr><td><strong>Zo \u0160trbsk\u00e9ho Plesa na Jamsk\u00e9 pleso<\/strong><br><\/td><td>1:00<\/td><td>120 m<\/td><\/tr><tr><td><strong>Zo zast\u00e1vky Popradsk\u00e9 Pleso k Popradsk\u00e9mu plesu<\/strong>, \u0161tvrt\u00e9mu najv\u00e4\u010d\u0161iemu v Tatr\u00e1ch<\/td><td>1:00<\/td><td>250 m<\/td><\/tr><tr><td>Z<strong>&nbsp;Podbansk\u00e9ho ku Kme\u0165ovmu vodop\u00e1du<\/strong>, najv\u00e4\u010d\u0161iemu na Slovensku (80m)<\/td><td>2:00<br><\/td><td>320 m<\/td><\/tr><tr><td><strong>Okruh Star\u00e9ho Smokovca<\/strong><br>Star\u00fd Smokovec &#8211; \u00fap\u00e4tie Slavkovsk\u00e9ho \u0161t\u00edtu &#8211; Hrebienok &#8211; Star\u00fd Smokovec<\/td><td>2:00<\/td><td>300 m<\/td><\/tr><tr><td><strong>K Rainerovej \u00fatulni a vodop\u00e1dom Studen\u00e9ho potoka<\/strong><br>Star\u00fd Smokovec &#8211; Hrebienok &#8211; Vodop\u00e1dy Studen\u00e9ho potoka &#8211; Starolesnianska po\u013eana (b\u00fdvala po\u013eana Kamz\u00edk) &#8211; Rainerova \u00fatul\u0148a<\/td><td>1:00<\/td><td>150 m<\/td><\/tr><tr><td><strong>Z Tatranskej Lomnice na \u0160tart<\/strong><\/td><td>1:00<\/td><td>200 m<\/td><\/tr><tr><td>L<strong>omnick\u00fd okruh<\/strong><br>Tatransk\u00e1 Lomnica &#8211; l\u00faky pri Matliaroch a sp\u00e4\u0165 chodn\u00edkom pozd\u013a\u017e cesty Slobody<\/td><td>1:30<\/td><td>50 m<\/td><\/tr><tr><td><strong>Z Javoriny na Po\u013eanu pod Mur\u00e1\u0148om<\/strong><\/td><td>0:45<\/td><td>110 m<\/td><\/tr><tr><td><strong>Z Lysej Po\u013eany na Po\u013eanu pod Rozpadlinami<\/strong><br>pozd\u013a\u017e Bielej vody &#8211; hor\u00e1re\u0148 &#8211; Po\u013eana pod Rozpadlinami<\/td><td>1:00<\/td><td>50 m<\/td><\/tr><\/tbody><\/table>\n\n\n\n<ul class=\"wp-block-gallery columns-2 is-cropped wp-block-gallery-2 is-layout-flex wp-block-gallery-is-layout-flex\"><li class=\"blocks-gallery-item\"><figure><img loading=\"lazy\" decoding=\"async\" width=\"640\" height=\"422\" src=\"https:\/\/regiontatry.sk\/wp-content\/uploads\/2018\/09\/20184927018_871c708805_z.jpg\" alt=\"\" data-id=\"3964\" data-link=\"https:\/\/regiontatry.sk\/rodinna-turistika\/20184927018_871c708805_z\/\" class=\"wp-image-3964\" srcset=\"https:\/\/regiontatry.sk\/wp-content\/uploads\/2018\/09\/20184927018_871c708805_z.jpg 640w, https:\/\/regiontatry.sk\/wp-content\/uploads\/2018\/09\/20184927018_871c708805_z-300x198.jpg 300w\" sizes=\"(max-width: 640px) 100vw, 640px\" \/><\/figure><\/li><li class=\"blocks-gallery-item\"><figure><img loading=\"lazy\" decoding=\"async\" width=\"1024\" height=\"584\" src=\"https:\/\/regiontatry.sk\/wp-content\/uploads\/2019\/05\/rodinnaturistika-1024x584.jpeg\" alt=\"\" data-id=\"18082\" data-link=\"https:\/\/regiontatry.sk\/rodina-a-zabava\/rodinna-turistika\/rodinnaturistika-2\/\" class=\"wp-image-18082\" srcset=\"https:\/\/regiontatry.sk\/wp-content\/uploads\/2019\/05\/rodinnaturistika-1024x584.jpeg 1024w, https:\/\/regiontatry.sk\/wp-content\/uploads\/2019\/05\/rodinnaturistika-300x171.jpeg 300w, https:\/\/regiontatry.sk\/wp-content\/uploads\/2019\/05\/rodinnaturistika-768x438.jpeg 768w, https:\/\/regiontatry.sk\/wp-content\/uploads\/2019\/05\/rodinnaturistika-698x398.jpeg 698w, https:\/\/regiontatry.sk\/wp-content\/uploads\/2019\/05\/rodinnaturistika-552x315.jpeg 552w, https:\/\/regiontatry.sk\/wp-content\/uploads\/2019\/05\/rodinnaturistika.jpeg 1600w\" sizes=\"(max-width: 1024px) 100vw, 1024px\" \/><\/figure><\/li><\/ul>\n\n\n\n<h2 class=\"wp-block-heading\"><span id=\"mce_1_start\" style=\"overflow:hidden;line-height:0px\"><br>TATRY BEZ BARI\u00c9R<\/h2>\n\n\n\n<p>Vybran\u00e9 chodn\u00edky spr\u00edstup\u0148uj\u00fa Tatry aj&nbsp;<strong>pre rodiny s detsk\u00fdmi ko\u010d\u00edkmi<\/strong>&nbsp;\u010di&nbsp;<strong>ob\u010danov so zn\u00ed\u017eenou schopnos\u0165ou pohybu<\/strong>. Na v\u00fdlet si po\u010das cel\u00e9ho roka m\u00f4\u017eu vybra\u0165 jednu z \u00f4smich turistick\u00fdch tr\u00e1s v celkovej d\u013a\u017eke viac ako tridsa\u0165 kilometrov turistick\u00fdch chodn\u00edkov. Spolo\u010dne s ostatn\u00fdmi maj\u00fa tak mo\u017enos\u0165 nahliadnu\u0165 do tajov a kr\u00e1s tatranskej pr\u00edrody.<\/p>\n\n\n\n<ul class=\"wp-block-gallery columns-2 is-cropped wp-block-gallery-3 is-layout-flex wp-block-gallery-is-layout-flex\"><li class=\"blocks-gallery-item\"><figure><img loading=\"lazy\" decoding=\"async\" width=\"500\" height=\"375\" src=\"https:\/\/regiontatry.sk\/wp-content\/uploads\/2019\/05\/tatry-bez-barier_01.jpg\" alt=\"\" data-id=\"18105\" data-link=\"https:\/\/regiontatry.sk\/rodina-a-zabava\/rodinna-turistika\/tatry-bez-barier_01-2\/\" class=\"wp-image-18105\" srcset=\"https:\/\/regiontatry.sk\/wp-content\/uploads\/2019\/05\/tatry-bez-barier_01.jpg 500w, https:\/\/regiontatry.sk\/wp-content\/uploads\/2019\/05\/tatry-bez-barier_01-300x225.jpg 300w\" sizes=\"(max-width: 500px) 100vw, 500px\" \/><\/figure><\/li><li class=\"blocks-gallery-item\"><figure><img loading=\"lazy\" decoding=\"async\" width=\"1000\" height=\"667\" src=\"https:\/\/regiontatry.sk\/wp-content\/uploads\/2019\/05\/tatry_bez_barier_04.jpg\" alt=\"\" data-id=\"18108\" data-link=\"https:\/\/regiontatry.sk\/rodina-a-zabava\/rodinna-turistika\/tatry_bez_barier_04-2\/\" class=\"wp-image-18108\" srcset=\"https:\/\/regiontatry.sk\/wp-content\/uploads\/2019\/05\/tatry_bez_barier_04.jpg 1000w, https:\/\/regiontatry.sk\/wp-content\/uploads\/2019\/05\/tatry_bez_barier_04-300x200.jpg 300w, https:\/\/regiontatry.sk\/wp-content\/uploads\/2019\/05\/tatry_bez_barier_04-768x512.jpg 768w, https:\/\/regiontatry.sk\/wp-content\/uploads\/2019\/05\/tatry_bez_barier_04-698x466.jpg 698w, https:\/\/regiontatry.sk\/wp-content\/uploads\/2019\/05\/tatry_bez_barier_04-552x368.jpg 552w\" sizes=\"(max-width: 1000px) 100vw, 1000px\" \/><\/figure><\/li><\/ul>\n\n\n\n<p><strong>Lesn\u00e1 cesta Tich\u00e1 dolina v Oraviciach<\/strong><br>Oravice &#8211; hor\u00e1re\u0148 v Tichej doline &#8211; asfalt &#8211; 3,4 km<\/p>\n\n\n\n<p><strong>Lesn\u00e1 cesta Bobroveck\u00e1 dolina<\/strong><br>Oravice &#8211; pod Gr\u00fanikom &#8211; asfalt &#8211; 3,2 km<\/p>\n\n\n\n<p><strong>Lesn\u00e1 cesta Roh\u00e1\u010dska dolina<\/strong><br>Zverovka &#8211; b\u00fdval\u00e1 \u0164atliakova chata &#8211; asfalt &#8211; 3,1 km<\/p>\n\n\n\n<div class=\"wp-block-image\"><figure class=\"alignright\"><img loading=\"lazy\" decoding=\"async\" width=\"225\" height=\"300\" src=\"https:\/\/regiontatry.sk\/wp-content\/uploads\/2019\/05\/tatry_bez_barier_02-225x300.jpg\" alt=\"\" class=\"wp-image-18135\" srcset=\"https:\/\/regiontatry.sk\/wp-content\/uploads\/2019\/05\/tatry_bez_barier_02-225x300.jpg 225w, https:\/\/regiontatry.sk\/wp-content\/uploads\/2019\/05\/tatry_bez_barier_02-768x1024.jpg 768w, https:\/\/regiontatry.sk\/wp-content\/uploads\/2019\/05\/tatry_bez_barier_02-698x930.jpg 698w, https:\/\/regiontatry.sk\/wp-content\/uploads\/2019\/05\/tatry_bez_barier_02-552x736.jpg 552w, https:\/\/regiontatry.sk\/wp-content\/uploads\/2019\/05\/tatry_bez_barier_02.jpg 1000w\" sizes=\"(max-width: 225px) 100vw, 225px\" \/><\/figure><\/div>\n\n\n\n<p><strong>Cesta na Popradsk\u00e9 pleso<\/strong><br>Zast\u00e1vka Popradsk\u00e9 Pleso \u2013 Popradsk\u00e9 pleso &#8211; asfalt &#8211; 4,5 km<\/p>\n\n\n\n<p><strong>Cesta na Rainerovu chatu<\/strong><br>Star\u00fd Smokovec \u2013 Hrebienok \u2013 Rainerova chata &#8211; zhutnen\u00fd \u0161trkov\u00fd povrch &#8211; 4,2 km<\/p>\n\n\n\n<p><strong>Cesta k hor\u00e1rni Podmur\u00e1\u0148<br><\/strong>Tatransk\u00e1 Javorina \u2013 hor\u00e1re\u0148 Podmur\u00e1\u0148 &#8211; zhutnen\u00fd \u0161trkov\u00fd povrch &#8211; 1,9 km<\/p>\n\n\n\n<p><strong>Cesta k hor\u00e1rni v Bielovodskej doline<\/strong><br>Lys\u00e1 Po\u013eana \u2013 hor\u00e1re\u0148 v Bielovodskej doline &#8211; zhutnen\u00fd \u0161trkov\u00fd povrch &#8211; 4 km<\/p>\n\n\n\n<p><strong>Prielom Dunajca (PIENAP)<\/strong><br>\u010cerven\u00fd kl\u00e1\u0161tor &#8211; Lesnica &#8211; zhutnen\u00fd \u0161trkov\u00fd povrch &#8211; 8 km<\/p>\n","protected":false},"excerpt":{"rendered":"<p>Objavte v Tatr\u00e1ch okamihy rodinn\u00e9ho \u0161\u0165astia a pre\u017eite leto nezabudnute\u013en\u00fdch z\u00e1\u017eitkov! Vysok\u00e9 Tatry m\u00f4\u017eu by\u0165 aj va\u0161im turistick\u00fdm dovolenkov\u00fdm rajom. Jedine\u010dn\u00e9 prostredie pon\u00faka turistick\u00e9 chodn\u00edky vhodn\u00e9 aj pre mal\u00e9 detsk\u00e9 no\u017ei\u010dky. TIPY NA RODINN\u00c9 V\u00ddLETY Odpor\u00fa\u010dame nieko\u013eko tipov na kr\u00e1tke vych\u00e1dzky do 2 hod\u00edn, ide\u00e1lne aj na turistiku s mal\u00fdmi de\u0165mi: hod. prev\u00fd\u0161enie Zo \u0160trbsk\u00e9ho [&hellip;]<\/p>\n","protected":false},"author":1,"featured_media":3949,"parent":1571,"menu_order":0,"comment_status":"closed","ping_status":"closed","template":"template-simple-page.php","meta":{"footnotes":""},"class_list":["post-12155","page","type-page","status-publish","has-post-thumbnail","hentry"],"_links":{"self":[{"href":"https:\/\/regiontatry.sk\/en\/wp-json\/wp\/v2\/pages\/12155"}],"collection":[{"href":"https:\/\/regiontatry.sk\/en\/wp-json\/wp\/v2\/pages"}],"about":[{"href":"https:\/\/regiontatry.sk\/en\/wp-json\/wp\/v2\/types\/page"}],"author":[{"embeddable":true,"href":"https:\/\/regiontatry.sk\/en\/wp-json\/wp\/v2\/users\/1"}],"replies":[{"embeddable":true,"href":"https:\/\/regiontatry.sk\/en\/wp-json\/wp\/v2\/comments?post=12155"}],"version-history":[{"count":17,"href":"https:\/\/regiontatry.sk\/en\/wp-json\/wp\/v2\/pages\/12155\/revisions"}],"predecessor-version":[{"id":18158,"href":"https:\/\/regiontatry.sk\/en\/wp-json\/wp\/v2\/pages\/12155\/revisions\/18158"}],"up":[{"embeddable":true,"href":"https:\/\/regiontatry.sk\/en\/wp-json\/wp\/v2\/pages\/1571"}],"wp:featuredmedia":[{"embeddable":true,"href":"https:\/\/regiontatry.sk\/en\/wp-json\/wp\/v2\/media\/3949"}],"wp:attachment":[{"href":"https:\/\/regiontatry.sk\/en\/wp-json\/wp\/v2\/media?parent=12155"}],"curies":[{"name":"wp","href":"https:\/\/api.w.org\/{rel}","templated":true}]}}