{"id":12156,"date":"2018-09-14T11:25:48","date_gmt":"2018-09-14T09:25:48","guid":{"rendered":"http:\/\/regiontatry.creanet.sk\/hiking\/tatry-bez-barier\/"},"modified":"2018-10-29T15:44:47","modified_gmt":"2018-10-29T14:44:47","slug":"tatras-without-barrriers","status":"publish","type":"page","link":"https:\/\/regiontatry.sk\/en\/hiking\/tatras-without-barrriers\/","title":{"rendered":"Tatras without barrriers"},"content":{"rendered":"\n<p>Selected trails and paths make the Tatras accessible for the physically disabled too. Eight tourist trails with the total length of more than thirty kilometres are available during the whole year. Disabled people can thus enjoy mysteries and beauties of Tatra nature along with others.<\/p>\n\n\n\n<ul class=\"wp-block-gallery columns-2 is-cropped wp-block-gallery-2 is-layout-flex wp-block-gallery-is-layout-flex\"><li class=\"blocks-gallery-item\"><figure><img loading=\"lazy\" decoding=\"async\" width=\"700\" height=\"525\" src=\"https:\/\/regiontatry.sk\/wp-content\/uploads\/2018\/10\/tatry_bez_barier_03.jpg\" alt=\"\" data-id=\"12999\" data-link=\"https:\/\/regiontatry.sk\/hiking\/tatry-bez-barier\/tatry_bez_barier_03\/\" class=\"wp-image-12999\" srcset=\"https:\/\/regiontatry.sk\/wp-content\/uploads\/2018\/10\/tatry_bez_barier_03.jpg 700w, https:\/\/regiontatry.sk\/wp-content\/uploads\/2018\/10\/tatry_bez_barier_03-300x225.jpg 300w, https:\/\/regiontatry.sk\/wp-content\/uploads\/2018\/10\/tatry_bez_barier_03-698x524.jpg 698w, https:\/\/regiontatry.sk\/wp-content\/uploads\/2018\/10\/tatry_bez_barier_03-552x414.jpg 552w\" sizes=\"(max-width: 700px) 100vw, 700px\" \/><\/figure><\/li><li class=\"blocks-gallery-item\"><figure><img loading=\"lazy\" decoding=\"async\" width=\"1000\" height=\"667\" src=\"https:\/\/regiontatry.sk\/wp-content\/uploads\/2018\/10\/tatry_bez_barier_04.jpg\" alt=\"\" data-id=\"13001\" data-link=\"https:\/\/regiontatry.sk\/hiking\/tatry-bez-barier\/tatry_bez_barier_04\/\" class=\"wp-image-13001\" srcset=\"https:\/\/regiontatry.sk\/wp-content\/uploads\/2018\/10\/tatry_bez_barier_04.jpg 1000w, https:\/\/regiontatry.sk\/wp-content\/uploads\/2018\/10\/tatry_bez_barier_04-300x200.jpg 300w, https:\/\/regiontatry.sk\/wp-content\/uploads\/2018\/10\/tatry_bez_barier_04-768x512.jpg 768w, https:\/\/regiontatry.sk\/wp-content\/uploads\/2018\/10\/tatry_bez_barier_04-698x466.jpg 698w, https:\/\/regiontatry.sk\/wp-content\/uploads\/2018\/10\/tatry_bez_barier_04-552x368.jpg 552w\" sizes=\"(max-width: 1000px) 100vw, 1000px\" \/><\/figure><\/li><\/ul>\n\n\n\n<p><strong><br\/>Forest road Tich\u00e1 dolina (valley) at Oravice<\/strong><br\/>Oravice \u2013 gamekeeper\u00b4s lodge in Tich\u00e1 dolina &#8211; asphalt \u2013 3.4 km<\/p>\n\n\n\n<p><strong>Forest road Bobroveck\u00e1 dolina (valley)<\/strong><br\/>Oravice &#8211; pod Gr\u00fanikom &#8211; asphalt \u2013 3.2 km<\/p>\n\n\n\n<p><strong>Forest road Roh\u00e1\u010dska dolina (valley)<\/strong><br\/>Zverovka &#8211; former \u0164atliak\u00b4s chalet &#8211; asphalt \u2013 3.1 km<\/p>\n\n\n\n<p><strong>Road to Popradsk\u00e9 pleso (tarn)<\/strong><br\/>Bus stop Popradsk\u00e9 Pleso \u2013 Popradsk\u00e9 pleso &#8211; asphalt \u2013 4.5 km<\/p>\n\n\n\n<p><strong>Road to Rainer\u00b4s chalet<\/strong><br\/>Star\u00fd Smokovec \u2013 Hrebienok \u2013 Rainer\u00b4s chalet \u2013 compact gravel surface \u2013 4.2 km<\/p>\n\n\n\n<p><strong>Road to gamekeeper\u00b4s lodge Podmur\u00e1\u0148<br\/><\/strong>Tatransk\u00e1 Javorina \u2013 gamekeeper\u00b4s lodge Podmur\u00e1\u0148 &#8211; compact gravel surface &#8211; 1.9 km<\/p>\n\n\n\n<p><strong>Road to gamekeeper\u00b4s lodge in Bielovodsk\u00e1 dolina (valley)<\/strong><br\/>Lys\u00e1 Po\u013eana \u2013 gamekeeper\u00b4s lodge in Bielovodsk\u00e1 dolina &#8211; compact gravel surface &#8211; 4 km<\/p>\n\n\n\n<p><strong>Canyon of Dunajec (National Park Pieniny)<\/strong><br\/>\u010cerven\u00fd Kl\u00e1\u0161tor &#8211; Lesnica &#8211; compact gravel surface &#8211; 8 km<\/p>\n","protected":false},"excerpt":{"rendered":"<p>Selected trails and paths make the Tatras accessible for the physically disabled too. Eight tourist trails with the total length of more than thirty kilometres are available during the whole year. Disabled people can thus enjoy mysteries and beauties of Tatra nature along with others. Forest road Tich\u00e1 dolina (valley) at OraviceOravice \u2013 gamekeeper\u00b4s lodge [&hellip;]<\/p>\n","protected":false},"author":2,"featured_media":0,"parent":1559,"menu_order":0,"comment_status":"closed","ping_status":"closed","template":"template-simple-page.php","meta":{"footnotes":""},"class_list":["post-12156","page","type-page","status-publish","hentry"],"_links":{"self":[{"href":"https:\/\/regiontatry.sk\/en\/wp-json\/wp\/v2\/pages\/12156"}],"collection":[{"href":"https:\/\/regiontatry.sk\/en\/wp-json\/wp\/v2\/pages"}],"about":[{"href":"https:\/\/regiontatry.sk\/en\/wp-json\/wp\/v2\/types\/page"}],"author":[{"embeddable":true,"href":"https:\/\/regiontatry.sk\/en\/wp-json\/wp\/v2\/users\/2"}],"replies":[{"embeddable":true,"href":"https:\/\/regiontatry.sk\/en\/wp-json\/wp\/v2\/comments?post=12156"}],"version-history":[{"count":19,"href":"https:\/\/regiontatry.sk\/en\/wp-json\/wp\/v2\/pages\/12156\/revisions"}],"predecessor-version":[{"id":13016,"href":"https:\/\/regiontatry.sk\/en\/wp-json\/wp\/v2\/pages\/12156\/revisions\/13016"}],"up":[{"embeddable":true,"href":"https:\/\/regiontatry.sk\/en\/wp-json\/wp\/v2\/pages\/1559"}],"wp:attachment":[{"href":"https:\/\/regiontatry.sk\/en\/wp-json\/wp\/v2\/media?parent=12156"}],"curies":[{"name":"wp","href":"https:\/\/api.w.org\/{rel}","templated":true}]}}