{"id":12163,"date":"2018-09-07T13:32:08","date_gmt":"2018-09-07T11:32:08","guid":{"rendered":"http:\/\/regiontatry.creanet.sk\/ubytovanie-a-specialne-ponuky\/specialne-ponuky\/kongresy\/"},"modified":"2025-03-31T10:44:17","modified_gmt":"2025-03-31T08:44:17","slug":"kongresy","status":"publish","type":"page","link":"https:\/\/regiontatry.sk\/en\/accommodation\/special-offers\/kongresy\/","title":{"rendered":"Kongresy"},"content":{"rendered":"\n<h2 class=\"wp-block-heading\">Kongresy a firemn\u00e9 eventy vo Vysok\u00fdch Tatr\u00e1ch \u2013 unik\u00e1tne spojenie biznisu a pr\u00edrody<\/h2>\n\n\n\n<p>H\u013ead\u00e1te <strong>ide\u00e1lne miesto pre konferencie, firemn\u00e9 \u0161kolenia alebo teambuildingy<\/strong>? <strong>Vysok\u00e9 Tatry<\/strong> pon\u00fakaj\u00fa jedine\u010dn\u00e9 spojenie <strong>profesion\u00e1lnych kongresov\u00fdch priestorov<\/strong> a n\u00e1dhernej horskej pr\u00edrody, ktor\u00e1 vytv\u00e1ra dokonal\u00e9 prostredie na pracovn\u00e9 aj relaxa\u010dn\u00e9 aktivity.<\/p>\n\n\n\n<h3 class=\"wp-block-heading\"><strong>Pre\u010do organizova\u0165 kongres vo Vysok\u00fdch Tatr\u00e1ch?<\/strong><\/h3>\n\n\n\n<div style=\"height:14px\" aria-hidden=\"true\" class=\"wp-block-spacer\"><\/div>\n\n\n\n<ul class=\"wp-block-list\">\n<li><strong>Modern\u00e9 konferen\u010dn\u00e9 hotely<\/strong> s kompletn\u00fdm technick\u00fdm vybaven\u00edm<\/li>\n\n\n\n<li><strong>Exkluz\u00edvne lokality s n\u00e1dhern\u00fdmi v\u00fdh\u013eadmi<\/strong><\/li>\n\n\n\n<li><strong>Bohat\u00e9 mo\u017enosti teambuildingov\u00fdch aktiv\u00edt<\/strong> v pr\u00edrode<\/li>\n\n\n\n<li><strong>Wellness a relax po n\u00e1ro\u010dnom dni<\/strong><\/li>\n\n\n\n<li><strong>Dostupnos\u0165 a pohodln\u00e9 ubytovanie<\/strong> pre v\u0161etk\u00fdch \u00fa\u010dastn\u00edkov<\/li>\n<\/ul>\n\n\n\n<div style=\"height:14px\" aria-hidden=\"true\" class=\"wp-block-spacer\"><\/div>\n\n\n\n<h3 class=\"wp-block-heading\"><strong>Kongresov\u00e9 hotely a konferen\u010dn\u00e9 priestory v Tatr\u00e1ch<\/strong><\/h3>\n\n\n\n<p>Vo Vysok\u00fdch Tatr\u00e1ch n\u00e1jdete <strong>\u0161pi\u010dkov\u00e9 kongresov\u00e9 hotely<\/strong>, ktor\u00e9 pon\u00fakaj\u00fa <strong>flexibiln\u00e9 konferen\u010dn\u00e9 miestnosti<\/strong> s modern\u00fdm audiovizu\u00e1lnym vybaven\u00edm. Bez oh\u013eadu na to, \u010di pl\u00e1nujete <strong>men\u0161\u00ed firemn\u00fd meeting<\/strong> alebo <strong>ve\u013ek\u00fa konferenciu pre stovky \u00fa\u010dastn\u00edkov<\/strong>, Tatry maj\u00fa vhodn\u00e9 priestory na ka\u017ed\u00e9 podujatie.<\/p>\n\n\n\n<p><em>(Pozn. Zariadenia s\u00fa zoraden\u00e9 pod\u013ea maxim\u00e1lnej kapacity kongresov\u00fdch priestorov, pri\u010dom za spr\u00e1vnos\u0165 uveden\u00fdch \u00fadajov zodpoved\u00e1 subjekt s\u00e1m).<\/em><\/p>\n\n\n","protected":false},"excerpt":{"rendered":"<p>Kongresy a firemn\u00e9 eventy vo Vysok\u00fdch Tatr\u00e1ch \u2013 unik\u00e1tne spojenie biznisu a pr\u00edrody H\u013ead\u00e1te ide\u00e1lne miesto pre konferencie, firemn\u00e9 \u0161kolenia alebo teambuildingy? Vysok\u00e9 Tatry pon\u00fakaj\u00fa jedine\u010dn\u00e9 spojenie profesion\u00e1lnych kongresov\u00fdch priestorov a n\u00e1dhernej horskej pr\u00edrody, ktor\u00e1 vytv\u00e1ra dokonal\u00e9 prostredie na pracovn\u00e9 aj relaxa\u010dn\u00e9 aktivity. Pre\u010do organizova\u0165 kongres vo Vysok\u00fdch Tatr\u00e1ch? Kongresov\u00e9 hotely a konferen\u010dn\u00e9 priestory v [&hellip;]<\/p>\n","protected":false},"author":1,"featured_media":0,"parent":1808,"menu_order":0,"comment_status":"closed","ping_status":"closed","template":"template-objects.php","meta":{"footnotes":""},"class_list":["post-12163","page","type-page","status-publish","hentry"],"_links":{"self":[{"href":"https:\/\/regiontatry.sk\/en\/wp-json\/wp\/v2\/pages\/12163"}],"collection":[{"href":"https:\/\/regiontatry.sk\/en\/wp-json\/wp\/v2\/pages"}],"about":[{"href":"https:\/\/regiontatry.sk\/en\/wp-json\/wp\/v2\/types\/page"}],"author":[{"embeddable":true,"href":"https:\/\/regiontatry.sk\/en\/wp-json\/wp\/v2\/users\/1"}],"replies":[{"embeddable":true,"href":"https:\/\/regiontatry.sk\/en\/wp-json\/wp\/v2\/comments?post=12163"}],"version-history":[{"count":6,"href":"https:\/\/regiontatry.sk\/en\/wp-json\/wp\/v2\/pages\/12163\/revisions"}],"predecessor-version":[{"id":10180524,"href":"https:\/\/regiontatry.sk\/en\/wp-json\/wp\/v2\/pages\/12163\/revisions\/10180524"}],"up":[{"embeddable":true,"href":"https:\/\/regiontatry.sk\/en\/wp-json\/wp\/v2\/pages\/1808"}],"wp:attachment":[{"href":"https:\/\/regiontatry.sk\/en\/wp-json\/wp\/v2\/media?parent=12163"}],"curies":[{"name":"wp","href":"https:\/\/api.w.org\/{rel}","templated":true}]}}