{"id":12166,"date":"2018-09-07T13:24:21","date_gmt":"2018-09-07T11:24:21","guid":{"rendered":"http:\/\/regiontatry.creanet.sk\/ubytovanie-a-specialne-ponuky\/specialne-ponuky\/family-friendly\/"},"modified":"2024-12-11T10:18:51","modified_gmt":"2024-12-11T09:18:51","slug":"family-friendly","status":"publish","type":"page","link":"https:\/\/regiontatry.sk\/en\/accommodation\/special-offers\/family-friendly\/","title":{"rendered":"Family friendly"},"content":{"rendered":"\n<p>N\u00e1jdite si\u00a0<strong>to prav\u00e9 ubytovanie pre Va\u0161u rodinu<\/strong>\u00a0v jednom z t\u00fdchto FAMILY friendly ubytovac\u00edch zariaden\u00ed a pre\u017eite kr\u00e1snu dovolenku pln\u00fa rodinnej pohody priamo vo Vysok\u00fdch Tatr\u00e1ch!\u00a0<\/p>\n","protected":false},"excerpt":{"rendered":"<p>N\u00e1jdite si\u00a0to prav\u00e9 ubytovanie pre Va\u0161u rodinu\u00a0v jednom z t\u00fdchto FAMILY friendly ubytovac\u00edch zariaden\u00ed a pre\u017eite kr\u00e1snu dovolenku pln\u00fa rodinnej pohody priamo vo Vysok\u00fdch Tatr\u00e1ch!\u00a0<\/p>\n","protected":false},"author":1,"featured_media":0,"parent":1808,"menu_order":0,"comment_status":"closed","ping_status":"closed","template":"template-objects.php","meta":{"footnotes":""},"class_list":["post-12166","page","type-page","status-publish","hentry"],"_links":{"self":[{"href":"https:\/\/regiontatry.sk\/en\/wp-json\/wp\/v2\/pages\/12166"}],"collection":[{"href":"https:\/\/regiontatry.sk\/en\/wp-json\/wp\/v2\/pages"}],"about":[{"href":"https:\/\/regiontatry.sk\/en\/wp-json\/wp\/v2\/types\/page"}],"author":[{"embeddable":true,"href":"https:\/\/regiontatry.sk\/en\/wp-json\/wp\/v2\/users\/1"}],"replies":[{"embeddable":true,"href":"https:\/\/regiontatry.sk\/en\/wp-json\/wp\/v2\/comments?post=12166"}],"version-history":[{"count":2,"href":"https:\/\/regiontatry.sk\/en\/wp-json\/wp\/v2\/pages\/12166\/revisions"}],"predecessor-version":[{"id":10043422,"href":"https:\/\/regiontatry.sk\/en\/wp-json\/wp\/v2\/pages\/12166\/revisions\/10043422"}],"up":[{"embeddable":true,"href":"https:\/\/regiontatry.sk\/en\/wp-json\/wp\/v2\/pages\/1808"}],"wp:attachment":[{"href":"https:\/\/regiontatry.sk\/en\/wp-json\/wp\/v2\/media?parent=12166"}],"curies":[{"name":"wp","href":"https:\/\/api.w.org\/{rel}","templated":true}]}}