{"id":12179,"date":"2018-09-28T08:42:02","date_gmt":"2018-09-28T06:42:02","guid":{"rendered":"http:\/\/regiontatry.creanet.sk\/skiing\/ski-aqua-bus\/"},"modified":"2026-03-16T10:12:37","modified_gmt":"2026-03-16T09:12:37","slug":"ski-aqua-bus","status":"publish","type":"page","link":"https:\/\/regiontatry.sk\/en\/skiing\/ski-aqua-bus\/","title":{"rendered":"SKI &#038; AQUA BUS"},"content":{"rendered":"\n<blockquote class=\"wp-block-quote is-layout-flow wp-block-quote-is-layout-flow\">\n<p><\/p>\n<\/blockquote>\n\n\n\n<p class=\"has-text-align-center has-medium-font-size\"><strong>Regional SKI &amp; AQUA BUSES<\/strong> will be available primarily for <strong>skiers and GOPASS card holders<\/strong> in the winter season to transport them comfortably <strong>and for free <\/strong>to the <strong>ski resorts: Tatransk\u00e1 Lomnica, \u0160trbsk\u00e9 Pleso<\/strong>&nbsp;and to the<strong>&nbsp;AquaCity<\/strong>&nbsp;<strong>Poprad water park<\/strong>. Selected ski bus lines will be in operation <strong>from December 6, 2025- April 06, 2026<\/strong>, according to the attached schedules.<br><\/p>\n\n\n\n<h2 class=\"wp-block-heading has-text-align-center\"><span style=\"color: #3366ff;\"><strong><br>\u0160TRBSK\u00c9 PLESO &#8211; Linka 1A &#8211; <\/strong>&nbsp; <strong>shuttle bus&nbsp;<\/strong><\/span><\/h2>\n\n\n\n<h4 class=\"wp-block-heading\"><strong>&nbsp; <\/strong><\/h4>\n\n\n\n<h4 class=\"wp-block-heading has-text-align-center\"><strong>\u0160trbsk\u00e9 Pleso, central car park \u2013 ski resort<\/strong><\/h4>\n\n\n\n<h4 class=\"wp-block-heading\">&nbsp;<\/h4>\n\n\n\n<h3 class=\"wp-block-heading has-text-align-center\"><strong>The line 1A shuttles: <\/strong><\/h3>\n\n\n\n<h4 class=\"wp-block-heading has-text-align-center has-text-color has-link-color wp-elements-acded8cf4ae7c403a8208f87b405c5c8\" style=\"color:#4169e1\"><strong>DAILY from 8:00 am to 4:30 pm between 26.12.2025 and 29.03.2026<br><\/strong><br><strong>LONG WEEKENDS: 02.04- 06.04.2026<\/strong><\/h4>\n\n\n\n<h4 class=\"wp-block-heading has-text-align-center\">&nbsp;based on the following timetable:<\/h4>\n\n\n\n<figure class=\"wp-block-gallery aligncenter has-nested-images columns-default is-cropped wp-block-gallery-2 is-layout-flex wp-block-gallery-is-layout-flex\">\n<figure class=\"wp-block-image size-full\"><img loading=\"lazy\" decoding=\"async\" width=\"1264\" height=\"1778\" data-id=\"13309635\" src=\"https:\/\/regiontatry.sk\/wp-content\/uploads\/2026\/03\/grafikon-SP_Denna-prevadzka.jpg\" alt=\"\" class=\"wp-image-13309635\" srcset=\"https:\/\/regiontatry.sk\/wp-content\/uploads\/2026\/03\/grafikon-SP_Denna-prevadzka.jpg 1264w, https:\/\/regiontatry.sk\/wp-content\/uploads\/2026\/03\/grafikon-SP_Denna-prevadzka-213x300.jpg 213w, https:\/\/regiontatry.sk\/wp-content\/uploads\/2026\/03\/grafikon-SP_Denna-prevadzka-728x1024.jpg 728w, https:\/\/regiontatry.sk\/wp-content\/uploads\/2026\/03\/grafikon-SP_Denna-prevadzka-768x1080.jpg 768w, https:\/\/regiontatry.sk\/wp-content\/uploads\/2026\/03\/grafikon-SP_Denna-prevadzka-1092x1536.jpg 1092w, https:\/\/regiontatry.sk\/wp-content\/uploads\/2026\/03\/grafikon-SP_Denna-prevadzka-860x1210.jpg 860w, https:\/\/regiontatry.sk\/wp-content\/uploads\/2026\/03\/grafikon-SP_Denna-prevadzka-698x982.jpg 698w, https:\/\/regiontatry.sk\/wp-content\/uploads\/2026\/03\/grafikon-SP_Denna-prevadzka-552x776.jpg 552w\" sizes=\"(max-width: 1264px) 100vw, 1264px\" \/><\/figure>\n\n\n\n<figure class=\"wp-block-image size-full\"><img loading=\"lazy\" decoding=\"async\" width=\"1326\" height=\"1839\" data-id=\"13309643\" src=\"https:\/\/regiontatry.sk\/wp-content\/uploads\/2026\/03\/Linka_1A_S.-Pleso_grafikony_-vikendova-prevadzka-do-6.4.2026.jpg\" alt=\"\" class=\"wp-image-13309643\" srcset=\"https:\/\/regiontatry.sk\/wp-content\/uploads\/2026\/03\/Linka_1A_S.-Pleso_grafikony_-vikendova-prevadzka-do-6.4.2026.jpg 1326w, https:\/\/regiontatry.sk\/wp-content\/uploads\/2026\/03\/Linka_1A_S.-Pleso_grafikony_-vikendova-prevadzka-do-6.4.2026-216x300.jpg 216w, https:\/\/regiontatry.sk\/wp-content\/uploads\/2026\/03\/Linka_1A_S.-Pleso_grafikony_-vikendova-prevadzka-do-6.4.2026-738x1024.jpg 738w, https:\/\/regiontatry.sk\/wp-content\/uploads\/2026\/03\/Linka_1A_S.-Pleso_grafikony_-vikendova-prevadzka-do-6.4.2026-768x1065.jpg 768w, https:\/\/regiontatry.sk\/wp-content\/uploads\/2026\/03\/Linka_1A_S.-Pleso_grafikony_-vikendova-prevadzka-do-6.4.2026-1108x1536.jpg 1108w, https:\/\/regiontatry.sk\/wp-content\/uploads\/2026\/03\/Linka_1A_S.-Pleso_grafikony_-vikendova-prevadzka-do-6.4.2026-860x1193.jpg 860w, https:\/\/regiontatry.sk\/wp-content\/uploads\/2026\/03\/Linka_1A_S.-Pleso_grafikony_-vikendova-prevadzka-do-6.4.2026-698x968.jpg 698w, https:\/\/regiontatry.sk\/wp-content\/uploads\/2026\/03\/Linka_1A_S.-Pleso_grafikony_-vikendova-prevadzka-do-6.4.2026-552x766.jpg 552w\" sizes=\"(max-width: 1326px) 100vw, 1326px\" \/><\/figure>\n<\/figure>\n\n\n\n<p>*If shuttle SKI BUSES are not fully occupied, walking tourists can use them too, but passengers with ski equipment have always priority access. <\/p>\n\n\n\n<p class=\"has-medium-font-size\"><strong>\u0160trbsk\u00e9 Pleso SKI BUS helpline +421 910 448 970<\/strong><\/p>\n\n\n\n<h2 class=\"wp-block-heading has-text-align-center has-text-color has-link-color wp-elements-a9b775bb9c575ed81b8eb8029d77aa9c\" style=\"color:#e70e0e\"><span style=\"color: #3366ff;\"><strong><br>\u0160TRBSK\u00c9 PLESO<\/strong> &#8211; <\/span><strong><span style=\"color: #3366ff;\">Linka 1b &#8211; Hotel line<\/span><\/strong><\/h2>\n\n\n\n<h3 class=\"wp-block-heading\"><strong>&nbsp;<\/strong><\/h3>\n\n\n\n<h4 class=\"wp-block-heading\"><\/h4>\n\n\n\n<h4 class=\"wp-block-heading has-text-align-center\">Pension Pleso \u2013 SHB Hostel \u2013 Hellios- Hotel Patria**** \u2013 ski resort<\/h4>\n\n\n\n<h3 class=\"wp-block-heading\"><\/h3>\n\n\n\n<h4 class=\"wp-block-heading has-text-align-center\">The line runs <span style=\"color: #3366ff;\">DAILY from 26.12.2025 to 08.03.2026 &#8211; SKIBUS OPERATION TERMINATED<\/span><\/h4>\n\n\n\n<h4 class=\"wp-block-heading has-text-align-center\"><strong><em><br><\/em><\/strong><span style=\"color: #3366ff;\">LONG WEEKENDS:  14.-15.3., 21-22.3., 28-29.3., 3-6.4.2026<br><\/span>based on the following timetable:<\/h4>\n\n\n\n<p><strong>\u0160trbsk\u00e9 Pleso SKI BUS helpline +421 910 448 970<\/strong> <br><\/p>\n\n\n<div class=\"wp-block-image\">\n<figure class=\"aligncenter size-full is-resized\"><a href=\"https:\/\/regiontatry.sk\/wp-content\/uploads\/2025\/12\/Linka-1B_S.-Pleso_grafikony.jpg\" data-rel=\"lightbox-image-0\" data-rl_title=\"\" data-rl_caption=\"\" title=\"\"><img loading=\"lazy\" decoding=\"async\" width=\"1240\" height=\"1754\" src=\"https:\/\/regiontatry.sk\/wp-content\/uploads\/2025\/12\/Linka-1B_S.-Pleso_grafikony.jpg\" alt=\"\" class=\"wp-image-13171555\" style=\"width:562px;height:auto\" srcset=\"https:\/\/regiontatry.sk\/wp-content\/uploads\/2025\/12\/Linka-1B_S.-Pleso_grafikony.jpg 1240w, https:\/\/regiontatry.sk\/wp-content\/uploads\/2025\/12\/Linka-1B_S.-Pleso_grafikony-212x300.jpg 212w, https:\/\/regiontatry.sk\/wp-content\/uploads\/2025\/12\/Linka-1B_S.-Pleso_grafikony-724x1024.jpg 724w, https:\/\/regiontatry.sk\/wp-content\/uploads\/2025\/12\/Linka-1B_S.-Pleso_grafikony-768x1086.jpg 768w, https:\/\/regiontatry.sk\/wp-content\/uploads\/2025\/12\/Linka-1B_S.-Pleso_grafikony-1086x1536.jpg 1086w, https:\/\/regiontatry.sk\/wp-content\/uploads\/2025\/12\/Linka-1B_S.-Pleso_grafikony-860x1216.jpg 860w, https:\/\/regiontatry.sk\/wp-content\/uploads\/2025\/12\/Linka-1B_S.-Pleso_grafikony-698x987.jpg 698w, https:\/\/regiontatry.sk\/wp-content\/uploads\/2025\/12\/Linka-1B_S.-Pleso_grafikony-552x781.jpg 552w\" sizes=\"(max-width: 1240px) 100vw, 1240px\" \/><\/a><\/figure><\/div>\n\n\n<h2 class=\"wp-block-heading has-text-align-center has-vivid-red-color has-text-color has-link-color wp-elements-42d97ae2e61318323d88aa9fc6904521\"><span style=\"color: #3366ff;\"><strong><br>TATRANSK\u00c1 LOMNICA, STAR\u00dd SMOKOVEC<\/strong><\/span> &#8211; SKIBUS OPERATION TERMINATED<\/h2>\n\n\n\n<h3 class=\"wp-block-heading\"><\/h3>\n\n\n\n<h4 class=\"wp-block-heading has-text-align-center\"><span style=\"color: #3366ff;\"><strong>Line&nbsp;2:<\/strong><\/span> Tatransk\u00e9 Zruby \u2013 Nov\u00fd Smokovec \u2013 Star\u00fd Smokovec \u2013 Horn\u00fd Smokovec \u2013 Tatransk\u00e1 Lesn\u00e1 \u2013 Tatransk\u00e1 Lomnica, ski resort and back<\/h4>\n\n\n\n<p class=\"has-text-align-center\"><\/p>\n\n\n\n<h4 class=\"wp-block-heading has-text-align-center\">The line runs <span style=\"color: #3366ff;\">DAILY from 26.12.2025 to 08.3.2026<\/span> \u2013 based on the following timetable:<\/h4>\n\n\n\n<p> <strong>SKIBUS helpline direction Tatransk\u00e1 Lomnica +421 919 167 520<\/strong> <\/p>\n\n\n<div class=\"wp-block-image\">\n<figure class=\"aligncenter size-full is-resized\"><a href=\"https:\/\/regiontatry.sk\/wp-content\/uploads\/2025\/12\/Linka-2_-T.-Lomnica-Zruby_grafikony.jpg\" data-rel=\"lightbox-image-1\" data-rl_title=\"\" data-rl_caption=\"\" title=\"\"><img loading=\"lazy\" decoding=\"async\" width=\"1240\" height=\"1754\" src=\"https:\/\/regiontatry.sk\/wp-content\/uploads\/2025\/12\/Linka-2_-T.-Lomnica-Zruby_grafikony.jpg\" alt=\"\" class=\"wp-image-13171563\" style=\"width:574px;height:auto\" srcset=\"https:\/\/regiontatry.sk\/wp-content\/uploads\/2025\/12\/Linka-2_-T.-Lomnica-Zruby_grafikony.jpg 1240w, https:\/\/regiontatry.sk\/wp-content\/uploads\/2025\/12\/Linka-2_-T.-Lomnica-Zruby_grafikony-212x300.jpg 212w, https:\/\/regiontatry.sk\/wp-content\/uploads\/2025\/12\/Linka-2_-T.-Lomnica-Zruby_grafikony-724x1024.jpg 724w, https:\/\/regiontatry.sk\/wp-content\/uploads\/2025\/12\/Linka-2_-T.-Lomnica-Zruby_grafikony-768x1086.jpg 768w, https:\/\/regiontatry.sk\/wp-content\/uploads\/2025\/12\/Linka-2_-T.-Lomnica-Zruby_grafikony-1086x1536.jpg 1086w, https:\/\/regiontatry.sk\/wp-content\/uploads\/2025\/12\/Linka-2_-T.-Lomnica-Zruby_grafikony-860x1216.jpg 860w, https:\/\/regiontatry.sk\/wp-content\/uploads\/2025\/12\/Linka-2_-T.-Lomnica-Zruby_grafikony-698x987.jpg 698w, https:\/\/regiontatry.sk\/wp-content\/uploads\/2025\/12\/Linka-2_-T.-Lomnica-Zruby_grafikony-552x781.jpg 552w\" sizes=\"(max-width: 1240px) 100vw, 1240px\" \/><\/a><\/figure><\/div>\n\n\n<p><\/p>\n\n\n\n<h2 class=\"wp-block-heading has-text-align-center has-vivid-red-color has-text-color has-link-color wp-elements-78c748772d9d0acd83ecc7988dbd4fd5\"><span style=\"color: #3366ff;\"><strong>TATRANSK\u00c1 LOMNICA, POPRAD AQUACITY \u2013 MINIBUS <\/strong><\/span>&#8211; SKIBUS OPERATION TERMINATED<\/h2>\n\n\n\n<h3 class=\"wp-block-heading\"><span style=\"color: #3366ff;\"><strong>&nbsp;<\/strong><\/span><\/h3>\n\n\n\n<h4 class=\"wp-block-heading has-text-align-center\"><strong><span style=\"color: #3366ff;\">Line 3: <\/span><\/strong><strong>Aquacity, Poprad \u2013 Ve\u013ek\u00e1 Lomnica \u2013 Star\u00e1 Lesn\u00e1 \u2013 Tatransk\u00e1 Lomnica <\/strong><strong>\u2013 1x before noon, 2x in the afternoon<\/strong><\/h4>\n\n\n\n<h4 class=\"wp-block-heading\">&nbsp;<\/h4>\n\n\n\n<h4 class=\"wp-block-heading has-text-align-center\"><span style=\"color: #3366ff;\"><strong>Line 3 <\/strong><\/span>runs <span style=\"color: #3366ff;\">DAILY from 26.12.2025 to 31.12.2025 and from 1.1. to 7.1.2026<\/span>, <span style=\"color: #3366ff;\">14.2. to 8.3.2026<\/span><\/h4>\n\n\n\n<p><\/p>\n\n\n\n<h4 class=\"wp-block-heading has-text-align-center\"><span style=\"color: #3366ff;\">WEEKENDS: Saturday, Sunday: 10.1.2026 \u2013 8.2.2026<\/span>&nbsp;\u2013 based on the following timetable:<\/h4>\n\n\n\n<p> <strong>SKIBUS helpline direction Tatransk\u00e1 Lomnica +421 919 167 520<\/strong>  <\/p>\n\n\n<div class=\"wp-block-image\">\n<figure class=\"aligncenter size-full is-resized\"><a href=\"https:\/\/regiontatry.sk\/wp-content\/uploads\/2026\/02\/Linka-3_T.-Lomnica-Aquacity_-grafikony_opraveny_page-0001.jpg\" data-rel=\"lightbox-image-2\" data-rl_title=\"\" data-rl_caption=\"\" title=\"\"><img loading=\"lazy\" decoding=\"async\" width=\"1327\" height=\"1841\" src=\"https:\/\/regiontatry.sk\/wp-content\/uploads\/2026\/02\/Linka-3_T.-Lomnica-Aquacity_-grafikony_opraveny_page-0001.jpg\" alt=\"\" class=\"wp-image-13268258\" style=\"width:576px;height:auto\" srcset=\"https:\/\/regiontatry.sk\/wp-content\/uploads\/2026\/02\/Linka-3_T.-Lomnica-Aquacity_-grafikony_opraveny_page-0001.jpg 1327w, https:\/\/regiontatry.sk\/wp-content\/uploads\/2026\/02\/Linka-3_T.-Lomnica-Aquacity_-grafikony_opraveny_page-0001-216x300.jpg 216w, https:\/\/regiontatry.sk\/wp-content\/uploads\/2026\/02\/Linka-3_T.-Lomnica-Aquacity_-grafikony_opraveny_page-0001-738x1024.jpg 738w, https:\/\/regiontatry.sk\/wp-content\/uploads\/2026\/02\/Linka-3_T.-Lomnica-Aquacity_-grafikony_opraveny_page-0001-768x1065.jpg 768w, https:\/\/regiontatry.sk\/wp-content\/uploads\/2026\/02\/Linka-3_T.-Lomnica-Aquacity_-grafikony_opraveny_page-0001-1107x1536.jpg 1107w, https:\/\/regiontatry.sk\/wp-content\/uploads\/2026\/02\/Linka-3_T.-Lomnica-Aquacity_-grafikony_opraveny_page-0001-860x1193.jpg 860w, https:\/\/regiontatry.sk\/wp-content\/uploads\/2026\/02\/Linka-3_T.-Lomnica-Aquacity_-grafikony_opraveny_page-0001-698x968.jpg 698w, https:\/\/regiontatry.sk\/wp-content\/uploads\/2026\/02\/Linka-3_T.-Lomnica-Aquacity_-grafikony_opraveny_page-0001-552x766.jpg 552w\" sizes=\"(max-width: 1327px) 100vw, 1327px\" \/><\/a><\/figure><\/div>\n\n\n<p> <strong>SKIBUS helpline direction Tatransk\u00e1 Lomnica +421 919 167 520<\/strong>   <\/p>\n\n\n\n<h2 class=\"wp-block-heading has-text-align-center has-vivid-red-color has-text-color has-link-color wp-elements-30b976094e27c270a4c31a4a2e2ba991\"><span style=\"color: #3366ff;\"><strong><br>TATRANSK\u00c1 LOMNICA &#8211; line 4 &#8211; shuttle bus to the ski resort <\/strong><\/span>&#8211; SKIBUS OPERATION TERMINATED<\/h2>\n\n\n\n<h3 class=\"wp-block-heading\">&nbsp;<\/h3>\n\n\n\n<h4 class=\"wp-block-heading has-text-align-center\">Ski resort \u2013 Aplend Beatrice guest house \u2013 Vila Zea \u2013 railway station car park \u2013 Kremenec \u2013 1. m\u00e1j hostel \u2013 car park at a football pitch \u2013 Sorea Hutn\u00edk Hotel \u2013 bus station \u2013 ski resort<\/h4>\n\n\n\n<h4 class=\"wp-block-heading\">&nbsp;<\/h4>\n\n\n\n<h4 class=\"wp-block-heading has-text-align-center\">The line shuttles <span style=\"color: #3366ff;\">DAILY from 8:00 am to 4:30 pm from 26.12.2025 to 7.1.2026 and from 14.2.&nbsp;to 08.3.2025<\/span><\/h4>\n\n\n\n<p><\/p>\n\n\n\n<h4 class=\"wp-block-heading has-text-align-center\"><span style=\"color: #3366ff;\">WEEKENDS: Saturday, Sunday: 10.1.2026 \u2013 14. 2.2026<\/span>&nbsp;\u2013 based on the following timetable:<\/h4>\n\n\n\n<p><strong>SKIBUS helpline direction Tatransk\u00e1 Lomnica +421 919 167 520<\/strong><\/p>\n\n\n<div class=\"wp-block-image\">\n<figure class=\"aligncenter size-full is-resized\"><a href=\"https:\/\/regiontatry.sk\/wp-content\/uploads\/2025\/12\/Linka-4_T.-Lomnica-_grafikony.jpg\" data-rel=\"lightbox-image-3\" data-rl_title=\"\" data-rl_caption=\"\" title=\"\"><img loading=\"lazy\" decoding=\"async\" width=\"1240\" height=\"1754\" src=\"https:\/\/regiontatry.sk\/wp-content\/uploads\/2025\/12\/Linka-4_T.-Lomnica-_grafikony.jpg\" alt=\"\" class=\"wp-image-13171583\" style=\"width:596px;height:auto\" srcset=\"https:\/\/regiontatry.sk\/wp-content\/uploads\/2025\/12\/Linka-4_T.-Lomnica-_grafikony.jpg 1240w, https:\/\/regiontatry.sk\/wp-content\/uploads\/2025\/12\/Linka-4_T.-Lomnica-_grafikony-212x300.jpg 212w, https:\/\/regiontatry.sk\/wp-content\/uploads\/2025\/12\/Linka-4_T.-Lomnica-_grafikony-724x1024.jpg 724w, https:\/\/regiontatry.sk\/wp-content\/uploads\/2025\/12\/Linka-4_T.-Lomnica-_grafikony-768x1086.jpg 768w, https:\/\/regiontatry.sk\/wp-content\/uploads\/2025\/12\/Linka-4_T.-Lomnica-_grafikony-1086x1536.jpg 1086w, https:\/\/regiontatry.sk\/wp-content\/uploads\/2025\/12\/Linka-4_T.-Lomnica-_grafikony-860x1216.jpg 860w, https:\/\/regiontatry.sk\/wp-content\/uploads\/2025\/12\/Linka-4_T.-Lomnica-_grafikony-698x987.jpg 698w, https:\/\/regiontatry.sk\/wp-content\/uploads\/2025\/12\/Linka-4_T.-Lomnica-_grafikony-552x781.jpg 552w\" sizes=\"(max-width: 1240px) 100vw, 1240px\" \/><\/a><\/figure><\/div>\n\n\n<p>The ski bus will run to the railway station too and the arrival\/departure times are set so that passengers can change <strong>to\/from the Tatra Electric Railway. <\/strong><\/p>\n\n\n\n<p>* If shuttle SKI BUSES are not fully occupied, walking tourists can use them too, but passengers with ski equipment have always priority access.<br><\/p>\n\n\n\n<p><strong>INSTRUCTIONS FOR PASSENGERS:<\/strong><\/p>\n\n\n\n<ol class=\"wp-block-list\">\n<li><strong>SKI &amp; AQUA BUSES serve primarily for skiers and GOPASS card holders<\/strong> (if a shuttle SKI BUS in the \u0160trbsk\u00e9 Pleso and Tatransk\u00e1 Lomnica resorts is not fully occupied, walking tourists can use it too). <\/li>\n\n\n\n<li><strong>We therefore ask all passengers to behave with consideration when getting on and off individual buses. Passengers with ski equipment have priority access. <\/strong><\/li>\n\n\n\n<li>In the case of bad weather when cable cars in ski resorts do not operate, ski buses operate only in a limited way or not at all. For the latest information about the bus operation, please ask your accommodation provider, in information centres, visit www.regiontatry.sk, www.vt.sk or read our morning Newsletter.<\/li>\n\n\n\n<li><strong>The operator of SKI &amp; AQUA BUS transport reserves the right to change the timetables due to bad weather, technical problems with individual buses and\/or other unexpected circumstances. Please ask your accommodation provider about the latest changes as for the transport operation.<\/strong><\/li>\n\n\n\n<li>The SKI &amp; AQUA BUS helpline is available daily from 6.12.2025 to 6.4.2026 only while the buses travel, i.e. from 9:00 am to 4:00 pm.<\/li>\n<\/ol>\n\n\n\n<p>For more information about the ski resorts in the High Tatras, please click<a href=\"https:\/\/www.vt.sk\/\"> HERE!<\/a><\/p>\n\n\n\n<p>The ski buses are operated by OOCR Regi\u00f3n Vysok\u00e9 Tatry (tourism organisation) and with financial support from the Ministry of Tourism and Sports of the Slovak Republic.<\/p>\n\n\n\n<figure class=\"wp-block-gallery has-nested-images columns-default is-cropped alignleft wp-block-gallery-3 is-layout-flex wp-block-gallery-is-layout-flex\">\n<figure class=\"wp-block-image size-full\"><img loading=\"lazy\" decoding=\"async\" width=\"709\" height=\"283\" data-id=\"9511183\" src=\"https:\/\/regiontatry.sk\/wp-content\/uploads\/2024\/02\/Ministerstvo_cestovneho-ruchu-a-sportu_SR_EN_Farebne.jpg\" alt=\"\" class=\"wp-image-9511183\" srcset=\"https:\/\/regiontatry.sk\/wp-content\/uploads\/2024\/02\/Ministerstvo_cestovneho-ruchu-a-sportu_SR_EN_Farebne.jpg 709w, https:\/\/regiontatry.sk\/wp-content\/uploads\/2024\/02\/Ministerstvo_cestovneho-ruchu-a-sportu_SR_EN_Farebne-300x120.jpg 300w, https:\/\/regiontatry.sk\/wp-content\/uploads\/2024\/02\/Ministerstvo_cestovneho-ruchu-a-sportu_SR_EN_Farebne-698x279.jpg 698w, https:\/\/regiontatry.sk\/wp-content\/uploads\/2024\/02\/Ministerstvo_cestovneho-ruchu-a-sportu_SR_EN_Farebne-552x220.jpg 552w\" sizes=\"(max-width: 709px) 100vw, 709px\" \/><\/figure>\n<\/figure>\n\n\n<p><!--EndFragment--><\/p>\n<\/p>","protected":false},"excerpt":{"rendered":"<p>Regional SKI &amp; AQUA BUSES will be available primarily for skiers and GOPASS card holders in the winter season to transport them comfortably and for free to the ski resorts: Tatransk\u00e1 Lomnica, \u0160trbsk\u00e9 Pleso&nbsp;and to the&nbsp;AquaCity&nbsp;Poprad water park. Selected ski bus lines will be in operation from December 6, 2025- April 06, 2026, according to [&hellip;]<\/p>\n","protected":false},"author":2,"featured_media":5419244,"parent":1599,"menu_order":7,"comment_status":"closed","ping_status":"closed","template":"template-simple-page.php","meta":{"footnotes":""},"class_list":["post-12179","page","type-page","status-publish","has-post-thumbnail","hentry"],"_links":{"self":[{"href":"https:\/\/regiontatry.sk\/en\/wp-json\/wp\/v2\/pages\/12179"}],"collection":[{"href":"https:\/\/regiontatry.sk\/en\/wp-json\/wp\/v2\/pages"}],"about":[{"href":"https:\/\/regiontatry.sk\/en\/wp-json\/wp\/v2\/types\/page"}],"author":[{"embeddable":true,"href":"https:\/\/regiontatry.sk\/en\/wp-json\/wp\/v2\/users\/2"}],"replies":[{"embeddable":true,"href":"https:\/\/regiontatry.sk\/en\/wp-json\/wp\/v2\/comments?post=12179"}],"version-history":[{"count":88,"href":"https:\/\/regiontatry.sk\/en\/wp-json\/wp\/v2\/pages\/12179\/revisions"}],"predecessor-version":[{"id":13309663,"href":"https:\/\/regiontatry.sk\/en\/wp-json\/wp\/v2\/pages\/12179\/revisions\/13309663"}],"up":[{"embeddable":true,"href":"https:\/\/regiontatry.sk\/en\/wp-json\/wp\/v2\/pages\/1599"}],"wp:featuredmedia":[{"embeddable":true,"href":"https:\/\/regiontatry.sk\/en\/wp-json\/wp\/v2\/media\/5419244"}],"wp:attachment":[{"href":"https:\/\/regiontatry.sk\/en\/wp-json\/wp\/v2\/media?parent=12179"}],"curies":[{"name":"wp","href":"https:\/\/api.w.org\/{rel}","templated":true}]}}