{"id":13413,"date":"2018-11-04T11:39:14","date_gmt":"2018-11-04T10:39:14","guid":{"rendered":"http:\/\/regiontatry.creanet.sk\/pozvanka-na-zimu\/"},"modified":"2020-12-17T15:23:25","modified_gmt":"2020-12-17T14:23:25","slug":"winter-in-the-tatras","status":"publish","type":"page","link":"https:\/\/regiontatry.sk\/en\/winter-in-the-tatras\/","title":{"rendered":"Winter in the Tatras"},"content":{"rendered":"\n<p>Spend an unforgettable winter holiday in the Tatras, with piles of mountain experiences! Enjoy the greatest winter attractions with a ski pass valid in the whole High Tatras.<\/p>\n\n\n\t<a href=\"\/en\/skiing\/\" class=\"wp-block-cgb-block-creanet-list category-list grid-x grid-padding-x align-middle\">\n\t\t\t\t\t<div class=\"small-12 medium-6 large-5\">\n\t\t\t\t<figure><img src='https:\/\/regiontatry.sk\/wp-content\/uploads\/2018\/11\/DSC_3343c1_resize-1.jpg'\n\t\t\t\t\t\talt=''\n\t\t\t\t\t\ttitle='DSC_3343c1_resize'\n\t\t\t\t\t\/><\/figure>\n\t\t\t<\/div>\n\t\t\n\n\t\t<div class=\"cell small-12 medium-5 large-7\">\n\t\t\t<h3>SKIING FOR EVERYBODY<\/h3>\n\t\t\t<p>Ski in the Tatras with better services and more fun! The ski resorts of Tatransk\u00e1 Lomnica, Star\u00fd Smokovec and \u0160trbsk\u00e9 Pleso offer top-quality skiing on 24 km of slopes. Enjoy 13 km of blue \u2013 easy slopes with your family, 10 km of red \u2013 more difficult slopes or the highest located 1.2 km-long black track from Lomnick\u00e9 sedlo (saddle) to Skalnat\u00e9 Pleso. 20 km of slopes with man-made snow guarantee 5 months of skiing per year.<br><\/p>\n\t\t<\/div>\n\t<\/a>\n\n\t\n\n\t<a href=\"\/en\/skiing\/cross-country-skiing\/\" class=\"wp-block-cgb-block-creanet-list category-list grid-x grid-padding-x align-middle\">\n\t\t\t\t\t<div class=\"small-12 medium-6 large-5\">\n\t\t\t\t<figure><img src='https:\/\/regiontatry.sk\/wp-content\/uploads\/2018\/11\/c-Marek-Hajkovsky-SPmarketing-bezkovanie-146-1.jpg'\n\t\t\t\t\t\talt=''\n\t\t\t\t\t\ttitle='c Marek Hajkovsky SPmarketing bezkovanie 146'\n\t\t\t\t\t\/><\/figure>\n\t\t\t<\/div>\n\t\t\n\n\t\t<div class=\"cell small-12 medium-5 large-7\">\n\t\t\t<h3>CROSS-COUNTRY SKIING IN THE TATRAS<\/h3>\n\t\t\t<p>The area of \u0160trbsk\u00e9 Pleso offers several tracks with various levels of difficulty and the total length of 25 km. There are some in Tatransk\u00e1 Lomnica, Star\u00fd Smokovec and in the foothills too. The Black Stork golf course in Ve\u013ek\u00e1 Lomnica gets changed to a complex of cross-country skiing tracks with the total length of 10 km in winter.<br><\/p>\n\t\t<\/div>\n\t<\/a>\n\n\t\n\n\t<a href=\"\/en\/winter-trips\/alpine-chalets\/\" class=\"wp-block-cgb-block-creanet-list category-list grid-x grid-padding-x align-middle\">\n\t\t\t\t\t<div class=\"small-12 medium-6 large-5\">\n\t\t\t\t<figure><img src='https:\/\/regiontatry.sk\/wp-content\/uploads\/2018\/10\/popradske-pleso.jpeg'\n\t\t\t\t\t\talt=''\n\t\t\t\t\t\ttitle='popradske-pleso'\n\t\t\t\t\t\/><\/figure>\n\t\t\t<\/div>\n\t\t\n\n\t\t<div class=\"cell small-12 medium-5 large-7\">\n\t\t\t<h3>MOUNTAINS AND VIEWS<\/h3>\n\t\t\t<p>Beautiful views of snow-covered Tatra mountains attract tourists in winter too. There are tourist trails to 12 alpine chalets opened for hiking.<\/p>\n\t\t<\/div>\n\t<\/a>\n\n\t\n\n\t<a href=\"\/en\/winter-trips\/take-cableways-to-enjoy-great-views\/\" class=\"wp-block-cgb-block-creanet-list category-list grid-x grid-padding-x align-middle\">\n\t\t\t\t\t<div class=\"small-12 medium-6 large-5\">\n\t\t\t\t<figure><img src='https:\/\/regiontatry.sk\/wp-content\/uploads\/2018\/10\/69YdhY0w-1.jpeg'\n\t\t\t\t\t\talt=''\n\t\t\t\t\t\ttitle='69YdhY0w'\n\t\t\t\t\t\/><\/figure>\n\t\t\t<\/div>\n\t\t\n\n\t\t<div class=\"cell small-12 medium-5 large-7\">\n\t\t\t<h3>CABLEWAY TRIPS<\/h3>\n\t\t\t<p>The second highest peak \u2013 Mt. Lomnick\u00fd \u0161t\u00edt, the popular area of Hrebienok and the well-known Mt. Solisko are accessible with comfortable cableways.<\/p>\n\t\t<\/div>\n\t<\/a>\n\n\t\n\n\t<a href=\"\/en\/activities-and-attractions\/sledging\/?tour=824\" class=\"wp-block-cgb-block-creanet-list category-list grid-x grid-padding-x align-middle\">\n\t\t\t\t\t<div class=\"small-12 medium-6 large-5\">\n\t\t\t\t<figure><img src='https:\/\/regiontatry.sk\/wp-content\/uploads\/2018\/10\/sankovacka.jpeg'\n\t\t\t\t\t\talt=''\n\t\t\t\t\t\ttitle='sankovacka'\n\t\t\t\t\t\/><\/figure>\n\t\t\t<\/div>\n\t\t\n\n\t\t<div class=\"cell small-12 medium-5 large-7\">\n\t\t\t<h3>FUN WITH SLEDGING<\/h3>\n\t\t\t<p>Day and night sledging from Hrebienok down to Star\u00fd Smokovec along a 2.5 km-long groomed and lit track is one of the most popular and amusing activities in the High Tatras. Enjoy an adventurous and freezing ride!<\/p>\n\t\t<\/div>\n\t<\/a>\n\n\t\n\n\t<a href=\"\/en\/hiking\/mountain-guides\/\" class=\"wp-block-cgb-block-creanet-list category-list grid-x grid-padding-x align-middle\">\n\t\t\t\t\t<div class=\"small-12 medium-6 large-5\">\n\t\t\t\t<figure><img src='https:\/\/regiontatry.sk\/wp-content\/uploads\/2018\/10\/skialp-1-1.jpg'\n\t\t\t\t\t\talt=''\n\t\t\t\t\t\ttitle='skialp (1)'\n\t\t\t\t\t\/><\/figure>\n\t\t\t<\/div>\n\t\t\n\n\t\t<div class=\"cell small-12 medium-5 large-7\">\n\t\t\t<h3>EXPERIENCES AND TOP-CLASS SERVICES<\/h3>\n\t\t\t<p>Enjoy the best moments with professional teams of instructors \u2013 try walking with snowshoes or ski touring. The ski resorts in the High Tatras offer popular products such as a rich daily apr\u00e9s-ski programme, a Fun zone, a snow park and much more.<\/p>\n\t\t<\/div>\n\t<\/a>\n\n\t\n\n\t<a href=\"\/en\/wellness-and-relaxation\/water-world-aquacity-poprad-winter\/\" class=\"wp-block-cgb-block-creanet-list category-list grid-x grid-padding-x align-middle\">\n\t\t\t\t\t<div class=\"small-12 medium-6 large-5\">\n\t\t\t\t<figure><img src='https:\/\/regiontatry.sk\/wp-content\/uploads\/2018\/08\/AquaCity_Poprad_Sapphire_1000.jpg'\n\t\t\t\t\t\talt=''\n\t\t\t\t\t\ttitle='AquaCity_Poprad_Sapphire_1000'\n\t\t\t\t\t\/><\/figure>\n\t\t\t<\/div>\n\t\t\n\n\t\t<div class=\"cell small-12 medium-5 large-7\">\n\t\t\t<h3>RELAXATION AT A WATER PARK<\/h3>\n\t\t\t<p>Make your holiday even more attractive and visit a unique complex that offers more than just relaxation. Thermal water which rises from the depth of 1,300 m contains over 20 minerals that have beneficial effects for human health. Recharge your batteries in AquaCity Poprad \u2013 a modern centre of water fun and wellness relaxation at the foot of the Tatras, which is open all year round.<\/p>\n\t\t<\/div>\n\t<\/a>\n\n\t\n\n\t<a href=\"\/en\/event\/\" class=\"wp-block-cgb-block-creanet-list category-list grid-x grid-padding-x align-middle\">\n\t\t\t\t\t<div class=\"small-12 medium-6 large-5\">\n\t\t\t\t<figure><img src='https:\/\/regiontatry.sk\/wp-content\/uploads\/2018\/10\/img-97.jpg'\n\t\t\t\t\t\talt=''\n\t\t\t\t\t\ttitle='img-97'\n\t\t\t\t\t\/><\/figure>\n\t\t\t<\/div>\n\t\t\n\n\t\t<div class=\"cell small-12 medium-5 large-7\">\n\t\t\t<h3>POPULAR EVENTS<\/h3>\n\t\t\t<p>Don\u00b4t miss out on a rich dose of events this winter again! The winter season is beginning with the project of the Tatra Temple in the area of Hrebienok. Other traditional events you can look forward to include Tatry Ice Master and Snow Dogs.<\/p>\n\t\t<\/div>\n\t<\/a>\n\n\t\n\n\n<p><br>We look forward to seeing you in the Tatras this winter!<\/p>\n","protected":false},"excerpt":{"rendered":"<p>Spend an unforgettable winter holiday in the Tatras, with piles of mountain experiences! Enjoy the greatest winter attractions with a ski pass valid in the whole High Tatras. We look forward to seeing you in the Tatras this winter!<\/p>\n","protected":false},"author":2,"featured_media":13383,"parent":0,"menu_order":0,"comment_status":"closed","ping_status":"closed","template":"template-simple-page.php","meta":{"footnotes":""},"class_list":["post-13413","page","type-page","status-publish","has-post-thumbnail","hentry"],"_links":{"self":[{"href":"https:\/\/regiontatry.sk\/en\/wp-json\/wp\/v2\/pages\/13413"}],"collection":[{"href":"https:\/\/regiontatry.sk\/en\/wp-json\/wp\/v2\/pages"}],"about":[{"href":"https:\/\/regiontatry.sk\/en\/wp-json\/wp\/v2\/types\/page"}],"author":[{"embeddable":true,"href":"https:\/\/regiontatry.sk\/en\/wp-json\/wp\/v2\/users\/2"}],"replies":[{"embeddable":true,"href":"https:\/\/regiontatry.sk\/en\/wp-json\/wp\/v2\/comments?post=13413"}],"version-history":[{"count":6,"href":"https:\/\/regiontatry.sk\/en\/wp-json\/wp\/v2\/pages\/13413\/revisions"}],"predecessor-version":[{"id":5419442,"href":"https:\/\/regiontatry.sk\/en\/wp-json\/wp\/v2\/pages\/13413\/revisions\/5419442"}],"wp:featuredmedia":[{"embeddable":true,"href":"https:\/\/regiontatry.sk\/en\/wp-json\/wp\/v2\/media\/13383"}],"wp:attachment":[{"href":"https:\/\/regiontatry.sk\/en\/wp-json\/wp\/v2\/media?parent=13413"}],"curies":[{"name":"wp","href":"https:\/\/api.w.org\/{rel}","templated":true}]}}