{"id":1563,"date":"2018-07-13T11:15:31","date_gmt":"2018-07-13T09:15:31","guid":{"rendered":"http:\/\/regiontatry.creanet.sk\/tatranska-lyzovacka\/"},"modified":"2019-02-13T16:18:20","modified_gmt":"2019-02-13T15:18:20","slug":"skiing-in-the-tatras","status":"publish","type":"page","link":"https:\/\/regiontatry.sk\/en\/skiing\/skiing-in-the-tatras\/","title":{"rendered":"Skiing in the Tatras"},"content":{"rendered":"\n<p>Treat yourself to an unforgettable holiday with lots of winter adventure and enjoy skiing you have always dreamed about. Come to the High Tatras, which offer<strong>&nbsp;24 km of well-groomed ski slopes<\/strong>&nbsp;and guarantee snow for 5 months a year.&nbsp;<strong>20 modern cable cars and ski lifts<\/strong>&nbsp;will take you high up to the clouds in the resorts of Tatransk\u00e1 Lomnica, \u0160trbsk\u00e9 Pleso and Star\u00fd Smokovec.<\/p>\n\n\n\n<p>Good Apres Ski fun in every resort and&nbsp;<a href=\"\/en\/skiing\/ski-aqua-bus\/\"><strong>ecological SKI bus<\/strong><\/a>&nbsp;transport from the hotel to the slope \u2013 this is part of high-quality services as well. And there is&nbsp;<strong>a common Tatra ski pass<\/strong>&nbsp;that is valid in all resorts in the High Tatras.<\/p>\n\n\n\n<p>Feast your eyes on beautiful alpine panoramas and enjoy a unique atmosphere that&nbsp;<strong>the smallest grand mountains in the world<\/strong>&nbsp;offer in winter.<\/p>\n\n\n\t<a href=\"\/en\/skiing\/tatranska-lomnica\/\" class=\"wp-block-cgb-block-creanet-list category-list grid-x grid-padding-x align-middle\">\n\t\t\t\t\t<div class=\"small-12 medium-6 large-5\">\n\t\t\t\t<figure><img src='https:\/\/regiontatry.sk\/wp-content\/uploads\/2018\/10\/c_Marek_Hajkovsky_foto_Tatry_zimna_sezona_3000.jpg'\n\t\t\t\t\t\talt=''\n\t\t\t\t\t\ttitle='c_Marek_Hajkovsky_foto_Tatry_zimna_sezona_3000'\n\t\t\t\t\t\/><\/figure>\n\t\t\t<\/div>\n\t\t\n\n\t\t<div class=\"cell small-12 medium-5 large-7\">\n\t\t\t<h3>Steepest slope in Slovakia<\/h3>\n\t\t\t<p>You can enjoy great skiing on the\u00a0<strong>highest located and steepest slope in Slovakia \u2013 in Lomnick\u00e9 sedlo<\/strong>\u00a0(saddle \u2013 2.190 m above sea level).<br>A total vertical drop of 1,300 metres, a 5-month snow guarantee every year,\u00a0<strong>top modern chairlifts and cable cars<\/strong>, and widened ski trails guarantee the best experiences on a\u00a0<strong>first-class 5.5km-long carving track<\/strong>\u00a0that is up to 60 metres wide.<\/p>\n\t\t<\/div>\n\t<\/a>\n\n\t\n\n\t<a href=\"\/en\/skiing\/strbske-pleso\/\" class=\"wp-block-cgb-block-creanet-list category-list grid-x grid-padding-x align-middle\">\n\t\t\t\t\t<div class=\"small-12 medium-6 large-5\">\n\t\t\t\t<figure><img src='https:\/\/regiontatry.sk\/wp-content\/uploads\/2018\/10\/ski_strbske.jpeg'\n\t\t\t\t\t\talt=''\n\t\t\t\t\t\ttitle='ski_strbske'\n\t\t\t\t\t\/><\/figure>\n\t\t\t<\/div>\n\t\t\n\n\t\t<div class=\"cell small-12 medium-5 large-7\">\n\t\t\t<h3>Loved by skiers \u0160trbsk\u00e9 Pleso<\/h3>\n\t\t\t<p>The resort of \u0160trbsk\u00e9 Pleso is\u00a0<strong>the highest located ski resort<\/strong>\u00a0with the lower cable car station at the altitude of 1.400 m and\u00a0<strong>the longest ski season Slovakia<\/strong>.<br>Skiers can enjoy\u00a0<strong>9 km of easy to medium difficult slopes<\/strong>\u00a0which are popular with families and children but also experienced skiers.<\/p>\n\t\t<\/div>\n\t<\/a>\n\n\t\n\n\t<a href=\"\/en\/skiing\/stary-smokovec\/\" class=\"wp-block-cgb-block-creanet-list category-list grid-x grid-padding-x align-middle\">\n\t\t\t\t\t<div class=\"small-12 medium-6 large-5\">\n\t\t\t\t<figure><img src='https:\/\/regiontatry.sk\/wp-content\/uploads\/2018\/09\/Maxiland-for-children_800.jpg'\n\t\t\t\t\t\talt=''\n\t\t\t\t\t\ttitle='Maxiland-for-children_800'\n\t\t\t\t\t\/><\/figure>\n\t\t\t<\/div>\n\t\t\n\n\t\t<div class=\"cell small-12 medium-5 large-7\">\n\t\t\t<h3>For ambitious beginners<\/h3>\n\t\t\t<p>The resort of Star\u00fd Smokovec is an ideal destination\u00a0<strong>for less demanding skiers and beginners<\/strong>.<br>There is a\u00a0<strong>professional team of ski instructors<\/strong>\u00a0who can teach them all basics of this beautiful sport.<\/p>\n\t\t<\/div>\n\t<\/a>\n\n\t\n\n\t<a href=\"\/en\/skiing\/cross-country-skiing\/\" class=\"wp-block-cgb-block-creanet-list category-list grid-x grid-padding-x align-middle\">\n\t\t\t\t\t<div class=\"small-12 medium-6 large-5\">\n\t\t\t\t<figure><img src='https:\/\/regiontatry.sk\/wp-content\/uploads\/2018\/10\/Sni\u0301mka-obrazovky-2018-10-05-o-14.00.00.png'\n\t\t\t\t\t\talt=''\n\t\t\t\t\t\ttitle='Sni\u0301mka obrazovky 2018-10-05 o\u00a014.00.00'\n\t\t\t\t\t\/><\/figure>\n\t\t\t<\/div>\n\t\t\n\n\t\t<div class=\"cell small-12 medium-5 large-7\">\n\t\t\t<h3>Cross-country skiing in the region<\/h3>\n\t\t\t<p>   The region of the High Tatras offers <strong>over 61 km of groomed cross- country skiing tracks<\/strong>. <strong>\u0160trbsk\u00e9 Pleso<\/strong> is the biggest cross-country skiing resort with 8 professionally groomed 0.5 to 5 km long tracks. The resorts of Tatransk\u00e1 Lomnica, Star\u00fd Smokovec and areas around over 30 km of easy to medium-difficult cross-country skiing tracks together. Experienced skiers as well as beginners can find here everything they need. <\/p>\n\t\t<\/div>\n\t<\/a>\n\n\t\n\n\n<p><strong><br><br>Useful information:<br><\/strong><\/p>\n\n\n\n<h2 class=\"wp-block-heading\"><strong><a href=\"\/en\/skiing\/ski-rentals\/\" class=\"broken_link\">Ski rentals<\/a><\/strong><\/h2>\n\n\n\n<h2 class=\"wp-block-heading\"><a href=\"\/en\/skiing\/ski-schools\/\" class=\"broken_link\"><strong>Ski schools<\/strong><\/a><strong><\/strong><\/h2>\n\n\n\n<h2 class=\"wp-block-heading\"><strong><a href=\"\/en\/skiing\/ski-aqua-bus\/\">SKI &amp; AQUA BUS<\/a><\/strong><br><\/h2>\n\n\n\n<p><\/p>\n","protected":false},"excerpt":{"rendered":"<p>Treat yourself to an unforgettable holiday with lots of winter adventure and enjoy skiing you have always dreamed about. Come to the High Tatras, which offer&nbsp;24 km of well-groomed ski slopes&nbsp;and guarantee snow for 5 months a year.&nbsp;20 modern cable cars and ski lifts&nbsp;will take you high up to the clouds in the resorts of [&hellip;]<\/p>\n","protected":false},"author":1,"featured_media":7498,"parent":1599,"menu_order":0,"comment_status":"closed","ping_status":"closed","template":"template-simple-page.php","meta":{"footnotes":""},"class_list":["post-1563","page","type-page","status-publish","has-post-thumbnail","hentry"],"_links":{"self":[{"href":"https:\/\/regiontatry.sk\/en\/wp-json\/wp\/v2\/pages\/1563"}],"collection":[{"href":"https:\/\/regiontatry.sk\/en\/wp-json\/wp\/v2\/pages"}],"about":[{"href":"https:\/\/regiontatry.sk\/en\/wp-json\/wp\/v2\/types\/page"}],"author":[{"embeddable":true,"href":"https:\/\/regiontatry.sk\/en\/wp-json\/wp\/v2\/users\/1"}],"replies":[{"embeddable":true,"href":"https:\/\/regiontatry.sk\/en\/wp-json\/wp\/v2\/comments?post=1563"}],"version-history":[{"count":46,"href":"https:\/\/regiontatry.sk\/en\/wp-json\/wp\/v2\/pages\/1563\/revisions"}],"predecessor-version":[{"id":15649,"href":"https:\/\/regiontatry.sk\/en\/wp-json\/wp\/v2\/pages\/1563\/revisions\/15649"}],"up":[{"embeddable":true,"href":"https:\/\/regiontatry.sk\/en\/wp-json\/wp\/v2\/pages\/1599"}],"wp:featuredmedia":[{"embeddable":true,"href":"https:\/\/regiontatry.sk\/en\/wp-json\/wp\/v2\/media\/7498"}],"wp:attachment":[{"href":"https:\/\/regiontatry.sk\/en\/wp-json\/wp\/v2\/media?parent=1563"}],"curies":[{"name":"wp","href":"https:\/\/api.w.org\/{rel}","templated":true}]}}