{"id":1571,"date":"2018-07-18T14:22:55","date_gmt":"2018-07-18T12:22:55","guid":{"rendered":"http:\/\/regiontatry.creanet.sk\/rodina-a-zabava\/"},"modified":"2019-02-14T13:57:22","modified_gmt":"2019-02-14T12:57:22","slug":"family-and-entertainment","status":"publish","type":"page","link":"https:\/\/regiontatry.sk\/en\/family-and-entertainment\/","title":{"rendered":"Family and entertainment"},"content":{"rendered":"\n<p>Objavte v Tatr\u00e1ch&nbsp;<strong>okamihy rodinn\u00e9ho \u0161\u0165astia<\/strong>&nbsp;a pre\u017eite&nbsp;<strong>leto nezabudnute\u013en\u00fdch z\u00e1\u017eitkov<\/strong>! Vysok\u00e9 Tatry m\u00f4\u017eu by\u0165 aj va\u0161im turistick\u00fdm dovolenkov\u00fdm rajom. Vyberte sa na vzru\u0161uj\u00facu pozn\u00e1vaciu v\u00fdpravu a str\u00e1vte s de\u0165mi letn\u00e9 dni pln\u00e9 hier, pohybu na \u010derstvom vzduchu a z\u00e1bavy!<\/p>\n\n\n\n<iframe loading=\"lazy\" src=\"https:\/\/www.youtube.com\/embed\/KNZcfxIT11g\" allow=\"autoplay; encrypted-media\" allowfullscreen=\"\" width=\"100%\" height=\"600\" frameborder=\"0\"><\/iframe>\n\n\n\t<a href=\"\/rodina-a-zabava\/rodinna-turistika\" class=\"wp-block-cgb-block-creanet-list category-list grid-x grid-padding-x align-middle\">\n\t\t\t\t\t<div class=\"small-12 medium-6 large-5\">\n\t\t\t\t<figure><img src='https:\/\/regiontatry.sk\/wp-content\/uploads\/2018\/09\/14255942938_3d00d4a86e_z-300x199-1.jpg'\n\t\t\t\t\t\talt=''\n\t\t\t\t\t\ttitle='14255942938_3d00d4a86e_z-300x199'\n\t\t\t\t\t\/><\/figure>\n\t\t\t<\/div>\n\t\t\n\n\t\t<div class=\"cell small-12 medium-5 large-7\">\n\t\t\t<h3>S rodinou v pr\u00edrode<\/h3>\n\t\t\t<p>Nechajte sa zl\u00e1ka\u0165 pestrou paletou mo\u017enost\u00ed rodinn\u00fdch v\u00fdletov a odneste si z Tatier spomienky, na ktor\u00e9 sa nezab\u00fada. Jedine\u010dn\u00e9 prostredie pon\u00faka turistick\u00e9 chodn\u00edky vhodn\u00e9 aj pre mal\u00e9 detsk\u00e9 no\u017ei\u010dky.<\/p>\n\t\t<\/div>\n\t<\/a>\n\n\t\n\n\t<a href=\"\/rodina-a-tatry\/clnkovanie-na-strbskom-plese\" class=\"wp-block-cgb-block-creanet-list category-list grid-x grid-padding-x align-middle\">\n\t\t\t\t\t<div class=\"small-12 medium-6 large-5\">\n\t\t\t\t<figure><img src='https:\/\/regiontatry.sk\/wp-content\/uploads\/2018\/09\/kempinski-hotel-high-tatras10-17-08-09.jpg'\n\t\t\t\t\t\talt=''\n\t\t\t\t\t\ttitle='Kempinski Hotel High Tatras\n10.-17.08.09'\n\t\t\t\t\t\/><\/figure>\n\t\t\t<\/div>\n\t\t\n\n\t\t<div class=\"cell small-12 medium-5 large-7\">\n\t\t\t<h3>\u010clnkovanie na \u0160trbskom ples<\/h3>\n\t\t\t<p>Nezabudnute\u013en\u00fd z\u00e1\u017eitok nielen pre najmen\u0161\u00edch. Nostalgick\u00e1 plavba nadchne va\u0161e ratolesti a postar\u00e1 sa o skvel\u00fd rodinn\u00fd program. Tento v\u00fdlet V\u00e1s ur\u010dite nesklame.<\/p>\n\t\t<\/div>\n\t<\/a>\n\n\t\n\n\t<a href=\"\/rodina-a-zabava\/lanovkami-za-dobrodruzstvom\/\" class=\"wp-block-cgb-block-creanet-list category-list grid-x grid-padding-x align-middle\">\n\t\t\t\t\t<div class=\"small-12 medium-6 large-5\">\n\t\t\t\t<figure><img src='https:\/\/regiontatry.sk\/wp-content\/uploads\/2018\/09\/lanovka.jpg'\n\t\t\t\t\t\talt=''\n\t\t\t\t\t\ttitle='lanovka'\n\t\t\t\t\t\/><\/figure>\n\t\t\t<\/div>\n\t\t\n\n\t\t<div class=\"cell small-12 medium-5 large-7\">\n\t\t\t<h3>Lanovkami za dobrodru\u017estvom<\/h3>\n\t\t\t<p>Deti lanovky miluj\u00fa. Vezmite rodinku na celodenn\u00fd v\u00fdlet a vyvezte sa pohodlne za prekr\u00e1snymi panor\u00e1mami \u010di do ob\u013e\u00faben\u00e9ho detsk\u00e9ho eko-mini parku Svi\u0161tia krajinka na Skalnatom Plese.<\/p>\n\t\t<\/div>\n\t<\/a>\n\n\t\n\n\t<a href=\"\/rodina-a-tatry\/tatranska-divocina-2\" class=\"wp-block-cgb-block-creanet-list category-list grid-x grid-padding-x align-middle\">\n\t\t\t\t\t<div class=\"small-12 medium-6 large-5\">\n\t\t\t\t<figure><img src='https:\/\/regiontatry.sk\/wp-content\/uploads\/2018\/09\/medved_kubo_230.jpg'\n\t\t\t\t\t\talt=''\n\t\t\t\t\t\ttitle='medved_kubo_230'\n\t\t\t\t\t\/><\/figure>\n\t\t\t<\/div>\n\t\t\n\n\t\t<div class=\"cell small-12 medium-5 large-7\">\n\t\t\t<h3>Tatransk\u00e1 divo\u010dina<\/h3>\n\t\t\t<p>Za\u017eite jedine\u010dn\u00e9 dobrodru\u017estv\u00e1 a spolo\u010dne b\u00e1dajte po tatransk\u00fdch tajomstv\u00e1ch v\u010faka z\u00e1bavn\u00e9mu eko-friendly projektu TATRANSK\u00c1 DIVO\u010cINA. Mno\u017estvo pr\u00edbehov a z\u00e1had v\u00e1m umo\u017en\u00ed netradi\u010dn\u00fdm sp\u00f4sobom spozna\u0165 tie najkraj\u0161ie a najzauj\u00edmavej\u0161ie miesta Tatier.<\/p>\n\t\t<\/div>\n\t<\/a>\n\n\t\n\n\t<a href=\"\/wellness-a-relax\/vodny-svet-aquacity-poprad\/\" class=\"wp-block-cgb-block-creanet-list category-list grid-x grid-padding-x align-middle\">\n\t\t\t\t\t<div class=\"small-12 medium-6 large-5\">\n\t\t\t\t<figure><img src='https:\/\/regiontatry.sk\/wp-content\/uploads\/2018\/09\/6f3c9817_230.jpg'\n\t\t\t\t\t\talt=''\n\t\t\t\t\t\ttitle='6f3c9817_230'\n\t\t\t\t\t\/><\/figure>\n\t\t\t<\/div>\n\t\t\n\n\t\t<div class=\"cell small-12 medium-5 large-7\">\n\t\t\t<h3>Nekone\u010dn\u00e1 detsk\u00e1 z\u00e1bava v aquaparku<\/h3>\n\t\t\t<p>V Aquacity Poprad detsk\u00e1 z\u00e1bava nikdy nekon\u010d\u00ed! Spestrite si svoju rodinn\u00fa dovolenku n\u00e1v\u0161tevou tohto jedine\u010dn\u00e9ho komplexu, nov\u00fd detsk\u00fd raj a mno\u017estvo pohody pre cel\u00fa rodinku V\u00e1m zaru\u010dene spr\u00edjemn\u00ed letn\u00e9 chv\u00edle vo Vysok\u00fdch Tatr\u00e1ch.<\/p>\n\t\t<\/div>\n\t<\/a>\n\n\t\n\n\t<a href=\"http:\/\/www.tatranskakometa.sk\/\" class=\"wp-block-cgb-block-creanet-list category-list grid-x grid-padding-x align-middle\">\n\t\t\t\t\t<div class=\"small-12 medium-6 large-5\">\n\t\t\t\t<figure><img src='https:\/\/regiontatry.sk\/wp-content\/uploads\/2018\/09\/suprava_komety_230.jpg'\n\t\t\t\t\t\talt=''\n\t\t\t\t\t\ttitle='suprava_komety_230'\n\t\t\t\t\t\/><\/figure>\n\t\t\t<\/div>\n\t\t\n\n\t\t<div class=\"cell small-12 medium-5 large-7\">\n\t\t\t<h3>Jazda Tatranskou Kom\u00e9tou<\/h3>\n\t\t\t<p>Pr\u00ed\u010fte si pozrie\u0165 skvost tatransk\u00fdch \u017eelezn\u00edc zbl\u00edzka a za\u017eite \u010darovn\u00fa jazdu Kom\u00e9tou! Jazdu historickou \u017eelezni\u010dkou si m\u00f4\u017eete vychutna\u0165 ka\u017ed\u00fd pr\u00e1zdninov\u00fd v\u00edkend.<\/p>\n\t\t<\/div>\n\t<\/a>\n\n\t\n\n\t<a href=\"\" class=\"wp-block-cgb-block-creanet-list category-list grid-x grid-padding-x align-middle\">\n\t\t\t\t\t<div class=\"small-12 medium-6 large-5\">\n\t\t\t\t<figure><img src='https:\/\/regiontatry.sk\/wp-content\/uploads\/2018\/09\/belianska-jaskyna.jpeg'\n\t\t\t\t\t\talt=''\n\t\t\t\t\t\ttitle='belianska-jaskyna'\n\t\t\t\t\t\/><\/figure>\n\t\t\t<\/div>\n\t\t\n\n\t\t<div class=\"cell small-12 medium-5 large-7\">\n\t\t\t<h3>Belianska jasky\u0148a<\/h3>\n\t\t\t<p>Spoznajte podzemie Tatier v jedinej pr\u00edstupnej jaskyni vo Vysok\u00fdch Tatr\u00e1ch &#8211; v Belianskej jaskyni. Nav\u0161t\u00edvte s rodinou tento jedine\u010dn\u00fd pr\u00edrodn\u00fd \u00fakaz po cel\u00fd rok, hoc aj za nepriazniv\u00e9ho po\u010dasia.<\/p>\n\t\t<\/div>\n\t<\/a>\n\n\t\n\n\t<a href=\"\" class=\"wp-block-cgb-block-creanet-list category-list grid-x grid-padding-x align-middle\">\n\t\t\t\t\t<div class=\"small-12 medium-6 large-5\">\n\t\t\t\t<figure><img src='https:\/\/regiontatry.sk\/wp-content\/uploads\/2018\/09\/tanap-muzeum.jpeg'\n\t\t\t\t\t\talt=''\n\t\t\t\t\t\ttitle='tanap-muzeum'\n\t\t\t\t\t\/><\/figure>\n\t\t\t<\/div>\n\t\t\n\n\t\t<div class=\"cell small-12 medium-5 large-7\">\n\t\t\t<h3>M\u00fazeum Tatransk\u00e9ho n\u00e1rodn\u00e9ho parku<\/h3>\n\t\t\t<p>Zozn\u00e1mte va\u0161e deti s mal\u00fdmi aj ve\u013ek\u00fdmi obyvate\u013emi tatransk\u00fdch lesov. M\u00fazeum TANAPu v Tatranskej Lomnici v\u00e1s obozn\u00e1mi s charakterom tatranskej pr\u00edrody, s jej ochranou a s dejinami spr\u00edstup\u0148ovania Tatier. Ne\u010faleko v botanickej z\u00e1hrade zase m\u00f4\u017eete spozna\u0165 tatransk\u00e9 rastlinky a bylinky.<\/p>\n\t\t<\/div>\n\t<\/a>\n\n\t\n\n\t<a href=\"\" class=\"wp-block-cgb-block-creanet-list category-list grid-x grid-padding-x align-middle\">\n\t\t\t\t\t<div class=\"small-12 medium-6 large-5\">\n\t\t\t\t<figure><img src='https:\/\/regiontatry.sk\/wp-content\/uploads\/2018\/09\/14442480485_6f7a2d1585_m_230.jpg'\n\t\t\t\t\t\talt=''\n\t\t\t\t\t\ttitle='14442480485_6f7a2d1585_m_230'\n\t\t\t\t\t\/><\/figure>\n\t\t\t<\/div>\n\t\t\n\n\t\t<div class=\"cell small-12 medium-5 large-7\">\n\t\t\t<h3>Podujatia pre rodinky<\/h3>\n\t\t\t<p>Po\u010das cel\u00fdch pr\u00e1zdnin v\u00e1s \u010dak\u00e1 nieko\u013eko podujat\u00ed, na ktor\u00fdch sa s de\u0165mi do chuti zabav\u00edte. Najviac medve\u010fov v Tatr\u00e1ch n\u00e1jdete prv\u00fd augustov\u00fd v\u00edkend na Hrebienku. MEDVEDIE DNI s\u00fa pln\u00e9 medved\u00edch z\u00e1\u017eitkov, s\u00fa\u0165a\u017e\u00ed, atrakci\u00ed premie\u0161an\u00e9 mno\u017estvom detskej z\u00e1bavy. Svi\u0161te naopak ovl\u00e1dnu \u0160trbsk\u00e9 pleso, ktor\u00e9 sa v\u010faka akcii SVI\u0160TE NA PLESE koncom pr\u00e1zdnin premen\u00ed na jedno ve\u013ek\u00e9 \u0161portovisko.<\/p>\n\t\t<\/div>\n\t<\/a>\n\n\t\n\n\t<a href=\"\" class=\"wp-block-cgb-block-creanet-list category-list grid-x grid-padding-x align-middle\">\n\t\t\t\t\t<div class=\"small-12 medium-6 large-5\">\n\t\t\t\t<figure><img src='https:\/\/regiontatry.sk\/wp-content\/uploads\/2018\/09\/kukucka_230.jpg'\n\t\t\t\t\t\talt=''\n\t\t\t\t\t\ttitle='kukucka_230'\n\t\t\t\t\t\/><\/figure>\n\t\t\t<\/div>\n\t\t\n\n\t\t<div class=\"cell small-12 medium-5 large-7\">\n\t\t\t<h3>FAMILY friendly<\/h3>\n\t\t\t<p>N\u00e1jdite si to prav\u00e9 ubytovanie pre Va\u0161u rodinu v jednom z t\u00fdchto FAMILY friendly ubytovac\u00edch zariaden\u00ed a pre\u017eite kr\u00e1snu dovolenku pln\u00fa rodinnej pohody priamo vo Vysok\u00fdch Tatr\u00e1ch!<\/p>\n\t\t<\/div>\n\t<\/a>\n\n\t\n\n\n<p><br>Okolie Tatier je ako stvoren\u00e9 na prech\u00e1dzky lesmi a l\u00fakami, kde \u010dasto stretnete aj zvieratk\u00e1.&nbsp;<strong>Diviaky a mufl\u00f3ny<\/strong>m\u00f4\u017eete obdivova\u0165 v zvieracej obore smerom na Spi\u0161sk\u00e9 Bystr\u00e9. V Kvetnici na jazierku a na rieke Poprad nak\u0155mite&nbsp;<strong>ka\u010dky<\/strong>. Mal\u00fa&nbsp;<strong>mini ZOO<\/strong>&nbsp;n\u00e1jdete v Gerlachove pri Hoteli Hubert.<\/p>\n\n\n\n<div class=\"wp-block-image\"><figure class=\"aligncenter is-resized\"><img loading=\"lazy\" decoding=\"async\" src=\"https:\/\/regiontatry.sk\/wp-content\/uploads\/2018\/07\/hubert_2.jpg\" alt=\"\" class=\"wp-image-590\" width=\"1023\" height=\"362\" srcset=\"https:\/\/regiontatry.sk\/wp-content\/uploads\/2018\/07\/hubert_2.jpg 1023w, https:\/\/regiontatry.sk\/wp-content\/uploads\/2018\/07\/hubert_2-300x106.jpg 300w, https:\/\/regiontatry.sk\/wp-content\/uploads\/2018\/07\/hubert_2-768x272.jpg 768w\" sizes=\"(max-width: 1023px) 100vw, 1023px\" \/><\/figure><\/div>\n\n\n    <div id=\"gallery\" class=\"grid-x grid-padding-x\">\n        <div class=\"cell small-12\">\n            <h3><\/h3>\n        <\/div>\n                    <div class=\"cell small-6 medium-4\">\n                <a href=\"#\" class=\"thumbnail\" data-index=0>\n                    <img decoding=\"async\" src=\"https:\/\/regiontatry.sk\/wp-content\/uploads\/2018\/07\/hubert_2.jpg\" alt=\"\" data-width=\"1200\" data-height=\"900\" \/>\n                <\/a>\n            <\/div>\n                    <div class=\"cell small-6 medium-4\">\n                <a href=\"#\" class=\"thumbnail\" data-index=1>\n                    <img decoding=\"async\" src=\"https:\/\/regiontatry.sk\/wp-content\/uploads\/2018\/07\/14441196262_d1ff9a1abf_k_2-1024x449.jpg\" alt=\"\" data-width=\"1200\" data-height=\"900\" \/>\n                <\/a>\n            <\/div>\n            <\/div>\n    ","protected":false},"excerpt":{"rendered":"<p>Objavte v Tatr\u00e1ch&nbsp;okamihy rodinn\u00e9ho \u0161\u0165astia&nbsp;a pre\u017eite&nbsp;leto nezabudnute\u013en\u00fdch z\u00e1\u017eitkov! Vysok\u00e9 Tatry m\u00f4\u017eu by\u0165 aj va\u0161im turistick\u00fdm dovolenkov\u00fdm rajom. Vyberte sa na vzru\u0161uj\u00facu pozn\u00e1vaciu v\u00fdpravu a str\u00e1vte s de\u0165mi letn\u00e9 dni pln\u00e9 hier, pohybu na \u010derstvom vzduchu a z\u00e1bavy! Okolie Tatier je ako stvoren\u00e9 na prech\u00e1dzky lesmi a l\u00fakami, kde \u010dasto stretnete aj zvieratk\u00e1.&nbsp;Diviaky a mufl\u00f3nym\u00f4\u017eete obdivova\u0165 [&hellip;]<\/p>\n","protected":false},"author":1,"featured_media":18258,"parent":0,"menu_order":0,"comment_status":"closed","ping_status":"closed","template":"template-simple-page.php","meta":{"footnotes":""},"class_list":["post-1571","page","type-page","status-publish","has-post-thumbnail","hentry"],"_links":{"self":[{"href":"https:\/\/regiontatry.sk\/en\/wp-json\/wp\/v2\/pages\/1571"}],"collection":[{"href":"https:\/\/regiontatry.sk\/en\/wp-json\/wp\/v2\/pages"}],"about":[{"href":"https:\/\/regiontatry.sk\/en\/wp-json\/wp\/v2\/types\/page"}],"author":[{"embeddable":true,"href":"https:\/\/regiontatry.sk\/en\/wp-json\/wp\/v2\/users\/1"}],"replies":[{"embeddable":true,"href":"https:\/\/regiontatry.sk\/en\/wp-json\/wp\/v2\/comments?post=1571"}],"version-history":[{"count":29,"href":"https:\/\/regiontatry.sk\/en\/wp-json\/wp\/v2\/pages\/1571\/revisions"}],"predecessor-version":[{"id":15756,"href":"https:\/\/regiontatry.sk\/en\/wp-json\/wp\/v2\/pages\/1571\/revisions\/15756"}],"wp:featuredmedia":[{"embeddable":true,"href":"https:\/\/regiontatry.sk\/en\/wp-json\/wp\/v2\/media\/18258"}],"wp:attachment":[{"href":"https:\/\/regiontatry.sk\/en\/wp-json\/wp\/v2\/media?parent=1571"}],"curies":[{"name":"wp","href":"https:\/\/api.w.org\/{rel}","templated":true}]}}