{"id":1587,"date":"2018-07-25T10:37:17","date_gmt":"2018-07-25T08:37:17","guid":{"rendered":"http:\/\/regiontatry.creanet.sk\/podujatia-a-novinky\/"},"modified":"2024-12-11T10:25:44","modified_gmt":"2024-12-11T09:25:44","slug":"events-and-news","status":"publish","type":"page","link":"https:\/\/regiontatry.sk\/en\/events-and-news\/","title":{"rendered":"Events and news"},"content":{"rendered":"\n<h2 class=\"wp-block-heading\"><a href=\"https:\/\/regiontatry.sk\/event\">Podujatia \/ Eventy<\/a><\/h2>\n\n<h2 class=\"wp-block-heading\"><a href=\"https:\/\/regiontatry.sk\/novinky\/\">Aktuality a inform\u00e1cie z regi\u00f3nu<\/a><\/h2>\n\n<h2 class=\"wp-block-heading\"><a href=\"https:\/\/regiontatry.sk\/podujatia-a-novinky\/fotogalerie-videa\/\">Fotogal\u00e9rie \/ Vide\u00e1<\/a><\/h2>\n\n<p><\/p>\n","protected":false},"excerpt":{"rendered":"<p>Podujatia \/ Eventy Aktuality a inform\u00e1cie z regi\u00f3nu Fotogal\u00e9rie \/ Vide\u00e1<\/p>\n","protected":false},"author":1,"featured_media":1419,"parent":0,"menu_order":0,"comment_status":"closed","ping_status":"closed","template":"template-subpages.php","meta":{"footnotes":""},"class_list":["post-1587","page","type-page","status-publish","has-post-thumbnail","hentry"],"_links":{"self":[{"href":"https:\/\/regiontatry.sk\/en\/wp-json\/wp\/v2\/pages\/1587"}],"collection":[{"href":"https:\/\/regiontatry.sk\/en\/wp-json\/wp\/v2\/pages"}],"about":[{"href":"https:\/\/regiontatry.sk\/en\/wp-json\/wp\/v2\/types\/page"}],"author":[{"embeddable":true,"href":"https:\/\/regiontatry.sk\/en\/wp-json\/wp\/v2\/users\/1"}],"replies":[{"embeddable":true,"href":"https:\/\/regiontatry.sk\/en\/wp-json\/wp\/v2\/comments?post=1587"}],"version-history":[{"count":3,"href":"https:\/\/regiontatry.sk\/en\/wp-json\/wp\/v2\/pages\/1587\/revisions"}],"predecessor-version":[{"id":10043425,"href":"https:\/\/regiontatry.sk\/en\/wp-json\/wp\/v2\/pages\/1587\/revisions\/10043425"}],"wp:featuredmedia":[{"embeddable":true,"href":"https:\/\/regiontatry.sk\/en\/wp-json\/wp\/v2\/media\/1419"}],"wp:attachment":[{"href":"https:\/\/regiontatry.sk\/en\/wp-json\/wp\/v2\/media?parent=1587"}],"curies":[{"name":"wp","href":"https:\/\/api.w.org\/{rel}","templated":true}]}}