{"id":1599,"date":"2018-07-30T09:09:16","date_gmt":"2018-07-30T07:09:16","guid":{"rendered":"http:\/\/regiontatry.creanet.sk\/lyzovanie-2\/"},"modified":"2025-10-07T22:25:57","modified_gmt":"2025-10-07T20:25:57","slug":"skiing","status":"publish","type":"page","link":"https:\/\/regiontatry.sk\/en\/skiing\/","title":{"rendered":"Skiing"},"content":{"rendered":"\n<p>Treat yourself to an unforgettable holiday with lots of winter adventure and enjoy skiing you have always dreamed about. Come to the High Tatras, which offer<strong>&nbsp;24 km of well-groomed ski slopes<\/strong>&nbsp;and guarantee snow for 5 months a year.&nbsp;<strong>20 modern cable cars and ski lifts<\/strong>&nbsp;will take you high up to the clouds in the resorts of Tatransk\u00e1 Lomnica, \u0160trbsk\u00e9 Pleso and Star\u00fd Smokovec.<\/p>\n\n\n\n<p>Tatransk\u00e1 Lomnica offers&nbsp;<strong>the longest (5.5 km) ski slope<\/strong>&nbsp;and a possibility of&nbsp;<strong>skiing at the altitude of 2.190 m, on the steepest slope in Lomnick\u00e9 sedlo (saddle)<\/strong>. \u0160trbsk\u00e9 Pleso is proud of its 9 km of slopes and a modern snow park. Shorter and easier slopes in Star\u00fd Smokovec are ideal for children and beginners. Good Apres Ski fun in every resort and&nbsp;<a href=\"http:\/\/regiontatry.sk\/en\/activities\/alpine-skiing\/skibus\/\" class=\"broken_link\"><strong>ecological SKI bus<\/strong><\/a>&nbsp;transport from the hotel to the slope \u2013 this is part of high-quality services as well. And there is&nbsp;<strong>a common Tatra ski pass<\/strong>&nbsp;that is valid in all resorts in the High Tatras.<\/p>\n\n\n\n<p>The region of the High Tatras is a paradise for\u00a0<a href=\"http:\/\/regiontatry.sk\/en\/activities\/alpine-skiing\/cross-country-skiing-2\/\" target=\"_blank\" rel=\"noreferrer noopener\" class=\"broken_link\"><strong>cross-country skiing<\/strong><\/a>\u00a0lovers as well. The area of\u00a0<strong>\u0160trbsk\u00e9 Pleso<\/strong>\u00a0offers several tracks with various levels of difficulty and the\u00a0<strong>total length of 25 km<\/strong>. There are some in Tatransk\u00e1 Lomnica, Star\u00fd Smokovec and in the foothills too. The Black Stork golf course in Ve\u013ek\u00e1 Lomnica gets changed to a complex of cross-country skiing tracks with the total length of 10 km in winter. <strong>75 kilometres of cross-country skiing tracks<\/strong>\u00a0are at disposal in every settlement in the\u00a0High Tatras during the winter season.\u00a0<\/p>\n\n\n\n<p>Don\u2019t have your own equipment? No problem! In the High Tatras, you can easily rent everything you need \u2013 from modern skis and snowboards to helmets and accessories. The <strong><a href=\"https:\/\/regiontatry.sk\/en\/skiing\/pozicovne-lyzi\/\" target=\"_blank\" rel=\"noreferrer noopener\">ski rental shops offer<\/a><\/strong> high-quality and up-to-date equipment for everyone.<\/p>\n\n\n\n<p>And if you\u2019re just learning to ski, <strong><a href=\"https:\/\/regiontatry.sk\/en\/skiing\/lyziarske-skoly\/\" target=\"_blank\" rel=\"noreferrer noopener\">experienced instructors<\/a><\/strong> in ski schools located right in the Tatra resorts will take care of your first unforgettable moments on the snow.<\/p>\n\n\n\n<p>Feast your eyes on beautiful alpine panoramas and enjoy a unique atmosphere that&nbsp;<strong>the smallest grand mountains in the world<\/strong>&nbsp;offer in winter.<\/p>\n\n\n\n<p>The winter Tatras are a paradise for ski lovers. We bring you an overview of the best slopes, suitable for both beginners and advanced skiers. Get ready for a winter adventure that will take your breath away!<\/p>\n\n\n\n<p><\/p>\n\n\n\t<div class=\"wp-block-cgb-block-creanet-grid category-list cell small-12 medium-4 cg\">\n\t\t<div class=\"cell small-12 medium-12 large-12 medium-order-1\">\n\t\t\t<a href=\"\/en\/skiing\/tatranska-lomnica\/\">\n\t\t\t\t<div class=\"background-grid-color\"><\/div>\n\t\t\t\t\t\t\t\t\t<figure><img decoding=\"async\" src=\"https:\/\/regiontatry.sk\/wp-content\/uploads\/2024\/11\/\u00a9-Marek-Hajkovsky-foto-VT-kampan-zima-2024_115-1024x563.jpg\" alt=\"ly\u017eovanie Skalnat\u00e9 pleso\n\"\n\t\t\t\t\t\t\t\t title=\"\u00a9 Marek Hajkovsky foto VT kampan zima 2024_115\"\/><\/figure>\n\t\t\t\t\t\t\t\t<h3>Tatransk\u00e1 Lomnica<\/h3>\t\t\t\t\t\t\t<\/a>\n\t\t<\/div>\n\t<\/div>\n\t\n\n\t<div class=\"wp-block-cgb-block-creanet-grid category-list cell small-12 medium-4 cg\">\n\t\t<div class=\"cell small-12 medium-12 large-12 medium-order-1\">\n\t\t\t<a href=\"\/en\/skiing\/strbske-pleso\/\">\n\t\t\t\t<div class=\"background-grid-color\"><\/div>\n\t\t\t\t\t\t\t\t\t<figure><img decoding=\"async\" src=\"https:\/\/regiontatry.sk\/wp-content\/uploads\/2024\/11\/c-Marek-Hajkovsky-foto-STRBSKE-PLESO-lyziar-2020-19_11zon-1024x581.jpg\" alt=\"\"\n\t\t\t\t\t\t\t\t title=\"c Marek Hajkovsky foto STRBSKE PLESO lyziar 2020 19_11zon\"\/><\/figure>\n\t\t\t\t\t\t\t\t<h3>\u0160trbsk\u00e9 Pleso<\/h3>\t\t\t\t\t\t\t<\/a>\n\t\t<\/div>\n\t<\/div>\n\t\n\n\t<div class=\"wp-block-cgb-block-creanet-grid category-list cell small-12 medium-4 cg\">\n\t\t<div class=\"cell small-12 medium-12 large-12 medium-order-1\">\n\t\t\t<a href=\"\/en\/skiing\/stary-smokovec\/\">\n\t\t\t\t<div class=\"background-grid-color\"><\/div>\n\t\t\t\t\t\t\t\t\t<figure><img decoding=\"async\" src=\"https:\/\/regiontatry.sk\/wp-content\/uploads\/2018\/09\/Maxiland-for-children_800.jpg\" alt=\"\"\n\t\t\t\t\t\t\t\t title=\"Maxiland-for-children_800\"\/><\/figure>\n\t\t\t\t\t\t\t\t<h3>Star\u00fd Smokovec<\/h3>\t\t\t\t\t\t\t<\/a>\n\t\t<\/div>\n\t<\/div>\n\t\n\n\t<div class=\"wp-block-cgb-block-creanet-grid category-list cell small-12 medium-4 cg\">\n\t\t<div class=\"cell small-12 medium-12 large-12 medium-order-1\">\n\t\t\t<a href=\"\/en\/skiing\/cross-country-skiing\/\">\n\t\t\t\t<div class=\"background-grid-color\"><\/div>\n\t\t\t\t\t\t\t\t\t<figure><img decoding=\"async\" src=\"https:\/\/regiontatry.sk\/wp-content\/uploads\/2018\/09\/P1110316.jpg\" alt=\"\"\n\t\t\t\t\t\t\t\t title=\"P1110316\"\/><\/figure>\n\t\t\t\t\t\t\t\t<h3>Cross-country skiing<\/h3>\t\t\t\t\t\t\t<\/a>\n\t\t<\/div>\n\t<\/div>\n\t\n\n\t<div class=\"wp-block-cgb-block-creanet-grid category-list cell small-12 medium-4 cg\">\n\t\t<div class=\"cell small-12 medium-12 large-12 medium-order-1\">\n\t\t\t<a href=\"\/en\/skiing\/ski-aqua-bus\/\">\n\t\t\t\t<div class=\"background-grid-color\"><\/div>\n\t\t\t\t\t\t\t\t\t<figure><img decoding=\"async\" src=\"https:\/\/regiontatry.sk\/wp-content\/uploads\/2024\/02\/ski-bus-3-1024x689.jpg\" alt=\"\"\n\t\t\t\t\t\t\t\t title=\"ski bus 3\"\/><\/figure>\n\t\t\t\t\t\t\t\t<h3>SKI &amp; AQUA BUS<\/h3>\t\t\t\t\t\t\t<\/a>\n\t\t<\/div>\n\t<\/div>\n\t","protected":false},"excerpt":{"rendered":"<p>Treat yourself to an unforgettable holiday with lots of winter adventure and enjoy skiing you have always dreamed about. Come to the High Tatras, which offer&nbsp;24 km of well-groomed ski slopes&nbsp;and guarantee snow for 5 months a year.&nbsp;20 modern cable cars and ski lifts&nbsp;will take you high up to the clouds in the resorts of [&hellip;]<\/p>\n","protected":false},"author":1,"featured_media":9487901,"parent":0,"menu_order":0,"comment_status":"closed","ping_status":"closed","template":"template-list.php","meta":{"footnotes":""},"class_list":["post-1599","page","type-page","status-publish","has-post-thumbnail","hentry"],"_links":{"self":[{"href":"https:\/\/regiontatry.sk\/en\/wp-json\/wp\/v2\/pages\/1599"}],"collection":[{"href":"https:\/\/regiontatry.sk\/en\/wp-json\/wp\/v2\/pages"}],"about":[{"href":"https:\/\/regiontatry.sk\/en\/wp-json\/wp\/v2\/types\/page"}],"author":[{"embeddable":true,"href":"https:\/\/regiontatry.sk\/en\/wp-json\/wp\/v2\/users\/1"}],"replies":[{"embeddable":true,"href":"https:\/\/regiontatry.sk\/en\/wp-json\/wp\/v2\/comments?post=1599"}],"version-history":[{"count":18,"href":"https:\/\/regiontatry.sk\/en\/wp-json\/wp\/v2\/pages\/1599\/revisions"}],"predecessor-version":[{"id":11140477,"href":"https:\/\/regiontatry.sk\/en\/wp-json\/wp\/v2\/pages\/1599\/revisions\/11140477"}],"wp:featuredmedia":[{"embeddable":true,"href":"https:\/\/regiontatry.sk\/en\/wp-json\/wp\/v2\/media\/9487901"}],"wp:attachment":[{"href":"https:\/\/regiontatry.sk\/en\/wp-json\/wp\/v2\/media?parent=1599"}],"curies":[{"name":"wp","href":"https:\/\/api.w.org\/{rel}","templated":true}]}}