{"id":1608,"date":"2018-07-11T09:43:00","date_gmt":"2018-07-11T07:43:00","guid":{"rendered":"http:\/\/regiontatry.creanet.sk\/gurmanstvo-a-emocie\/"},"modified":"2025-04-29T21:47:58","modified_gmt":"2025-04-29T19:47:58","slug":"gourmandise-and-emotions","status":"publish","type":"page","link":"https:\/\/regiontatry.sk\/en\/gastronomia\/gourmandise-and-emotions\/","title":{"rendered":"Gourmandise and emotions"},"content":{"rendered":"\n<p>Manifold and unique. That\u00b4s how you will remember moments that you have spent in the High Tatras.<\/p>\n\n\n\n<p><strong>The region of the Tatras will mix the best cocktail of emotions for you. You will fall for inaccessible peaks and cool waterfalls, recharge your batteries at a peaceful surface of a glittering tarn<\/strong>&nbsp;and enjoy a feeling of harmony and flawless satisfaction.<\/p>\n\n\n\n<p>Enjoy romantic walks along  winding tourist trails and taste various national specialities at sunset. Delicious home-made meals and ingenious creations of real masters will guarantee great moments of unique flavours and culinary pleasure.<\/p>\n\n\n\n<p><strong>You will love the taste of the Tatras!<br><\/strong><\/p>\n\n\n\t<a href=\"https:\/\/regiontatry.sk\/en\/families-and-children-summer\/gastronomia-az-nad-oblaky\/ \" class=\"wp-block-cgb-block-creanet-list category-list grid-x grid-padding-x align-middle\">\n\t\t\t\t\t<div class=\"small-12 medium-6 large-5\">\n\t\t\t\t<figure><img src='https:\/\/regiontatry.sk\/wp-content\/uploads\/2023\/01\/image-1-1-1.png'\n\t\t\t\t\t\talt=''\n\t\t\t\t\t\ttitle='image-1-1'\n\t\t\t\t\t\/><\/figure>\n\t\t\t<\/div>\n\t\t\n\n\t\t<div class=\"cell small-12 medium-5 large-7\">\n\t\t\t<h3>Gastronomy high above the clouds  <\/h3>\n\t\t\t<p>Experience <strong>something unique \u2013 an unforgettable hot balloon gastronomy adventure. The original flight with culinary specialities made by the Lomnica hotel chefs begins at the foot of the High Tatras and takes about <\/strong>60 \u2013 90 minutes *. <\/p>\n\t\t<\/div>\n\t<\/a>\n\n\t\n\n\t<a href=\"https:\/\/www.vt.sk\/en\/resort\/bars-restaurants\/restaurants\/cafe-dedo\" class=\"wp-block-cgb-block-creanet-list category-list grid-x grid-padding-x align-middle\">\n\t\t\t\t\t<div class=\"small-12 medium-6 large-5\">\n\t\t\t\t<figure><img src='https:\/\/regiontatry.sk\/wp-content\/uploads\/2018\/10\/ranajky_u_deda.png'\n\t\t\t\t\t\talt=''\n\t\t\t\t\t\ttitle='ranajky_u_deda'\n\t\t\t\t\t\/><\/figure>\n\t\t\t<\/div>\n\t\t\n\n\t\t<div class=\"cell small-12 medium-5 large-7\">\n\t\t\t<h3>World-class coffee above the clouds<\/h3>\n\t\t\t<p>Take a comfortable cable car to the \u201croof\u201d of the Tatras and enjoy unforgettable moments in a location where everyday problems fade away in high altitudes. Is there anything more romantic than breakfast on top of Mt. Lomnick\u00fd \u0161t\u00edt?<\/p>\n\t\t<\/div>\n\t<\/a>\n\n\t\n\n\t<a href=\"https:\/\/www.vt.sk\/en\/activities\/event\/dinner-under-the-stars\" class=\"wp-block-cgb-block-creanet-list category-list grid-x grid-padding-x align-middle\">\n\t\t\t\t\t<div class=\"small-12 medium-6 large-5\">\n\t\t\t\t<figure><img src='https:\/\/regiontatry.sk\/wp-content\/uploads\/2018\/10\/vecera_zazitkov.png'\n\t\t\t\t\t\talt=''\n\t\t\t\t\t\ttitle='vecera_zazitkov'\n\t\t\t\t\t\/><\/figure>\n\t\t\t<\/div>\n\t\t\n\n\t\t<div class=\"cell small-12 medium-5 large-7\">\n\t\t\t<h3>Tatra dinner of experiences<\/h3>\n\t\t\t<p>Take your taste buds to the clouds and spend an unforgettable evening. Because real Tatra adventures begin after dark.<br>Feast your eyes on the beautiful mountain scenery at the altitude of 1,173 metres and discover delicious tastes of a 5-course menu served in a magical atmosphere at candlelight. If you wish, you can order wine tasting as well.\u00a0<\/p>\n\t\t<\/div>\n\t<\/a>\n\n\t\n\n\t<a href=\"\/en\/tourist-information\/restaurants-pizza\/\" class=\"wp-block-cgb-block-creanet-list category-list grid-x grid-padding-x align-middle\">\n\t\t\t\t\t<div class=\"small-12 medium-6 large-5\">\n\t\t\t\t<figure><img src='https:\/\/regiontatry.sk\/wp-content\/uploads\/2018\/10\/koliba_kamzik.jpg'\n\t\t\t\t\t\talt=''\n\t\t\t\t\t\ttitle='koliba_kamzik'\n\t\t\t\t\t\/><\/figure>\n\t\t\t<\/div>\n\t\t\n\n\t\t<div class=\"cell small-12 medium-5 large-7\">\n\t\t\t<h3>Manifold culinary pleasures<\/h3>\n\t\t\t<p>Traditional but willing to make experiments, simple but with a touch of originality \u2013 many elegant or authentic Tatra restaurants offer matchless experiences for gourmets. A pleasant atmosphere and best specialities guarantee complete satisfaction. Enjoy delicious food there!<\/p>\n\t\t<\/div>\n\t<\/a>\n\n\t\n\n\n<h3 class=\"wp-block-heading\"><strong><br><strong>Rich history of Tatra hotels<\/strong><\/strong><\/h3>\n\n\n\n<p>The turn of the 19th and 20th century was a specific era in Europe, called La belle \u00e9poque in France, i.e. a beautiful era. Modern aristocracy was living happily, they had enough money and tried to spend a part of their life in the most pleasant way possible.<\/p>\n\n\n\n<p>Architects created&nbsp;<strong>a luxurious style<\/strong>&nbsp;adequate to the time \u2013 Art Nouveau. You will love its jewels that were built in the Tatras. Their rich history combined with healing effects of Tatra nature guarantee flawless pleasure even for the most demanding clients. Thanks to their majestic and charming character, they have been proud to welcome many significant personalities.<\/p>\n\n\n\n<p><strong>Let the magic of history enchant you&nbsp;<\/strong>and treat yourself to unique relaxation in an atmosphere of age-long luxury..<\/p>\n\n\n\n<ul class=\"wp-block-gallery columns-3 is-cropped wp-block-gallery-2 is-layout-flex wp-block-gallery-is-layout-flex\"><li class=\"blocks-gallery-item\"><figure><img loading=\"lazy\" decoding=\"async\" width=\"800\" height=\"531\" src=\"https:\/\/regiontatry.sk\/wp-content\/uploads\/2018\/10\/castro-caf_8532899761_o-1.jpg\" alt=\"\" data-id=\"11908\" data-link=\"https:\/\/regiontatry.sk\/gurmanstvo-a-emocie-3\/castro-caf_8532899761_o-2\/\" class=\"wp-image-11908\" srcset=\"https:\/\/regiontatry.sk\/wp-content\/uploads\/2018\/10\/castro-caf_8532899761_o-1.jpg 800w, https:\/\/regiontatry.sk\/wp-content\/uploads\/2018\/10\/castro-caf_8532899761_o-1-300x199.jpg 300w, https:\/\/regiontatry.sk\/wp-content\/uploads\/2018\/10\/castro-caf_8532899761_o-1-768x510.jpg 768w\" sizes=\"(max-width: 800px) 100vw, 800px\" \/><\/figure><\/li><li class=\"blocks-gallery-item\"><figure><img loading=\"lazy\" decoding=\"async\" width=\"800\" height=\"375\" src=\"https:\/\/regiontatry.sk\/wp-content\/uploads\/2018\/10\/castro-cafe_16638630777_o-1.jpg\" alt=\"\" data-id=\"11938\" data-link=\"https:\/\/regiontatry.sk\/gurmanstvo-a-emocie-3\/castro-cafe_16638630777_o-2\/\" class=\"wp-image-11938\" srcset=\"https:\/\/regiontatry.sk\/wp-content\/uploads\/2018\/10\/castro-cafe_16638630777_o-1.jpg 800w, https:\/\/regiontatry.sk\/wp-content\/uploads\/2018\/10\/castro-cafe_16638630777_o-1-300x141.jpg 300w, https:\/\/regiontatry.sk\/wp-content\/uploads\/2018\/10\/castro-cafe_16638630777_o-1-768x360.jpg 768w\" sizes=\"(max-width: 800px) 100vw, 800px\" \/><\/figure><\/li><li class=\"blocks-gallery-item\"><figure><img loading=\"lazy\" decoding=\"async\" width=\"800\" height=\"523\" src=\"https:\/\/regiontatry.sk\/wp-content\/uploads\/2018\/10\/24822759419_7555dd7b06_o.jpg\" alt=\"\" data-id=\"11985\" data-link=\"https:\/\/regiontatry.sk\/gurmanstvo-a-emocie-3\/24822759419_7555dd7b06_o\/\" class=\"wp-image-11985\" srcset=\"https:\/\/regiontatry.sk\/wp-content\/uploads\/2018\/10\/24822759419_7555dd7b06_o.jpg 800w, https:\/\/regiontatry.sk\/wp-content\/uploads\/2018\/10\/24822759419_7555dd7b06_o-300x196.jpg 300w, https:\/\/regiontatry.sk\/wp-content\/uploads\/2018\/10\/24822759419_7555dd7b06_o-768x502.jpg 768w\" sizes=\"(max-width: 800px) 100vw, 800px\" \/><\/figure><\/li><\/ul>\n\n\n\n<h2 class=\"wp-block-heading\"><strong><a href=\"https:\/\/regiontatry.sk\/en\/tourist-information\/restaurants-pizza\/\"><br>Restaurants \/ Pizza<\/a><\/strong><\/h2>\n\n\n\n<h2 class=\"wp-block-heading\"><strong><a href=\"https:\/\/regiontatry.sk\/en\/tourist-information\/cheese-dairy\/\" class=\"broken_link\">Cheese dairy<\/a><\/strong><\/h2>\n\n\n\n<h2 class=\"wp-block-heading\"><strong><a href=\"https:\/\/regiontatry.sk\/en\/tourist-information\/cafes\/\">Caf\u00e9s<\/a><\/strong><\/h2>\n\n\n\n<h2 class=\"wp-block-heading\"><strong><a href=\"https:\/\/regiontatry.sk\/en\/tourist-information\/bars-nightlife\/\">Bars \/ Nightlife<\/a><\/strong><\/h2>\n","protected":false},"excerpt":{"rendered":"<p>Manifold and unique. That\u00b4s how you will remember moments that you have spent in the High Tatras. The region of the Tatras will mix the best cocktail of emotions for you. You will fall for inaccessible peaks and cool waterfalls, recharge your batteries at a peaceful surface of a glittering tarn&nbsp;and enjoy a feeling of [&hellip;]<\/p>\n","protected":false},"author":1,"featured_media":18352,"parent":8694508,"menu_order":10,"comment_status":"closed","ping_status":"closed","template":"template-simple-page.php","meta":{"footnotes":""},"class_list":["post-1608","page","type-page","status-publish","has-post-thumbnail","hentry"],"_links":{"self":[{"href":"https:\/\/regiontatry.sk\/en\/wp-json\/wp\/v2\/pages\/1608"}],"collection":[{"href":"https:\/\/regiontatry.sk\/en\/wp-json\/wp\/v2\/pages"}],"about":[{"href":"https:\/\/regiontatry.sk\/en\/wp-json\/wp\/v2\/types\/page"}],"author":[{"embeddable":true,"href":"https:\/\/regiontatry.sk\/en\/wp-json\/wp\/v2\/users\/1"}],"replies":[{"embeddable":true,"href":"https:\/\/regiontatry.sk\/en\/wp-json\/wp\/v2\/comments?post=1608"}],"version-history":[{"count":61,"href":"https:\/\/regiontatry.sk\/en\/wp-json\/wp\/v2\/pages\/1608\/revisions"}],"predecessor-version":[{"id":9151736,"href":"https:\/\/regiontatry.sk\/en\/wp-json\/wp\/v2\/pages\/1608\/revisions\/9151736"}],"up":[{"embeddable":true,"href":"https:\/\/regiontatry.sk\/en\/wp-json\/wp\/v2\/pages\/8694508"}],"wp:featuredmedia":[{"embeddable":true,"href":"https:\/\/regiontatry.sk\/en\/wp-json\/wp\/v2\/media\/18352"}],"wp:attachment":[{"href":"https:\/\/regiontatry.sk\/en\/wp-json\/wp\/v2\/media?parent=1608"}],"curies":[{"name":"wp","href":"https:\/\/api.w.org\/{rel}","templated":true}]}}