{"id":1616,"date":"2018-07-17T13:10:29","date_gmt":"2018-07-17T11:10:29","guid":{"rendered":"http:\/\/regiontatry.creanet.sk\/cykloturistika-v-tatrach\/"},"modified":"2025-08-23T22:23:52","modified_gmt":"2025-08-23T20:23:52","slug":"cyclotourism-in-the-tatras","status":"publish","type":"page","link":"https:\/\/regiontatry.sk\/en\/cycling\/cyclotourism-in-the-tatras\/","title":{"rendered":"Cyclotourism in the Tatras"},"content":{"rendered":"\n<p><strong>Cycling in the Tatras \u2013 adventures on two wheels<\/strong><\/p>\n\n\n\n<p><strong>Experience more than 300 kilometres of marked cycle routes of various difficulty levels<\/strong> \u2013 from easy paths for families with children and beginners to adrenaline-filled mountain challenges below the Tatras peaks for fans of road and mountain biking as well as professional athletes.<br>Discover flat routes in the foothills, steeper climbs or an arterial cycle route encircling almost the whole foothills of the High Tatras.<\/p>\n\n\n\n<p>Cyclotourism is a fantastic way to combine <strong>sport<\/strong> <strong>with a direct experience of nature<\/strong>.<br>Whether you\u2019re a passionate cyclist or simply want to enjoy the scenery from your saddle \u2013 in the Tatras you\u2019ll find the route that\u2019s tailored for you. <strong>Explore the Tatras on two wheels!<\/strong><\/p>\n\n\n\n<iframe loading=\"lazy\" src=\"https:\/\/www.youtube.com\/embed\/wLSUy_J_Ls8\" allow=\"autoplay; encrypted-media\" allowfullscreen=\"\" width=\"100%\" height=\"600\" frameborder=\"0\"><\/iframe>\n\n\n\n<h2 class=\"wp-block-heading custom-padding has-vivid-green-cyan-color has-text-color has-link-color wp-elements-10db733c1c88e33f14337d443f3beba6\"><br>TOP cykle routes in the High Tatras<\/h2>\n\n\n<div class=\"wp-block-image\">\n<figure class=\"aligncenter size-large\"><a href=\"https:\/\/regiontatry.sk\/wp-content\/uploads\/2025\/06\/mapa-leto-2025.pdf\" target=\"_blank\" rel=\"noreferrer noopener\"><img loading=\"lazy\" decoding=\"async\" width=\"1024\" height=\"724\" src=\"https:\/\/regiontatry.sk\/wp-content\/uploads\/2025\/06\/cyklomapa-leto-2025-titulka-1024x724.png\" alt=\"\" class=\"wp-image-10286510\" srcset=\"https:\/\/regiontatry.sk\/wp-content\/uploads\/2025\/06\/cyklomapa-leto-2025-titulka-1024x724.png 1024w, https:\/\/regiontatry.sk\/wp-content\/uploads\/2025\/06\/cyklomapa-leto-2025-titulka-300x212.png 300w, https:\/\/regiontatry.sk\/wp-content\/uploads\/2025\/06\/cyklomapa-leto-2025-titulka-768x543.png 768w, https:\/\/regiontatry.sk\/wp-content\/uploads\/2025\/06\/cyklomapa-leto-2025-titulka-860x608.png 860w, https:\/\/regiontatry.sk\/wp-content\/uploads\/2025\/06\/cyklomapa-leto-2025-titulka-698x494.png 698w, https:\/\/regiontatry.sk\/wp-content\/uploads\/2025\/06\/cyklomapa-leto-2025-titulka-552x391.png 552w, https:\/\/regiontatry.sk\/wp-content\/uploads\/2025\/06\/cyklomapa-leto-2025-titulka.png 1128w\" sizes=\"(max-width: 1024px) 100vw, 1024px\" \/><\/a><\/figure><\/div>\n\n\n<p>The High Tatras Region offers up to <strong>39 marked<\/strong> or recommended <strong>cycle routes<\/strong>. Choose the right trip with the help of <strong>colour-coded signs indicating the level of difficulty<\/strong>:<br><\/p>\n\n\n\n<h3 class=\"wp-block-heading has-text-color has-vivid-red-color\"><strong>Red colour<\/strong><\/h3>\n\n\n\n<p>mark long-distance cycle trails \u2013 cycle highways that pass through several districts and often across regions. They usually follow river valleys or mountain passes, taking cyclists through the most interesting parts of the region, with an emphasis on making them accessible. The most famous routes in the Tatras include:<\/p>\n\n\n\n<ol class=\"wp-block-list\">\n<li>Sub-Tatra<strong> arterial cycle route<\/strong>: runs from <strong>Podbansk\u00e9<\/strong>, along the Road of Freedom (Cesta Slobody) to <strong>Tatransk\u00e1 Javorina<\/strong><\/li>\n\n\n\n<li>Poprad cycle route:\n<ul class=\"wp-block-list\">\n<li><strong>From Biely Potok<\/strong>, a 22 km route along CM 034 and CM 021, towards <strong>Poprad.<\/strong><\/li>\n\n\n\n<li><strong>From Biely Potok<\/strong>, another route leads via CM 008 and CM 021, towards Spi\u0161sk\u00e9 Bystr\u00e9 and Hranovnica. Before Betlanovce, it continues further into the Ko\u0161ice self-governing region.<\/li>\n<\/ul>\n<\/li>\n<\/ol>\n\n\n\n<figure class=\"wp-block-table is-style-stripes\"><table class=\"has-vivid-red-background-color has-background\"><thead><tr><th class=\"has-text-align-center\" data-align=\"center\">Colour<\/th><th>Name of track<\/th><th>Length<\/th><th>Character<\/th><th>Level of difficulty<\/th><th><p>Registration number<\/p><\/th><\/tr><\/thead><tbody><tr><td class=\"has-text-align-center\" data-align=\"center\"><mark style=\"background-color:rgba(0, 0, 0, 0)\" class=\"has-inline-color has-black-color\">A1<\/mark><\/td><td>Podtatransk\u00e1 cyklomagistr\u00e1la<\/td><td>70.6 km<\/td><td>MTB<\/td><td>REKREA<\/td><td>007<\/td><\/tr><tr><td class=\"has-text-align-center\" data-align=\"center\"><mark style=\"background-color:rgba(0, 0, 0, 0)\" class=\"has-inline-color has-black-color\">A2<\/mark><\/td><td>Popradsk\u00e1 cyklomagistr\u00e1la<\/td><td>25.4 km<\/td><td>MTB<\/td><td>REKREA<\/td><td>008<\/td><\/tr><\/tbody><\/table><\/figure>\n\n\n\n<p><\/p>\n\n\n\n<h3 class=\"wp-block-heading has-text-color has-vivid-cyan-blue-color\"><strong>Blue routes<\/strong><\/h3>\n\n\n\n<p>indicate parallel trails to long-distance cycle highways. These are usually longer alternatives outside the main routes, or more demanding trails off arterial routes.<\/p>\n\n\n\n<figure class=\"wp-block-table is-style-stripes\"><table class=\"has-pale-cyan-blue-background-color has-background\"><thead><tr><th>Colour<\/th><th>Name of track<\/th><th>Length<\/th><th>Character<\/th><th>Level of difficulty<\/th><th><p>Registration number<\/p><\/th><\/tr><\/thead><tbody><tr><td>B1<\/td><td>Biela voda &#8211; Chata pri Zel. plese<\/td><td>7.5 km<\/td><td>MTB<\/td><td>EXPERT<\/td><td>2860<\/td><\/tr><tr><td>B2<\/td><td>Sib\u00edr &#8211; \u017dakovsk\u00e1 Po\u013eana &#8211; Gerlachov<\/td><td>8.4 km<\/td><td>MTB<\/td><td>SPORT<\/td><td>2863<\/td><\/tr><tr><td>B3<\/td><td>Star\u00fd Smokovec &#8211; Hrebienok<\/td><td>2.8 km<\/td><td>ROAD<\/td><td>SPORT<\/td><td>2864 &nbsp;<\/td><\/tr><tr><td>B4<\/td><td>Tatransk\u00e1 Polianka &#8211; Sliezsky dom<\/td><td>7 km<\/td><td>ROAD<\/td><td>EXPERT<\/td><td>2865 &nbsp;<\/td><\/tr><tr><td>B5<\/td><td>Cesta Slobody &#8211; Popr. pleso<\/td><td>5.5 km<\/td><td>ROAD<\/td><td>SPORT<\/td><td>2866 &nbsp;<\/td><\/tr><tr><td>B6<\/td><td>Podbansk\u00e9 &#8211; K\u00f4prov\u00e1 dolina<\/td><td>10.8 km<\/td><td>ROAD<\/td><td>REKREA<\/td><td>2867 &nbsp;<\/td><\/tr><tr><td>B7<\/td><td>Lys\u00e1 Po\u013eana &#8211; Bielovodska dolina<\/td><td>3.2 km<\/td><td>MTB<\/td><td>REKREA<\/td><td>2868 &nbsp;<\/td><\/tr><tr><td>B8<\/td><td>Huncovce-Ke\u017emarok-Ke\u017emarsk\u00e9 \u017d\u013eaby<\/td><td>21.4 km<\/td><td>MTB<\/td><td>SPORT<\/td><td>2869<\/td><\/tr><tr><td>B9<\/td><td>Poprad &#8211; Spi\u0161sk\u00e9 Bystr\u00e9<\/td><td>10.3 km<\/td><td>MTB<\/td><td>REKREA<\/td><td>2872 &nbsp;<\/td><\/tr><tr><td>B10<\/td><td>Svit &#8211; \u010cierny V\u00e1h (hor\u00e1re\u0148 Murn\u00e1)<\/td><td>22.7 km<\/td><td>MTB<\/td><td>SPORT<\/td><td>2873<\/td><\/tr><tr><td>B11<\/td><td>Poprad &#8211; Horn\u00fd Smokovec<\/td><td>10.8 km<\/td><td>ROAD<\/td><td>SPORT<\/td><td>2879 &nbsp;<\/td><\/tr><tr><td>B12<\/td><td>Spi\u0161sk\u00e1 Bel\u00e1 &#8211; Tatr. Kotlina<\/td><td>9.9 km<\/td><td>ROAD<\/td><td>REKREA<\/td><td>2887 &nbsp;<\/td><\/tr><tr><td>B13<\/td><td>Podbansk\u00e9 &#8211; Hybe<\/td><td>16 km<\/td><td>MTB<\/td><td>REKREA<\/td><td>2341<\/td><\/tr><tr><td>B14<\/td><td>Hybe &#8211; Podbansk\u00e9<\/td><td>14.5 km<\/td><td>MTB<\/td><td>REKREA<\/td><td>2342<\/td><\/tr><\/tbody><\/table><\/figure>\n\n\n\n<p><\/p>\n\n\n\n<h3 class=\"wp-block-heading has-text-color has-vivid-green-cyan-color\"><strong>Green routes<\/strong><\/h3>\n\n\n\n<p>mark medium and easy trails, health circuits and family-friendly routes.<\/p>\n\n\n\n<figure class=\"wp-block-table is-style-stripes\"><table class=\"has-vivid-green-cyan-background-color has-background\"><thead><tr><th>Colour<\/th><th>Name of track<\/th><th>Length<\/th><th>Character<\/th><th>Level of difficulty<\/th><th>Registration number<\/th><\/tr><\/thead><tbody><tr><td>C1<\/td><td>Podbansk\u00e9 &#8211; Tich\u00e1 dolina<\/td><td>12 km<\/td><td>ROAD<\/td><td>REKREA<\/td><td>5859 &nbsp;<\/td><\/tr><tr><td>C2<\/td><td>Tatransk\u00e1 Lomnica &#8211; \u0160tart<\/td><td>4.1 km<\/td><td>ROAD<\/td><td>SPORT<\/td><td>5860<\/td><\/tr><tr><td>C3<\/td><td>Tatransk\u00e1 Kotlina &#8211; Slovensk\u00e1 Ves<\/td><td>9.1 km<\/td><td>ROAD<\/td><td>REKREA<\/td><td>5862<\/td><\/tr><tr><td>C4<\/td><td>Ve\u013ek\u00e1 Lomnica &#8211; Tatransk\u00e1 Lomnica<\/td><td>12.4 km<\/td><td>ROAD<\/td><td>REKREA<\/td><td>5863<\/td><\/tr><tr><td>C5<\/td><td>Poprad &#8211; Gerlachov &#8211; Tatransk\u00e1 Polianka<\/td><td>16.6 km<\/td><td>MTB<\/td><td>SPORT<\/td><td>5866<\/td><\/tr><tr><td>C6<\/td><td>Poprad &#8211; Lopu\u0161n\u00e1 dolina<\/td><td>11 km<\/td><td>ROAD<\/td><td>SPORT<\/td><td>5867<\/td><\/tr><tr><td>C7<\/td><td>Poprad- Kvetnica (Lom) &#8211; Hrabu\u0161ice<\/td><td>13.5 km<\/td><td>MTB<\/td><td>REKREA<\/td><td>5868<\/td><\/tr><tr><td>C8<\/td><td>\u017dakovsk\u00e1 Po\u013eana &#8211; Nov\u00e1 Lesn\u00e1 &#8211; Tatransk\u00e1 Lomnica<\/td><td>13.5 km<\/td><td>MTB<\/td><td>SPORT<\/td><td>5879 &nbsp;<\/td><\/tr><tr><td>C9<\/td><td>Tatr. Matliare &#8211; Kri\u017eovatka na 7 potokov<\/td><td>8.8 km<\/td><td>ROAD<\/td><td>REKREA<\/td><td>5895 &nbsp;<\/td><\/tr><tr><td>C10<\/td><td>Cesta Slobody &#8211; Chata Plesnivec<\/td><td>3.9 km<\/td><td>MTB<\/td><td>SPORT<\/td><td>5897 &nbsp;<\/td><\/tr><tr><td>C11<\/td><td>\u0160trba, \u0160oldov-\u0160trbsk\u00e9 Pleso<\/td><td>12.4 km<\/td><td>ROAD<\/td><td>REKREA<\/td><td>5910 &nbsp;<\/td><\/tr><\/tbody><\/table><\/figure>\n\n\n\n<p><\/p>\n\n\n\n<h3 class=\"wp-block-heading has-text-color has-luminous-vivid-amber-color\"><strong><br>Yellow routes<\/strong><\/h3>\n\n\n\n<p>indicate connections between cycle routes or short detours leading to natural, historical or technical points of interest.<\/p>\n\n\n\n<figure class=\"wp-block-table is-style-stripes\"><table class=\"has-luminous-vivid-amber-background-color has-background\"><thead><tr><th>Colour<\/th><th>Name of track<\/th><th>Length<\/th><th>Character<\/th><th>Level of difficulty<\/th><th>Registration number<\/th><\/tr><\/thead><tbody><tr><td>D1<\/td><td>Vy\u0161n\u00e9 H\u00e1gy &#8211; \u0160t\u00f4la &#8211; Nov\u00e1 Polianka<\/td><td>6.8 km<\/td><td>MTB<\/td><td>SPORT<\/td><td>8858<\/td><\/tr><tr><td>D2<\/td><td>Star\u00e1 Lesn\u00e1 &#8211; trasa \u010d. 8860<\/td><td>4.1 km<\/td><td>MTB<\/td><td>SPORT<\/td><td>8859<\/td><\/tr><tr><td>D3<\/td><td>Okruh Nov\u00e1 Lesn\u00e1 &#8211; Dol. Smokovec<\/td><td>11.2 km<\/td><td>ROAD<\/td><td>REKREA<\/td><td>8860 &nbsp;<\/td><\/tr><tr><td>D4<\/td><td>Hrebienok &#8211; Bil\u00edkova chata<\/td><td>0.25 km<\/td><td>ROAD<\/td><td>REKREA<\/td><td>8861 &nbsp;<\/td><\/tr><tr><td>D5<\/td><td>Vrbov &#8211; Huncovce<\/td><td>6.1 km<\/td><td>ROAD<\/td><td>REKREA<\/td><td>8869<\/td><\/tr><tr><td>D6<\/td><td>Podsp\u00e1dy &#8211; \u0161t. hranica<\/td><td>3 km<\/td><td>ROAD<\/td><td>REKREA<\/td><td>8871<\/td><\/tr><tr><td>D7<\/td><td>\u0160trba &#8211; Vy\u0161n\u00e1 \u0160u\u0148ava<\/td><td>2.4 km<\/td><td>ROAD<\/td><td>REKREA<\/td><td>8872<\/td><\/tr><tr><td>D8<\/td><td>Ni\u017en\u00e1 \u0160u\u0148ava &#8211; \u0160trba<\/td><td>2.8 km<\/td><td>ROAD<\/td><td>REKREA<\/td><td>8873<\/td><\/tr><tr><td>D9<\/td><td>Tatransk\u00e1 Lomnica &#8211; Javorov\u00e1 cesta<\/td><td>1.9 km<\/td><td>MTB<\/td><td>SPORT<\/td><td>8876<\/td><\/tr><tr><td>D10<\/td><td>Poprad &#8211; Kvetnica<\/td><td>4.3 km<\/td><td>ROAD<\/td><td>REKREA<\/td><td>8914<\/td><\/tr><tr><td>D11<\/td><td>Okruh Tatransk\u00e9 Matliare<\/td><td>8 km<\/td><td>ROAD<\/td><td>REKREA<\/td><td>8915<\/td><\/tr><tr><td>D12<\/td><td>Mal\u00fd Slavkov &#8211; trasa \u010d. 5895<\/td><td>6.2 km<\/td><td>MTB<\/td><td>REKREA<\/td><td>8916<\/td><\/tr><\/tbody><\/table><\/figure>\n\n\n\n<p><\/p>\n\n\n\n<h3 class=\"wp-block-heading has-cyan-bluish-gray-color has-text-color has-link-color wp-elements-66137c56f318156e025ac218bb5792ed\"><strong>Grey routes<\/strong><\/h3>\n\n\n\n<p>are those where cycling is permitted under the regulations of the Tatra National Park, but which do not have assigned registration numbers.<\/p>\n\n\n\n<figure class=\"wp-block-table is-style-stripes\"><table class=\"has-cyan-bluish-gray-background-color has-background\"><thead><tr><th>Colour<\/th><th>Name of track<\/th><th>Length<\/th><th>Character<\/th><th>Level of difficulty<\/th><\/tr><\/thead><tbody><tr><td>V4<\/td><td>N\u00e1u\u010dn\u00fd chodn\u00edk F\u013eak &#8211; Tatransk\u00e1 Kotlina<\/td><td>1,7 km<\/td><td>MTB<\/td><td>SPORT<\/td><\/tr><tr><td>V5<\/td><td>Ko\u0161arisk\u00e1 &#8211; N\u00e1u\u010dn\u00fd chodn\u00edk F\u013eak<\/td><td>1,6 km<\/td><td>MTB<\/td><td>SPORT &nbsp;<\/td><\/tr><tr><td>V7<\/td><td>Kamenn\u00e1 cesta<\/td><td>3,2 km<\/td><td><br>ROAD<\/td><td>REKREA<\/td><\/tr><tr><td>V11 &nbsp;<\/td><td>Doln\u00fd Smokovec &#8211; \u017dakovsk\u00e1 Po\u013eana &#8211; Tatransk\u00e9 Zruby<\/td><td>4,6 km<\/td><td>MTB<\/td><td>SPORT &nbsp;<\/td><\/tr><tr><td>V17<\/td><td>Kole\u010dkov\u00e1 &#8211; \u0160trbsk\u00e9 Pleso<\/td><td>9,2 km<\/td><td><br>ROAD\u00a0<\/td><td>REKREA<\/td><\/tr><\/tbody><\/table><\/figure>\n\n\n\n<h3 class=\"wp-block-heading\"><br \/><a href=\"\/en\/cycling\/cycle-routes\/\">Over 300 km of marked cycle routes in the region and TOP 30 routes<\/a><\/h3>\n\n\n\n<p>Read important information about the best cycle routes in the Tatras, details of individual routes and suggested 1-day trips.<\/p>\n\n\n\n<p>Discover the sunlit Tatras from a bike saddle!<\/p>\n","protected":false},"excerpt":{"rendered":"<p>Cycling in the Tatras \u2013 adventures on two wheels Experience more than 300 kilometres of marked cycle routes of various difficulty levels \u2013 from easy paths for families with children and beginners to adrenaline-filled mountain challenges below the Tatras peaks for fans of road and mountain biking as well as professional athletes.Discover flat routes in [&hellip;]<\/p>\n","protected":false},"author":1,"featured_media":1191,"parent":1620,"menu_order":0,"comment_status":"closed","ping_status":"closed","template":"template-list.php","meta":{"footnotes":""},"class_list":["post-1616","page","type-page","status-publish","has-post-thumbnail","hentry"],"_links":{"self":[{"href":"https:\/\/regiontatry.sk\/en\/wp-json\/wp\/v2\/pages\/1616"}],"collection":[{"href":"https:\/\/regiontatry.sk\/en\/wp-json\/wp\/v2\/pages"}],"about":[{"href":"https:\/\/regiontatry.sk\/en\/wp-json\/wp\/v2\/types\/page"}],"author":[{"embeddable":true,"href":"https:\/\/regiontatry.sk\/en\/wp-json\/wp\/v2\/users\/1"}],"replies":[{"embeddable":true,"href":"https:\/\/regiontatry.sk\/en\/wp-json\/wp\/v2\/comments?post=1616"}],"version-history":[{"count":32,"href":"https:\/\/regiontatry.sk\/en\/wp-json\/wp\/v2\/pages\/1616\/revisions"}],"predecessor-version":[{"id":10405457,"href":"https:\/\/regiontatry.sk\/en\/wp-json\/wp\/v2\/pages\/1616\/revisions\/10405457"}],"up":[{"embeddable":true,"href":"https:\/\/regiontatry.sk\/en\/wp-json\/wp\/v2\/pages\/1620"}],"wp:featuredmedia":[{"embeddable":true,"href":"https:\/\/regiontatry.sk\/en\/wp-json\/wp\/v2\/media\/1191"}],"wp:attachment":[{"href":"https:\/\/regiontatry.sk\/en\/wp-json\/wp\/v2\/media?parent=1616"}],"curies":[{"name":"wp","href":"https:\/\/api.w.org\/{rel}","templated":true}]}}