{"id":16547,"date":"2019-03-19T13:14:30","date_gmt":"2019-03-19T12:14:30","guid":{"rendered":"https:\/\/regiontatry.sk\/jarna-dovolenka-vo-vysokych-tatrach\/"},"modified":"2019-03-23T14:21:20","modified_gmt":"2019-03-23T13:21:20","slug":"spring-holidays-in-the-high-tatras","status":"publish","type":"page","link":"https:\/\/regiontatry.sk\/en\/spring-holidays-in-the-high-tatras\/","title":{"rendered":"Spring holidays <br>in the High Tatras"},"content":{"rendered":"\n<p>Spend an unforgettable spring holiday in the Tatras, with piles of mountain adventures! Ski, hike, visit museums, galleries, popular events. Enjoy the biggest attractions in the Tatras with the regional TATRY Card.<br><br><\/p>\n\n\n\t<a href=\"\/en\/skiing\/\" class=\"wp-block-cgb-block-creanet-list category-list grid-x grid-padding-x align-middle\">\n\t\t\t\t\t<div class=\"small-12 medium-6 large-5\">\n\t\t\t\t<figure><img src='https:\/\/regiontatry.sk\/wp-content\/uploads\/2018\/11\/DSC_3343c1_resize-1.jpg'\n\t\t\t\t\t\talt=''\n\t\t\t\t\t\ttitle='DSC_3343c1_resize'\n\t\t\t\t\t\/><\/figure>\n\t\t\t<\/div>\n\t\t\n\n\t\t<div class=\"cell small-12 medium-5 large-7\">\n\t\t\t<h3>SPRING SKIING FOR EVERYBODY<\/h3>\n\t\t\t<p>Ski in the Tatras until May, with top-quality services and great fun!<br>Enjoy great spring skiing adventures on 24 km of ski pistes \u2013 13 km of easy blue pistes, 10 km of more difficult red ones and the 1.2 km-long highest located black piste between Lomnick\u00e9 sedlo (saddle) and Skalnat\u00e9 Pleso. 20 km of slopes with man-made snow guarantee skiing for 5 months per year.<br><\/p>\n\t\t<\/div>\n\t<\/a>\n\n\t\n\n\t<a href=\"\/en\/skiing\/cross-country-skiing\/\" class=\"wp-block-cgb-block-creanet-list category-list grid-x grid-padding-x align-middle\">\n\t\t\t\t\t<div class=\"small-12 medium-6 large-5\">\n\t\t\t\t<figure><img src='https:\/\/regiontatry.sk\/wp-content\/uploads\/2018\/11\/c-Marek-Hajkovsky-SPmarketing-bezkovanie-146-1.jpg'\n\t\t\t\t\t\talt=''\n\t\t\t\t\t\ttitle='c Marek Hajkovsky SPmarketing bezkovanie 146'\n\t\t\t\t\t\/><\/figure>\n\t\t\t<\/div>\n\t\t\n\n\t\t<div class=\"cell small-12 medium-5 large-7\">\n\t\t\t<h3>CROSS-COUNTRY SKIING IN \u0160TRBSK\u00c9 PLESO<\/h3>\n\t\t\t<p>The biggest cross-country skiing complex of \u0160trbsk\u00e9 Pleso is available also in spring \u2013 6 professionally groomed tracks of various difficulty levels with man-made as well as natural snow. <\/p>\n\t\t<\/div>\n\t<\/a>\n\n\t\n\n\t<a href=\"\/en\/winter-trips\/alpine-chalets\/\" class=\"wp-block-cgb-block-creanet-list category-list grid-x grid-padding-x align-middle\">\n\t\t\t\t\t<div class=\"small-12 medium-6 large-5\">\n\t\t\t\t<figure><img src='https:\/\/regiontatry.sk\/wp-content\/uploads\/2019\/03\/skalnata-chata.jpg'\n\t\t\t\t\t\talt=''\n\t\t\t\t\t\ttitle='skalnata chata'\n\t\t\t\t\t\/><\/figure>\n\t\t\t<\/div>\n\t\t\n\n\t\t<div class=\"cell small-12 medium-5 large-7\">\n\t\t\t<h3>MOUNTAINS AND VIEWS<\/h3>\n\t\t\t<p>Beautiful views of snow-covered peaks of the Tatras are attractive for tourists also in spring. Tourist trails that run to 12 alpine chalets are opened all year round and others are going to be available after 15.6.2019. <br><\/p>\n\t\t<\/div>\n\t<\/a>\n\n\t\n\n\t<a href=\"\/en\/winter-trips\/take-cableways-to-enjoy-great-views\/\" class=\"wp-block-cgb-block-creanet-list category-list grid-x grid-padding-x align-middle\">\n\t\t\t\t\t<div class=\"small-12 medium-6 large-5\">\n\t\t\t\t<figure><img src='https:\/\/regiontatry.sk\/wp-content\/uploads\/2018\/10\/69YdhY0w-1.jpeg'\n\t\t\t\t\t\talt=''\n\t\t\t\t\t\ttitle='69YdhY0w'\n\t\t\t\t\t\/><\/figure>\n\t\t\t<\/div>\n\t\t\n\n\t\t<div class=\"cell small-12 medium-5 large-7\">\n\t\t\t<h3>CABLEWAY TRIPS<\/h3>\n\t\t\t<p>The second highest peak \u2013 Mt Lomnick\u00fd \u0161t\u00edt, the popular area of Hrebienok and Mt Solisko are all accessible with comfortable cable cars, funiculars and chairlifts. <\/p>\n\t\t<\/div>\n\t<\/a>\n\n\t\n\n\t<a href=\"\/en\/wellness-and-relaxation\/water-world-aquacity-poprad-winter\/\" class=\"wp-block-cgb-block-creanet-list category-list grid-x grid-padding-x align-middle\">\n\t\t\t\t\t<div class=\"small-12 medium-6 large-5\">\n\t\t\t\t<figure><img src='https:\/\/regiontatry.sk\/wp-content\/uploads\/2018\/08\/AquaCity_Poprad_Sapphire_1000.jpg'\n\t\t\t\t\t\talt=''\n\t\t\t\t\t\ttitle='AquaCity_Poprad_Sapphire_1000'\n\t\t\t\t\t\/><\/figure>\n\t\t\t<\/div>\n\t\t\n\n\t\t<div class=\"cell small-12 medium-5 large-7\">\n\t\t\t<h3>WATER PARK RELAXATION<\/h3>\n\t\t\t<p>Spoil yourself during your holiday and stay at a unique complex that offers more than just relaxation. Thermal water that spring as deep as 1,300 metres contains more than 20 minerals that are beneficial for human health. Recharge your batteries in the modern year-round water park of AquaCity Poprad \u2013 a unique centre of water amusement and wellness relaxation at the foot of the Tatras.<br><\/p>\n\t\t<\/div>\n\t<\/a>\n\n\t\n\n\t<a href=\"\/en\/region\/discovering-history-and-traditions\/\" class=\"wp-block-cgb-block-creanet-list category-list grid-x grid-padding-x align-middle\">\n\t\t\t\t\t<div class=\"small-12 medium-6 large-5\">\n\t\t\t\t<figure><img src='https:\/\/regiontatry.sk\/wp-content\/uploads\/2018\/10\/Ski-Muzeum-Tatranska-Lomnica.jpg'\n\t\t\t\t\t\talt=''\n\t\t\t\t\t\ttitle='Ski Muzeum Tatranska Lomnica'\n\t\t\t\t\t\/><\/figure>\n\t\t\t<\/div>\n\t\t\n\n\t\t<div class=\"cell small-12 medium-5 large-7\">\n\t\t\t<h3>CULTURE AND HISTORY<\/h3>\n\t\t\t<p>Natural and historical museum expositions of the Tatra National Park, skiing, photography, cinematography and history of the region are ready to welcome you in all weathers. Kids will love the galleries of Tricklandia and Dobr\u00e1 hra\u010dka (Good Toy), various playrooms, a climbing wall, golf simulators, adventure mini golf and much more. Fans of fine art can visit the Tatra Gallery, Vila Flora and the newly opened gallery called Poliankovo. <\/p>\n\t\t<\/div>\n\t<\/a>\n\n\t\n\n\t<a href=\"\/en\/event\/\" class=\"wp-block-cgb-block-creanet-list category-list grid-x grid-padding-x align-middle\">\n\t\t\t\t\t<div class=\"small-12 medium-6 large-5\">\n\t\t\t\t<figure><img src='https:\/\/regiontatry.sk\/wp-content\/uploads\/2018\/11\/tatransky_dom_2018_3.jpg'\n\t\t\t\t\t\talt=''\n\t\t\t\t\t\ttitle='tatransky_dom_2018_3'\n\t\t\t\t\t\/><\/figure>\n\t\t\t<\/div>\n\t\t\n\n\t\t<div class=\"cell small-12 medium-5 large-7\">\n\t\t\t<h3>POPULAR EVENTS<\/h3>\n\t\t\t<p>Spring is also rich in events. Projects such as Tatra Temple of Ice and Tatra gallery of ice masters in Hrebienok are going to be closed from 22.4.2019. However, other regular events will be offered instead, e.g. Happy Easter in \u0160trbsk\u00e9 Pleso, Easter water pouring at AquaCity Poprad, Easter town in Nov\u00fd Smokovec, \u201cKr\u010dm\u00e1r skap\u201d ski touring race and burying of skis, May festivals, May ball and retro celebrations of 1st May, running races of the \u201cTatry in Motion\u201d series and the \u201cKarpatsk\u00e9 preteky kuri\u00e9rov 2019\u201d (UCI 2.2U) cycling race.<br><\/p>\n\t\t<\/div>\n\t<\/a>\n\n\t\n\n\n<p><br>See you in the Tatras in spring!<\/p>\n","protected":false},"excerpt":{"rendered":"<p>Spend an unforgettable spring holiday in the Tatras, with piles of mountain adventures! Ski, hike, visit museums, galleries, popular events. Enjoy the biggest attractions in the Tatras with the regional TATRY Card. See you in the Tatras in spring!<\/p>\n","protected":false},"author":2,"featured_media":16530,"parent":0,"menu_order":0,"comment_status":"closed","ping_status":"closed","template":"template-simple-page.php","meta":{"footnotes":""},"class_list":["post-16547","page","type-page","status-publish","has-post-thumbnail","hentry"],"_links":{"self":[{"href":"https:\/\/regiontatry.sk\/en\/wp-json\/wp\/v2\/pages\/16547"}],"collection":[{"href":"https:\/\/regiontatry.sk\/en\/wp-json\/wp\/v2\/pages"}],"about":[{"href":"https:\/\/regiontatry.sk\/en\/wp-json\/wp\/v2\/types\/page"}],"author":[{"embeddable":true,"href":"https:\/\/regiontatry.sk\/en\/wp-json\/wp\/v2\/users\/2"}],"replies":[{"embeddable":true,"href":"https:\/\/regiontatry.sk\/en\/wp-json\/wp\/v2\/comments?post=16547"}],"version-history":[{"count":1,"href":"https:\/\/regiontatry.sk\/en\/wp-json\/wp\/v2\/pages\/16547\/revisions"}],"predecessor-version":[{"id":16550,"href":"https:\/\/regiontatry.sk\/en\/wp-json\/wp\/v2\/pages\/16547\/revisions\/16550"}],"wp:featuredmedia":[{"embeddable":true,"href":"https:\/\/regiontatry.sk\/en\/wp-json\/wp\/v2\/media\/16530"}],"wp:attachment":[{"href":"https:\/\/regiontatry.sk\/en\/wp-json\/wp\/v2\/media?parent=16547"}],"curies":[{"name":"wp","href":"https:\/\/api.w.org\/{rel}","templated":true}]}}