{"id":1808,"date":"2018-08-23T13:05:39","date_gmt":"2018-08-23T11:05:39","guid":{"rendered":"http:\/\/regiontatry.creanet.sk\/specialne-ponuky\/"},"modified":"2018-10-22T13:10:27","modified_gmt":"2018-10-22T11:10:27","slug":"special-offers","status":"publish","type":"page","link":"https:\/\/regiontatry.sk\/en\/accommodation\/special-offers\/","title":{"rendered":"Special offers"},"content":{"rendered":"\n<h2 class=\"wp-block-heading\"><a href=\"https:\/\/regiontatry.sk\/en\/accommodation\/special-offers\/family-friendly\/\">Family friendly<\/a><\/h2>\n\n\n\n<p>Find\u00a0<strong>the best accommodation for your family<\/strong>\u00a0in one of the following FAMILY\u00a0friendly facilities and enjoy a beautiful family holiday in the High Tatras!<br\/><\/p>\n\n\n\n<h2 class=\"wp-block-heading\"><a href=\"https:\/\/regiontatry.sk\/en\/accommodation\/special-offers\/dog-pet-friendly\/\">Dog \/ Pet friendly<\/a><\/h2>\n\n\n\n<p>Stay in one of the following accommodation facilities below and take\u00a0your\u00a0<strong>four-legged friend with you<\/strong>. Enjoy a flawless holiday in the Tatras\u00a0together!<\/p>\n\n\n\n<h2 class=\"wp-block-heading\"><a href=\"https:\/\/regiontatry.sk\/en\/accommodation\/special-offers\/bike-friendly\/\">Bike friendly<\/a><\/h2>\n\n\n\n<p>Treat yourself to an unforgettable experience. Discover the High Tatras\u00a0from the saddle of your bike and stay in one of the\u00a0<strong>BIKE friendly<\/strong>\u00a0facilities in\u00a0the region of the Tatras, which offers more than 300 km of marked cycle routes.<\/p>\n\n\n\n<h2 class=\"wp-block-heading\"><a href=\"https:\/\/regiontatry.sk\/en\/accommodation\/special-offers\/conferences\/\" class=\"broken_link\">Conferences<\/a><\/h2>\n\n\n\n<p>Vyberte si z ponuky nasledovn\u00fdch priestorov na realiz\u00e1ciu\u00a0<strong>kongresov, konferenci\u00ed, pracovn\u00fdch stretnut\u00ed, firemn\u00fdch, kult\u00farnych a spolo\u010densk\u00fdch podujat\u00ed<\/strong>. Vysok\u00e9 Tatry sa v\u010faka svojmu \u0161pecifick\u00e9mu pr\u00edrodn\u00e9mu, kult\u00farnemu a\u00a0historick\u00e9mu z\u00e1zemiu m\u00f4\u017eu sta\u0165 aj va\u0161ou ide\u00e1lnou kongresovou destin\u00e1ciou.<\/p>\n\n\n\n<p>(Pozn. Zariadenia s\u00fa zoraden\u00e9 pod\u013ea maxim\u00e1lnej kapacity kongresov\u00fdch priestorov, pri\u010dom za spr\u00e1vnos\u0165 uveden\u00fdch \u00fadajov zodpoved\u00e1 subjekt s\u00e1m).<\/p>\n\n\n\n<h2 class=\"wp-block-heading\"><a href=\"https:\/\/regiontatry.sk\/en\/accommodation\/special-offers\/stays-with-tatry-card\/\">Stays with Tatry Card<\/a><\/h2>\n\n\n\n<p>Choose a hotel, apartment, questhouse or bed and breakfast, staying in the Tatras and enjoy discounts with TATRY Card.<\/p>\n\n\n\n<p>More about the regional\u00a0<a href=\"https:\/\/regiontatry.sk\/en\/accommodation\/what-is-a-tatry-card\/\" class=\"broken_link\"><strong>TATRY Card<\/strong><\/a><\/p>\n","protected":false},"excerpt":{"rendered":"<p>Family friendly Find\u00a0the best accommodation for your family\u00a0in one of the following FAMILY\u00a0friendly facilities and enjoy a beautiful family holiday in the High Tatras! Dog \/ Pet friendly Stay in one of the following accommodation facilities below and take\u00a0your\u00a0four-legged friend with you. Enjoy a flawless holiday in the Tatras\u00a0together! Bike friendly Treat yourself to an [&hellip;]<\/p>\n","protected":false},"author":1,"featured_media":12523,"parent":1773,"menu_order":0,"comment_status":"closed","ping_status":"closed","template":"template-simple-page.php","meta":{"footnotes":""},"class_list":["post-1808","page","type-page","status-publish","has-post-thumbnail","hentry"],"_links":{"self":[{"href":"https:\/\/regiontatry.sk\/en\/wp-json\/wp\/v2\/pages\/1808"}],"collection":[{"href":"https:\/\/regiontatry.sk\/en\/wp-json\/wp\/v2\/pages"}],"about":[{"href":"https:\/\/regiontatry.sk\/en\/wp-json\/wp\/v2\/types\/page"}],"author":[{"embeddable":true,"href":"https:\/\/regiontatry.sk\/en\/wp-json\/wp\/v2\/users\/1"}],"replies":[{"embeddable":true,"href":"https:\/\/regiontatry.sk\/en\/wp-json\/wp\/v2\/comments?post=1808"}],"version-history":[{"count":22,"href":"https:\/\/regiontatry.sk\/en\/wp-json\/wp\/v2\/pages\/1808\/revisions"}],"predecessor-version":[{"id":12556,"href":"https:\/\/regiontatry.sk\/en\/wp-json\/wp\/v2\/pages\/1808\/revisions\/12556"}],"up":[{"embeddable":true,"href":"https:\/\/regiontatry.sk\/en\/wp-json\/wp\/v2\/pages\/1773"}],"wp:featuredmedia":[{"embeddable":true,"href":"https:\/\/regiontatry.sk\/en\/wp-json\/wp\/v2\/media\/12523"}],"wp:attachment":[{"href":"https:\/\/regiontatry.sk\/en\/wp-json\/wp\/v2\/media?parent=1808"}],"curies":[{"name":"wp","href":"https:\/\/api.w.org\/{rel}","templated":true}]}}