{"id":18474,"date":"2019-05-14T12:04:59","date_gmt":"2019-05-14T10:04:59","guid":{"rendered":"https:\/\/regiontatry.sk\/leto-v-tatrach\/"},"modified":"2021-06-16T11:43:07","modified_gmt":"2021-06-16T09:43:07","slug":"summer-in-the-tatras","status":"publish","type":"page","link":"https:\/\/regiontatry.sk\/en\/summer-in-the-tatras\/","title":{"rendered":"Summer in the Tatras"},"content":{"rendered":"\n<p>Enjoy a beautiful country \u2013 discover the smallest grand mountains in the world located in the heart of Europe. Feast your eyes on unique nature of a national park with sky blue tarns, wild waterfalls, peaceful mountain valleys, sharp peaks and a fascinating world of plants and animals. Use interesting benefits at attractions and services with your discount Tatry Card in summer as well.<br><\/p>\n\n\n\n<div style=\"height:100px\" aria-hidden=\"true\" class=\"wp-block-spacer\"><\/div>\n\n\n\n<iframe loading=\"lazy\" width=\"49%\" height=\"300\" src=\"https:\/\/www.youtube.com\/embed\/WOdnl5jNlAg\" frameborder=\"0\" allow=\"accelerometer; autoplay; encrypted-media; gyroscope; picture-in-picture\" allowfullscreen=\"\"><\/iframe>\n\n\n\n<iframe loading=\"lazy\" width=\"49%\" height=\"300\" src=\"https:\/\/www.youtube.com\/embed\/wLSUy_J_Ls8\" frameborder=\"0\" allow=\"accelerometer; autoplay; encrypted-media; gyroscope; picture-in-picture\" allowfullscreen=\"\"><\/iframe>\n\n\n\n<iframe loading=\"lazy\" width=\"49%\" height=\"300\" src=\"https:\/\/www.youtube.com\/embed\/NisuSROxz0w\" frameborder=\"0\" allow=\"accelerometer; autoplay; encrypted-media; gyroscope; picture-in-picture\" allowfullscreen=\"\"><\/iframe>\n\n\n\n<iframe loading=\"lazy\" width=\"49%\" height=\"300\" src=\"https:\/\/www.youtube.com\/embed\/KNZcfxIT11g\" frameborder=\"0\" allow=\"accelerometer; autoplay; encrypted-media; gyroscope; picture-in-picture\" allowfullscreen=\"\"><\/iframe>\n\n\n\n<div style=\"height:100px\" aria-hidden=\"true\" class=\"wp-block-spacer\"><\/div>\n\n\n\t<a href=\"\/en\/hiking\/mountains-and-hiking\/\" class=\"wp-block-cgb-block-creanet-list category-list grid-x grid-padding-x align-middle\">\n\t\t\t\t\t<div class=\"small-12 medium-6 large-5\">\n\t\t\t\t<figure><img src='https:\/\/regiontatry.sk\/wp-content\/uploads\/2019\/05\/DSC_3847_stitch-ko\u0301pia.jpg'\n\t\t\t\t\t\talt=''\n\t\t\t\t\t\ttitle='DSC_3847_stitch - ko\u0301pia'\n\t\t\t\t\t\/><\/figure>\n\t\t\t<\/div>\n\t\t\n\n\t\t<div class=\"cell small-12 medium-5 large-7\">\n\t\t\t<h3><strong>Climbing to peaks and walking through valleys<\/strong><br><\/h3>\n\t\t\t<p>There is\u00a0<strong>600 km of marked tourist trails in the High Tatras<\/strong>\u00a0that lead through valleys, to alpine chalets or peaks rising above 2,000 metres. Fans of alpine hiking can enjoy trips to mountain chalets after 16\/6\/2017, i.e. after the seasonal opening of tourist trails.\u00a0Cable cars and chairlifts can take you to beautiful views in the Tatras. The best-known cable car operates from Skalnat\u00e9 Pleso to the second highest peak in the Tatras \u2013 Mt. Lomnick\u00fd \u0161t\u00edt.<br><\/p>\n\t\t<\/div>\n\t<\/a>\n\n\t\n\n\t<a href=\"\/en\/cycling\/cycle-routes\/\" class=\"wp-block-cgb-block-creanet-list category-list grid-x grid-padding-x align-middle\">\n\t\t\t\t\t<div class=\"small-12 medium-6 large-5\">\n\t\t\t\t<figure><img src='https:\/\/regiontatry.sk\/wp-content\/uploads\/2019\/04\/02-leto-cyklistika.jpg'\n\t\t\t\t\t\talt=''\n\t\t\t\t\t\ttitle='02 leto - cyklistika'\n\t\t\t\t\t\/><\/figure>\n\t\t\t<\/div>\n\t\t\n\n\t\t<div class=\"cell small-12 medium-5 large-7\">\n\t\t\t<h3><strong>Cycling trips in the region<\/strong><br><\/h3>\n\t\t\t<p>More than 300 km of marked cycle routes will help you discover the Region of the High Tatras on two wheels. Set out for flat tracks in the foothills, exposed ascents under the highest peaks of the Tatras or the main cycle route that leads through the whole region that stretches at the foot of the High Tatras.<br><\/p>\n\t\t<\/div>\n\t<\/a>\n\n\t\n\n\t<a href=\"\/en\/wellness-and-relaxation\/aquapark-aquacity-poprad\/\" class=\"wp-block-cgb-block-creanet-list category-list grid-x grid-padding-x align-middle\">\n\t\t\t\t\t<div class=\"small-12 medium-6 large-5\">\n\t\t\t\t<figure><img src='https:\/\/regiontatry.sk\/wp-content\/uploads\/2018\/10\/AquaCity_Poprad_panorama_2017_3000.jpg'\n\t\t\t\t\t\talt=''\n\t\t\t\t\t\ttitle='AquaCity_Poprad_panorama_2017_3000'\n\t\t\t\t\t\/><\/figure>\n\t\t\t<\/div>\n\t\t\n\n\t\t<div class=\"cell small-12 medium-5 large-7\">\n\t\t\t<h3><strong>Water paradise under the Tatras<\/strong><br><\/h3>\n\t\t\t<p>Discover\u00a0<strong>a unique water world under the High Tatras<\/strong>\u00a0\u2013 the AquaCity Poprad water park offers 13 thermal and relaxation pools, water slides, a modern wellness centre and various activities for families with children.<br><\/p>\n\t\t<\/div>\n\t<\/a>\n\n\t\n\n\t<a href=\"\/en\/families-and-children-summer\/tatras-wilderness\/\" class=\"wp-block-cgb-block-creanet-list category-list grid-x grid-padding-x align-middle\">\n\t\t\t\t\t<div class=\"small-12 medium-6 large-5\">\n\t\t\t\t<figure><img src='https:\/\/regiontatry.sk\/wp-content\/uploads\/2019\/05\/csm_medved_kubo_7c2db2a5d4-ko\u0301pia.jpg'\n\t\t\t\t\t\talt=''\n\t\t\t\t\t\ttitle='csm_medved_kubo_7c2db2a5d4 - ko\u0301pia'\n\t\t\t\t\t\/><\/figure>\n\t\t\t<\/div>\n\t\t\n\n\t\t<div class=\"cell small-12 medium-5 large-7\">\n\t\t\t<h3><strong>Tatra Wilderness<\/strong><br><\/h3>\n\t\t\t<p>Families and children can\u00a0<strong>enjoy great trips with an entertaining educational programme<\/strong>\u00a0in the area of Skalnat\u00e9 Pleso in summer. The Tatra Wilderness offers tempting stories, challenges and riddles that will help you discover the most beautiful and most interesting places in the Tatras.<br><\/p>\n\t\t<\/div>\n\t<\/a>\n\n\t\n\n\t<a href=\"\/en\/sport\/golf\/\" class=\"wp-block-cgb-block-creanet-list category-list grid-x grid-padding-x align-middle\">\n\t\t\t\t\t<div class=\"small-12 medium-6 large-5\">\n\t\t\t\t<figure><img src='https:\/\/regiontatry.sk\/wp-content\/uploads\/2018\/09\/golf.jpg'\n\t\t\t\t\t\talt=''\n\t\t\t\t\t\ttitle='golf'\n\t\t\t\t\t\/><\/figure>\n\t\t\t<\/div>\n\t\t\n\n\t\t<div class=\"cell small-12 medium-5 large-7\">\n\t\t\t<h3>Golf<\/h3>\n\t\t\t<p>Enjoy a noble sports activity in the embrace of the mountains, with a beautiful views of the Tatra massif. A 27-hole golf course with the prestigious A PGA Golf Course brand is one of 19 top-quality resorts in the world.<br><\/p>\n\t\t<\/div>\n\t<\/a>\n\n\t\n\n\t<a href=\"\/en\/families-and-children-summer\/boating-on-the-tarn-of-strbske-pleso\/\" class=\"wp-block-cgb-block-creanet-list category-list grid-x grid-padding-x align-middle\">\n\t\t\t\t\t<div class=\"small-12 medium-6 large-5\">\n\t\t\t\t<figure><img src='https:\/\/regiontatry.sk\/wp-content\/uploads\/2018\/08\/Boating-at-the-lake2-1024x681.jpg'\n\t\t\t\t\t\talt=''\n\t\t\t\t\t\ttitle='Boating-at-the-lake2-1024x681'\n\t\t\t\t\t\/><\/figure>\n\t\t\t<\/div>\n\t\t\n\n\t\t<div class=\"cell small-12 medium-5 large-7\">\n\t\t\t<h3><strong>Boating on the tarn of \u0160trbsk\u00e9 pleso<\/strong><br><\/h3>\n\t\t\t<p>Boating guarantees unforgettable moments of nostalgia on a magical Tatra lake. Come to feast your eyes on beautiful vies of Mt. Solisko and enjoy the peaceful surface of this unique natural phenomenon that was fighting to become one of Seven Wonders of the World.<br><\/p>\n\t\t<\/div>\n\t<\/a>\n\n\t\n\n\t<a href=\"\/en\/region\/discovering-history-and-traditions\/\" class=\"wp-block-cgb-block-creanet-list category-list grid-x grid-padding-x align-middle\">\n\t\t\t\t\t<div class=\"small-12 medium-6 large-5\">\n\t\t\t\t<figure><img src='https:\/\/regiontatry.sk\/wp-content\/uploads\/2019\/05\/DSC_05701.jpg'\n\t\t\t\t\t\talt=''\n\t\t\t\t\t\ttitle='DSC_05701'\n\t\t\t\t\t\/><\/figure>\n\t\t\t<\/div>\n\t\t\n\n\t\t<div class=\"cell small-12 medium-5 large-7\">\n\t\t\t<h3><strong>Culture and sightseeing<\/strong><br><\/h3>\n\t\t\t<p>Enjoy the\u00a0<strong>culture of the region<\/strong>\u00a0of the High Tatras \u2013 visit historical town centres, discover various historical monuments and have fun with various culture and folklore events.<br><\/p>\n\t\t<\/div>\n\t<\/a>\n\n\t\n\n\t<a href=\"\/en\/event\/\" class=\"wp-block-cgb-block-creanet-list category-list grid-x grid-padding-x align-middle\">\n\t\t\t\t\t<div class=\"small-12 medium-6 large-5\">\n\t\t\t\t<figure><img src='https:\/\/regiontatry.sk\/wp-content\/uploads\/2021\/06\/photo-013-1.jpg'\n\t\t\t\t\t\talt=''\n\t\t\t\t\t\ttitle='photo-013'\n\t\t\t\t\t\/><\/figure>\n\t\t\t<\/div>\n\t\t\n\n\t\t<div class=\"cell small-12 medium-5 large-7\">\n\t\t\t<h3>Popular events<\/h3>\n\t\t\t<p>Don\u00b4t miss out on a rich dose of events this summer again! Traditional events you can look forward to include Woodcarving symposium, Made in Slovakia, Historical Trams in the Tatras, Medvedie dni 2021, Ben\u00e1stka noc, Svi\u0161te na Plese&#8230;  <\/p>\n\t\t<\/div>\n\t<\/a>\n\n\t\n\n\n<div style=\"height:100px\" aria-hidden=\"true\" class=\"wp-block-spacer\"><\/div>\n\n\n\n<p>Let the summer in the Tatras enchant you!<br><\/p>\n\n\n\n<p><\/p>\n","protected":false},"excerpt":{"rendered":"<p>Enjoy a beautiful country \u2013 discover the smallest grand mountains in the world located in the heart of Europe. Feast your eyes on unique nature of a national park with sky blue tarns, wild waterfalls, peaceful mountain valleys, sharp peaks and a fascinating world of plants and animals. Use interesting benefits at attractions and services [&hellip;]<\/p>\n","protected":false},"author":2,"featured_media":18362,"parent":0,"menu_order":0,"comment_status":"closed","ping_status":"closed","template":"template-simple-page.php","meta":{"footnotes":""},"class_list":["post-18474","page","type-page","status-publish","has-post-thumbnail","hentry"],"_links":{"self":[{"href":"https:\/\/regiontatry.sk\/en\/wp-json\/wp\/v2\/pages\/18474"}],"collection":[{"href":"https:\/\/regiontatry.sk\/en\/wp-json\/wp\/v2\/pages"}],"about":[{"href":"https:\/\/regiontatry.sk\/en\/wp-json\/wp\/v2\/types\/page"}],"author":[{"embeddable":true,"href":"https:\/\/regiontatry.sk\/en\/wp-json\/wp\/v2\/users\/2"}],"replies":[{"embeddable":true,"href":"https:\/\/regiontatry.sk\/en\/wp-json\/wp\/v2\/comments?post=18474"}],"version-history":[{"count":3,"href":"https:\/\/regiontatry.sk\/en\/wp-json\/wp\/v2\/pages\/18474\/revisions"}],"predecessor-version":[{"id":6342720,"href":"https:\/\/regiontatry.sk\/en\/wp-json\/wp\/v2\/pages\/18474\/revisions\/6342720"}],"wp:featuredmedia":[{"embeddable":true,"href":"https:\/\/regiontatry.sk\/en\/wp-json\/wp\/v2\/media\/18362"}],"wp:attachment":[{"href":"https:\/\/regiontatry.sk\/en\/wp-json\/wp\/v2\/media?parent=18474"}],"curies":[{"name":"wp","href":"https:\/\/api.w.org\/{rel}","templated":true}]}}