{"id":18687,"date":"2019-05-06T11:06:21","date_gmt":"2019-05-06T09:06:21","guid":{"rendered":"https:\/\/regiontatry.sk\/hiking\/priroda-a-turistika\/"},"modified":"2019-05-23T08:10:23","modified_gmt":"2019-05-23T06:10:23","slug":"nature-and-hiking","status":"publish","type":"page","link":"https:\/\/regiontatry.sk\/en\/hiking\/nature-and-hiking\/","title":{"rendered":"Nature and hiking"},"content":{"rendered":"\n<p>Vysok\u00e9 Tatry s\u00fa jedine\u010dn\u00fdm miestom na zemi s 25-timi \u0161t\u00edtmi vy\u0161\u0161\u00edmi ako 2&nbsp;500&nbsp;metrov&nbsp;n.&nbsp;m., unik\u00e1tnymi \u013eadovcov\u00fdmi plesami, chr\u00e1nen\u00fdmi rastlinami a ojedinelou faunou.<\/p>\n\n\n\n<p>Nav\u0161t\u00edvte najkraj\u0161ie miesta tejto krajiny, nad\u00fdchajte sa svie\u017eeho horsk\u00e9ho vzduchu a v tichosti pritom pozorujte fascinuj\u00faci svet tatransk\u00fdch zvierat a&nbsp;rastl\u00edn v neporu\u0161enej pr\u00edrode.<\/p>\n\n\n\t<a href=\"\/turistika\/horska-turistika\/\" class=\"wp-block-cgb-block-creanet-list category-list grid-x grid-padding-x align-middle\">\n\t\t\t\t\t<div class=\"small-12 medium-6 large-5\">\n\t\t\t\t<figure><img src='https:\/\/regiontatry.sk\/wp-content\/uploads\/2019\/05\/c-Marek-Hajkovsky-foto-Skalnate-pleso-rodina-leto_207_GG-ko\u0301pia.jpg'\n\t\t\t\t\t\talt=''\n\t\t\t\t\t\ttitle='c Marek Hajkovsky-foto-Skalnate pleso rodina-leto_207_GG - ko\u0301pia'\n\t\t\t\t\t\/><\/figure>\n\t\t\t<\/div>\n\t\t\n\n\t\t<div class=\"cell small-12 medium-5 large-7\">\n\t\t\t<h3>Horsk\u00e1 turistika<br><\/h3>\n\t\t\t<p>Vo Vysok\u00fdch Tatr\u00e1ch sa nach\u00e1dza pribli\u017ene\u00a0<strong>600\u2005km zna\u010dkovan\u00fdch chodn\u00edkov<\/strong>, ktor\u00e9 umo\u017enia turistom objavi\u0165 tie najkraj\u0161ie miesta tejto horskej krajiny. Turistick\u00e9 chodn\u00edky\u00a0<strong>po\u00a0dolin\u00e1ch<\/strong>, v\u00fdstupy na\u00a0<strong>tatransk\u00e9 chaty<\/strong>, cesty k\u00a0najkraj\u0161\u00edm<strong>\u00a0tatransk\u00fdm ples\u00e1m<\/strong>, tatransk\u00e9\u00a0<strong>vrcholy<\/strong>\u00a0\u010di dvojtis\u00edcov\u00e9\u00a0<strong>\u0161t\u00edty<\/strong>, prechody cez\u00a0<strong>tatransk\u00e9 sedl\u00e1<\/strong>\u00a0s nebesk\u00fdmi v\u00fdh\u013eadmi, ako aj fascinuj\u00faci svet zvierat a\u00a0rastl\u00edn.<br><\/p>\n\t\t<\/div>\n\t<\/a>\n\n\t\n\n\t<a href=\"\/turistika\/vysokohorske-chaty\/\" class=\"wp-block-cgb-block-creanet-list category-list grid-x grid-padding-x align-middle\">\n\t\t\t\t\t<div class=\"small-12 medium-6 large-5\">\n\t\t\t\t<figure><img src='https:\/\/regiontatry.sk\/wp-content\/uploads\/2019\/05\/Skalnatachata.jpg'\n\t\t\t\t\t\talt=''\n\t\t\t\t\t\ttitle='Skalnatachata'\n\t\t\t\t\t\/><\/figure>\n\t\t\t<\/div>\n\t\t\n\n\t\t<div class=\"cell small-12 medium-5 large-7\">\n\t\t\t<h3>Vysokohorsk\u00e9 chaty<br><\/h3>\n\t\t\t<p>Turistick\u00e9 chodn\u00edky vo Vysok\u00fdch Tatr\u00e1ch v\u00e1s doved\u00fa aj na\u00a0<strong>13 vysokohorsk\u00fdch ch\u00e1t<\/strong>\u00a0s v\u00fdh\u013eadmi na prekr\u00e1sne \u0161t\u00edty, roz\u013eahl\u00e9 doliny \u010di belas\u00e9 tatransk\u00e9 ples\u00e1.<br><\/p>\n\t\t<\/div>\n\t<\/a>\n\n\t\n\n\t<a href=\"\/turistika\/lanovkami-za-vyhladmi\/\" class=\"wp-block-cgb-block-creanet-list category-list grid-x grid-padding-x align-middle\">\n\t\t\t\t\t<div class=\"small-12 medium-6 large-5\">\n\t\t\t\t<figure><img src='https:\/\/regiontatry.sk\/wp-content\/uploads\/2019\/05\/DSC_8130-OK-ko\u0301pia.jpg'\n\t\t\t\t\t\talt=''\n\t\t\t\t\t\ttitle='DSC_8130-OK - ko\u0301pia'\n\t\t\t\t\t\/><\/figure>\n\t\t\t<\/div>\n\t\t\n\n\t\t<div class=\"cell small-12 medium-5 large-7\">\n\t\t\t<h3>Lanovkami za dobrodru\u017estvom<br><\/h3>\n\t\t\t<p>Tatransk\u00e9 lanovky s\u00fa jeden z\u00a0najob\u013e\u00fabnej\u0161\u00edch sp\u00f4sobov, ako si pobyt v\u00a0Tatr\u00e1ch spr\u00edjemni\u0165 a\u00a0spozna\u0165 ich. Odhalia v\u00e1m hory z\u00a0inej perspekt\u00edvy, ne\u017e na ak\u00fa ste zvyknut\u00ed. Ak v\u00e1s l\u00e1ka tento sp\u00f4sob cestovania,\u00a0<strong>vyvezte sa pohodlne za prekr\u00e1snymi panor\u00e1mami a\u00a0\u010derstv\u00fdm vzduchom niektorou z\u00a0tatransk\u00fdch lanov\u00fdch dr\u00e1h<\/strong>.<br><\/p>\n\t\t<\/div>\n\t<\/a>\n\n\t\n\n\t<a href=\"\/turistika\/naucne-chodniky\/\" class=\"wp-block-cgb-block-creanet-list category-list grid-x grid-padding-x align-middle\">\n\t\t\t\t\t<div class=\"small-12 medium-6 large-5\">\n\t\t\t\t<figure><img src='https:\/\/regiontatry.sk\/wp-content\/uploads\/2019\/05\/pramenisko.jpg'\n\t\t\t\t\t\talt=''\n\t\t\t\t\t\ttitle='pramenisko'\n\t\t\t\t\t\/><\/figure>\n\t\t\t<\/div>\n\t\t\n\n\t\t<div class=\"cell small-12 medium-5 large-7\">\n\t\t\t<h3>N\u00e1u\u010dn\u00e9 chodn\u00edky<br><\/h3>\n\t\t\t<p>Ak by ste sa v Tatr\u00e1ch chceli aj nie\u010do zauj\u00edmav\u00e9 dozvedie\u0165, spozna\u0165 bli\u017e\u0161ie \u010darovn\u00fa fl\u00f3ru a faunu regi\u00f3nu Vysok\u00e9 Tatry,\u00a0ur\u010dite nav\u0161t\u00edvte niektor\u00e9 z tatransk\u00fdch n\u00e1u\u010dn\u00fdch chodn\u00edkov.\u00a0<br><\/p>\n\t\t<\/div>\n\t<\/a>\n\n\t\n\n\t<a href=\"\/region\/10-prirodnych-naj\/\" class=\"wp-block-cgb-block-creanet-list category-list grid-x grid-padding-x align-middle\">\n\t\t\t\t\t<div class=\"small-12 medium-6 large-5\">\n\t\t\t\t<figure><img src='https:\/\/regiontatry.sk\/wp-content\/uploads\/2018\/10\/vodopadskok.jpg'\n\t\t\t\t\t\talt=''\n\t\t\t\t\t\ttitle='vodopadskok'\n\t\t\t\t\t\/><\/figure>\n\t\t\t<\/div>\n\t\t\n\n\t\t<div class=\"cell small-12 medium-5 large-7\">\n\t\t\t<h3>10 pr\u00edrodn\u00fdch NAJ<br><\/h3>\n\t\t\t<p>Kr\u00e1sy a zauj\u00edmavosti Vysok\u00fdch Tatier sa nedaj\u00fa spo\u010d\u00edta\u0165 ani na prstoch dvoch r\u00fak. Aj napriek tomu sme pre v\u00e1s vybrali desa\u0165 pr\u00edrodn\u00fdch kr\u00e1s, ktor\u00e9 sa oplat\u00ed vidie\u0165. O\u010daria v\u00e1s svojou majest\u00e1tnos\u0165ou.<\/p>\n\t\t<\/div>\n\t<\/a>\n\n\t\n\n\t<a href=\"\/region\/priroda-a-krajina\/?poi=419\" class=\"wp-block-cgb-block-creanet-list category-list grid-x grid-padding-x align-middle\">\n\t\t\t\t\t<div class=\"small-12 medium-6 large-5\">\n\t\t\t\t<figure><img src='https:\/\/regiontatry.sk\/wp-content\/uploads\/2018\/09\/belianska-jaskyna.jpeg'\n\t\t\t\t\t\talt=''\n\t\t\t\t\t\ttitle='belianska-jaskyna'\n\t\t\t\t\t\/><\/figure>\n\t\t\t<\/div>\n\t\t\n\n\t\t<div class=\"cell small-12 medium-5 large-7\">\n\t\t\t<h3>Belianska jasky\u0148a<br><\/h3>\n\t\t\t<p>Podzemie Tatier m\u00f4\u017eu turisti spozna\u0165 po\u010das cel\u00e9ho roka v jedinej pr\u00edstupnej\u00a0jaskyni vo Vysok\u00fdch Tatr\u00e1ch &#8211; v Belianskej jaskyni. Z jej celkovej d\u013a\u017eky 3018\u00a0m je spr\u00edstupnen\u00fdch vy\u0161e 1000 m. Na prehliadkovej trase dominuj\u00fa pagodovit\u00e9\u00a0stalagmity a sintrov\u00e9 vodop\u00e1dy s d\u013a\u017ekou presahuj\u00facou 50 m.<br><\/p>\n\t\t<\/div>\n\t<\/a>\n\n\t\n\n\t<a href=\"\/region\/priroda-a-krajina\/?poi=354\" class=\"wp-block-cgb-block-creanet-list category-list grid-x grid-padding-x align-middle\">\n\t\t\t\t\t<div class=\"small-12 medium-6 large-5\">\n\t\t\t\t<figure><img src='https:\/\/regiontatry.sk\/wp-content\/uploads\/2019\/05\/botanickazahrada.jpg'\n\t\t\t\t\t\talt=''\n\t\t\t\t\t\ttitle='botanickazahrada'\n\t\t\t\t\t\/><\/figure>\n\t\t\t<\/div>\n\t\t\n\n\t\t<div class=\"cell small-12 medium-5 large-7\">\n\t\t\t<h3>Botanick\u00e1 z\u00e1hrada<br><\/h3>\n\t\t\t<p>Na ploche 3,2 hekt\u00e1ra pr\u00edrodnej z\u00e1hrady sa m\u00f4\u017eete poprech\u00e1dza\u0165 a z\u00e1rove\u0148 spozna\u0165\u00a0a\u017e 270 druhov tatransk\u00fdch rastl\u00edn os\u00edd\u013euj\u00facich r\u00f4zne biotopy Tatier. Priamo\u00a0tu si sadenice a semienka niektor\u00fdch tatransk\u00fdch rastl\u00edn m\u00f4\u017eete zak\u00fapi\u0165 a posadi\u0165\u00a0vo vlastnej z\u00e1hradke.<br><\/p>\n\t\t<\/div>\n\t<\/a>\n\n\t\n\n\n<div style=\"height:100px\" aria-hidden=\"true\" class=\"wp-block-spacer\"><\/div>\n\n\n\n<iframe loading=\"lazy\" width=\"100%\" height=\"700\" src=\"https:\/\/www.youtube.com\/embed\/WOdnl5jNlAg\" frameborder=\"0\" allow=\"accelerometer; autoplay; encrypted-media; gyroscope; picture-in-picture\" allowfullscreen=\"\"><\/iframe>\n","protected":false},"excerpt":{"rendered":"<p>Vysok\u00e9 Tatry s\u00fa jedine\u010dn\u00fdm miestom na zemi s 25-timi \u0161t\u00edtmi vy\u0161\u0161\u00edmi ako 2&nbsp;500&nbsp;metrov&nbsp;n.&nbsp;m., unik\u00e1tnymi \u013eadovcov\u00fdmi plesami, chr\u00e1nen\u00fdmi rastlinami a ojedinelou faunou. Nav\u0161t\u00edvte najkraj\u0161ie miesta tejto krajiny, nad\u00fdchajte sa svie\u017eeho horsk\u00e9ho vzduchu a v tichosti pritom pozorujte fascinuj\u00faci svet tatransk\u00fdch zvierat a&nbsp;rastl\u00edn v neporu\u0161enej pr\u00edrode.<\/p>\n","protected":false},"author":2,"featured_media":17580,"parent":1559,"menu_order":0,"comment_status":"closed","ping_status":"closed","template":"template-simple-page.php","meta":{"footnotes":""},"class_list":["post-18687","page","type-page","status-publish","has-post-thumbnail","hentry"],"_links":{"self":[{"href":"https:\/\/regiontatry.sk\/en\/wp-json\/wp\/v2\/pages\/18687"}],"collection":[{"href":"https:\/\/regiontatry.sk\/en\/wp-json\/wp\/v2\/pages"}],"about":[{"href":"https:\/\/regiontatry.sk\/en\/wp-json\/wp\/v2\/types\/page"}],"author":[{"embeddable":true,"href":"https:\/\/regiontatry.sk\/en\/wp-json\/wp\/v2\/users\/2"}],"replies":[{"embeddable":true,"href":"https:\/\/regiontatry.sk\/en\/wp-json\/wp\/v2\/comments?post=18687"}],"version-history":[{"count":1,"href":"https:\/\/regiontatry.sk\/en\/wp-json\/wp\/v2\/pages\/18687\/revisions"}],"predecessor-version":[{"id":18689,"href":"https:\/\/regiontatry.sk\/en\/wp-json\/wp\/v2\/pages\/18687\/revisions\/18689"}],"up":[{"embeddable":true,"href":"https:\/\/regiontatry.sk\/en\/wp-json\/wp\/v2\/pages\/1559"}],"wp:featuredmedia":[{"embeddable":true,"href":"https:\/\/regiontatry.sk\/en\/wp-json\/wp\/v2\/media\/17580"}],"wp:attachment":[{"href":"https:\/\/regiontatry.sk\/en\/wp-json\/wp\/v2\/media?parent=18687"}],"curies":[{"name":"wp","href":"https:\/\/api.w.org\/{rel}","templated":true}]}}